{"id":267,"date":"2023-10-16T09:29:50","date_gmt":"2023-10-16T09:29:50","guid":{"rendered":"https:\/\/blogsaverroes.juntadeandalucia.es\/informatica4all\/?page_id=267"},"modified":"2023-10-25T15:45:43","modified_gmt":"2023-10-25T15:45:43","slug":"tic-i","status":"publish","type":"page","link":"https:\/\/blogsaverroes.juntadeandalucia.es\/informatica4all\/tic-i\/","title":{"rendered":"TIC I"},"content":{"rendered":"<h1>Saberes b\u00e1sicos<\/h1>\n<table style=\"width: 92.4407%;height: 127px\" width=\"782\">\n<tbody>\n<tr style=\"height: 24px\">\n<td style=\"height: 24px\" width=\"782\">A. La sociedad de la informaci\u00f3n y el ordenador<\/td>\n<\/tr>\n<tr style=\"height: 24px\">\n<td style=\"height: 24px\">B. Arquitectura de ordenadores y sistemas operativos<\/td>\n<\/tr>\n<tr style=\"height: 24px\">\n<td style=\"height: 24px\">C. Software de aplicaci\u00f3n para sistemas inform\u00e1ticos<\/td>\n<\/tr>\n<tr style=\"height: 24px\">\n<td style=\"height: 24px\">D. Internet y redes de ordenadores<\/td>\n<\/tr>\n<tr style=\"height: 24px\">\n<td style=\"height: 24px\">E. Programaci\u00f3n<\/td>\n<\/tr>\n<\/tbody>\n<\/table>\n<h1>Criterios de Evaluaci\u00f3n<\/h1>\n<table width=\"1116\">\n<tbody>\n<tr>\n<td style=\"font-weight: 400\" width=\"1116\">1.1. Analizar y valorar el impacto de las tecnolog\u00edas de la informaci\u00f3n y la comunicaci\u00f3n en la transformaci\u00f3n de la sociedad actual.<\/td>\n<\/tr>\n<tr>\n<td style=\"font-weight: 400\" width=\"1116\">1.2. Explicar c\u00f3mo se representa digitalmente la informaci\u00f3n en forma de secuencias binarias y describir los mecanismos de abstracci\u00f3n empleados.<\/td>\n<\/tr>\n<tr>\n<td style=\"font-weight: 400\" width=\"1116\">2.1. Describir el funcionamiento de ordenadores y equipos inform\u00e1ticos, identificando los subsistemas que los componen, explicando sus caracter\u00edsticas y relacionando cada elemento con las prestaciones del conjunto.<\/td>\n<\/tr>\n<tr>\n<td style=\"font-weight: 400\" width=\"1116\">2.2. Configurar, utilizar y administrar sistemas operativos de forma b\u00e1sica, monitorizando y optimizando el sistema para su uso.<\/td>\n<\/tr>\n<tr>\n<td style=\"font-weight: 400\" width=\"1116\">3.1. Seleccionar y utilizar de manera combinada aplicaciones inform\u00e1ticas para la creaci\u00f3n de contenidos digitales y la resoluci\u00f3n de problemas espec\u00edficos.<\/td>\n<\/tr>\n<tr>\n<td style=\"font-weight: 400\" width=\"1116\">3.2. Utilizar aplicaciones de procesamiento de texto de manera avanzada, dados unos requisitos de usuario y unos objetivos complejos.<\/td>\n<\/tr>\n<tr>\n<td style=\"font-weight: 400\" width=\"1116\">3.3. Utilizar aplicaciones de hojas de c\u00e1lculo de manera avanzada, dados unos requisitos de usuario y unos objetivos complejos.<\/td>\n<\/tr>\n<tr>\n<td style=\"font-weight: 400\" width=\"1116\">3.4. Dise\u00f1ar, crear y manipular una base de datos relacional sencilla, utilizando comandos de SQL.<\/td>\n<\/tr>\n<tr>\n<td style=\"font-weight: 400\" width=\"1116\">4.1. Explicar el funcionamiento de Internet, conociendo su arquitectura, principales componentes y los protocolos de comunicaci\u00f3n empleados.<\/td>\n<\/tr>\n<tr>\n<td style=\"font-weight: 400\" width=\"1116\">4.2. Buscar recursos digitales en Internet, entendiendo c\u00f3mo se seleccionan y organizan los resultados, evaluando de forma cr\u00edtica los contenidos y recursos disponibles en la red.&nbsp;<\/td>\n<\/tr>\n<tr>\n<td style=\"font-weight: 400\" width=\"1116\">5.1. Conocer y comprender la sintaxis y la sem\u00e1ntica de un lenguaje de programaci\u00f3n, analizar la estructura de programas sencillos y desarrollar peque\u00f1as aplicaciones.<\/td>\n<\/tr>\n<tr>\n<td style=\"font-weight: 400\" width=\"1116\">5.2. Analizar y resolver problemas de tratamiento de la informaci\u00f3n, dividi\u00e9ndolos en sub-problemas y definiendo algoritmos que los resuelvan.<\/td>\n<\/tr>\n<\/tbody>\n<\/table>\n","protected":false},"excerpt":{"rendered":"<p>Saberes b\u00e1sicos A. La sociedad de la informaci\u00f3n y el ordenador B. Arquitectura de ordenadores y sistemas operativos C. Software de aplicaci\u00f3n para sistemas inform\u00e1ticos D. Internet y redes de ordenadores E. Programaci\u00f3n Criterios&#46;&#46;&#46;<\/p>\n","protected":false},"author":10726,"featured_media":0,"parent":0,"menu_order":0,"comment_status":"closed","ping_status":"closed","template":"","meta":{"ngg_post_thumbnail":0,"footnotes":""},"aioseo_notices":[],"_links":{"self":[{"href":"https:\/\/blogsaverroes.juntadeandalucia.es\/informatica4all\/wp-json\/wp\/v2\/pages\/267"}],"collection":[{"href":"https:\/\/blogsaverroes.juntadeandalucia.es\/informatica4all\/wp-json\/wp\/v2\/pages"}],"about":[{"href":"https:\/\/blogsaverroes.juntadeandalucia.es\/informatica4all\/wp-json\/wp\/v2\/types\/page"}],"author":[{"embeddable":true,"href":"https:\/\/blogsaverroes.juntadeandalucia.es\/informatica4all\/wp-json\/wp\/v2\/users\/10726"}],"replies":[{"embeddable":true,"href":"https:\/\/blogsaverroes.juntadeandalucia.es\/informatica4all\/wp-json\/wp\/v2\/comments?post=267"}],"version-history":[{"count":1,"href":"https:\/\/blogsaverroes.juntadeandalucia.es\/informatica4all\/wp-json\/wp\/v2\/pages\/267\/revisions"}],"predecessor-version":[{"id":269,"href":"https:\/\/blogsaverroes.juntadeandalucia.es\/informatica4all\/wp-json\/wp\/v2\/pages\/267\/revisions\/269"}],"wp:attachment":[{"href":"https:\/\/blogsaverroes.juntadeandalucia.es\/informatica4all\/wp-json\/wp\/v2\/media?parent=267"}],"curies":[{"name":"wp","href":"https:\/\/api.w.org\/{rel}","templated":true}]}}