{"id":276,"date":"2023-10-16T11:04:26","date_gmt":"2023-10-16T11:04:26","guid":{"rendered":"https:\/\/blogsaverroes.juntadeandalucia.es\/informatica4all\/?page_id=276"},"modified":"2023-10-16T11:47:29","modified_gmt":"2023-10-16T11:47:29","slug":"desarrollo-web-actividad-practica-1","status":"publish","type":"page","link":"https:\/\/blogsaverroes.juntadeandalucia.es\/informatica4all\/desarrollo-web-actividad-practica-1\/","title":{"rendered":"Desarrollo web. Actividad Pr\u00e1ctica 1"},"content":{"rendered":"<p><span style=\"font-size: 24pt\">EN CODE.ORG&nbsp; ETAPA 9&nbsp; &#8211; PUNTO 8<\/span><\/p>\n<ol>\n<li>Crear p\u00e1gina web<\/li>\n<li>Inserta tu nombre empleando una etiqueta para que aparezca en la pesta\u00f1a del navegador.<\/li>\n<li>A\u00f1ade un p\u00e1rrafo indicando varias etiquetas de estilo.<\/li>\n<li>Crea una tabla con tres columnas y una fila.<\/li>\n<li>A\u00f1ade otra fila.<\/li>\n<li>Indica en la primera fila-primera columna \u00abTipo\u00bb.<\/li>\n<li>Indica en la segunda fila-primera columna \u00abEjemplo\u00bb.<\/li>\n<li>Haz la tabla como se muestra a continuaci\u00f3n.<\/li>\n<\/ol>\n<table style=\"border-collapse: collapse;width: 100%;height: 167px\">\n<tbody>\n<tr>\n<td style=\"width: 33.3333%\">Tipo<\/td>\n<td style=\"width: 33.3333%\">Lista No Ordenada<\/td>\n<td style=\"width: 33.3333%\">Lista Ordenada<\/td>\n<\/tr>\n<tr>\n<td style=\"width: 33.3333%\">Ejemplo<\/td>\n<td style=\"width: 33.3333%\">*Primer elemento<\/p>\n<p>*Segundo elemento<\/p>\n<p>&nbsp;<\/td>\n<td style=\"width: 33.3333%\">1. Primer elemento<\/p>\n<p>2. Segundo elemento<\/td>\n<\/tr>\n<\/tbody>\n<\/table>\n<ol>\n<li>Cambia el color a la primera fila. Debe verse verde el fondo.<\/li>\n<li>Cambiar el color de la segunda columna-primera fila. Debe verse naranja el fondo.<\/li>\n<li>A\u00f1ade fichero .css para emplearlo en el fichero html original. El fichero debe llamarse con tus iniciales.&nbsp;<\/li>\n<li>A\u00f1ade estilos para la marca de p\u00e1rrafo. Al menos 3.<\/li>\n<li>A\u00f1ade una clase llamada miFormato1 que de un borde: de 5 px, solido, color rojo, ancho 100% y alto 60px<\/li>\n<li>Emplea la clase miFormato1 en la tabla.<\/li>\n<\/ol>\n<p>&nbsp;<\/p>\n<p>&nbsp;<\/p>\n","protected":false},"excerpt":{"rendered":"<p>EN CODE.ORG&nbsp; ETAPA 9&nbsp; &#8211; PUNTO 8 Crear p\u00e1gina web Inserta tu nombre empleando una etiqueta para que aparezca en la pesta\u00f1a del navegador. A\u00f1ade un p\u00e1rrafo indicando varias etiquetas de estilo. Crea una&#46;&#46;&#46;<\/p>\n","protected":false},"author":10726,"featured_media":0,"parent":0,"menu_order":0,"comment_status":"closed","ping_status":"closed","template":"","meta":{"ngg_post_thumbnail":0,"footnotes":""},"aioseo_notices":[],"_links":{"self":[{"href":"https:\/\/blogsaverroes.juntadeandalucia.es\/informatica4all\/wp-json\/wp\/v2\/pages\/276"}],"collection":[{"href":"https:\/\/blogsaverroes.juntadeandalucia.es\/informatica4all\/wp-json\/wp\/v2\/pages"}],"about":[{"href":"https:\/\/blogsaverroes.juntadeandalucia.es\/informatica4all\/wp-json\/wp\/v2\/types\/page"}],"author":[{"embeddable":true,"href":"https:\/\/blogsaverroes.juntadeandalucia.es\/informatica4all\/wp-json\/wp\/v2\/users\/10726"}],"replies":[{"embeddable":true,"href":"https:\/\/blogsaverroes.juntadeandalucia.es\/informatica4all\/wp-json\/wp\/v2\/comments?post=276"}],"version-history":[{"count":6,"href":"https:\/\/blogsaverroes.juntadeandalucia.es\/informatica4all\/wp-json\/wp\/v2\/pages\/276\/revisions"}],"predecessor-version":[{"id":283,"href":"https:\/\/blogsaverroes.juntadeandalucia.es\/informatica4all\/wp-json\/wp\/v2\/pages\/276\/revisions\/283"}],"wp:attachment":[{"href":"https:\/\/blogsaverroes.juntadeandalucia.es\/informatica4all\/wp-json\/wp\/v2\/media?parent=276"}],"curies":[{"name":"wp","href":"https:\/\/api.w.org\/{rel}","templated":true}]}}