{"id":492,"date":"2024-04-08T07:21:09","date_gmt":"2024-04-08T07:21:09","guid":{"rendered":"https:\/\/blogsaverroes.juntadeandalucia.es\/informatica4all\/?page_id=492"},"modified":"2024-04-08T08:57:19","modified_gmt":"2024-04-08T08:57:19","slug":"plan-de-comunicacion-informacion-para-claustro","status":"publish","type":"page","link":"https:\/\/blogsaverroes.juntadeandalucia.es\/informatica4all\/plan-de-comunicacion-informacion-para-claustro\/","title":{"rendered":"Plan de Comunicaci\u00f3n. Informaci\u00f3n para Claustro"},"content":{"rendered":"\t\t<div data-elementor-type=\"wp-page\" data-elementor-id=\"492\" class=\"elementor elementor-492\">\n\t\t\t\t\t\t<section class=\"elementor-section elementor-top-section elementor-element elementor-element-e80749f elementor-section-boxed elementor-section-height-default elementor-section-height-default\" data-id=\"e80749f\" data-element_type=\"section\">\n\t\t\t\t\t\t<div class=\"elementor-container elementor-column-gap-default\">\n\t\t\t\t\t<div class=\"elementor-column elementor-col-100 elementor-top-column elementor-element elementor-element-a618d46\" data-id=\"a618d46\" data-element_type=\"column\">\n\t\t\t<div class=\"elementor-widget-wrap elementor-element-populated\">\n\t\t\t\t\t\t<div class=\"elementor-element elementor-element-9e5307a elementor-widget elementor-widget-heading\" data-id=\"9e5307a\" data-element_type=\"widget\" data-widget_type=\"heading.default\">\n\t\t\t\t<div class=\"elementor-widget-container\">\n\t\t\t\t\t<h2 class=\"elementor-heading-title elementor-size-default\">Utilizaci\u00f3n de las Tecnolog\u00edas de la Comunicaci\u00f3n en el Centro<\/h2>\t\t\t\t<\/div>\n\t\t\t\t<\/div>\n\t\t\t\t\t<\/div>\n\t\t<\/div>\n\t\t\t\t\t<\/div>\n\t\t<\/section>\n\t\t\t\t<section class=\"elementor-section elementor-top-section elementor-element elementor-element-87ff757 elementor-section-boxed elementor-section-height-default elementor-section-height-default\" data-id=\"87ff757\" data-element_type=\"section\">\n\t\t\t\t\t\t<div class=\"elementor-container elementor-column-gap-default\">\n\t\t\t\t\t<div class=\"elementor-column elementor-col-100 elementor-top-column elementor-element elementor-element-89da5d2\" data-id=\"89da5d2\" data-element_type=\"column\">\n\t\t\t<div class=\"elementor-widget-wrap elementor-element-populated\">\n\t\t\t\t\t\t<div class=\"elementor-element elementor-element-5e5666a elementor-widget elementor-widget-text-editor\" data-id=\"5e5666a\" data-element_type=\"widget\" data-widget_type=\"text-editor.default\">\n\t\t\t\t<div class=\"elementor-widget-container\">\n\t\t\t\t\t\t\t\t\t<h2 style=\"font-style: normal;font-weight: 400;font-family: Roboto, sans-serif\"><span style=\"color: #444444\"><span style=\"font-size: 42.75px;letter-spacing: -1px\">COMUNICACIONES<\/span><\/span><\/h2><div><span style=\"font-size: 42.75px;letter-spacing: -1px;color: #444444\">\u00a0<\/span><\/div><h3 style=\"font-style: normal;font-weight: 400;font-size: 18px;font-family: Roboto, sans-serif;color: #7a7a7a;letter-spacing: normal\"><span style=\"color: #444444;font-size: 2.375em;font-weight: 400;letter-spacing: -1px\">Correo de Google del Centro<\/span><\/h3><p><span>Comunicaciones NO oficiales\/importantes<\/span><\/p><p><span>Comunicaci\u00f3n con alumnado\u00a0<\/span><\/p><p>Comunicaci\u00f3n con profesorado<\/p><h3>Seneca\u00a0 &#8211; &#8211; Pasen<\/h3><p>Comunicaciones SI oficiales\/importantes<\/p><p><span>Comunicaci\u00f3n con alumnado\u00a0<\/span><\/p><p>Comunicaci\u00f3n con tutores legales<\/p><p>Comunicaci\u00f3n con profesorado<\/p><h2 style=\"font-style: normal;font-family: Roboto, sans-serif\">COMPARTIR FICHEROS<\/h2><div style=\"font-style: normal;font-weight: 400;font-size: 18px;font-family: Roboto, sans-serif;color: #7a7a7a;letter-spacing: normal\">Google Drive o Seneca<\/div><p>\u00a0<\/p><h3>Reutilizaci\u00f3n de Materiales<\/h3><div>Emplear materiales elaborados y difundidos bajo licencias que permitan hacerlo. Observar los <a href=\"https:\/\/creativecommons.org\/\">Creative Commons<\/a>, sus iconos y licencias.<\/div><div>\u00a0<\/div><div>Acudir a bancos de recursos p\u00fablicos y con licencias para su libre distribuci\u00f3n.<\/div><div>\u00a0<\/div><div>\u00a0<\/div><div>\u00a0<\/div><h2><span style=\"color: #444444;font-size: 2.125em;font-weight: 400;letter-spacing: -0.7px\">SEGURIDAD<\/span><\/h2><div><p>Realizar siempre los env\u00edos de correo a varias personas empleando \u00abCON COPIA OCULTA\u00bb (CCC o BCC)<\/p><p>Al compartir ficheros con google drive, hacerlo de forma nominativa, indicando el correo de cada persona.<\/p><p>No compartir ficheros empleando enlace, pues puede acabar en manos de personas no deseadas.<\/p><h2>INSTALAR SOFTWARE<\/h2><p>Instalar software solo bajo autorizaci\u00f3n de la direcci\u00f3n del centro.<\/p><p>Se priorizar\u00e1 el uso de software libre.<\/p><p>El software debe pasar una bater\u00eda de preguntas antes de poder ser instalado, donde se comprobar\u00e1 el nivel de acceso a datos personales y su idoneidad.<\/p><p>\u00a0<\/p><h2 style=\"font-style: normal;font-family: Roboto, sans-serif\">\u00a0<\/h2><\/div>\t\t\t\t\t\t\t\t<\/div>\n\t\t\t\t<\/div>\n\t\t\t\t\t<\/div>\n\t\t<\/div>\n\t\t\t\t\t<\/div>\n\t\t<\/section>\n\t\t\t\t<section class=\"elementor-section elementor-top-section elementor-element elementor-element-d80be39 elementor-section-boxed elementor-section-height-default elementor-section-height-default\" data-id=\"d80be39\" data-element_type=\"section\">\n\t\t\t\t\t\t<div class=\"elementor-container elementor-column-gap-default\">\n\t\t\t\t\t<div class=\"elementor-column elementor-col-100 elementor-top-column elementor-element elementor-element-2b192c4\" data-id=\"2b192c4\" data-element_type=\"column\">\n\t\t\t<div class=\"elementor-widget-wrap elementor-element-populated\">\n\t\t\t\t\t\t<div class=\"elementor-element elementor-element-31eb278 elementor-widget elementor-widget-heading\" data-id=\"31eb278\" data-element_type=\"widget\" data-widget_type=\"heading.default\">\n\t\t\t\t<div class=\"elementor-widget-container\">\n\t\t\t\t\t<h2 class=\"elementor-heading-title elementor-size-default\">C\u00f3mo se trasladar\u00e1 la informaci\u00f3n al claustro<\/h2>\t\t\t\t<\/div>\n\t\t\t\t<\/div>\n\t\t\t\t\t<\/div>\n\t\t<\/div>\n\t\t\t\t\t<\/div>\n\t\t<\/section>\n\t\t\t\t<section class=\"elementor-section elementor-top-section elementor-element elementor-element-56ee149 elementor-section-boxed elementor-section-height-default elementor-section-height-default\" data-id=\"56ee149\" data-element_type=\"section\">\n\t\t\t\t\t\t<div class=\"elementor-container elementor-column-gap-default\">\n\t\t\t\t\t<div class=\"elementor-column elementor-col-100 elementor-top-column elementor-element elementor-element-c854635\" data-id=\"c854635\" data-element_type=\"column\">\n\t\t\t<div class=\"elementor-widget-wrap elementor-element-populated\">\n\t\t\t\t\t\t<div class=\"elementor-element elementor-element-30cf2f5 elementor-widget elementor-widget-text-editor\" data-id=\"30cf2f5\" data-element_type=\"widget\" data-widget_type=\"text-editor.default\">\n\t\t\t\t<div class=\"elementor-widget-container\">\n\t\t\t\t\t\t\t\t\t<p>La informaci\u00f3n se trasladar\u00e1 al claustro, mediante el env\u00edo de la direcci\u00f3n url de la p\u00e1gina que contiene la informaci\u00f3n, a trav\u00e9s de mensajer\u00eda Seneca.<\/p><p>Se trasladar\u00e1 la informaci\u00f3n tambi\u00e9n en a siguiente reuni\u00f3n de claustro, indicando que se ha enviado la url de acceso y revisando el contenido de la misma.<\/p>\t\t\t\t\t\t\t\t<\/div>\n\t\t\t\t<\/div>\n\t\t\t\t\t<\/div>\n\t\t<\/div>\n\t\t\t\t\t<\/div>\n\t\t<\/section>\n\t\t\t\t<\/div>\n\t\t","protected":false},"excerpt":{"rendered":"<p>Utilizaci\u00f3n de las Tecnolog\u00edas de la Comunicaci\u00f3n en el Centro COMUNICACIONES \u00a0 Correo de Google del Centro Comunicaciones NO oficiales\/importantes Comunicaci\u00f3n con alumnado\u00a0 Comunicaci\u00f3n con profesorado Seneca\u00a0 &#8211; &#8211; Pasen Comunicaciones SI oficiales\/importantes Comunicaci\u00f3n&#46;&#46;&#46;<\/p>\n","protected":false},"author":10726,"featured_media":0,"parent":0,"menu_order":0,"comment_status":"closed","ping_status":"closed","template":"","meta":{"ngg_post_thumbnail":0,"footnotes":""},"aioseo_notices":[],"_links":{"self":[{"href":"https:\/\/blogsaverroes.juntadeandalucia.es\/informatica4all\/wp-json\/wp\/v2\/pages\/492"}],"collection":[{"href":"https:\/\/blogsaverroes.juntadeandalucia.es\/informatica4all\/wp-json\/wp\/v2\/pages"}],"about":[{"href":"https:\/\/blogsaverroes.juntadeandalucia.es\/informatica4all\/wp-json\/wp\/v2\/types\/page"}],"author":[{"embeddable":true,"href":"https:\/\/blogsaverroes.juntadeandalucia.es\/informatica4all\/wp-json\/wp\/v2\/users\/10726"}],"replies":[{"embeddable":true,"href":"https:\/\/blogsaverroes.juntadeandalucia.es\/informatica4all\/wp-json\/wp\/v2\/comments?post=492"}],"version-history":[{"count":6,"href":"https:\/\/blogsaverroes.juntadeandalucia.es\/informatica4all\/wp-json\/wp\/v2\/pages\/492\/revisions"}],"predecessor-version":[{"id":500,"href":"https:\/\/blogsaverroes.juntadeandalucia.es\/informatica4all\/wp-json\/wp\/v2\/pages\/492\/revisions\/500"}],"wp:attachment":[{"href":"https:\/\/blogsaverroes.juntadeandalucia.es\/informatica4all\/wp-json\/wp\/v2\/media?parent=492"}],"curies":[{"name":"wp","href":"https:\/\/api.w.org\/{rel}","templated":true}]}}