{"id":50,"date":"2023-01-24T19:16:29","date_gmt":"2023-01-24T19:16:29","guid":{"rendered":"https:\/\/blogsaverroes.juntadeandalucia.es\/informatica4all\/?page_id=50"},"modified":"2023-01-25T18:05:42","modified_gmt":"2023-01-25T18:05:42","slug":"inicio","status":"publish","type":"page","link":"https:\/\/blogsaverroes.juntadeandalucia.es\/informatica4all\/","title":{"rendered":"Inicio"},"content":{"rendered":"\t\t<div data-elementor-type=\"wp-page\" data-elementor-id=\"50\" class=\"elementor elementor-50\">\n\t\t\t\t\t\t<section class=\"elementor-section elementor-top-section elementor-element elementor-element-ec4db00 elementor-section-boxed elementor-section-height-default elementor-section-height-default\" data-id=\"ec4db00\" data-element_type=\"section\">\n\t\t\t\t\t\t<div class=\"elementor-container elementor-column-gap-default\">\n\t\t\t\t\t<div class=\"elementor-column elementor-col-100 elementor-top-column elementor-element elementor-element-14dd340\" data-id=\"14dd340\" data-element_type=\"column\">\n\t\t\t<div class=\"elementor-widget-wrap elementor-element-populated\">\n\t\t\t\t\t\t<section class=\"elementor-section elementor-inner-section elementor-element elementor-element-65a13d3 elementor-section-boxed elementor-section-height-default elementor-section-height-default\" data-id=\"65a13d3\" data-element_type=\"section\">\n\t\t\t\t\t\t<div class=\"elementor-container elementor-column-gap-default\">\n\t\t\t\t\t<div class=\"elementor-column elementor-col-50 elementor-inner-column elementor-element elementor-element-4a18ea7\" data-id=\"4a18ea7\" data-element_type=\"column\">\n\t\t\t<div class=\"elementor-widget-wrap elementor-element-populated\">\n\t\t\t\t\t\t<div class=\"elementor-element elementor-element-03a1892 elementor-widget elementor-widget-heading\" data-id=\"03a1892\" data-element_type=\"widget\" data-widget_type=\"heading.default\">\n\t\t\t\t<div class=\"elementor-widget-container\">\n\t\t\t\t\t<h2 class=\"elementor-heading-title elementor-size-default\">\u00bfQu\u00e9 encontrar\u00e9?<\/h2>\t\t\t\t<\/div>\n\t\t\t\t<\/div>\n\t\t\t\t\t<\/div>\n\t\t<\/div>\n\t\t\t\t<div class=\"elementor-column elementor-col-50 elementor-inner-column elementor-element elementor-element-d8ac63e\" data-id=\"d8ac63e\" data-element_type=\"column\">\n\t\t\t<div class=\"elementor-widget-wrap elementor-element-populated\">\n\t\t\t\t\t\t<div class=\"elementor-element elementor-element-41cd9bd elementor-widget elementor-widget-text-editor\" data-id=\"41cd9bd\" data-element_type=\"widget\" data-widget_type=\"text-editor.default\">\n\t\t\t\t<div class=\"elementor-widget-container\">\n\t\t\t\t\t\t\t\t\t<p><span style=\"font-size: 14pt;font-family: Bitter;color: #212121;background-color: transparent;font-weight: 400;font-style: italic;font-variant: normal\">Informaci\u00f3n sobre conceptos tratados en el aula. Videos, documentos, tutoriales,&#8230;<\/span><\/p>\t\t\t\t\t\t\t\t<\/div>\n\t\t\t\t<\/div>\n\t\t\t\t\t<\/div>\n\t\t<\/div>\n\t\t\t\t\t<\/div>\n\t\t<\/section>\n\t\t\t\t<section class=\"elementor-section elementor-inner-section elementor-element elementor-element-f44a4e5 elementor-section-boxed elementor-section-height-default elementor-section-height-default\" data-id=\"f44a4e5\" data-element_type=\"section\">\n\t\t\t\t\t\t<div class=\"elementor-container elementor-column-gap-default\">\n\t\t\t\t\t<div class=\"elementor-column elementor-col-50 elementor-inner-column elementor-element elementor-element-a41dd8a\" data-id=\"a41dd8a\" data-element_type=\"column\">\n\t\t\t<div class=\"elementor-widget-wrap elementor-element-populated\">\n\t\t\t\t\t\t<div class=\"elementor-element elementor-element-fec9a41 elementor-widget elementor-widget-heading\" data-id=\"fec9a41\" data-element_type=\"widget\" data-widget_type=\"heading.default\">\n\t\t\t\t<div class=\"elementor-widget-container\">\n\t\t\t\t\t<h2 class=\"elementor-heading-title elementor-size-default\">\u00bfAlguna pregunta?<\/h2>\t\t\t\t<\/div>\n\t\t\t\t<\/div>\n\t\t\t\t\t<\/div>\n\t\t<\/div>\n\t\t\t\t<div class=\"elementor-column elementor-col-50 elementor-inner-column elementor-element elementor-element-530e960\" data-id=\"530e960\" data-element_type=\"column\">\n\t\t\t<div class=\"elementor-widget-wrap elementor-element-populated\">\n\t\t\t\t\t\t<div class=\"elementor-element elementor-element-0d562b6 elementor-widget elementor-widget-text-editor\" data-id=\"0d562b6\" data-element_type=\"widget\" data-widget_type=\"text-editor.default\">\n\t\t\t\t<div class=\"elementor-widget-container\">\n\t\t\t\t\t\t\t\t\t<p><span style=\"font-size: 14pt;font-family: Bitter;color: #212121;background-color: transparent;font-weight: 400;font-style: italic;font-variant: normal\">Env\u00eda un correo a trav\u00e9s de Moodle Centros o Ipasen a tu profesor.<\/span><\/p><p><span style=\"font-size: 14pt;font-family: Bitter;color: #212121;background-color: transparent;font-weight: 400;font-style: italic;font-variant: normal\">Tambi\u00e9n puedes hacerlo en persona, p\u00e1sate por el aula.<\/span><\/p>\t\t\t\t\t\t\t\t<\/div>\n\t\t\t\t<\/div>\n\t\t\t\t\t<\/div>\n\t\t<\/div>\n\t\t\t\t\t<\/div>\n\t\t<\/section>\n\t\t\t\t\t<\/div>\n\t\t<\/div>\n\t\t\t\t\t<\/div>\n\t\t<\/section>\n\t\t\t\t<section class=\"elementor-section elementor-top-section elementor-element elementor-element-7560e4f elementor-section-boxed elementor-section-height-default elementor-section-height-default\" data-id=\"7560e4f\" data-element_type=\"section\">\n\t\t\t\t\t\t<div class=\"elementor-container elementor-column-gap-default\">\n\t\t\t\t\t<div class=\"elementor-column elementor-col-100 elementor-top-column elementor-element elementor-element-53d27df\" data-id=\"53d27df\" data-element_type=\"column\">\n\t\t\t<div class=\"elementor-widget-wrap elementor-element-populated\">\n\t\t\t\t\t\t<div class=\"elementor-element elementor-element-b2b0e32 elementor-widget elementor-widget-wp-widget-recent-posts\" data-id=\"b2b0e32\" data-element_type=\"widget\" data-widget_type=\"wp-widget-recent-posts.default\">\n\t\t\t\t<div class=\"elementor-widget-container\">\n\t\t\t\t\t\n\t\t\n\t\t<h5>Entradas recientes<\/h5>\n\t\t<ul>\n\t\t\t\t\t\t\t\t\t\t\t<li>\n\t\t\t\t\t<a href=\"https:\/\/blogsaverroes.juntadeandalucia.es\/informatica4all\/20241129\/sistemas-de-archivos\/\">Sistemas de Archivos<\/a>\n\t\t\t\t\t\t\t\t\t<\/li>\n\t\t\t\t\t\t\t\t\t\t\t<li>\n\t\t\t\t\t<a href=\"https:\/\/blogsaverroes.juntadeandalucia.es\/informatica4all\/20241025\/elementos-del-computador-y-caracteristicas-principales\/\">Elementos del Computador y Caracter\u00edsticas Principales<\/a>\n\t\t\t\t\t\t\t\t\t<\/li>\n\t\t\t\t\t\t\t\t\t\t\t<li>\n\t\t\t\t\t<a href=\"https:\/\/blogsaverroes.juntadeandalucia.es\/informatica4all\/20241017\/posicionamiento-web-sem-google-ads\/\">Posicionamiento web. SEM. Google ADS<\/a>\n\t\t\t\t\t\t\t\t\t<\/li>\n\t\t\t\t\t\t\t\t\t\t\t<li>\n\t\t\t\t\t<a href=\"https:\/\/blogsaverroes.juntadeandalucia.es\/informatica4all\/20241009\/documentacion-basica-creacion-web-con-html-y-css\/\">Documentaci\u00f3n b\u00e1sica creaci\u00f3n web con html y css<\/a>\n\t\t\t\t\t\t\t\t\t<\/li>\n\t\t\t\t\t\t\t\t\t\t\t<li>\n\t\t\t\t\t<a href=\"https:\/\/blogsaverroes.juntadeandalucia.es\/informatica4all\/20240528\/el-cifrado-cesar\/\">El Cifrado Cesar<\/a>\n\t\t\t\t\t\t\t\t\t<\/li>\n\t\t\t\t\t<\/ul>\n\n\t\t\t\t\t\t<\/div>\n\t\t\t\t<\/div>\n\t\t\t\t\t<\/div>\n\t\t<\/div>\n\t\t\t\t\t<\/div>\n\t\t<\/section>\n\t\t\t\t<\/div>\n\t\t","protected":false},"excerpt":{"rendered":"<p>\u00bfQu\u00e9 encontrar\u00e9? Informaci\u00f3n sobre conceptos tratados en el aula. Videos, documentos, tutoriales,&#8230; \u00bfAlguna pregunta? Env\u00eda un correo a trav\u00e9s de Moodle Centros o Ipasen a tu profesor. Tambi\u00e9n puedes hacerlo en persona, p\u00e1sate por&#46;&#46;&#46;<\/p>\n","protected":false},"author":10726,"featured_media":0,"parent":0,"menu_order":0,"comment_status":"closed","ping_status":"closed","template":"","meta":{"ngg_post_thumbnail":0,"footnotes":""},"aioseo_notices":[],"_links":{"self":[{"href":"https:\/\/blogsaverroes.juntadeandalucia.es\/informatica4all\/wp-json\/wp\/v2\/pages\/50"}],"collection":[{"href":"https:\/\/blogsaverroes.juntadeandalucia.es\/informatica4all\/wp-json\/wp\/v2\/pages"}],"about":[{"href":"https:\/\/blogsaverroes.juntadeandalucia.es\/informatica4all\/wp-json\/wp\/v2\/types\/page"}],"author":[{"embeddable":true,"href":"https:\/\/blogsaverroes.juntadeandalucia.es\/informatica4all\/wp-json\/wp\/v2\/users\/10726"}],"replies":[{"embeddable":true,"href":"https:\/\/blogsaverroes.juntadeandalucia.es\/informatica4all\/wp-json\/wp\/v2\/comments?post=50"}],"version-history":[{"count":18,"href":"https:\/\/blogsaverroes.juntadeandalucia.es\/informatica4all\/wp-json\/wp\/v2\/pages\/50\/revisions"}],"predecessor-version":[{"id":127,"href":"https:\/\/blogsaverroes.juntadeandalucia.es\/informatica4all\/wp-json\/wp\/v2\/pages\/50\/revisions\/127"}],"wp:attachment":[{"href":"https:\/\/blogsaverroes.juntadeandalucia.es\/informatica4all\/wp-json\/wp\/v2\/media?parent=50"}],"curies":[{"name":"wp","href":"https:\/\/api.w.org\/{rel}","templated":true}]}}