{"id":121,"date":"2019-07-12T02:40:28","date_gmt":"2019-07-12T02:40:28","guid":{"rendered":"https:\/\/blogsaverroes.juntadeandalucia.es\/informaticalucussolis\/?page_id=121"},"modified":"2019-07-13T10:45:27","modified_gmt":"2019-07-13T10:45:27","slug":"fundamentos-de-hardware","status":"publish","type":"page","link":"https:\/\/blogsaverroes.juntadeandalucia.es\/informaticalucussolis\/asir\/1o-asir\/fundamentos-de-hardware\/","title":{"rendered":"Fundamentos de Hardware"},"content":{"rendered":"<p><strong>Unidad de Trabajo 1: Sistemas Inform\u00e1ticos: Estructura funcional<\/strong><\/p>\n<p>Los contenidos incluidos en esta unidad de trabajo son los siguientes:<\/p>\n<p>1. Introducci\u00f3n a los sistemas inform\u00e1ticos:<br \/>\n&nbsp;&nbsp;&nbsp; a. Definici\u00f3n<br \/>\n&nbsp;&nbsp;&nbsp; b. Evoluci\u00f3n hist\u00f3rica<br \/>\n&nbsp;&nbsp;&nbsp; c. Estructura b\u00e1sica<br \/>\n&nbsp;&nbsp;&nbsp; d. Funcionamiento b\u00e1sico<\/p>\n<p>2. Estructura funcional de un sistema inform\u00e1tico:<br \/>\n&nbsp;&nbsp; a. Arquitectura de Von Neumann, Elementos funcionales<br \/>\n&nbsp;&nbsp; b. Unidad central de proceso<br \/>\n&nbsp;&nbsp; c. La memoria. Funciones y tipos<br \/>\n&nbsp;&nbsp; d. Buses: arquitectura y funcionamiento<br \/>\n&nbsp;&nbsp; e. Subsistema de E\/S. Controladores y perif\u00e9ricos<\/p>\n<p>Los objetivos de esta unidad de trabajo son:<\/p>\n<p>1. Valorar y debatir la importancia de los sistemas inform\u00e1ticos en la actualidad<br \/>\n2. Identificar y caracterizar los elementos que constituyen los bloques funcionales de un equipo microinform\u00e1tico<br \/>\n3. Describir el papel de los diferentes elementos f\u00edsicos y l\u00f3gicos que constituyen un sistema inform\u00e1tico<br \/>\n4. Analizar la arquitectura general de un equipo y los mecanismos de conexi\u00f3n entre dispositivos.<br \/>\n5. Explicar el funcionamiento interno de un ordenador y conocer c\u00f3mo se almacena y usa la informaci\u00f3n<\/p>\n<p>Algunas actividades que se realizar\u00e1n en esta unidad de trabajo ser\u00e1n: investigar sobre la evoluci\u00f3n hist\u00f3rica de los sistemas inform\u00e1ticos, hacer ejercicios con cambios de unidades y con el sistema binario, pr\u00e1cticas con un simulador de la arquitectura Von Neumann&#8230;<\/p>\n<p>&nbsp;<\/p>\n<p><strong> Unidad de Trabajo 2: Sistemas inform\u00e1ticos: estructura f\u00edsica<\/strong><\/p>\n<p>Los contenidos incluidos en esta unidad de trabajo son los siguientes:<\/p>\n<p>1. Estructura f\u00edsica de un sistema<br \/>\n&nbsp;&nbsp; a. Chasis: Alimentaci\u00f3n y refrigeraci\u00f3n<br \/>\n&nbsp;&nbsp; b. Dispositivos internos: la placa base<br \/>\n&nbsp;&nbsp; c. Unidades de almacenamiento secundario<br \/>\n&nbsp;&nbsp; d. Tarjetas de expansi\u00f3n<br \/>\n&nbsp;&nbsp; e. Dispositivos externos de entrada-salida. Perif\u00e9ricos<\/p>\n<p>&nbsp;Los objetivos de esta unidad de trabajo son:<br \/>\n1. Identificar y caracterizar los distintos componentes que constituyen hoy d\u00eda f\u00edsicamente un equipo microinform\u00e1tico<br \/>\n2. Conocer y utilizar las unidades de medici\u00f3n de caracter\u00edsticas<br \/>\n3. Conocer las distintas alternativas tecnol\u00f3gicas para cada tipo de dispositivo<br \/>\n4. Saber elegir el dispositivo y prestaciones necesariUnidad de Trabajo 5: Software en sistemas inform\u00e1ticosas ante una situaci\u00f3n dada<br \/>\n5. Evaluar las prestaciones de un equipo atendiendo a una configuraci\u00f3n dada.<br \/>\n6. Clasificar los dispositivos perif\u00e9ricos y sus mecanismos de comunicaci\u00f3n.<\/p>\n<p>Algunas actividades que se realizar\u00e1n en esta unidad de trabajo ser\u00e1n: investigar las caracter\u00edsticas de los distintos componentes f\u00edsicos del ordenador y las tendencias actuales.<\/p>\n<p>&nbsp;<\/p>\n<p><strong>Unidad de Trabajo 3: Ensamblaje y puesta en marcha de un sistema inform\u00e1tico<\/strong><\/p>\n<p>Los contenidos incluidos en esta unidad de trabajo son los siguientes:<\/p>\n<p>1. Precauciones y advertencias de seguridad<br \/>\n&nbsp;&nbsp; a. Lugar de trabajo<br \/>\n&nbsp;&nbsp; b. Precauciones sobre la energ\u00eda el\u00e9ctrica<br \/>\n&nbsp;&nbsp; c. Precauciones sobre la energ\u00eda est\u00e1tica<br \/>\n&nbsp;&nbsp; d. Precauciones en sistema de refrigeraci\u00f3n l\u00edquida<br \/>\n&nbsp;&nbsp; e. Precauciones sobre los componentes<br \/>\n&nbsp;&nbsp; f. Precauciones generales<\/p>\n<p>2. Herramientas y aparatos de medida<br \/>\n&nbsp;&nbsp; a. El mult\u00edmetro y el pol\u00edmetro<\/p>\n<p>3. Secuencia de montaje de un equipo<br \/>\n&nbsp;&nbsp; a. Pasos en el montaje<br \/>\n&nbsp;&nbsp; b. Montaje de la placa base en la caja o chasis<br \/>\n&nbsp;&nbsp; c. Ensamblado del procesador y elementos de refrigeraci\u00f3n &nbsp;&nbsp;&nbsp;&nbsp;&nbsp;&nbsp;&nbsp;&nbsp;&nbsp;&nbsp;&nbsp;&nbsp;&nbsp;&nbsp;&nbsp;&nbsp;&nbsp;&nbsp;&nbsp;&nbsp;&nbsp;&nbsp;&nbsp;&nbsp;&nbsp;&nbsp;&nbsp;&nbsp;&nbsp;&nbsp;&nbsp;&nbsp;&nbsp;&nbsp;&nbsp;&nbsp;&nbsp;&nbsp;&nbsp;&nbsp;&nbsp;&nbsp;&nbsp;&nbsp;&nbsp;&nbsp;&nbsp;&nbsp;&nbsp;&nbsp;&nbsp;&nbsp;&nbsp;&nbsp;&nbsp;&nbsp;&nbsp;&nbsp;&nbsp;&nbsp;&nbsp;&nbsp;&nbsp;&nbsp;&nbsp;&nbsp;&nbsp;&nbsp;&nbsp;&nbsp;&nbsp;&nbsp;&nbsp;&nbsp;&nbsp;&nbsp;&nbsp;&nbsp;&nbsp;&nbsp;&nbsp;<br \/>\n&nbsp;&nbsp; d. Fijaci\u00f3n y conexi\u00f3n de las unidades de disco fijo<br \/>\n&nbsp;&nbsp; e. Fijaci\u00f3n y conexi\u00f3n de las unidades \u00f3pticas de lectura\/escritura<br \/>\n&nbsp;&nbsp; f. Fijaci\u00f3n y conexi\u00f3n del resto de adaptadores y componentes<br \/>\n&nbsp;&nbsp; g. Revisi\u00f3n de la instalaci\u00f3n<\/p>\n<p>4. Las aver\u00edas y sus causas<br \/>\n&nbsp;&nbsp; a. Factores que pueden aumentar al rendimiento<br \/>\n&nbsp;&nbsp; b. Mantenimiento preventivo en equipos port\u00e1tiles<br \/>\n&nbsp;&nbsp; c. Consejos pr\u00e1cticos frente a una aver\u00eda<br \/>\n&nbsp;&nbsp; d. Causas, s\u00edntomas y soluciones a posibles aver\u00edas<br \/>\n&nbsp;&nbsp; e. Fallos comunes por componentes<\/p>\n<p>5. Chequeo y diagn\u00f3stico<\/p>\n<p>6. Herramientas de monitorizaci\u00f3n y diagn\u00f3stico<br \/>\n&nbsp;&nbsp; a. Arquitectura de Von Neumann, Elementos funcionales<br \/>\n&nbsp;&nbsp; b. Unidad central de proceso<br \/>\n&nbsp;&nbsp; c. La memoria. Funciones y tipos<br \/>\n&nbsp;&nbsp; d. Buses: arquitectura y funcionamiento<br \/>\n&nbsp;&nbsp; e. Subsistema de E\/S. Controladores y perif\u00e9ricos<\/p>\n<p>Los objetivos de esta unidad de trabajo son:<\/p>\n<p>1. Aprender a montar un PC desde 0.<\/p>\n<p>2. Conocer los componentes necesarios para el funcionamiento de un PC y c\u00f3mo hacerlo funcionar<\/p>\n<p>3. Conocer distintas posibilidades para la refrigeraci\u00f3n del procesador y dem\u00e1s marcas del equipo.<\/p>\n<p>4. Seguir y tener en cuenta las precauciones en el montaje para evitar accidentes y preservar los componentes.<\/p>\n<p>Algunas actividades que se realizar\u00e1n en esta unidad de trabajo ser\u00e1n: montar y desmontar un ordenador poniendo cada uno de sus componentes, cambiar componentes de un ordenador a otro&#8230;<\/p>\n<p>&nbsp;<\/p>\n<p><strong>Unidad de Trabajo 4: Implantaci\u00f3n de un sistema inform\u00e1tico<br \/>\n<\/strong><\/p>\n<p>Los contenidos incluidos en esta unidad de trabajo son los siguientes:<\/p>\n<p>1. Sistemas inform\u00e1ticos como soluciones empresariales<\/p>\n<p>2. Plataformas inform\u00e1ticas: del entorno personal al empresarial<br \/>\n&nbsp;&nbsp; a. Pc para la oficina<br \/>\n&nbsp;&nbsp; b. Estaciones de trabajo<br \/>\n&nbsp;&nbsp; c. Pc para el hogar<br \/>\n&nbsp;&nbsp; d. Port\u00e1tiles y tablet-pc<br \/>\n&nbsp;&nbsp; e. PDA y telefon\u00eda m\u00f3vil<br \/>\n&nbsp;&nbsp; f. Servidores de ficheros, web o correo<br \/>\n&nbsp;&nbsp; g. Servidores de almacenamiento masivo<br \/>\n&nbsp;&nbsp; h. Servidores de aplicaciones y c\u00e1lculo<br \/>\n&nbsp;&nbsp; i. Sistemas empotrados<\/p>\n<p>3. Evoluci\u00f3n actual y tendencias en dispositivos Hardware<br \/>\n&nbsp;&nbsp; a. La inform\u00e1tica m\u00f3vil<br \/>\n&nbsp;&nbsp; b. Nuevas tendencias en refrigeraci\u00f3n<br \/>\n&nbsp;&nbsp; c. Nuevas tendencias en almacenamiento<br \/>\n&nbsp;&nbsp; d. Nuevas tendencias en procesamiento<br \/>\n&nbsp;&nbsp; e. Nuevas tendencias en multimedia<br \/>\n&nbsp;&nbsp; f. Nuevas tendencias en conectividad.<br \/>\n&nbsp;&nbsp; g. El modding<\/p>\n<p>4. Centros de procesamiento de datos<br \/>\n&nbsp;&nbsp; a. Requisitos y necesidades de un cpd<br \/>\n&nbsp;&nbsp; b. Dise\u00f1o de un cpd<br \/>\n&nbsp;&nbsp; c. Estructura f\u00edsica y organizaci\u00f3n de un cpd<\/p>\n<p>5. Componentes espec\u00edficos en soluciones empresariales<br \/>\n&nbsp;&nbsp; a. Bastidores o racks<br \/>\n&nbsp;&nbsp; b. Sistemas de almacenamiento en disco nas<br \/>\n&nbsp;&nbsp; c. Servidores de archivos<br \/>\n&nbsp;&nbsp; d. Sistemas de alimentaci\u00f3n ininterrumpida<br \/>\n&nbsp;&nbsp; e. Elementos de control remoto<\/p>\n<p>6. La seguridad f\u00edsica y l\u00f3gica en un CPD<br \/>\n&nbsp;&nbsp; a. Seguridad f\u00edsica<br \/>\n&nbsp;&nbsp; b. Seguridad l\u00f3gica<\/p>\n<p>7. Arquitecturas de alta disponibilidad<br \/>\n&nbsp;&nbsp; a. Fiabilidad<br \/>\n&nbsp;&nbsp; b. Disponibilidad<\/p>\n<p>8. Herramientas para el inventariado del hardware<br \/>\nLos objetivos de esta unidad de trabajo son:<\/p>\n<p>&nbsp;&nbsp; 1. Reconocer las diferencias entre configuraci\u00f3n hardware de tipo personal y empresarial<br \/>\n&nbsp;&nbsp; 2. Analizar entornos que requieran implantar soluciones hardware espec\u00edficas<br \/>\n&nbsp;&nbsp; 3. Analizar requerimientos b\u00e1sicos de seguridad f\u00edsica, organizaci\u00f3n y condiciones ambientales en un CPD<br \/>\n&nbsp;&nbsp; 4. Conocer dispositivos hardware para almacenamiento y alimentaci\u00f3n con conexi\u00f3n caliente<br \/>\n&nbsp;&nbsp; 5. Analizar herramientas de inventariado y valorar la importancia de las mismas<\/p>\n<p>Algunas actividades que se realizar\u00e1n en esta unidad de trabajo ser\u00e1n: investigar sobre las nuevas tendencias en hardware y exponerlas en clase, decidir la idoneidad de distintas ubicaciones como CPDs, investigar sobre los componentes espec\u00edficos que se utilizan en empresas &#8230;<\/p>\n<p>&nbsp;<\/p>\n<p><strong>Unidad de Trabajo 5: Software en sistemas inform\u00e1ticos<\/strong><\/p>\n<p>Los contenidos incluidos en esta unidad de trabajo son los siguientes:<\/p>\n<p>1. Introducci\u00f3n al software<\/p>\n<p>2. Entornos operativos<br \/>\n&nbsp;&nbsp; a. Funciones de los sistemas operativos<br \/>\n&nbsp;&nbsp; b. Componentes de un sistema operativo<br \/>\n&nbsp;&nbsp; c. Entornos operativos en la actualidad<br \/>\n&nbsp;&nbsp; d. Virtualizaci\u00f3n en entornos operativos<\/p>\n<p>3. Tipos de aplicaciones<\/p>\n<p>4. Tipos de licencia de software<\/p>\n<p>5. Componentes de aplicaciones. Arquitectura del software<\/p>\n<p>6. Instalaci\u00f3n, configuraci\u00f3n y eliminaci\u00f3n de aplicaciones<br \/>\n&nbsp;&nbsp; a. Formas de instalaci\u00f3n<br \/>\n&nbsp;&nbsp; b. Pasos b\u00e1sicos de una instalaci\u00f3n<br \/>\n&nbsp;&nbsp; c. Configuraci\u00f3n de aplicaciones<br \/>\n&nbsp;&nbsp; d. Eliminaci\u00f3n de aplicaciones<\/p>\n<p>7. Prueba de aplicaciones<br \/>\n&nbsp;&nbsp; a. Fallos de software<br \/>\n&nbsp;&nbsp; b. Tipos de pruebas<\/p>\n<p>8. Evaluaci\u00f3n y rendimiento de aplicaciones. Comparativas<\/p>\n<p>9. Software de prop\u00f3sito general<br \/>\n&nbsp;&nbsp; a. Ofim\u00e1tica<br \/>\n&nbsp;&nbsp; b. Imagen, sonido y v\u00eddeo. Software multimedia<br \/>\n&nbsp;&nbsp; c. Programaci\u00f3n<br \/>\n&nbsp;&nbsp; d. Educaci\u00f3n<br \/>\n&nbsp;&nbsp; e. Hogar, ocio y entretenimiento<br \/>\n&nbsp;&nbsp; f. Productividad y negocios<br \/>\n&nbsp;&nbsp; g. Clientes para servicios de internet<br \/>\n&nbsp;&nbsp; h. Software a medida y software enlatado<br \/>\n&nbsp;&nbsp; i. Otra categor\u00edas de inter\u00e9s<\/p>\n<p>Los objetivos de esta unidad de trabajo son:<br \/>\n&nbsp;&nbsp; 1. Conocer las caracter\u00edsticas del software y sus dificultades en el desarrollo<br \/>\n&nbsp;&nbsp; 2. Recordar las diferentes etapas por las que pasa toda aplicaci\u00f3n desde que se encarga hasta que deja de usarse<br \/>\n&nbsp;&nbsp; 3. Catalogar los tipos de software seg\u00fan su tipo de licencia, distribuci\u00f3n y prop\u00f3sito<br \/>\n&nbsp;&nbsp; 4. Analizar las necesidades espec\u00edficas de software asociadas al uso de sistemas inform\u00e1ticos en diferentes entornos productivos<br \/>\n&nbsp;&nbsp; 5. Saber instalar, configurar y desinstalar aplicaciones en diferentes entornos operativos<br \/>\n&nbsp;&nbsp; 6. Verificar la repercusi\u00f3n de la eliminaci\u00f3n y\/o actualizaci\u00f3n de aplicaciones instaladas en el sistema<br \/>\n&nbsp;&nbsp; 7. Proporcionar diferentes soluciones software para determinados requisitos<br \/>\n&nbsp;&nbsp; 8. Probar y comparar diferentes aplicaciones<br \/>\n&nbsp;&nbsp; 9. Identificar y clasificar los principales formatos de archivos<\/p>\n<p>Algunas actividades que se realizar\u00e1n en esta unidad de trabajo ser\u00e1n: instalar, configurar y desinstalar diferentes aplicaciones, hacer una pr\u00e1ctica guiada en distintos programas&#8230;<\/p>\n<p>&nbsp;<\/p>\n<p><strong>Unidad de Trabajo 6: Software imprescindible \/ utilidades b\u00e1sicas en un sistema inform\u00e1tico<\/strong><br \/>\nLos contenidos incluidos en esta unidad de trabajo son los siguientes:<\/p>\n<p>1. Utilidades de compresi\u00f3n \/ descompresi\u00f3n de archivos<br \/>\n&nbsp;&nbsp; a. La compresi\u00f3n de datos<br \/>\n&nbsp;&nbsp; b. Utilidades para comprimir ficheros en Linux<br \/>\n&nbsp;&nbsp; c. Utilidades para comprimir ficheros en Windows<\/p>\n<p>2. Utilidades de monitorizaci\u00f3n y optimizaci\u00f3n del sistema<\/p>\n<p>3. Utilidades de grabaci\u00f3n<\/p>\n<p>4. Utilidades de mantenimiento del sistema<\/p>\n<p>5. Utilidades para la gesti\u00f3n de ficheros y recuperaci\u00f3n de datos<\/p>\n<p>6. Utilidades de gesti\u00f3n de discos<\/p>\n<p>7. Utilidades de seguridad del sistema<\/p>\n<p>8. Antivirus, antiesp\u00edas, cortafuegos, etc<\/p>\n<p>9. Codificadores y conversores multimedia<\/p>\n<p>Los objetivos de esta unidad de trabajo son:<br \/>\n&nbsp;&nbsp; 1. Conocer la importancia de la seguridad en un sistema inform\u00e1tico<br \/>\n&nbsp;&nbsp; 2. Aprender aspectos de seguridad de sistemas inform\u00e1ticos dom\u00e9sticos o de una peque\u00f1a\/mediana empresa<br \/>\n&nbsp;&nbsp; 3. Conocer los riesgos a los que est\u00e1n expuestas los sistemas inform\u00e1ticos en cuesti\u00f3n de malware<\/p>\n<p>&nbsp;4. Aprender a instalar y utilizar m\u00faltiples utilidades de grabaci\u00f3n, c\u00f3decs, monitorizaci\u00f3n&#8230; Algunas actividades que se realizar\u00e1n en esta unidad de trabajo ser\u00e1n: instalar distintas aplicaciones y aprender a utilizarlas a trav\u00e9s de pr\u00e1cticas guiadas&#8230;<\/p>\n<p>&nbsp;<\/p>\n<p><strong>Unidad de Trabajo 7: Mantenimiento preventivo de un sistema inform\u00e1tico<\/strong><br \/>\nLos contenidos incluidos en esta unidad de trabajo son los siguientes:<\/p>\n<p>1. Creaci\u00f3n y restauraci\u00f3n de im\u00e1genes de discos y particiones. Clonaciones<br \/>\n&nbsp; &nbsp;a. Clonaciones de particiones<br \/>\n&nbsp; &nbsp;b. Clonaci\u00f3n de discos<br \/>\n&nbsp; &nbsp;c. Ventajas y desventajas de la clonaci\u00f3n<\/p>\n<p>2. Particiones de discos<br \/>\n&nbsp; &nbsp;a. Estructura l\u00f3gica de un disco<br \/>\n&nbsp; &nbsp;b. Herramientas de particionado<\/p>\n<p>3. Respaldo de sistemas<br \/>\n&nbsp; &nbsp;a. Copias de seguridad y backup<br \/>\n&nbsp; &nbsp;b. Tipos de copias de seguridad<br \/>\n&nbsp; &nbsp;c. Utilidades para hacer copias de seguridad<\/p>\n<p>4. Opciones de arranque de un sistema<br \/>\n&nbsp; &nbsp;a. Cambio de secuencia de arranque de un equipo<br \/>\n&nbsp; &nbsp;b. Arrancar Linux de un dispositivo usb<br \/>\n&nbsp; &nbsp;c. Configuraci\u00f3n del arranque en Linux<br \/>\n&nbsp; &nbsp;d. Configuraci\u00f3n de arranques duales<\/p>\n<p>Los objetivos de esta unidad de trabajo son:<br \/>\n&nbsp; &nbsp;1. Conocer la importancia de la seguridad de un sistema inform\u00e1tico<br \/>\n&nbsp; &nbsp;2. Aprender aspectos de seguridad de sistemas inform\u00e1ticos dom\u00e9sticos o de una&nbsp;peque\u00f1a\/mediana empresa<br \/>\n&nbsp; &nbsp;3. Aprender a utilizar herramientas para la clonaci\u00f3n y particionado de equipos<br \/>\n&nbsp; &nbsp;4. Aprender a respaldar informaci\u00f3n de los sistemas inform\u00e1ticos y recuperarla<br \/>\n&nbsp; &nbsp;5. Conocer las opciones de arranque de un sistema inform\u00e1tico y aprender a&nbsp;configurar y reparar el cargador de arranque<br \/>\n&nbsp; &nbsp;6. Aprender a arrancar un equipo desde distintos medios (usb, cd-rom&#8230;)<\/p>\n<p>Algunas actividades que se realizar\u00e1n en esta unidad de trabajo ser\u00e1n: instalar y&nbsp;aprender a utilizar las distintas utilidades a las que se hace referencia en los contenidos.<\/p>\n<p>&nbsp;<\/p>\n<p><strong>Unidad de Trabajo 8: Seguridad y protecci\u00f3n ambiental en&nbsp;sistemas inform\u00e1ticos<\/strong><\/p>\n<p>Los contenidos incluidos en esta unidad de trabajo son los siguientes:<\/p>\n<p>1. Evaluaci\u00f3n de riesgos<\/p>\n<p>2. Prevenci\u00f3n de riesgos laborales<br \/>\n&nbsp; &nbsp;a. Equipos de protecci\u00f3n individual<br \/>\n&nbsp; &nbsp;b. Normas y consejos en entornos inform\u00e1ticos<br \/>\n&nbsp; &nbsp;c. Causas de los accidentes<br \/>\n&nbsp; &nbsp;d. El orden y limpieza<\/p>\n<p>3. Protecci\u00f3n ambiental<br \/>\n&nbsp; &nbsp;a. Residuos electr\u00f3nicos<br \/>\n&nbsp; &nbsp;b. Normas para reducir el impacto ambiental de la inform\u00e1tica<br \/>\n&nbsp; &nbsp;c. Gasto de los equipos electr\u00f3nicos<br \/>\n&nbsp; &nbsp;d. Reciclado de dispositivos electr\u00f3nicos<\/p>\n<p>Los objetivos de esta unidad de trabajo son:<br \/>\n&nbsp; &nbsp;7. Aprender a conocer los riesgos laborales y su nivel de peligrosidad<br \/>\n&nbsp; &nbsp;8. Conocer las normas y consejos pr\u00e1cticos en entornos de oficina y en entornos&nbsp;inform\u00e1ticos<br \/>\n&nbsp; &nbsp;9. Conocer las causas de los accidentes laborales y c\u00f3mo prevenirlos<br \/>\n&nbsp; &nbsp;10. Aprender la importancia del orden y la limpieza en el entorno de trabajo<br \/>\n&nbsp; &nbsp;11. Conocer el consumo de diferentes equipos electr\u00f3nicos y normas para evitar el&nbsp;consumo innecesario de energ\u00eda<br \/>\n&nbsp; &nbsp;12. Conocer c\u00f3mo afecta el mundo de la inform\u00e1tica al medio ambiente.<br \/>\n&nbsp; &nbsp;13. Conocer los componentes nocivos para el entorno para tener una conciencia m\u00e1s&nbsp;ecol\u00f3gica de la inform\u00e1tica<br \/>\n&nbsp; &nbsp;14. Aprender que se puede trabajar igual pero consumiendo mucha menos energ\u00eda,&nbsp;lo cual redunda positivamente en el medio ambiente<\/p>\n<p>Algunas actividades que se realizar\u00e1n en esta unidad de trabajo ser\u00e1n: buscar&nbsp;normas sobre prevenci\u00f3n de riesgos laborales de alguna empresa, calcular el consumo&nbsp;del uso de un equipo inform\u00e1tico, usar aplicaciones y utilidades para reducir el consumo&nbsp;de energ\u00eda&#8230;<\/p>\n","protected":false},"excerpt":{"rendered":"<p>Unidad de Trabajo 1: Sistemas Inform\u00e1ticos: Estructura funcional Los contenidos incluidos en esta unidad de trabajo son los siguientes: 1. Introducci\u00f3n a los sistemas inform\u00e1ticos: &nbsp;&nbsp;&nbsp; a. Definici\u00f3n &nbsp;&nbsp;&nbsp; b. Evoluci\u00f3n hist\u00f3rica &nbsp;&nbsp;&nbsp; c.&#46;&#46;&#46;<\/p>\n","protected":false},"author":3732,"featured_media":0,"parent":117,"menu_order":0,"comment_status":"closed","ping_status":"closed","template":"","meta":{"ngg_post_thumbnail":0,"footnotes":""},"aioseo_notices":[],"_links":{"self":[{"href":"https:\/\/blogsaverroes.juntadeandalucia.es\/informaticalucussolis\/wp-json\/wp\/v2\/pages\/121"}],"collection":[{"href":"https:\/\/blogsaverroes.juntadeandalucia.es\/informaticalucussolis\/wp-json\/wp\/v2\/pages"}],"about":[{"href":"https:\/\/blogsaverroes.juntadeandalucia.es\/informaticalucussolis\/wp-json\/wp\/v2\/types\/page"}],"author":[{"embeddable":true,"href":"https:\/\/blogsaverroes.juntadeandalucia.es\/informaticalucussolis\/wp-json\/wp\/v2\/users\/3732"}],"replies":[{"embeddable":true,"href":"https:\/\/blogsaverroes.juntadeandalucia.es\/informaticalucussolis\/wp-json\/wp\/v2\/comments?post=121"}],"version-history":[{"count":2,"href":"https:\/\/blogsaverroes.juntadeandalucia.es\/informaticalucussolis\/wp-json\/wp\/v2\/pages\/121\/revisions"}],"predecessor-version":[{"id":253,"href":"https:\/\/blogsaverroes.juntadeandalucia.es\/informaticalucussolis\/wp-json\/wp\/v2\/pages\/121\/revisions\/253"}],"up":[{"embeddable":true,"href":"https:\/\/blogsaverroes.juntadeandalucia.es\/informaticalucussolis\/wp-json\/wp\/v2\/pages\/117"}],"wp:attachment":[{"href":"https:\/\/blogsaverroes.juntadeandalucia.es\/informaticalucussolis\/wp-json\/wp\/v2\/media?parent=121"}],"curies":[{"name":"wp","href":"https:\/\/api.w.org\/{rel}","templated":true}]}}