{"id":128,"date":"2019-07-12T02:40:28","date_gmt":"2019-07-12T02:40:28","guid":{"rendered":"https:\/\/blogsaverroes.juntadeandalucia.es\/informaticalucussolis\/?page_id=128"},"modified":"2024-11-21T09:18:37","modified_gmt":"2024-11-21T09:18:37","slug":"servicios-de-red-e-internet","status":"publish","type":"page","link":"https:\/\/blogsaverroes.juntadeandalucia.es\/informaticalucussolis\/asir\/2o-asir\/servicios-de-red-e-internet\/","title":{"rendered":"Servicios de Red e Internet\ud83c\uddec\ud83c\udde7"},"content":{"rendered":"<p><strong>Contenidos<br \/>\n<\/strong><\/p>\n<p><strong>1. Instalaci\u00f3n y administraci\u00f3n de servicios de configuraci\u00f3n autom\u00e1tica de red:<\/strong><\/p>\n<p>o Funcionamiento del servicio.<br \/>\no Asignaciones. Tipos.<br \/>\no Par\u00e1metros y declaraciones de configuraci\u00f3n.<br \/>\no Comandos utilizados para el funcionamiento del servicio.<\/p>\n<p>&nbsp;<\/p>\n<p>&nbsp;<strong>2. Instalaci\u00f3n y administraci\u00f3n de servicios de nombres de dominio:<\/strong><\/p>\n<p>o Sistemas de nombres planos y jer\u00e1rquicos.<br \/>\no Resolutores de nombres. Proceso de resoluci\u00f3n de un nombre de dominio.<br \/>\no Servidores ra\u00edz y dominios de primer nivel y sucesivos.<br \/>\no Zonas primarias y secundarias. Transferencias de zona.<br \/>\no Tipos de registros.<br \/>\no Servidores de nombres en direcciones ip din\u00e1micas.<\/p>\n<p>&nbsp;<\/p>\n<p><strong>3. Instalaci\u00f3n y administraci\u00f3n de servidores web:<\/strong><\/p>\n<p>o Caracter\u00edsticas generales de un servidor web.<br \/>\no Configuraci\u00f3n b\u00e1sica de un servidor web.<br \/>\no M\u00f3dulos. Instalaci\u00f3n, configuraci\u00f3n y uso.<br \/>\no Hosts virtuales. Creaci\u00f3n, configuraci\u00f3n y utilizaci\u00f3n.<br \/>\no Autenticaci\u00f3n y control de acceso.<br \/>\no Certificados. Servidores de certificados.<br \/>\no Navegadores web. Par\u00e1metros de apariencia y uso.<\/p>\n<p>&nbsp;<\/p>\n<p><strong>4. Instalaci\u00f3n y administraci\u00f3n de servicios de transferencia de archivos:<\/strong><\/p>\n<p>o Configuraci\u00f3n del servicio de transferencia de archivos. Permisos y cuotas.<br \/>\no Tipos de usuarios y accesos al servicio.<br \/>\no Modos de conexi\u00f3n del cliente.<br \/>\no Tipos de transferencia de archivos.<\/p>\n<p>&nbsp;<\/p>\n<p><strong>6_7. Instalaci\u00f3n y administraci\u00f3n del servicio de correo electr\u00f3nico:<\/strong><\/p>\n<p>o Protocolo de transferencia de mensajes.<br \/>\no Clientes de correo electr\u00f3nico.<br \/>\no Cuentas de correo, alias y buzones de usuario.<br \/>\no Correo seguro, firma digital y cifrado de mensajes.<br \/>\no Protocolos y servicios de descarga de correo.<\/p>\n<p>&nbsp;<\/p>\n<p>&nbsp;<br \/>\n<strong>8. Instalaci\u00f3n y administraci\u00f3n de servicios de mensajer\u00eda instant\u00e1nea, noticias y listas <\/strong><strong>de distribuci\u00f3n:<\/strong><\/p>\n<p>o Caracter\u00edsticas del servicio de mensajer\u00eda instant\u00e1nea. Protocolos.<br \/>\no Clientes gr\u00e1ficos de mensajer\u00eda instant\u00e1nea.<br \/>\no Clientes en modo texto de mensajer\u00eda instant\u00e1nea.<br \/>\no Caracter\u00edsticas del servicio de listas de distribuci\u00f3n. Protocolos.<br \/>\no Tipos de acceso a la lista de distribuci\u00f3n.<br \/>\no Tipos de listas de distribuci\u00f3n.<\/p>\n<p>&nbsp;<\/p>\n<p><strong>9. Instalaci\u00f3n y administraci\u00f3n del servicio de audio:<\/strong><\/p>\n<p>o Formatos de audio.<br \/>\no Servidores de streaming.<br \/>\no Sindicaci\u00f3n y suscripci\u00f3n de audio. Podcast.<\/p>\n<p>&nbsp;<\/p>\n<p><strong>10. Instalaci\u00f3n y administraci\u00f3n del servicio de v\u00eddeo:<\/strong><\/p>\n<p>o Formatos de imagen.<br \/>\no Servidores de v\u00eddeo.<br \/>\no Formatos de v\u00eddeo. C\u00f3decs y reproductores.<br \/>\no Sindicaci\u00f3n y suscripci\u00f3n de v\u00eddeo.<\/p>\n<p>&nbsp;<\/p>\n<p><strong>HORAS DE LIBRE CONFIGURACI\u00d3N<\/strong><\/p>\n<p><b>5. Terminal remoto:<\/b><\/p>\n<p>5.1 FUNCIONAMIENTO DEL SERVICIO<\/p>\n<p>5.1.1\u2003 Telnet (<i>Telematics Network<\/i>)<\/p>\n<p>5.1.2\u2003 Rlogin (<i>Remote Login<\/i>)<\/p>\n<p>5.1.3\u2003 SSH (<i>Secure Shell<\/i>)<\/p>\n<p>5.1.4\u2003 X-Terminal<\/p>\n<p>5.1.5\u2003 Escritorio remoto VNC<\/p>\n<p>5.1.6\u2003 Terminal Server<\/p>\n<p>5.1.7\u2003 Acceso remoto mediante interfaz Web<\/p>\n<p>5.2 CONFIGURACI\u00d3N DEL SERVICIO DE ACCESO REMOTO<\/p>\n<p>5.2.1\u2003 Configuraci\u00f3n en Microsoft Windows<\/p>\n<p>5.2.2\u2003 Configuraci\u00f3n en GNU\/Linux<\/p>\n<p>5.3 CONFIGURACI\u00d3N DEL CLIENTE DE ACCESO REMOTO<\/p>\n<p>5.3.1\u2003 Configuraci\u00f3n en Microsoft Windows<\/p>\n<p>5.3.2\u2003 Configuraci\u00f3n en GNU\/Linux<\/p>\n<p><b>11. Otros servicios:<\/b><\/p>\n<p>11.1 LISTAS DE DISTRIBUCI\u00d3N DE CORREO<\/p>\n<p>11.1.1\u2003 Introducci\u00f3n<\/p>\n<p>11.1.2\u2003 Instalaci\u00f3n en Microsoft Windows<\/p>\n<p>11.1.3\u2003 Instalaci\u00f3n en GNU\/Linux<\/p>\n<p>11.2 SERVICIOS DE REDIFUSI\u00d3N<\/p>\n<p>11.3 EL SERVICIO HORARIO NTP<\/p>\n<p>11.3.1\u2003 Configuraci\u00f3n de un servidor NTP<\/p>\n<p>11.3.2\u2003 Configuraci\u00f3n de un cliente NTP<\/p>\n<p><b>12. VoIP<\/b><\/p>\n<p>12.1 TELEFON\u00cdA TRADICIONAL<\/p>\n<p>12.1.1\u2003 P\u00fablica<\/p>\n<p>12.1.2\u2003 Privada<\/p>\n<p>12.2 FUNCIONAMIENTO DE VOIP<\/p>\n<p>12.2.1\u2003 Codecs<\/p>\n<p>12.2.2\u2003 Transporte y control de la transmisi\u00f3n<\/p>\n<p>12.2.3\u2003 Se\u00f1alizaci\u00f3n<\/p>\n<p>12.2.4\u2003 Direccionamiento<\/p>\n<p>12.2.5\u2003 QoS (<i>Quality of Service<\/i> o Calidad del Servicio)<\/p>\n<p>12.3 ELEMENTOS VOIP<\/p>\n<p>12.3.1\u2003 Redes de telefon\u00eda cableadas<\/p>\n<p>12.3.2\u2003 Redes de telefon\u00eda inal\u00e1mbricas<\/p>\n<p>12.3.3\u2003 ATA (<i>Analog Telephone Adaptor<\/i> o Adaptador Telef\u00f3nico Anal\u00f3gico)<\/p>\n<p>12.3.4\u2003 Gateways o Pasarelas VoIP<\/p>\n<p>12.3.5\u2003 Terminales 12.3.6\u2003 PBX<\/p>\n<p>12.4 CONFIGURACI\u00d3N DE UN PBX<\/p>\n<p>12.4.1\u2003 Configuraci\u00f3n de 3CX en Microsoft Windows<\/p>\n<p>12.4.2\u2003 Configuraci\u00f3n de Asterisk con FreePBX en GNU\/Linux<\/p>\n<p>12.5 CONFIGURACI\u00d3N DE UN CLIENTE VOIP<\/p>\n<p>12.5.1\u2003 Configuraci\u00f3n en Microsoft Windows<\/p>\n<p>12.5.2\u2003 Configuraci\u00f3n de un cliente en GNU\/Linux<\/p>\n","protected":false},"excerpt":{"rendered":"<p>Contenidos 1. Instalaci\u00f3n y administraci\u00f3n de servicios de configuraci\u00f3n autom\u00e1tica de red: o Funcionamiento del servicio. o Asignaciones. Tipos. o Par\u00e1metros y declaraciones de configuraci\u00f3n. o Comandos utilizados para el funcionamiento del servicio. &nbsp;&#46;&#46;&#46;<\/p>\n","protected":false},"author":3732,"featured_media":0,"parent":118,"menu_order":0,"comment_status":"closed","ping_status":"closed","template":"","meta":{"ngg_post_thumbnail":0,"footnotes":""},"aioseo_notices":[],"_links":{"self":[{"href":"https:\/\/blogsaverroes.juntadeandalucia.es\/informaticalucussolis\/wp-json\/wp\/v2\/pages\/128"}],"collection":[{"href":"https:\/\/blogsaverroes.juntadeandalucia.es\/informaticalucussolis\/wp-json\/wp\/v2\/pages"}],"about":[{"href":"https:\/\/blogsaverroes.juntadeandalucia.es\/informaticalucussolis\/wp-json\/wp\/v2\/types\/page"}],"author":[{"embeddable":true,"href":"https:\/\/blogsaverroes.juntadeandalucia.es\/informaticalucussolis\/wp-json\/wp\/v2\/users\/3732"}],"replies":[{"embeddable":true,"href":"https:\/\/blogsaverroes.juntadeandalucia.es\/informaticalucussolis\/wp-json\/wp\/v2\/comments?post=128"}],"version-history":[{"count":3,"href":"https:\/\/blogsaverroes.juntadeandalucia.es\/informaticalucussolis\/wp-json\/wp\/v2\/pages\/128\/revisions"}],"predecessor-version":[{"id":1849,"href":"https:\/\/blogsaverroes.juntadeandalucia.es\/informaticalucussolis\/wp-json\/wp\/v2\/pages\/128\/revisions\/1849"}],"up":[{"embeddable":true,"href":"https:\/\/blogsaverroes.juntadeandalucia.es\/informaticalucussolis\/wp-json\/wp\/v2\/pages\/118"}],"wp:attachment":[{"href":"https:\/\/blogsaverroes.juntadeandalucia.es\/informaticalucussolis\/wp-json\/wp\/v2\/media?parent=128"}],"curies":[{"name":"wp","href":"https:\/\/api.w.org\/{rel}","templated":true}]}}