{"id":138,"date":"2019-07-12T02:40:28","date_gmt":"2019-07-12T02:40:28","guid":{"rendered":"https:\/\/blogsaverroes.juntadeandalucia.es\/informaticalucussolis\/?page_id=138"},"modified":"2024-05-16T21:35:22","modified_gmt":"2024-05-16T21:35:22","slug":"1o-bachillerato-tic-i","status":"publish","type":"page","link":"https:\/\/blogsaverroes.juntadeandalucia.es\/informaticalucussolis\/bach\/1o-bachillerato-tic-i\/","title":{"rendered":"1\u00ba BACHILLERATO TIC I"},"content":{"rendered":"<p>Asignatura cursada en 1\u00ba de bachillerato, ofertada tanto para alumnado de ciencias, de sociales como de humanidades. Dentro del bloque donde se han de escoger 2 materias de un grupo de ellas.<\/p>\n<p><strong>Horas semanales: 2 horas.<\/strong><\/p>\n<h1 class=\"western\">Saberes b\u00e1sicos.<\/h1>\n<p align=\"justify\"><span style=\"color: #ff0000\"><span style=\"font-family: Times New Roman, serif\"><span style=\"font-size: medium\"><i>Orden de 30 de mayo: en el apartado para cada \u00e1rea o materia, tras la exposici\u00f3n de sus competencias espec\u00edficas y sus criterios, aparecen los saberes b\u00e1sicos para cada curso, agrupados en distintos bloques.<\/i><\/span><\/span><\/span><\/p>\n<h2 class=\"western\">A. La sociedad de la informaci\u00f3n y el ordenador<\/h2>\n<h3><b>TICO.1.A.1. Impacto de la inform\u00e1tica<\/b><\/h3>\n<p>TICO.1.A.1.1. La sociedad de la informaci\u00f3n y la sociedad del conocimiento.<\/p>\n<p>TICO.1.A.1.2. Ejemplos y exponentes: las redes sociales, el comercio electr\u00f3nico, la publicidad en Internet, la creatividad digital, protecci\u00f3n de datos, etc.<\/p>\n<p>TICO.1.A.1.3. Nuevos sectores laborales.<\/p>\n<p>TICO.1.A.1.4. Big Data, Internet de las cosas, Inteligencia artificial y rob\u00f3tica.<\/p>\n<p>TICO.1.A.1.5. Aspectos positivos y negativos. Amenazas.<\/p>\n<p>TICO.1.A.1.6. Sostenibilidad.<\/p>\n<h3><b>TICO.1.A.2. Informaci\u00f3n digital<\/b><\/h3>\n<p>TICO.1.A.2.1. Almacenamiento, transmisi\u00f3n y tratamiento b\u00e1sico de la informaci\u00f3n en binario.<\/p>\n<p>TICO.1.A.2.2. Unidades de informaci\u00f3n.<\/p>\n<p>TICO.1.A.2.3. Representaci\u00f3n de n\u00fameros y texto.<\/p>\n<p>TICO.1.A.2.4. Representaci\u00f3n de im\u00e1genes, audio y v\u00eddeo.<\/p>\n<p>TICO.1.A.2.5. Sistema hexadecimal.<\/p>\n<p>TICO.1.A.2.6. Compresi\u00f3n.<\/p>\n<p>TICO.1.A.2.7. Archivos.<\/p>\n<h2 class=\"western\"><a name=\"__RefHeading___Toc122_1182221157\"><\/a>B. Arquitectura de ordenadores y sistemas operativos<\/h2>\n<h3 align=\"justify\"><b>TICO.1.B.1. Arquitectura de ordenadores<\/b><\/h3>\n<p align=\"justify\">TICO.1.B.1.1. Hardware y Software. Sistemas propietarios y libres.<\/p>\n<p align=\"justify\">TICO.1.B.1.2. Arquitectura: concepto cl\u00e1sico y ley de Moore.<\/p>\n<p align=\"justify\">TICO.1.B.1.3. Unidad Central de Proceso. Unidad de control. Unidad aritm\u00e9tico-l\u00f3gica.<\/p>\n<p align=\"justify\">TICO.1.B.1.4. Memoria principal y almacenamiento secundario: estructura f\u00edsica y l\u00f3gica. Dispositivos. Fiabilidad.<\/p>\n<p align=\"justify\">TICO.1.B.1.5. Sistemas de entrada\/salida: Perif\u00e9ricos. Clasificaci\u00f3n. Perif\u00e9ricos de nueva generaci\u00f3n.<\/p>\n<p align=\"justify\">TICO.1.B.1.6. Buses de comunicaci\u00f3n: datos, control y direcciones.<\/p>\n<h3 align=\"justify\"><b>TICO.1.B.2. Sistemas operativos<\/b><\/h3>\n<p align=\"justify\">TICO.1.B.2.1. Arquitecturas y funciones. Licencias. Interfaces de usuario.<\/p>\n<p align=\"justify\">TICO.1.B.2.2. Gesti\u00f3n de procesos.<\/p>\n<p align=\"justify\">TICO.1.B.2.3. Sistema de archivos.<\/p>\n<p align=\"justify\">TICO.1.B.2.4. Gesti\u00f3n de usuarios.<\/p>\n<p align=\"justify\">TICO.1.B.2.5. Gesti\u00f3n de dispositivos.<\/p>\n<p align=\"justify\">TICO.1.B.2.6. Monitorizaci\u00f3n y Rendimiento.<\/p>\n<p align=\"justify\">TICO.1.B.2.7. Instalaci\u00f3n y configuraci\u00f3n. Requisitos y procedimiento.<\/p>\n<h2 class=\"western\">C. Software de aplicaci\u00f3n para sistemas inform\u00e1ticos<\/h2>\n<h3><b>TICO.1.C.1. Software<\/b><\/h3>\n<p>TICO.1.C.1.1. Clasificaciones. Tipolog\u00edas.<\/p>\n<p>TICO.1.C.1.2. Aplicaciones de prop\u00f3sito general y espec\u00edfico.<\/p>\n<p>TICO.1.C.1.3. Aplicaciones de escritorio y aplicaciones web.<\/p>\n<p>TICO.1.C.1.4. Requisitos e instalaci\u00f3n de software.<\/p>\n<p>TICO.1.C.1.5. El software y la resoluci\u00f3n de problemas.<\/p>\n<p>TICO.1.C.1.6. Software colaborativo.<\/p>\n<h3><b>TICO.1.C.2. Procesadores de texto<\/b><\/h3>\n<p>TICO.1.C.2.1. Formatos de p\u00e1gina, p\u00e1rrafo y car\u00e1cter.<\/p>\n<p>TICO.1.C.2.2. Im\u00e1genes y tablas.<\/p>\n<p>TICO.1.C.2.3. Columnas y secciones.<\/p>\n<p>TICO.1.C.2.4. Estilos e \u00cdndices.<\/p>\n<p>TICO.1.C.2.5. Plantillas.<\/p>\n<p>TICO.1.C.2.6. Exportaci\u00f3n e importaci\u00f3n.<\/p>\n<p>TICO.1.C.2.7. Comentarios.<\/p>\n<h3><b>TICO.1.C.3. Hojas de c\u00e1lculo<\/b><\/h3>\n<p>TICO.1.C.3.1. Filas, columnas, celdas y rangos. Formatos.<\/p>\n<p>TICO.1.C.3.2. Referencias.<\/p>\n<p>TICO.1.C.3.3. Operaciones. Funciones l\u00f3gicas, matem\u00e1ticas, de texto y estad\u00edsticas.<\/p>\n<p>TICO.1.C.3.4. Ordenaci\u00f3n y filtrado.<\/p>\n<p>TICO.1.C.3.5. Gr\u00e1ficos.<\/p>\n<p>TICO.1.C.3.6. Exportaci\u00f3n e importaci\u00f3n. Protecci\u00f3n.<\/p>\n<h3><b>TICO.1.C.4. Bases de datos<\/b><\/h3>\n<p>TICO.1.C.4.1. Sistemas gestores de bases de datos relacionales.<\/p>\n<p>TICO.1.C.4.2. Tablas, registros y campos. Tipos de datos.<\/p>\n<p>TICO.1.C.4.3. Claves y relaciones.<\/p>\n<p>TICO.1.C.4.4. Lenguajes de definici\u00f3n y manipulaci\u00f3n de datos. Comandos b\u00e1sicos en SQL.<\/p>\n<p>TICO.1.C.4.5. Vistas, informes y formularios.<\/p>\n<p>TICO.1.C.4.6. Exportaci\u00f3n e importaci\u00f3n.<\/p>\n<p>TICO.1.C.4.7. Datos masivos. NoSQL.<\/p>\n<h2>D. Internet y redes de ordenadores<\/h2>\n<h3 align=\"justify\"><b>TICO.1.D.1. Internet<\/b><\/h3>\n<p align=\"justify\">TICO.1.D.1.1. Servicios, arquitectura TCP\/IP y modelo cliente\/servidor.<\/p>\n<p align=\"justify\">TICO.1.D.1.2. Nivel f\u00edsico y de enlace de red. Redes cableadas, inal\u00e1mbricas y dispositivos de interconexi\u00f3n.<\/p>\n<p align=\"justify\">TICO.1.D.1.3. El protocolo de Internet (IP). Enrutadores y direccionamiento p\u00fablico y privado.<\/p>\n<p align=\"justify\">TICO.1.D.1.4. El protocolo de control de la transmisi\u00f3n (TCP).<\/p>\n<p align=\"justify\">TICO.1.D.1.5. Protocolos de Transferencia de Hipertexto (HTTP y HTTPS).<\/p>\n<p align=\"justify\">TICO.1.D.1.6. Sistema de Nombres de Dominio (DNS).<\/p>\n<p align=\"justify\">TICO.1.D.1.7. Configuraci\u00f3n b\u00e1sica de ordenadores y dispositivos en red.<\/p>\n<h3 align=\"justify\"><b>TICO.1.D.2. Buscadores<\/b><\/h3>\n<p align=\"justify\">TICO.1.D.2.1. B\u00fasquedas avanzadas.<\/p>\n<p align=\"justify\">TICO.1.D.2.2. Posicionamiento.<\/p>\n<p align=\"justify\">TICO.1.D.2.3. Fuentes de Informaci\u00f3n.<\/p>\n<p align=\"justify\">TICO.1.D.2.4. Propiedad intelectual y licencias.<\/p>\n<p align=\"justify\">TICO.1.D.2.5. Publicidad online.<\/p>\n<p align=\"justify\">TICO.1.D.2.6. Privacidad.<\/p>\n<h2 align=\"justify\">E. Programaci\u00f3n<\/h2>\n<h3 align=\"justify\"><b>TICO.1.E.1. Fundamentos de programaci\u00f3n<\/b><\/h3>\n<p align=\"justify\">TICO.1.E.1.1. Lenguajes de programaci\u00f3n. Tipos. Paradigmas.<\/p>\n<p align=\"justify\">TICO.1.E.1.2. Estructura de un programa inform\u00e1tico y elementos b\u00e1sicos del lenguaje.<\/p>\n<p align=\"justify\">TICO.1.E.1.3. Tipos b\u00e1sicos de datos. Constantes y variables. Operadores y expresiones. Facilidades para la entrada y salida de datos de usuario. Comentarios.<\/p>\n<p align=\"justify\">TICO.1.E.1.4. Estructuras de control condicionales e iterativas.<\/p>\n<p align=\"justify\">TICO.1.E.1.5. Estructuras de control y de datos.<\/p>\n<p align=\"justify\">TICO.1.E.1.6. Funciones y bibliotecas de funciones.<\/p>\n<h3 align=\"justify\"><b>TICO.1.E.2. Dise\u00f1o de software y resoluci\u00f3n de problemas<\/b><\/h3>\n<p align=\"justify\">TICO.1.E.2.1. Enfoque Top-Down.<\/p>\n<p align=\"justify\">TICO.1.E.2.2. Fragmentaci\u00f3n de problemas.<\/p>\n<p align=\"justify\">TICO.1.E.2.3. Patrones.<\/p>\n<p align=\"justify\">TICO.1.E.2.4. Algoritmos.<\/p>\n<p align=\"justify\">TICO.1.E.2.5. Pseudoc\u00f3digo y diagramas de flujo<\/p>\n<p align=\"justify\">TICO.1.E.2.6. Depuraci\u00f3n.<\/p>\n","protected":false},"excerpt":{"rendered":"<p>Asignatura cursada en 1\u00ba de bachillerato, ofertada tanto para alumnado de ciencias, de sociales como de humanidades. Dentro del bloque donde se han de escoger 2 materias de un grupo de ellas. Horas semanales:&#46;&#46;&#46;<\/p>\n","protected":false},"author":3732,"featured_media":0,"parent":137,"menu_order":0,"comment_status":"closed","ping_status":"closed","template":"","meta":{"ngg_post_thumbnail":0,"footnotes":""},"aioseo_notices":[],"_links":{"self":[{"href":"https:\/\/blogsaverroes.juntadeandalucia.es\/informaticalucussolis\/wp-json\/wp\/v2\/pages\/138"}],"collection":[{"href":"https:\/\/blogsaverroes.juntadeandalucia.es\/informaticalucussolis\/wp-json\/wp\/v2\/pages"}],"about":[{"href":"https:\/\/blogsaverroes.juntadeandalucia.es\/informaticalucussolis\/wp-json\/wp\/v2\/types\/page"}],"author":[{"embeddable":true,"href":"https:\/\/blogsaverroes.juntadeandalucia.es\/informaticalucussolis\/wp-json\/wp\/v2\/users\/3732"}],"replies":[{"embeddable":true,"href":"https:\/\/blogsaverroes.juntadeandalucia.es\/informaticalucussolis\/wp-json\/wp\/v2\/comments?post=138"}],"version-history":[{"count":6,"href":"https:\/\/blogsaverroes.juntadeandalucia.es\/informaticalucussolis\/wp-json\/wp\/v2\/pages\/138\/revisions"}],"predecessor-version":[{"id":1721,"href":"https:\/\/blogsaverroes.juntadeandalucia.es\/informaticalucussolis\/wp-json\/wp\/v2\/pages\/138\/revisions\/1721"}],"up":[{"embeddable":true,"href":"https:\/\/blogsaverroes.juntadeandalucia.es\/informaticalucussolis\/wp-json\/wp\/v2\/pages\/137"}],"wp:attachment":[{"href":"https:\/\/blogsaverroes.juntadeandalucia.es\/informaticalucussolis\/wp-json\/wp\/v2\/media?parent=138"}],"curies":[{"name":"wp","href":"https:\/\/api.w.org\/{rel}","templated":true}]}}