{"id":140,"date":"2019-07-12T02:40:28","date_gmt":"2019-07-12T02:40:28","guid":{"rendered":"https:\/\/blogsaverroes.juntadeandalucia.es\/informaticalucussolis\/?page_id=140"},"modified":"2019-07-12T08:49:09","modified_gmt":"2019-07-12T08:49:09","slug":"departamento","status":"publish","type":"page","link":"https:\/\/blogsaverroes.juntadeandalucia.es\/informaticalucussolis\/departamento\/","title":{"rendered":"DEPARTAMENTO"},"content":{"rendered":"<table border=\"1\">\n<tbody>\n<tr>\n<td><strong>Nombre<\/strong><\/td>\n<td><strong>M\u00f3dulos que imparte<br \/>\n<\/strong><\/td>\n<\/tr>\n<tr>\n<td>&nbsp;Juan Ben\u00edtez Dom\u00ednguez<\/td>\n<td>&nbsp; 1\u00ba ASIR:<\/p>\n<p>&nbsp;&nbsp;&nbsp;&nbsp; &#8211; Fundamentos de Hardware<\/p>\n<p>&nbsp;&nbsp;&nbsp;&nbsp; &#8211; Implantaci\u00f3n de Sistemas Operativos<\/p>\n<p>&nbsp; 2\u00ba ASIR:<\/p>\n<p>&nbsp;&nbsp;&nbsp;&nbsp; -Administraci\u00f3n de Sistemas Operativos<\/td>\n<\/tr>\n<tr>\n<td>&nbsp;Marcial L\u00f3pez G\u00f3mez<\/td>\n<td>&nbsp; 1\u00ba ASIR:<\/p>\n<p>&nbsp;&nbsp;&nbsp;&nbsp; &#8211; Planificaci\u00f3n y Administraci\u00f3n de Redes<\/p>\n<p>&nbsp; 2\u00ba ASIR:<\/p>\n<p>&nbsp;&nbsp;&nbsp;&nbsp; &#8211; Seguridad y alta Disponibilidad<\/p>\n<p>&nbsp;&nbsp;&nbsp;&nbsp; &#8211; Servicios de Red e Internet<\/td>\n<\/tr>\n<tr>\n<td>&nbsp;M\u00aa Remedios \u00c1lvarez Rosario<\/td>\n<td>&nbsp; 1\u00ba ASIR:<\/p>\n<p>&nbsp;&nbsp;&nbsp;&nbsp; &#8211; Gesti\u00f3n de Bases de Datos&nbsp;&nbsp;<\/p>\n<p>&nbsp; 2\u00ba ASIR:<\/p>\n<p>&nbsp;&nbsp;&nbsp;&nbsp; &#8211; Implantaci\u00f3n de Aplicaciones Web<\/p>\n<p>&nbsp;&nbsp;&nbsp; &#8211; Administraci\u00f3n&nbsp; de Sistemas Gestores de Bases de Datos<\/td>\n<\/tr>\n<tr>\n<td>&nbsp;Antonio<\/td>\n<td>&nbsp;&nbsp; 1\u00ba ASIR:<\/p>\n<p>&nbsp;&nbsp;&nbsp;&nbsp; &#8211; Formaci\u00f3n y Orientaci\u00f3n Laboral<\/p>\n<p>&nbsp;&nbsp; 2\u00ba ASIR:<\/p>\n<p>&nbsp;&nbsp;&nbsp;&nbsp; &#8211; Empresa e Iniciativa Emprendedora<\/td>\n<\/tr>\n<tr>\n<td>Luis Fernando Maroto<\/td>\n<td>&nbsp; 1\u00ba ASIR:<\/p>\n<p>&nbsp;&nbsp;&nbsp; &#8211; Lenguajes de Marcas y Sistemas de Gesti\u00f3n de Informaci\u00f3n<\/p>\n<p>&nbsp; Bachillerato:<\/p>\n<p>&nbsp;&nbsp;&nbsp; Bachillerato TIC<\/td>\n<\/tr>\n<tr>\n<td>&nbsp;David Berm\u00fadez Alc\u00e1ntara<\/td>\n<td>&nbsp; &nbsp; 4\u00ba ESO TIC &nbsp;&nbsp;<\/p>\n<p>&nbsp;&nbsp;&nbsp; Bachillerato TIC<\/p>\n<p>&nbsp;&nbsp;&nbsp; Bachillerato Adultos TIC<\/td>\n<\/tr>\n<\/tbody>\n<\/table>\n<p>&nbsp;<\/p>\n","protected":false},"excerpt":{"rendered":"<p>Nombre M\u00f3dulos que imparte &nbsp;Juan Ben\u00edtez Dom\u00ednguez &nbsp; 1\u00ba ASIR: &nbsp;&nbsp;&nbsp;&nbsp; &#8211; Fundamentos de Hardware &nbsp;&nbsp;&nbsp;&nbsp; &#8211; Implantaci\u00f3n de Sistemas Operativos &nbsp; 2\u00ba ASIR: &nbsp;&nbsp;&nbsp;&nbsp; -Administraci\u00f3n de Sistemas Operativos &nbsp;Marcial L\u00f3pez G\u00f3mez &nbsp; 1\u00ba&#46;&#46;&#46;<\/p>\n","protected":false},"author":3732,"featured_media":0,"parent":0,"menu_order":0,"comment_status":"closed","ping_status":"closed","template":"","meta":{"ngg_post_thumbnail":0,"footnotes":""},"aioseo_notices":[],"_links":{"self":[{"href":"https:\/\/blogsaverroes.juntadeandalucia.es\/informaticalucussolis\/wp-json\/wp\/v2\/pages\/140"}],"collection":[{"href":"https:\/\/blogsaverroes.juntadeandalucia.es\/informaticalucussolis\/wp-json\/wp\/v2\/pages"}],"about":[{"href":"https:\/\/blogsaverroes.juntadeandalucia.es\/informaticalucussolis\/wp-json\/wp\/v2\/types\/page"}],"author":[{"embeddable":true,"href":"https:\/\/blogsaverroes.juntadeandalucia.es\/informaticalucussolis\/wp-json\/wp\/v2\/users\/3732"}],"replies":[{"embeddable":true,"href":"https:\/\/blogsaverroes.juntadeandalucia.es\/informaticalucussolis\/wp-json\/wp\/v2\/comments?post=140"}],"version-history":[{"count":2,"href":"https:\/\/blogsaverroes.juntadeandalucia.es\/informaticalucussolis\/wp-json\/wp\/v2\/pages\/140\/revisions"}],"predecessor-version":[{"id":265,"href":"https:\/\/blogsaverroes.juntadeandalucia.es\/informaticalucussolis\/wp-json\/wp\/v2\/pages\/140\/revisions\/265"}],"wp:attachment":[{"href":"https:\/\/blogsaverroes.juntadeandalucia.es\/informaticalucussolis\/wp-json\/wp\/v2\/media?parent=140"}],"curies":[{"name":"wp","href":"https:\/\/api.w.org\/{rel}","templated":true}]}}