{"id":141,"date":"2019-07-12T02:40:28","date_gmt":"2019-07-12T02:40:28","guid":{"rendered":"https:\/\/blogsaverroes.juntadeandalucia.es\/informaticalucussolis\/?page_id=141"},"modified":"2025-04-04T00:08:08","modified_gmt":"2025-04-04T00:08:08","slug":"profesorado","status":"publish","type":"page","link":"https:\/\/blogsaverroes.juntadeandalucia.es\/informaticalucussolis\/departamento\/profesorado\/","title":{"rendered":"PROFESORADO"},"content":{"rendered":"<p>Roc\u00edo Castell\u00f3n<\/p>\n<p>Alberto Gonz\u00e1lez<\/p>\n<p>Marcial L\u00f3pez (Jefe de departamento)<\/p>\n<p>Luis Maroto<\/p>\n<p>Gloria Cabrera<\/p>\n<p>Antonio Delgado<\/p>\n","protected":false},"excerpt":{"rendered":"<p>Roc\u00edo Castell\u00f3n Alberto Gonz\u00e1lez Marcial L\u00f3pez (Jefe de departamento) Luis Maroto Gloria Cabrera Antonio Delgado<\/p>\n","protected":false},"author":3732,"featured_media":0,"parent":140,"menu_order":0,"comment_status":"closed","ping_status":"closed","template":"","meta":{"ngg_post_thumbnail":0,"footnotes":""},"aioseo_notices":[],"_links":{"self":[{"href":"https:\/\/blogsaverroes.juntadeandalucia.es\/informaticalucussolis\/wp-json\/wp\/v2\/pages\/141"}],"collection":[{"href":"https:\/\/blogsaverroes.juntadeandalucia.es\/informaticalucussolis\/wp-json\/wp\/v2\/pages"}],"about":[{"href":"https:\/\/blogsaverroes.juntadeandalucia.es\/informaticalucussolis\/wp-json\/wp\/v2\/types\/page"}],"author":[{"embeddable":true,"href":"https:\/\/blogsaverroes.juntadeandalucia.es\/informaticalucussolis\/wp-json\/wp\/v2\/users\/3732"}],"replies":[{"embeddable":true,"href":"https:\/\/blogsaverroes.juntadeandalucia.es\/informaticalucussolis\/wp-json\/wp\/v2\/comments?post=141"}],"version-history":[{"count":8,"href":"https:\/\/blogsaverroes.juntadeandalucia.es\/informaticalucussolis\/wp-json\/wp\/v2\/pages\/141\/revisions"}],"predecessor-version":[{"id":1966,"href":"https:\/\/blogsaverroes.juntadeandalucia.es\/informaticalucussolis\/wp-json\/wp\/v2\/pages\/141\/revisions\/1966"}],"up":[{"embeddable":true,"href":"https:\/\/blogsaverroes.juntadeandalucia.es\/informaticalucussolis\/wp-json\/wp\/v2\/pages\/140"}],"wp:attachment":[{"href":"https:\/\/blogsaverroes.juntadeandalucia.es\/informaticalucussolis\/wp-json\/wp\/v2\/media?parent=141"}],"curies":[{"name":"wp","href":"https:\/\/api.w.org\/{rel}","templated":true}]}}