{"id":142,"date":"2019-07-12T02:40:28","date_gmt":"2019-07-12T02:40:28","guid":{"rendered":"https:\/\/blogsaverroes.juntadeandalucia.es\/informaticalucussolis\/?page_id=142"},"modified":"2019-07-13T10:47:32","modified_gmt":"2019-07-13T10:47:32","slug":"ubicacion","status":"publish","type":"page","link":"https:\/\/blogsaverroes.juntadeandalucia.es\/informaticalucussolis\/departamento\/ubicacion\/","title":{"rendered":"UBICACI\u00d3N"},"content":{"rendered":"<div id=\"content_main\" class=\"span9d6\">\n<div class=\"content-main-inner row\">\n<div id=\"yt_component\" class=\"span9d6\">\n<div class=\"component-inner\">\n<div class=\"component-inner2\">\n<div class=\"item-page\">\n<h2><strong>Ubicaci\u00f3n de las aulas para el CFGS de ASIR<\/strong><\/h2>\n<p>Plano donde se detalla la ubicaci\u00f3n de las aulas utilizadas por el CFGS de<\/p>\n<p><strong>Administracion de Sistemas Inform\u00e1ticos en Red (ASIR)<\/strong><\/p>\n<p><img loading=\"lazy\" decoding=\"async\" class=\"alignnone size-medium wp-image-267\" src=\"https:\/\/blogsaverroes.juntadeandalucia.es\/informaticalucussolis\/files\/2019\/07\/clases-300x221.png\" alt=\"\" width=\"300\" height=\"221\" srcset=\"https:\/\/blogsaverroes.juntadeandalucia.es\/informaticalucussolis\/files\/2019\/07\/clases-300x221.png 300w, https:\/\/blogsaverroes.juntadeandalucia.es\/informaticalucussolis\/files\/2019\/07\/clases-768x566.png 768w, https:\/\/blogsaverroes.juntadeandalucia.es\/informaticalucussolis\/files\/2019\/07\/clases-24x18.png 24w, https:\/\/blogsaverroes.juntadeandalucia.es\/informaticalucussolis\/files\/2019\/07\/clases-36x27.png 36w, https:\/\/blogsaverroes.juntadeandalucia.es\/informaticalucussolis\/files\/2019\/07\/clases-48x35.png 48w, https:\/\/blogsaverroes.juntadeandalucia.es\/informaticalucussolis\/files\/2019\/07\/clases.png 888w\" sizes=\"(max-width: 300px) 100vw, 300px\" \/><\/p>\n<h2><strong>Ubicaci\u00f3n de las aulas TIC para la ESO y el Bachillerato<\/strong><\/h2>\n<p>Plano donde se detalla la ubicaci\u00f3n de las aulas utilizadas para Inform\u00e1tica<\/p>\n<p><img loading=\"lazy\" decoding=\"async\" class=\"alignnone size-medium wp-image-268\" src=\"https:\/\/blogsaverroes.juntadeandalucia.es\/informaticalucussolis\/files\/2019\/07\/AulasTIC-300x212.png\" alt=\"\" width=\"300\" height=\"212\" srcset=\"https:\/\/blogsaverroes.juntadeandalucia.es\/informaticalucussolis\/files\/2019\/07\/AulasTIC-300x212.png 300w, https:\/\/blogsaverroes.juntadeandalucia.es\/informaticalucussolis\/files\/2019\/07\/AulasTIC-768x543.png 768w, https:\/\/blogsaverroes.juntadeandalucia.es\/informaticalucussolis\/files\/2019\/07\/AulasTIC-1024x724.png 1024w, https:\/\/blogsaverroes.juntadeandalucia.es\/informaticalucussolis\/files\/2019\/07\/AulasTIC-24x17.png 24w, https:\/\/blogsaverroes.juntadeandalucia.es\/informaticalucussolis\/files\/2019\/07\/AulasTIC-36x25.png 36w, https:\/\/blogsaverroes.juntadeandalucia.es\/informaticalucussolis\/files\/2019\/07\/AulasTIC-48x34.png 48w, https:\/\/blogsaverroes.juntadeandalucia.es\/informaticalucussolis\/files\/2019\/07\/AulasTIC.png 1654w\" sizes=\"(max-width: 300px) 100vw, 300px\" \/><\/p>\n<\/div>\n<\/div>\n<\/div>\n<\/div>\n<\/div>\n<\/div>\n","protected":false},"excerpt":{"rendered":"<p>Ubicaci\u00f3n de las aulas para el CFGS de ASIR Plano donde se detalla la ubicaci\u00f3n de las aulas utilizadas por el CFGS de Administracion de Sistemas Inform\u00e1ticos en Red (ASIR) Ubicaci\u00f3n de las aulas&#46;&#46;&#46;<\/p>\n","protected":false},"author":3732,"featured_media":0,"parent":140,"menu_order":0,"comment_status":"closed","ping_status":"closed","template":"","meta":{"ngg_post_thumbnail":0,"footnotes":""},"aioseo_notices":[],"_links":{"self":[{"href":"https:\/\/blogsaverroes.juntadeandalucia.es\/informaticalucussolis\/wp-json\/wp\/v2\/pages\/142"}],"collection":[{"href":"https:\/\/blogsaverroes.juntadeandalucia.es\/informaticalucussolis\/wp-json\/wp\/v2\/pages"}],"about":[{"href":"https:\/\/blogsaverroes.juntadeandalucia.es\/informaticalucussolis\/wp-json\/wp\/v2\/types\/page"}],"author":[{"embeddable":true,"href":"https:\/\/blogsaverroes.juntadeandalucia.es\/informaticalucussolis\/wp-json\/wp\/v2\/users\/3732"}],"replies":[{"embeddable":true,"href":"https:\/\/blogsaverroes.juntadeandalucia.es\/informaticalucussolis\/wp-json\/wp\/v2\/comments?post=142"}],"version-history":[{"count":3,"href":"https:\/\/blogsaverroes.juntadeandalucia.es\/informaticalucussolis\/wp-json\/wp\/v2\/pages\/142\/revisions"}],"predecessor-version":[{"id":269,"href":"https:\/\/blogsaverroes.juntadeandalucia.es\/informaticalucussolis\/wp-json\/wp\/v2\/pages\/142\/revisions\/269"}],"up":[{"embeddable":true,"href":"https:\/\/blogsaverroes.juntadeandalucia.es\/informaticalucussolis\/wp-json\/wp\/v2\/pages\/140"}],"wp:attachment":[{"href":"https:\/\/blogsaverroes.juntadeandalucia.es\/informaticalucussolis\/wp-json\/wp\/v2\/media?parent=142"}],"curies":[{"name":"wp","href":"https:\/\/api.w.org\/{rel}","templated":true}]}}