{"id":262,"date":"2020-01-23T12:37:13","date_gmt":"2020-01-23T11:37:13","guid":{"rendered":"http:\/\/blogsaverroes.juntadeandalucia.es\/pre\/nuevoies2v2\/?page_id=262"},"modified":"2021-11-05T11:02:55","modified_gmt":"2021-11-05T10:02:55","slug":"nuestra-historia","status":"publish","type":"page","link":"https:\/\/blogsaverroes.juntadeandalucia.es\/instituto-generalifecom\/nuestra-historia\/","title":{"rendered":"Nuestra Historia"},"content":{"rendered":"<p>&nbsp;<\/p>\n<h2>&nbsp;<\/h2>\n<p style=\"text-align: center\"><strong><span class=\"titulo\" style=\"font-size: 18pt;color: #808000\"><em><span style=\"color: #333399\">&nbsp;<span style=\"color: #008000\">EL PLURILING\u00dcISMO EN EL IES GENERALIFE<\/span><\/span> <\/em><\/span><\/strong><\/p>\n<p style=\"text-align: center\"><strong><span class=\"titulo\" style=\"font-size: 18pt;color: #808000\"><em>PEQUE\u00d1A HISTORIA<\/em><\/span><\/strong><\/p>\n<p><span class=\"titulo\"><em>&nbsp;<\/em><br \/>\n<span style=\"color: #00ff00\"><em><strong><span style=\"font-size: 14pt\">2002\/2003:<\/span><\/strong><\/em><\/span><br \/>\n<span style=\"font-size: 14pt;color: #000080\">&#8211; 1 L\u00cdNEA BILING\u00dcE EN FRANC\u00c9S con el CEIP Sierra Elvira como Colegio<\/span><br \/>\n<span style=\"font-size: 14pt;color: #000080\">adscrito, con una l\u00ednea biling\u00fce en franc\u00e9s tambi\u00e9n.<\/span><\/span><\/p>\n<p><span class=\"titulo\" style=\"font-size: 14pt\"><br \/>\n<span style=\"color: #00ff00\"><em><strong>2006\/2007:<\/strong><\/em><\/span><br \/>\n<span style=\"color: #000080\">&#8211; 2 L\u00cdNEAS PLURILING\u00dcES: una con ingl\u00e9s 1er Idioma y otra con franc\u00e9s 1er Idioma. Este alumnado impart\u00eda dos \u00c1reas No Ling\u00fc\u00edsticas (ANL) en su 1er Idioma y dos ANLs en su 2\u00ba Idioma.<\/span><\/span><\/p>\n<p><span class=\"titulo\" style=\"font-size: 14pt\"><br \/>\n<span style=\"color: #00ff00\"><em><strong>2012\/2013:<\/strong><\/em><\/span><br \/>\n<span style=\"color: #000080\">&#8211; Las 4 l\u00edneas son pluriling\u00fces: 3 en ingl\u00e9s y 1 en franc\u00e9s. Todo el alumnado estudia dos lenguas extranjeras. Este alumnado imparte dos \u00c1reas No Ling\u00fc\u00edsticas (ANL) en su 1er Idioma y una ANL en su 2\u00ba Idioma.<\/span><\/span><\/p>\n<p><span class=\"titulo\" style=\"font-size: 14pt\"><br \/>\n<em><strong><span style=\"color: #00ff00\">2011\/2012:<\/span><\/strong><\/em><br \/>\n<span style=\"color: #000080\">&#8211; Implantaci\u00f3n del Programa BachiBac de Doble Titulaci\u00f3n. Permite acceder a las universidades espa\u00f1olas y a las universidades francesas, tras una prueba externa oral y escrita. El alumnado imparte el 30% de su horario en franc\u00e9s: Lengua y Literatura francesa, Filosof\u00eda, Ciencias del Mundo Contempor\u00e1neo e Historia de Espa\u00f1a y de Francia (100% de los contenidos en franc\u00e9s).<\/span><\/span><\/p>\n<p style=\"text-align: center\"><span class=\"titulo\" style=\"font-size: 14pt\"><img loading=\"lazy\" decoding=\"async\" class=\"aligncenter wp-image-659 size-full\" src=\"https:\/\/blogsaverroes.juntadeandalucia.es\/instituto-generalifecom\/files\/2021\/10\/\u00edndice.png\" alt=\"\" width=\"440\" height=\"640\" srcset=\"https:\/\/blogsaverroes.juntadeandalucia.es\/instituto-generalifecom\/files\/2021\/10\/\u00edndice.png 440w, https:\/\/blogsaverroes.juntadeandalucia.es\/instituto-generalifecom\/files\/2021\/10\/\u00edndice-206x300.png 206w\" sizes=\"(max-width: 440px) 100vw, 440px\" \/><br \/>\n<strong><span style=\"color: #ff00ff;font-size: 18pt\"><em>IMPLICACIONES PEDAG\u00d3GICAS<\/em><\/span><\/strong><\/span><\/p>\n<p><span class=\"titulo\" style=\"font-size: 14pt\"><br \/>\n&nbsp;&nbsp;<span style=\"color: #000080\">&nbsp; El pluriling\u00fcismo ha supuesto un cambio en la metodolog\u00eda del profesorado de ANLs ya que se ve obligado a presentar los contenidos en la lengua extranjera y para su comprensi\u00f3n hacerlo de manera m\u00e1s clara, organizada, concreta y concisa; trabajando las diferentes destrezas del idioma.<\/span><\/span><\/p>\n<p><span class=\"titulo\" style=\"font-size: 14pt;color: #000080\"><br \/>\n&nbsp;&nbsp;&nbsp; Tambi\u00e9n ha supuesto un mayor trabajo en equipo por parte del profesorado a la hora de elaborar Tareas Globales e Interdisciplinares como \u201cDescubriendo la Sierra de Hu\u00e9tor\u201d, en 1\u00ba de ESO, donde, asociada a una salida de campo, el profesorado ha dise\u00f1ado un cuaderno de actividades que el alumnado tiene que realizar aplicando en el terreno lo visto y aprendido en el aula; o la \u201cRevista pluriling\u00fce digital del IES Generalife sobre -Transports-\u201d, en 2\u00ba ESO; o la Unidad Integrada sobre \u201cNutrition, source of life \/ Nutrition, source de vie \/ Nutrici\u00f3n, fuente de vida\u201d en 3\u00ba de ESO&#8230; <\/span><\/p>\n<p><span class=\"titulo\" style=\"font-size: 14pt;color: #000080\">&nbsp;&nbsp; Por su parte, las \u00c1reas Ling\u00fc\u00edsticas -lengua espa\u00f1ola, ingl\u00e9s y franc\u00e9s- tambi\u00e9n trabajan coordinadamente y trabajan una misma tipolog\u00eda textual por nivel educativo: el texto descriptivo en 1\u00ba de ESO, el texto narrativo en 2\u00ba ESO, el texto explicativo en 3\u00ba ESO y el texto argumentativo en 4\u00ba ESO.<\/span><\/p>\n<p>&nbsp;<\/p>\n<p>&nbsp;<\/p>\n<p style=\"text-align: center\"><strong><span class=\"titulo\" style=\"font-size: 14pt\"><br \/>\n<em><span style=\"color: #339966\">ACTIVIDADES COMPLEMENTARIAS Y EXTRAESCOLARES<\/span> <\/em><\/span><\/strong><\/p>\n<ul>\n<li><span class=\"titulo\" style=\"font-size: 14pt;color: #003366\">&nbsp;Realizaci\u00f3n de Intercambios a pa\u00edses de habla franc\u00f3fona y angl\u00f3fona.<\/span><\/li>\n<li><span class=\"titulo\" style=\"font-size: 14pt;color: #003366\">Visita de estudiantes de otros pa\u00edses (Suecia, Dinamarca, Francia&#8230;) y organizaci\u00f3n de talleres de encuentro.<\/span><\/li>\n<li><span class=\"titulo\" style=\"font-size: 14pt;color: #003366\">Acogida de profesores extranjeros en visitas de estudios.<\/span><\/li>\n<li><span class=\"titulo\" style=\"font-size: 14pt;color: #003366\">Acogida de profesores del Programa franc\u00e9s, Jules Verne.<\/span><\/li>\n<li><span class=\"titulo\" style=\"font-size: 14pt;color: #003366\">Realizaci\u00f3n de obras de teatro en 4\u00ba de ESO en ingl\u00e9s y en franc\u00e9s.<\/span><\/li>\n<li><span class=\"titulo\" style=\"font-size: 14pt;color: #003366\">Organizaci\u00f3n anual de la Semana de las Lenguas donde se celebra varias actuaciones: sketch, representaci\u00f3n de f\u00e1bulas y cuentos, recitales de poes\u00eda, exposici\u00f3n de trabajos&#8230;.<\/span><\/li>\n<li><span class=\"titulo\" style=\"font-size: 14pt;color: #003366\">Implicaci\u00f3n en los Programas Europeos: Comenius, Movilidades,&nbsp; Erasmus Plus&#8230;<\/span><\/li>\n<li><span class=\"titulo\" style=\"font-size: 14pt;color: #003366\">Acuerdo Bilateral de Movilidad Individual en 1\u00ba de bachiBac con un Centro de Francia<\/span><\/li>\n<li><span class=\"titulo\" style=\"font-size: 14pt;color: #003366\">Preparaci\u00f3n a los ex\u00e1menes del DELF en franc\u00e9s y del Cambridge en ingl\u00e9s, en los niveles B1 y B2 sobretodo.<\/span><\/li>\n<\/ul>\n<p>&nbsp;<\/p>\n<ul>\n<li style=\"text-align: center\"><span style=\"font-size: 14pt\"><a title=\"autoevaluaci\u00f3n\">&nbsp;<em><strong> ENLACES:<\/strong><\/em><br \/>\n<\/a><\/span><\/p>\n<ul>\n<li><span style=\"font-size: 14pt\"><a title=\"http:\/\/generalife-plurilingue.blogspot.com\/\" href=\"http:\/\/generalife-plurilingue.blogspot.com\/\"><em><strong>Blog del programa&nbsp;<\/strong><\/em><\/a><\/span><\/li>\n<li><a href=\"https:\/\/iesgeneralifeplurilingue.blogspot.com\/\"><span style=\"font-size: 14pt\"><em><strong>&nbsp;Nuevo Blog del Programa&nbsp;<\/strong><\/em><\/span><\/a><\/li>\n<\/ul>\n<\/li>\n<\/ul>\n<p>&nbsp;<\/p>\n","protected":false},"excerpt":{"rendered":"<p>&nbsp; &nbsp; &nbsp;EL PLURILING\u00dcISMO EN EL IES GENERALIFE PEQUE\u00d1A HISTORIA &nbsp; 2002\/2003: &#8211; 1 L\u00cdNEA BILING\u00dcE EN FRANC\u00c9S con el CEIP Sierra Elvira como Colegio adscrito, con una l\u00ednea biling\u00fce en franc\u00e9s tambi\u00e9n. 2006\/2007: &#8211; 2 L\u00cdNEAS PLURILING\u00dcES: una con ingl\u00e9s 1er Idioma y otra con franc\u00e9s 1er Idioma. Este alumnado impart\u00eda dos \u00c1reas No [&hellip;]<\/p>\n","protected":false},"author":6212,"featured_media":0,"parent":0,"menu_order":0,"comment_status":"closed","ping_status":"closed","template":"","meta":{"ngg_post_thumbnail":0,"footnotes":""},"aioseo_notices":[],"_links":{"self":[{"href":"https:\/\/blogsaverroes.juntadeandalucia.es\/instituto-generalifecom\/wp-json\/wp\/v2\/pages\/262"}],"collection":[{"href":"https:\/\/blogsaverroes.juntadeandalucia.es\/instituto-generalifecom\/wp-json\/wp\/v2\/pages"}],"about":[{"href":"https:\/\/blogsaverroes.juntadeandalucia.es\/instituto-generalifecom\/wp-json\/wp\/v2\/types\/page"}],"author":[{"embeddable":true,"href":"https:\/\/blogsaverroes.juntadeandalucia.es\/instituto-generalifecom\/wp-json\/wp\/v2\/users\/6212"}],"replies":[{"embeddable":true,"href":"https:\/\/blogsaverroes.juntadeandalucia.es\/instituto-generalifecom\/wp-json\/wp\/v2\/comments?post=262"}],"version-history":[{"count":10,"href":"https:\/\/blogsaverroes.juntadeandalucia.es\/instituto-generalifecom\/wp-json\/wp\/v2\/pages\/262\/revisions"}],"predecessor-version":[{"id":737,"href":"https:\/\/blogsaverroes.juntadeandalucia.es\/instituto-generalifecom\/wp-json\/wp\/v2\/pages\/262\/revisions\/737"}],"wp:attachment":[{"href":"https:\/\/blogsaverroes.juntadeandalucia.es\/instituto-generalifecom\/wp-json\/wp\/v2\/media?parent=262"}],"curies":[{"name":"wp","href":"https:\/\/api.w.org\/{rel}","templated":true}]}}