{"id":44,"date":"2021-10-06T09:48:31","date_gmt":"2021-10-06T08:48:31","guid":{"rendered":"http:\/\/blogsaverroes.juntadeandalucia.es\/pre\/nuevoies2v2\/?page_id=44"},"modified":"2023-04-27T08:44:15","modified_gmt":"2023-04-27T07:44:15","slug":"inicio","status":"publish","type":"page","link":"https:\/\/blogsaverroes.juntadeandalucia.es\/instituto-generalifecom\/","title":{"rendered":""},"content":{"rendered":"<h1 style=\"text-align: center\"><img loading=\"lazy\" decoding=\"async\" class=\"aligncenter wp-image-563 size-full\" src=\"https:\/\/blogsaverroes.juntadeandalucia.es\/instituto-generalifecom\/files\/2021\/10\/general.jpg\" alt=\"\" width=\"640\" height=\"480\" srcset=\"https:\/\/blogsaverroes.juntadeandalucia.es\/instituto-generalifecom\/files\/2021\/10\/general.jpg 640w, https:\/\/blogsaverroes.juntadeandalucia.es\/instituto-generalifecom\/files\/2021\/10\/general-300x225.jpg 300w, https:\/\/blogsaverroes.juntadeandalucia.es\/instituto-generalifecom\/files\/2021\/10\/general-510x382.jpg 510w, https:\/\/blogsaverroes.juntadeandalucia.es\/instituto-generalifecom\/files\/2021\/10\/general-480x360.jpg 480w\" sizes=\"(max-width: 640px) 100vw, 640px\" \/><\/h1>\n<h1 style=\"text-align: center\"><span style=\"font-family: 'comic sans ms', sans-serif\"><em><strong><span style=\"font-size: 36pt;color: #008000\"><img loading=\"lazy\" decoding=\"async\" class=\"aligncenter wp-image-561\" src=\"https:\/\/blogsaverroes.juntadeandalucia.es\/instituto-generalifecom\/files\/2021\/10\/logoinstituto.png\" alt=\"\" width=\"233\" height=\"150\">I.E.S.<\/span><\/strong><\/em><\/span><\/h1>\n<h1 style=\"text-align: center\"><span style=\"font-family: 'comic sans ms', sans-serif\"><em><strong><span style=\"font-size: 36pt;color: #008000\">Generalife&nbsp; <\/span><\/strong><\/em><\/span><\/h1>\n<h1 style=\"text-align: center\"><span style=\"font-family: 'comic sans ms', sans-serif\"><em><strong><span style=\"font-size: 36pt;color: #008000\">Granada<\/span><\/strong><\/em><\/span><\/h1>\n<p style=\"text-align: center\"><span style=\"font-family: comic sans ms, sans-serif\"><em><strong><a href=\"https:\/\/iesgeneralifeplurilingue.blogspot.com\/\"><span style=\"font-size: 24pt;color: #008000\">BLOG DEL PROGRAMA PLURILING\u00dcE<\/span><\/a><\/strong><\/em><\/span><\/p>\n<p style=\"text-align: center\"><span style=\"font-size: 24pt;font-family: comic sans ms, sans-serif;color: #008000\"><em><strong><a style=\"color: #008000\" href=\"https:\/\/fildurcios.blogspot.com\/\">BLOG DEL DEPARTAMENTO DE LENGUA <\/a><\/strong><\/em><\/span><\/p>\n<p style=\"text-align: center\"><a href=\"https:\/\/blogsaverroes.juntadeandalucia.es\/instituto-generalifecom\/files\/2021\/10\/documento.pdf\" target=\"_blank\" rel=\"noopener noreferrer\"><img loading=\"lazy\" decoding=\"async\" class=\"alignleft wp-image-592 size-thumbnail\" src=\"https:\/\/blogsaverroes.juntadeandalucia.es\/instituto-generalifecom\/files\/2021\/10\/C9EFF7B8-FA19-4486-B0F1-F67D4E684DEF-150x150.png\" alt=\"\" width=\"150\" height=\"150\" srcset=\"https:\/\/blogsaverroes.juntadeandalucia.es\/instituto-generalifecom\/files\/2021\/10\/C9EFF7B8-FA19-4486-B0F1-F67D4E684DEF-150x150.png 150w, https:\/\/blogsaverroes.juntadeandalucia.es\/instituto-generalifecom\/files\/2021\/10\/C9EFF7B8-FA19-4486-B0F1-F67D4E684DEF-160x160.png 160w\" sizes=\"(max-width: 150px) 100vw, 150px\" \/><\/a><\/p>\n<p style=\"text-align: center\"><a href=\"https:\/\/www.labelfranceducation.fr\/es\"><img loading=\"lazy\" decoding=\"async\" class=\"wp-image-595 size-full alignright\" src=\"https:\/\/blogsaverroes.juntadeandalucia.es\/instituto-generalifecom\/files\/2021\/10\/E8C00416-A9B9-4C8A-8588-5214A591A700.png\" alt=\"\" width=\"180\" height=\"180\" srcset=\"https:\/\/blogsaverroes.juntadeandalucia.es\/instituto-generalifecom\/files\/2021\/10\/E8C00416-A9B9-4C8A-8588-5214A591A700.png 180w, https:\/\/blogsaverroes.juntadeandalucia.es\/instituto-generalifecom\/files\/2021\/10\/E8C00416-A9B9-4C8A-8588-5214A591A700-150x150.png 150w, https:\/\/blogsaverroes.juntadeandalucia.es\/instituto-generalifecom\/files\/2021\/10\/E8C00416-A9B9-4C8A-8588-5214A591A700-160x160.png 160w\" sizes=\"(max-width: 180px) 100vw, 180px\" \/><\/a><strong><span style=\"font-size: 14pt\"><em>680 Alumnos matriculados en el curso 2021\/22<\/em><\/span><\/strong><\/p>\n<p>&nbsp;<\/p>\n<p>&nbsp;<\/p>\n<p><span style=\"color: #008000\"><strong><a style=\"color: #008000\" href=\"https:\/\/blogsaverroes.juntadeandalucia.es\/instituto-generalifecom\/files\/2021\/10\/documento.pdf\"><span style=\"font-size: 10pt\"><em><span style=\"font-family: comic sans ms, sans-serif\"><span style=\"font-size: 14pt\">ERASMUS CHARTER FOR HIGHER EDUCATION 2021\/27&nbsp;<\/span> <\/span><\/em><\/span><\/a><\/strong><\/span><\/p>\n<p style=\"text-align: center;padding-left: 480px\"><span style=\"font-size: 14pt;color: #008000\"><strong><a style=\"color: #008000\" href=\"https:\/\/www.labelfranceducation.fr\/es\"><em>LABELFRANC\u00c9DUCATION<\/em><\/a><\/strong><\/span><\/p>\n<div style=\"width: 100%\">\n<div style=\"padding-bottom: 56.25%;padding-top: 0;height: 0\"><iframe loading=\"lazy\" src=\"https:\/\/view.genial.ly\/61feb779da38a000186d6739\" scrolling=\"yes\" width=\"1200\" height=\"675\" frameborder=\"0\"><\/iframe><\/div>\n<\/div>\n<p>&nbsp;<\/p>\n<h1 style=\"text-align: right\">&nbsp;<\/h1>\n<p><span style=\"color: #008000\"><em><strong><span style=\"font-size: 14pt\">&nbsp;&nbsp; &nbsp;&nbsp;&nbsp;&nbsp;&nbsp;<br \/>\n<\/span><\/strong><\/em><\/span><\/p>\n<ul>\n<li style=\"list-style-type: none\">\n<ul>\n<li><span style=\"font-size: 14pt\"><strong><em><a href=\"https:\/\/blogsaverroes.juntadeandalucia.es\/instituto-generalifecom\/files\/2022\/01\/PLAN-DE-CENTRO-IES-GENERALIFE-RE-octubre-2021.pdf\">Plan de Centro (revisi\u00f3n octubre 2021)<\/a><br \/>\n<\/em><\/strong><\/span><\/li>\n<li><strong><em>\u00danico centro de la provincia con las ense\u00f1anzas de BachiBac<\/em><\/strong><\/li>\n<\/ul>\n<\/li>\n<\/ul>\n<p style=\"text-align: center\">&nbsp;&nbsp;&nbsp;&nbsp;&nbsp;&nbsp;&nbsp;&nbsp;&nbsp;&nbsp;&nbsp;&nbsp;&nbsp;&nbsp;&nbsp;&nbsp;&nbsp;&nbsp;&nbsp;&nbsp;&nbsp;&nbsp;&nbsp;&nbsp;&nbsp;&nbsp;&nbsp;&nbsp;&nbsp;&nbsp;&nbsp;&nbsp;&nbsp;&nbsp;&nbsp;&nbsp;&nbsp;&nbsp;&nbsp;&nbsp;&nbsp;&nbsp;&nbsp;&nbsp;&nbsp;&nbsp;&nbsp;&nbsp;&nbsp;&nbsp;&nbsp;&nbsp;&nbsp;&nbsp;&nbsp;&nbsp;&nbsp;&nbsp;&nbsp;&nbsp;&nbsp;&nbsp;&nbsp; <iframe loading=\"lazy\" src=\"https:\/\/www.youtube.com\/embed\/NY61whRExoM\" width=\"560\" height=\"315\" frameborder=\"0\"><\/iframe><\/p>\n<ul>\n<li style=\"text-align: left\"><span style=\"font-size: 14pt\"><em><span style=\"color: #000000\"><a style=\"color: #000000\" href=\"https:\/\/www.juntadeandalucia.es\/educacion\/portals\/delegate\/content\/94836c0c-3509-4627-99b3-6662947f241f\/Cuadro%20resumen%20Calendario\" target=\"_blank\" rel=\"noopener noreferrer\">Acceder al calendario escolar Granada 2022-23<\/a><\/span><\/em><\/span><\/li>\n<li style=\"text-align: left\"><span style=\"font-size: 14pt\"><em><a title=\"Planes y Proyectos\" href=\"https:\/\/blogsaverroes.juntadeandalucia.es\/instituto-generalifecom\/planes-y-proyectos\/\">Acceso a los diferentes Planes y Proyectos<\/a><\/em><\/span><\/li>\n<li style=\"text-align: left\"><span style=\"font-size: 14pt\"><em><a href=\"http:\/\/www.juntadeandalucia.es\/educacion\/portals\/web\/ced\/comedor-escolar\" target=\"_blank\" rel=\"noopener noreferrer\">Comedor escolar<\/a>.<\/em><\/span><\/li>\n<li style=\"text-align: left\"><span style=\"font-size: 14pt\"><em><a href=\"http:\/\/www.juntadeandalucia.es\/educacion\/portals\/web\/ced\/actividades-extraescolares\" target=\"_blank\" rel=\"noopener noreferrer\">Actividades extraescolares<\/a>.<\/em><\/span><\/li>\n<li style=\"text-align: left\"><a href=\"http:\/\/www.juntadeandalucia.es\/educacion\/portals\/web\/ced\/transporte-escolar\" target=\"_blank\" rel=\"noopener noreferrer\"><span style=\"font-size: 14pt\"><em>Transporte escolar.<\/em><\/span><\/a><\/li>\n<li><a href=\"https:\/\/blogsaverroes.juntadeandalucia.es\/instituto-generalifecom\/files\/2022\/03\/ficha-auxiliares.pdf\">Auxiliares de conversaci\u00f3n<\/a><\/li>\n<\/ul>\n<p style=\"text-align: center\">&nbsp;<\/p>\n<h2 style=\"text-align: center\">Ense\u00f1anzas ofertadas:<\/h2>\n<p style=\"text-align: center\"><span style=\"font-family: comic sans ms, sans-serif;font-size: 14pt\"><em>Somos un Centro pluriling\u00fce. Todos nuestros alumnos estudian dos idiomas<br \/>\n<\/em><\/span><\/p>\n<p style=\"text-align: center\"><span style=\"font-size: 14pt;font-family: comic sans ms, sans-serif;color: #ff6600\">Franc\u00e9s e ingl\u00e9s<\/span><\/p>\n<ul>\n<li style=\"list-style-type: none\">\n<ul>\n<li style=\"list-style-type: none\">\n<ul>\n<li style=\"list-style-type: none\">\n<ul>\n<li style=\"list-style-type: none\">\n<ul>\n<li style=\"text-align: left\"><span style=\"font-family: comic sans ms, sans-serif;color: #339966\"><em><span style=\"font-size: 14pt\">E.S.O.<\/span><\/em><\/span><\/li>\n<li style=\"text-align: left\"><span style=\"font-family: comic sans ms, sans-serif;color: #339966\"><em><span style=\"font-size: 14pt\"> Bachilleratos<\/span><\/em><\/span><\/li>\n<li style=\"text-align: left\"><span style=\"font-family: comic sans ms, sans-serif;color: #339966\"><em><span style=\"font-size: 14pt\">Formaci\u00f3n Profesional: <\/span><\/em><\/span>\n<ul>\n<li style=\"list-style-type: none\">\n<ul style=\"list-style-type: circle\">\n<li><span style=\"font-family: comic sans ms, sans-serif;color: #339966\"><em><span style=\"font-size: 14pt\">&nbsp;Ciclo Formativo de Grado Superior de Asistencia a la Direcci\u00f3n (Biling\u00fce)<br \/>\n<\/span><\/em><\/span><\/li>\n<\/ul>\n<\/li>\n<\/ul>\n<\/li>\n<\/ul>\n<\/li>\n<\/ul>\n<\/li>\n<\/ul>\n<\/li>\n<\/ul>\n<\/li>\n<\/ul>\n<h3>Informaci\u00f3n relativa a la inscripci\u00f3n en Secundaria.<\/h3>\n<ul>\n<li>Durante el mes de marzo es el plazo de presentaci\u00f3n de solicitudes de admisi\u00f3n en los centros escolares sostenidos con fondos p\u00fablicos. <a href=\"https:\/\/www.juntadeandalucia.es\/educacion\/portals\/web\/escolarizacion\">M\u00e1s informaci\u00f3n<\/a><\/li>\n<\/ul>\n<p style=\"text-align: center\">&nbsp;<\/p>\n<h2 style=\"color: #000000;text-align: center\">Datos del Centro<\/h2>\n<p style=\"text-align: center\"><span style=\"color: #000000\"><strong>Nombre:<\/strong> <em>I.E.S. Generalife<\/em><\/span><\/p>\n<p style=\"text-align: center\"><span style=\"color: #000000\"><strong>Direcci\u00f3n:<\/strong><em>C \/ Huerta del Rasillo, 1 <\/em><\/span><br \/>\n<span style=\"color: #000000\"><strong>Tel\u00e9fono:<\/strong><em>958893209<\/em> <\/span><br \/>\n<span style=\"color: #000000\"><strong>Email:<\/strong>&nbsp;<em>18010446.edu@juntadeandalucia.es<\/em><\/span><\/p>\n<p style=\"text-align: center\">Horario de secretaria: L a V de 9 a 13:30h.<\/p>\n<h2 style=\"text-align: center\">&nbsp;<\/h2>\n","protected":false},"excerpt":{"rendered":"<p>I.E.S. Generalife&nbsp; Granada BLOG DEL PROGRAMA PLURILING\u00dcE BLOG DEL DEPARTAMENTO DE LENGUA 680 Alumnos matriculados en el curso 2021\/22 &nbsp; &nbsp; ERASMUS CHARTER FOR HIGHER EDUCATION 2021\/27&nbsp; LABELFRANC\u00c9DUCATION &nbsp; &nbsp; &nbsp;&nbsp; &nbsp;&nbsp;&nbsp;&nbsp;&nbsp; Plan de Centro (revisi\u00f3n octubre 2021) \u00danico centro de la provincia con las ense\u00f1anzas de BachiBac &nbsp;&nbsp;&nbsp;&nbsp;&nbsp;&nbsp;&nbsp;&nbsp;&nbsp;&nbsp;&nbsp;&nbsp;&nbsp;&nbsp;&nbsp;&nbsp;&nbsp;&nbsp;&nbsp;&nbsp;&nbsp;&nbsp;&nbsp;&nbsp;&nbsp;&nbsp;&nbsp;&nbsp;&nbsp;&nbsp;&nbsp;&nbsp;&nbsp;&nbsp;&nbsp;&nbsp;&nbsp;&nbsp;&nbsp;&nbsp;&nbsp;&nbsp;&nbsp;&nbsp;&nbsp;&nbsp;&nbsp;&nbsp;&nbsp;&nbsp;&nbsp;&nbsp;&nbsp;&nbsp;&nbsp;&nbsp;&nbsp;&nbsp;&nbsp;&nbsp;&nbsp;&nbsp;&nbsp; Acceder al calendario escolar Granada 2022-23 [&hellip;]<\/p>\n","protected":false},"author":6212,"featured_media":0,"parent":0,"menu_order":0,"comment_status":"closed","ping_status":"closed","template":"","meta":{"ngg_post_thumbnail":0,"footnotes":""},"aioseo_notices":[],"_links":{"self":[{"href":"https:\/\/blogsaverroes.juntadeandalucia.es\/instituto-generalifecom\/wp-json\/wp\/v2\/pages\/44"}],"collection":[{"href":"https:\/\/blogsaverroes.juntadeandalucia.es\/instituto-generalifecom\/wp-json\/wp\/v2\/pages"}],"about":[{"href":"https:\/\/blogsaverroes.juntadeandalucia.es\/instituto-generalifecom\/wp-json\/wp\/v2\/types\/page"}],"author":[{"embeddable":true,"href":"https:\/\/blogsaverroes.juntadeandalucia.es\/instituto-generalifecom\/wp-json\/wp\/v2\/users\/6212"}],"replies":[{"embeddable":true,"href":"https:\/\/blogsaverroes.juntadeandalucia.es\/instituto-generalifecom\/wp-json\/wp\/v2\/comments?post=44"}],"version-history":[{"count":86,"href":"https:\/\/blogsaverroes.juntadeandalucia.es\/instituto-generalifecom\/wp-json\/wp\/v2\/pages\/44\/revisions"}],"predecessor-version":[{"id":1015,"href":"https:\/\/blogsaverroes.juntadeandalucia.es\/instituto-generalifecom\/wp-json\/wp\/v2\/pages\/44\/revisions\/1015"}],"wp:attachment":[{"href":"https:\/\/blogsaverroes.juntadeandalucia.es\/instituto-generalifecom\/wp-json\/wp\/v2\/media?parent=44"}],"curies":[{"name":"wp","href":"https:\/\/api.w.org\/{rel}","templated":true}]}}