{"id":55,"date":"2020-01-10T09:42:57","date_gmt":"2020-01-10T08:42:57","guid":{"rendered":"http:\/\/blogsaverroes.juntadeandalucia.es\/pre\/nuevoies2v2\/?page_id=55"},"modified":"2023-02-12T18:07:23","modified_gmt":"2023-02-12T17:07:23","slug":"planes-y-proyectos","status":"publish","type":"page","link":"https:\/\/blogsaverroes.juntadeandalucia.es\/instituto-generalifecom\/planes-y-proyectos\/","title":{"rendered":"Planes y Proyectos"},"content":{"rendered":"<ul>\n<li><span style=\"color: #339966\"><a style=\"color: #339966\" href=\"https:\/\/blogsaverroes.juntadeandalucia.es\/instituto-generalifecom\/files\/2021\/10\/protocolo_completo_evacuacion.pdf\"><em><strong><span style=\"font-size: 14pt\"><\/span><\/strong><\/em><\/a><em><strong><a style=\"color: #339966\" href=\"https:\/\/blogsaverroes.juntadeandalucia.es\/instituto-generalifecom\/files\/2023\/02\/PLC.pdf\">Plan Ling\u00fc\u00edstico de Centro<\/a><\/strong><\/em><\/span><\/li>\n<li><a href=\"https:\/\/blogsaverroes.juntadeandalucia.es\/instituto-generalifecom\/files\/2021\/10\/protocolo_completo_evacuacion.pdf\"><em><strong><span style=\"font-size: 14pt\"><span style=\"color: #339966\">Plan de evacuacion (d\u00edptico)<\/span><\/span><\/strong><\/em><\/a><\/li>\n<li><a href=\"https:\/\/blogsaverroes.juntadeandalucia.es\/instituto-generalifecom\/files\/2022\/01\/Presentacion-Plurilinguismo.mp4\"><em><strong><span style=\"font-size: 14pt\"><span style=\"color: #339966\">Proyecto pluriling\u00fce:<\/span><\/span><\/strong><\/em><\/a><\/li>\n<li><div style=\"width: 1024px;\" class=\"wp-video\"><!--[if lt IE 9]><script>document.createElement('video');<\/script><![endif]-->\n<video class=\"wp-video-shortcode\" id=\"video-55-1\" width=\"1024\" height=\"576\" autoplay=\"1\" preload=\"auto\" controls=\"controls\"><source type=\"video\/mp4\" src=\"https:\/\/blogsaverroes.juntadeandalucia.es\/instituto-generalifecom\/files\/2022\/01\/Presentacion-Plurilinguismo.mp4?_=1\" \/><a href=\"https:\/\/blogsaverroes.juntadeandalucia.es\/instituto-generalifecom\/files\/2022\/01\/Presentacion-Plurilinguismo.mp4\">https:\/\/blogsaverroes.juntadeandalucia.es\/instituto-generalifecom\/files\/2022\/01\/Presentacion-Plurilinguismo.mp4<\/a><\/video><\/div>\n<p><strong><em><span style=\"font-size: 14pt\"><a href=\"https:\/\/iesgeneralifeplurilingue.blogspot.com\/\"><span style=\"color: #339966\">Blog del programa pluriling\u00fce.<\/span><\/a><\/span><\/em><\/strong><\/li>\n<li><span style=\"color: #339966\"><a style=\"color: #339966\" href=\"https:\/\/blogsaverroes.juntadeandalucia.es\/instituto-generalifecom\/files\/2022\/01\/Presentacion-_BBac.mp4\"><span style=\"font-size: 14pt\"><em><strong>BachiBac:<\/strong><\/em><\/span><\/a>&nbsp;<\/span><div style=\"width: 1024px;\" class=\"wp-video\"><video class=\"wp-video-shortcode\" id=\"video-55-2\" width=\"1024\" height=\"768\" autoplay=\"1\" preload=\"auto\" controls=\"controls\"><source type=\"video\/mp4\" src=\"https:\/\/blogsaverroes.juntadeandalucia.es\/instituto-generalifecom\/files\/2023\/01\/Presentacion_Bbac.mp4?_=2\" \/><a href=\"https:\/\/blogsaverroes.juntadeandalucia.es\/instituto-generalifecom\/files\/2023\/01\/Presentacion_Bbac.mp4\">https:\/\/blogsaverroes.juntadeandalucia.es\/instituto-generalifecom\/files\/2023\/01\/Presentacion_Bbac.mp4<\/a><\/video><\/div><\/li>\n<\/ul>\n","protected":false},"excerpt":{"rendered":"<p>Plan Ling\u00fc\u00edstico de Centro Plan de evacuacion (d\u00edptico) Proyecto pluriling\u00fce: Blog del programa pluriling\u00fce. BachiBac:&nbsp;<\/p>\n","protected":false},"author":6212,"featured_media":0,"parent":0,"menu_order":0,"comment_status":"closed","ping_status":"closed","template":"","meta":{"ngg_post_thumbnail":0,"footnotes":""},"aioseo_notices":[],"_links":{"self":[{"href":"https:\/\/blogsaverroes.juntadeandalucia.es\/instituto-generalifecom\/wp-json\/wp\/v2\/pages\/55"}],"collection":[{"href":"https:\/\/blogsaverroes.juntadeandalucia.es\/instituto-generalifecom\/wp-json\/wp\/v2\/pages"}],"about":[{"href":"https:\/\/blogsaverroes.juntadeandalucia.es\/instituto-generalifecom\/wp-json\/wp\/v2\/types\/page"}],"author":[{"embeddable":true,"href":"https:\/\/blogsaverroes.juntadeandalucia.es\/instituto-generalifecom\/wp-json\/wp\/v2\/users\/6212"}],"replies":[{"embeddable":true,"href":"https:\/\/blogsaverroes.juntadeandalucia.es\/instituto-generalifecom\/wp-json\/wp\/v2\/comments?post=55"}],"version-history":[{"count":24,"href":"https:\/\/blogsaverroes.juntadeandalucia.es\/instituto-generalifecom\/wp-json\/wp\/v2\/pages\/55\/revisions"}],"predecessor-version":[{"id":947,"href":"https:\/\/blogsaverroes.juntadeandalucia.es\/instituto-generalifecom\/wp-json\/wp\/v2\/pages\/55\/revisions\/947"}],"wp:attachment":[{"href":"https:\/\/blogsaverroes.juntadeandalucia.es\/instituto-generalifecom\/wp-json\/wp\/v2\/media?parent=55"}],"curies":[{"name":"wp","href":"https:\/\/api.w.org\/{rel}","templated":true}]}}