{"id":141,"date":"2015-03-17T07:13:24","date_gmt":"2015-03-17T07:13:24","guid":{"rendered":"http:\/\/blogsaverroes.juntadeandalucia.es\/pre\/ceip\/?page_id=141"},"modified":"2025-06-11T15:08:04","modified_gmt":"2025-06-11T15:08:04","slug":"escolarizacion","status":"publish","type":"page","link":"https:\/\/blogsaverroes.juntadeandalucia.es\/institutodh\/escolarizacion\/","title":{"rendered":"Escolarizaci\u00f3n"},"content":{"rendered":"<p>En esta secci\u00f3n se recoge toda la informaci\u00f3n que sea de utilidad para las familias a la hora de de iniciar el proceso de escolarizaci\u00f3n: plazos, documentos, normativa, enlaces, etc.<\/p>\n<ul>\n<li><strong><a title=\"Portal escolarizaci\u00f3n\" href=\"https:\/\/www.juntadeandalucia.es\/educacion\/portales\/web\/escolarizacion\/infantil-a-bachillerato\" target=\"_blank\" rel=\"noopener noreferrer\">Portal de Escolarizaci\u00f3n de la Consejer\u00eda de Educaci\u00f3n (Infantil a Bachillerato).<\/a><\/strong><\/li>\n<li><strong><a title=\"Portal escolarizaci\u00f3n\" href=\"https:\/\/www.juntadeandalucia.es\/educacion\/portales\/web\/escolarizacion\/formacion-profesional\" target=\"_blank\" rel=\"noopener noreferrer\">Portal de Escolarizaci\u00f3n de la Consejer\u00eda de Educaci\u00f3n (Formaci\u00f3n Profesional).<\/a><\/strong><\/li>\n<li><a href=\"https:\/\/www.juntadeandalucia.es\/educacion\/secretariavirtual\/\"><strong>Secretar\u00eda Virtual de la Consejer\u00eda de Educaci\u00f3n.<\/strong><\/a><\/li>\n<\/ul>\n<p>Curso acad\u00e9mico 2024\/2025:<\/p>\n<ul>\n<li><a href=\"https:\/\/drive.google.com\/file\/d\/1WI1ML0zdWQq7RxpQAixNzOdsM0dGgMHI\/view?usp=sharing\"><strong>Documentaci\u00f3n inicial y vacantes para el curso 2024\/2025.<\/strong><\/a><\/li>\n<li><a href=\"https:\/\/drive.google.com\/file\/d\/1bE6YvoK7TpUz1M96mJG7iYI4oeFSZdDw\/view?usp=sharing\"><strong>Normativa de escolarizaci\u00f3n para el curso 2024\/2025.<\/strong><\/a><\/li>\n<li><a href=\"https:\/\/drive.google.com\/file\/d\/1AOhwQFtZvu8b6TGgf0H9NikpKjtZEc6g\/view?usp=sharing\"><strong>Impreso de admisi\u00f3n.<\/strong><\/a><\/li>\n<li><a href=\"https:\/\/drive.google.com\/file\/d\/1-vSf4r7CfOAfbpCBM-kC94iicL_cVaJS\/view?usp=sharing\"><strong>Calendario de admisi\u00f3n para la escolarizaci\u00f3n 2024\/2025.<\/strong><\/a><\/li>\n<li><a href=\"https:\/\/drive.google.com\/file\/d\/1XtE5iKKTt9o1gilTETK2uZNBmdYHQISl\/view?usp=sharing\"><strong>Criterios de admisi\u00f3n, prioridad y baremaci\u00f3n en la admisi\u00f3n para la escolarizaci\u00f3n 2024\/2025.<\/strong><\/a><\/li>\n<li><a href=\"https:\/\/drive.google.com\/file\/d\/1d2j_woZETHmvPamfn6P8PyP1e_DynfA6\/view?usp=sharing\"><strong>\u00c1reas de influencia para ESO y Bachillerato.<\/strong><\/a><\/li>\n<li><a href=\"https:\/\/drive.google.com\/file\/d\/1cJ4PENwYS9Y6dD-_Nf3wLcjnSxfQjMWd\/view?usp=sharing\"><strong>\u00c1reas de influencia para Bachillerato General, Bachillerato de Artes y Bachillerato Internacional.<\/strong><\/a><\/li>\n<\/ul>\n","protected":false},"excerpt":{"rendered":"<p>En esta secci\u00f3n se recoge toda la informaci\u00f3n que sea de utilidad para las familias a la hora de de iniciar el proceso de escolarizaci\u00f3n: plazos, documentos, normativa, enlaces, etc.&#46;&#46;&#46;<\/p>\n","protected":false},"author":1,"featured_media":0,"parent":0,"menu_order":0,"comment_status":"open","ping_status":"open","template":"","meta":{"ngg_post_thumbnail":0,"footnotes":"","_mc_calendar":[]},"aioseo_notices":[],"_links":{"self":[{"href":"https:\/\/blogsaverroes.juntadeandalucia.es\/institutodh\/wp-json\/wp\/v2\/pages\/141"}],"collection":[{"href":"https:\/\/blogsaverroes.juntadeandalucia.es\/institutodh\/wp-json\/wp\/v2\/pages"}],"about":[{"href":"https:\/\/blogsaverroes.juntadeandalucia.es\/institutodh\/wp-json\/wp\/v2\/types\/page"}],"author":[{"embeddable":true,"href":"https:\/\/blogsaverroes.juntadeandalucia.es\/institutodh\/wp-json\/wp\/v2\/users\/1"}],"replies":[{"embeddable":true,"href":"https:\/\/blogsaverroes.juntadeandalucia.es\/institutodh\/wp-json\/wp\/v2\/comments?post=141"}],"version-history":[{"count":15,"href":"https:\/\/blogsaverroes.juntadeandalucia.es\/institutodh\/wp-json\/wp\/v2\/pages\/141\/revisions"}],"predecessor-version":[{"id":3109,"href":"https:\/\/blogsaverroes.juntadeandalucia.es\/institutodh\/wp-json\/wp\/v2\/pages\/141\/revisions\/3109"}],"wp:attachment":[{"href":"https:\/\/blogsaverroes.juntadeandalucia.es\/institutodh\/wp-json\/wp\/v2\/media?parent=141"}],"curies":[{"name":"wp","href":"https:\/\/api.w.org\/{rel}","templated":true}]}}