{"id":168,"date":"2015-03-17T07:54:01","date_gmt":"2015-03-17T07:54:01","guid":{"rendered":"http:\/\/blogsaverroes.juntadeandalucia.es\/pre\/ceip\/?page_id=168"},"modified":"2024-11-07T16:37:42","modified_gmt":"2024-11-07T16:37:42","slug":"filosofia-2","status":"publish","type":"page","link":"https:\/\/blogsaverroes.juntadeandalucia.es\/institutodh\/filosofia-2\/","title":{"rendered":"Filosof\u00eda"},"content":{"rendered":"<p><strong>Filosof\u00eda<\/strong><\/p>\n<p>La materia Filosof\u00eda persigue que el alumnado sea capaz de pensar y comprender, abstray\u00e9ndose racionalmente del campo concreto estudiado en cada una de las otras materias, para centrarse en aquello que caracteriza espec\u00edficamente a la filosof\u00eda, esto es, reflexionar, razonar, criticar y argumentar, utilizando el modo de preguntar radical y \u00faltimo que le es propio, sobre los problemas referidos a la totalidad de la vivencia humana, y ello sin dejar de lado su capacidad de transformaci\u00f3n y cambio tanto del individuo como de la sociedad.<\/p>\n<p>La Filosof\u00eda es un modo especial de preguntar y de saber, una manera de entender y de enfrentarse a la realidad que nos rodea, a las circunstancias en las que vivimos y que, en gran medida, nos hacen ser y comprender c\u00f3mo somos.<\/p>\n<p><img loading=\"lazy\" decoding=\"async\" class=\"size-medium wp-image-2068 aligncenter\" src=\"http:\/\/blogsaverroes.juntadeandalucia.es\/temahuemanies\/files\/2015\/03\/filosofia-199x300.jpg\" alt=\"filosofia\" width=\"199\" height=\"300\" srcset=\"https:\/\/blogsaverroes.juntadeandalucia.es\/institutodh\/files\/2015\/03\/filosofia-199x300.jpg 199w, https:\/\/blogsaverroes.juntadeandalucia.es\/institutodh\/files\/2015\/03\/filosofia-680x1024.jpg 680w, https:\/\/blogsaverroes.juntadeandalucia.es\/institutodh\/files\/2015\/03\/filosofia.jpg 1063w\" sizes=\"(max-width: 199px) 100vw, 199px\" \/><\/p>\n<p><strong>Profesorado<\/strong>:<\/p>\n<ul>\n<li>Ignacio Esca\u00f1uela Romana.<\/li>\n<li>Sergio Ponce Jim\u00e9nez.<\/li>\n<\/ul>\n<p><strong>Programaciones Did\u00e1cticas:<\/strong><\/p>\n<ul>\n<li><a href=\"https:\/\/drive.google.com\/drive\/folders\/1BcOP4ayPVU3xfB8JkSRSZCJvDO08GUIi?usp=sharing\">Acceso a las programaciones did\u00e1cticas del departamento<\/a><\/li>\n<\/ul>\n","protected":false},"excerpt":{"rendered":"<p>Filosof\u00eda La materia Filosof\u00eda persigue que el alumnado sea capaz de pensar y comprender, abstray\u00e9ndose racionalmente del campo concreto estudiado en cada una de las otras materias, para centrarse en&#46;&#46;&#46;<\/p>\n","protected":false},"author":1,"featured_media":0,"parent":0,"menu_order":0,"comment_status":"open","ping_status":"open","template":"","meta":{"ngg_post_thumbnail":0,"footnotes":"","_mc_calendar":[]},"aioseo_notices":[],"_links":{"self":[{"href":"https:\/\/blogsaverroes.juntadeandalucia.es\/institutodh\/wp-json\/wp\/v2\/pages\/168"}],"collection":[{"href":"https:\/\/blogsaverroes.juntadeandalucia.es\/institutodh\/wp-json\/wp\/v2\/pages"}],"about":[{"href":"https:\/\/blogsaverroes.juntadeandalucia.es\/institutodh\/wp-json\/wp\/v2\/types\/page"}],"author":[{"embeddable":true,"href":"https:\/\/blogsaverroes.juntadeandalucia.es\/institutodh\/wp-json\/wp\/v2\/users\/1"}],"replies":[{"embeddable":true,"href":"https:\/\/blogsaverroes.juntadeandalucia.es\/institutodh\/wp-json\/wp\/v2\/comments?post=168"}],"version-history":[{"count":11,"href":"https:\/\/blogsaverroes.juntadeandalucia.es\/institutodh\/wp-json\/wp\/v2\/pages\/168\/revisions"}],"predecessor-version":[{"id":3090,"href":"https:\/\/blogsaverroes.juntadeandalucia.es\/institutodh\/wp-json\/wp\/v2\/pages\/168\/revisions\/3090"}],"wp:attachment":[{"href":"https:\/\/blogsaverroes.juntadeandalucia.es\/institutodh\/wp-json\/wp\/v2\/media?parent=168"}],"curies":[{"name":"wp","href":"https:\/\/api.w.org\/{rel}","templated":true}]}}