{"id":200,"date":"2015-03-17T10:04:24","date_gmt":"2015-03-17T10:04:24","guid":{"rendered":"http:\/\/blogsaverroes.juntadeandalucia.es\/pre\/ceip\/?page_id=200"},"modified":"2022-03-10T18:57:17","modified_gmt":"2022-03-10T18:57:17","slug":"quienes-formamos-el-ampa","status":"publish","type":"page","link":"https:\/\/blogsaverroes.juntadeandalucia.es\/institutodh\/quienes-formamos-el-ampa\/","title":{"rendered":"\u00bfQuienes formamos el AMPA Dal\u00ed?"},"content":{"rendered":"<p>La Asociaci\u00f3n de Madres y Padres est\u00e1 constituida por una serie de colaboradores cuya presidenta es Mar\u00eda del Mar Mart\u00edn.<\/p>\n<p>Puedes ponerte en contacto con nosotros\/as en el email: <a href=\"mailto:ampadalidelgadohernandez@gmail.com\">ampadalidelgadohernandez@gmail.com<\/a><\/p>\n<p><a href=\"https:\/\/blogsaverroes.juntadeandalucia.es\/institutodh\/files\/2022\/03\/logoAMPA.jpg\"><img loading=\"lazy\" decoding=\"async\" class=\"size-full wp-image-2623 aligncenter\" src=\"https:\/\/blogsaverroes.juntadeandalucia.es\/institutodh\/files\/2022\/03\/logoAMPA.jpg\" alt=\"\" width=\"319\" height=\"215\" srcset=\"https:\/\/blogsaverroes.juntadeandalucia.es\/institutodh\/files\/2022\/03\/logoAMPA.jpg 319w, https:\/\/blogsaverroes.juntadeandalucia.es\/institutodh\/files\/2022\/03\/logoAMPA-300x202.jpg 300w\" sizes=\"(max-width: 319px) 100vw, 319px\" \/><\/a><\/p>\n","protected":false},"excerpt":{"rendered":"<p>La Asociaci\u00f3n de Madres y Padres est\u00e1 constituida por una serie de colaboradores cuya presidenta es Mar\u00eda del Mar Mart\u00edn. Puedes ponerte en contacto con nosotros\/as en el email: ampadalidelgadohernandez@gmail.com<\/p>\n","protected":false},"author":1,"featured_media":0,"parent":0,"menu_order":0,"comment_status":"closed","ping_status":"open","template":"","meta":{"ngg_post_thumbnail":0,"footnotes":"","_mc_calendar":[]},"aioseo_notices":[],"_links":{"self":[{"href":"https:\/\/blogsaverroes.juntadeandalucia.es\/institutodh\/wp-json\/wp\/v2\/pages\/200"}],"collection":[{"href":"https:\/\/blogsaverroes.juntadeandalucia.es\/institutodh\/wp-json\/wp\/v2\/pages"}],"about":[{"href":"https:\/\/blogsaverroes.juntadeandalucia.es\/institutodh\/wp-json\/wp\/v2\/types\/page"}],"author":[{"embeddable":true,"href":"https:\/\/blogsaverroes.juntadeandalucia.es\/institutodh\/wp-json\/wp\/v2\/users\/1"}],"replies":[{"embeddable":true,"href":"https:\/\/blogsaverroes.juntadeandalucia.es\/institutodh\/wp-json\/wp\/v2\/comments?post=200"}],"version-history":[{"count":4,"href":"https:\/\/blogsaverroes.juntadeandalucia.es\/institutodh\/wp-json\/wp\/v2\/pages\/200\/revisions"}],"predecessor-version":[{"id":2624,"href":"https:\/\/blogsaverroes.juntadeandalucia.es\/institutodh\/wp-json\/wp\/v2\/pages\/200\/revisions\/2624"}],"wp:attachment":[{"href":"https:\/\/blogsaverroes.juntadeandalucia.es\/institutodh\/wp-json\/wp\/v2\/media?parent=200"}],"curies":[{"name":"wp","href":"https:\/\/api.w.org\/{rel}","templated":true}]}}