{"id":2507,"date":"2022-01-26T00:25:08","date_gmt":"2022-01-26T00:25:08","guid":{"rendered":"https:\/\/blogsaverroes.juntadeandalucia.es\/institutodh\/?page_id=2507"},"modified":"2024-11-08T13:55:32","modified_gmt":"2024-11-08T13:55:32","slug":"orientacion-edu","status":"publish","type":"page","link":"https:\/\/blogsaverroes.juntadeandalucia.es\/institutodh\/orientacion-edu\/","title":{"rendered":"Orientaci\u00f3n"},"content":{"rendered":"<p><strong>Orientaci\u00f3n Educativa<\/strong><\/p>\n<p>La orientaci\u00f3n contribuye al desarrollo de las facetas personal, acad\u00e9mica y profesional de los alumnos y alumnas. Es un proceso en el que deben involucrarse las familias y para el cual pueden acudir a los tutores y tutoras y al asesoramiento y apoyo del departamento de orientaci\u00f3n de los centros educativos. Entre sus objetivos principales se encuentran los siguientes:<\/p>\n<ul>\n<li>Resolver problemas de la vida acad\u00e9mica, como dificultades durante el proceso de aprendizaje, ausencia de motivaci\u00f3n, etc.<\/li>\n<li>Tomar decisiones sobre itinerarios de estudio e incorporaci\u00f3n al mundo laboral.<\/li>\n<li>Convivencia y educaci\u00f3n en valores.<\/li>\n<\/ul>\n<p><strong><a href=\"https:\/\/blogsaverroes.juntadeandalucia.es\/institutodh\/files\/2022\/03\/orientacion-educativa.jpeg\"><img loading=\"lazy\" decoding=\"async\" class=\"wp-image-2664 size-medium aligncenter\" src=\"https:\/\/blogsaverroes.juntadeandalucia.es\/institutodh\/files\/2022\/03\/orientacion-educativa-300x225.jpeg\" alt=\"\" width=\"300\" height=\"225\" srcset=\"https:\/\/blogsaverroes.juntadeandalucia.es\/institutodh\/files\/2022\/03\/orientacion-educativa-300x225.jpeg 300w, https:\/\/blogsaverroes.juntadeandalucia.es\/institutodh\/files\/2022\/03\/orientacion-educativa.jpeg 360w\" sizes=\"(max-width: 300px) 100vw, 300px\" \/><\/a><\/strong><\/p>\n<p><strong>Profesorado<\/strong>:&nbsp;<\/p>\n<ul>\n<li>Alejo Barrera Jim\u00e9nez.<\/li>\n<li>Manuel Iglesias Iglesias.<\/li>\n<li>Manuel P\u00e9rez Hurtado.<\/li>\n<\/ul>\n","protected":false},"excerpt":{"rendered":"<p>Orientaci\u00f3n Educativa La orientaci\u00f3n contribuye al desarrollo de las facetas personal, acad\u00e9mica y profesional de los alumnos y alumnas. Es un proceso en el que deben involucrarse las familias y&#46;&#46;&#46;<\/p>\n","protected":false},"author":9710,"featured_media":0,"parent":0,"menu_order":0,"comment_status":"closed","ping_status":"closed","template":"","meta":{"ngg_post_thumbnail":0,"footnotes":"","_mc_calendar":[]},"aioseo_notices":[],"_links":{"self":[{"href":"https:\/\/blogsaverroes.juntadeandalucia.es\/institutodh\/wp-json\/wp\/v2\/pages\/2507"}],"collection":[{"href":"https:\/\/blogsaverroes.juntadeandalucia.es\/institutodh\/wp-json\/wp\/v2\/pages"}],"about":[{"href":"https:\/\/blogsaverroes.juntadeandalucia.es\/institutodh\/wp-json\/wp\/v2\/types\/page"}],"author":[{"embeddable":true,"href":"https:\/\/blogsaverroes.juntadeandalucia.es\/institutodh\/wp-json\/wp\/v2\/users\/9710"}],"replies":[{"embeddable":true,"href":"https:\/\/blogsaverroes.juntadeandalucia.es\/institutodh\/wp-json\/wp\/v2\/comments?post=2507"}],"version-history":[{"count":7,"href":"https:\/\/blogsaverroes.juntadeandalucia.es\/institutodh\/wp-json\/wp\/v2\/pages\/2507\/revisions"}],"predecessor-version":[{"id":3098,"href":"https:\/\/blogsaverroes.juntadeandalucia.es\/institutodh\/wp-json\/wp\/v2\/pages\/2507\/revisions\/3098"}],"wp:attachment":[{"href":"https:\/\/blogsaverroes.juntadeandalucia.es\/institutodh\/wp-json\/wp\/v2\/media?parent=2507"}],"curies":[{"name":"wp","href":"https:\/\/api.w.org\/{rel}","templated":true}]}}