{"id":2741,"date":"2022-03-16T13:34:42","date_gmt":"2022-03-16T13:34:42","guid":{"rendered":"https:\/\/blogsaverroes.juntadeandalucia.es\/institutodh\/?page_id=2741"},"modified":"2025-06-16T16:07:25","modified_gmt":"2025-06-16T16:07:25","slug":"proyecto-de-direccion","status":"publish","type":"page","link":"https:\/\/blogsaverroes.juntadeandalucia.es\/institutodh\/proyecto-de-direccion\/","title":{"rendered":"Direcci\u00f3n"},"content":{"rendered":"<p>El Proyecto de Direcci\u00f3n, adem\u00e1s de servir de gu\u00eda o eje para el ejercicio de la direcci\u00f3n, es tambi\u00e9n el documento en donde se refleja el compromiso que la persona que accede a ese cargo asume frente a su comunidad y a la Administraci\u00f3n educativa.<\/p>\n<p>De ah\u00ed la importancia de que integre las diferentes sensibilidades e intereses de todos los sectores de su comunidad para fomentar su implicaci\u00f3n y participaci\u00f3n durante su desarrollo y evaluaci\u00f3n.<\/p>\n<p>En el siguiente enlace, se puede consultar el Proyecto de Direcci\u00f3n desarrollado en el curso 2021-2022:<\/p>\n<ul>\n<li><a href=\"https:\/\/drive.google.com\/file\/d\/1LEB_2vLnrN2INf2JFYKMoCTLvLLT7NqZ\/view?usp=sharing\">PROYECTO DIRECCI\u00d3N 2021-2022<\/a><\/li>\n<\/ul>\n","protected":false},"excerpt":{"rendered":"<p>El Proyecto de Direcci\u00f3n, adem\u00e1s de servir de gu\u00eda o eje para el ejercicio de la direcci\u00f3n, es tambi\u00e9n el documento en donde se refleja el compromiso que la persona&#46;&#46;&#46;<\/p>\n","protected":false},"author":9710,"featured_media":0,"parent":0,"menu_order":0,"comment_status":"closed","ping_status":"closed","template":"","meta":{"ngg_post_thumbnail":0,"footnotes":"","_mc_calendar":[]},"aioseo_notices":[],"_links":{"self":[{"href":"https:\/\/blogsaverroes.juntadeandalucia.es\/institutodh\/wp-json\/wp\/v2\/pages\/2741"}],"collection":[{"href":"https:\/\/blogsaverroes.juntadeandalucia.es\/institutodh\/wp-json\/wp\/v2\/pages"}],"about":[{"href":"https:\/\/blogsaverroes.juntadeandalucia.es\/institutodh\/wp-json\/wp\/v2\/types\/page"}],"author":[{"embeddable":true,"href":"https:\/\/blogsaverroes.juntadeandalucia.es\/institutodh\/wp-json\/wp\/v2\/users\/9710"}],"replies":[{"embeddable":true,"href":"https:\/\/blogsaverroes.juntadeandalucia.es\/institutodh\/wp-json\/wp\/v2\/comments?post=2741"}],"version-history":[{"count":6,"href":"https:\/\/blogsaverroes.juntadeandalucia.es\/institutodh\/wp-json\/wp\/v2\/pages\/2741\/revisions"}],"predecessor-version":[{"id":3119,"href":"https:\/\/blogsaverroes.juntadeandalucia.es\/institutodh\/wp-json\/wp\/v2\/pages\/2741\/revisions\/3119"}],"wp:attachment":[{"href":"https:\/\/blogsaverroes.juntadeandalucia.es\/institutodh\/wp-json\/wp\/v2\/media?parent=2741"}],"curies":[{"name":"wp","href":"https:\/\/api.w.org\/{rel}","templated":true}]}}