{"id":2796,"date":"2022-04-07T13:00:26","date_gmt":"2022-04-07T13:00:26","guid":{"rendered":"https:\/\/blogsaverroes.juntadeandalucia.es\/institutodh\/?page_id=2796"},"modified":"2025-03-05T18:20:01","modified_gmt":"2025-03-05T18:20:01","slug":"bilinguismo","status":"publish","type":"page","link":"https:\/\/blogsaverroes.juntadeandalucia.es\/institutodh\/bilinguismo\/","title":{"rendered":"Biling\u00fcismo"},"content":{"rendered":"<p>Los institutos y secciones biling\u00fces se crean en centros educativos p\u00fablicos de educaci\u00f3n secundaria. Nuestro Centro&nbsp; Biling\u00fce ofrece un proyecto de educaci\u00f3n biling\u00fce a todos los estudiantes del centro; una Secci\u00f3n Biling\u00fce ofrece este proyecto a una parte de los alumnos inscritos en el centro.<\/p>\n<ul>\n<li><a href=\"https:\/\/blogsaverroes.juntadeandalucia.es\/plurilinguismodelegacionhuelva\/\" target=\"_blank\" rel=\"noopener noreferrer\">Portal de Ense\u00f1anza Pluriling\u00fce de Huelva<\/a><\/li>\n<li><a href=\"https:\/\/drive.google.com\/file\/d\/1QVvdh6ZA9UVB0PLpjCX6SaQoq5r73R5X\/view?usp=share_link\" target=\"_blank\" rel=\"noopener noreferrer\">Gu\u00eda Tur\u00edstica de la Universidad de Huelva<\/a><\/li>\n<\/ul>\n<p><strong>AUXILIARES DE CONVERSACI\u00d3N<\/strong><\/p>\n<p>En nuestro centro educativo contamos con la presencia de auxiliares de conversaci\u00f3n nativos que permiten profundizar y mejorar las clases impartidas por nuestros docentes. Dentro del programa, el centro acoge a estas personas de apoyo que comparte nuestro espacio educativo con el alumnado y el profesorado del centro.<\/p>\n<ul>\n<li><a href=\"https:\/\/drive.google.com\/file\/d\/1hE5tXsBty4JjiH0B7iWAFvY-ETWDjyhU\/view?usp=sharing\">Informaci\u00f3n para Auxiliares de Conversaci\u00f3n (ESPA\u00d1OL)<\/a><\/li>\n<li><a href=\"https:\/\/drive.google.com\/file\/d\/1vd1GCfKKhcWAOfOrQc8xYB0YvqgDI2uB\/view?usp=sharing\">Informaci\u00f3n para Auxiliares de Conversaci\u00f3n (INGL\u00c9S)<\/a><\/li>\n<li><a href=\"https:\/\/drive.google.com\/drive\/folders\/1a6jQzaGonqMQjh6QJcmvhfcAIXdS6lgs?usp=share_link\">Cursos 2021\/2022 &#8211; Blair Stewart <\/a><\/li>\n<li><a href=\"https:\/\/drive.google.com\/drive\/folders\/10wzwjo8xtzd5UIJm_GIV5EUocEllT7ZV?usp=sharing\">Curso 2022\/2023 &#8211; Francesca Bartram<\/a><\/li>\n<li><a href=\"https:\/\/drive.google.com\/drive\/folders\/1O4Fq_AOpyhLAE7h_a4p_yd9ILPN0b9CQ?usp=sharing\">Curso 2023\/2024 &#8211; Charlotte Archer<\/a><\/li>\n<\/ul>\n","protected":false},"excerpt":{"rendered":"<p>Los institutos y secciones biling\u00fces se crean en centros educativos p\u00fablicos de educaci\u00f3n secundaria. Nuestro Centro&nbsp; Biling\u00fce ofrece un proyecto de educaci\u00f3n biling\u00fce a todos los estudiantes del centro; una&#46;&#46;&#46;<\/p>\n","protected":false},"author":9710,"featured_media":0,"parent":0,"menu_order":0,"comment_status":"closed","ping_status":"closed","template":"","meta":{"ngg_post_thumbnail":0,"footnotes":"","_mc_calendar":[]},"aioseo_notices":[],"_links":{"self":[{"href":"https:\/\/blogsaverroes.juntadeandalucia.es\/institutodh\/wp-json\/wp\/v2\/pages\/2796"}],"collection":[{"href":"https:\/\/blogsaverroes.juntadeandalucia.es\/institutodh\/wp-json\/wp\/v2\/pages"}],"about":[{"href":"https:\/\/blogsaverroes.juntadeandalucia.es\/institutodh\/wp-json\/wp\/v2\/types\/page"}],"author":[{"embeddable":true,"href":"https:\/\/blogsaverroes.juntadeandalucia.es\/institutodh\/wp-json\/wp\/v2\/users\/9710"}],"replies":[{"embeddable":true,"href":"https:\/\/blogsaverroes.juntadeandalucia.es\/institutodh\/wp-json\/wp\/v2\/comments?post=2796"}],"version-history":[{"count":11,"href":"https:\/\/blogsaverroes.juntadeandalucia.es\/institutodh\/wp-json\/wp\/v2\/pages\/2796\/revisions"}],"predecessor-version":[{"id":3104,"href":"https:\/\/blogsaverroes.juntadeandalucia.es\/institutodh\/wp-json\/wp\/v2\/pages\/2796\/revisions\/3104"}],"wp:attachment":[{"href":"https:\/\/blogsaverroes.juntadeandalucia.es\/institutodh\/wp-json\/wp\/v2\/media?parent=2796"}],"curies":[{"name":"wp","href":"https:\/\/api.w.org\/{rel}","templated":true}]}}