{"id":2827,"date":"2022-04-21T12:26:53","date_gmt":"2022-04-21T12:26:53","guid":{"rendered":"https:\/\/blogsaverroes.juntadeandalucia.es\/institutodh\/?page_id=2827"},"modified":"2024-05-22T08:45:24","modified_gmt":"2024-05-22T08:45:24","slug":"documentos","status":"publish","type":"page","link":"https:\/\/blogsaverroes.juntadeandalucia.es\/institutodh\/documentos\/","title":{"rendered":"Documentos"},"content":{"rendered":"<p><strong>Profesorado:<\/strong><\/p>\n<ul>\n<li><a href=\"https:\/\/drive.google.com\/file\/d\/1H5KeUBjFyxK7JlGp2nChXGPuj-QY8fNd\/view?usp=sharing\">Anexo I &#8211; Permisos, licencias y reducciones de jornada.<\/a><\/li>\n<li><a href=\"https:\/\/drive.google.com\/file\/d\/1cihQFupP0-4ixIaWbDhmGPhuc3SBdsVs\/view?usp=sharing\">Permiso profesorado horas sueltas.<\/a><\/li>\n<li><a href=\"https:\/\/drive.google.com\/file\/d\/1h7GXfhf2_jiZ1TeNn1QPkyTR0A_a62RE\/view?usp=sharing\">Permiso consulta m\u00e9dica horario de ma\u00f1ana &#8211; Declaraci\u00f3n jurada.<\/a><\/li>\n<li><a href=\"https:\/\/drive.google.com\/file\/d\/13jqrDZ_eKi2iSr4lbr6g3hLa6clE45DJ\/view?usp=sharing\">Solicitud de conciliaci\u00f3n laborar y familiar.<\/a><\/li>\n<li><a href=\"https:\/\/drive.google.com\/file\/d\/1A9-5hDBUrmuZhz9RVizQMUvYuS2v3ffN\/view?usp=sharing\">Parte de amonestaci\u00f3n al alumnado.<\/a><\/li>\n<\/ul>\n<p><strong>MUFACE:<\/strong><\/p>\n<ul>\n<li><a href=\"https:\/\/drive.google.com\/file\/d\/1ZOJtFvlE3h3wiNFbdAymm1npqgqY7o3J\/view?usp=sharing\">Solicitud de abono por incapacidad temporal.<\/a><\/li>\n<li><a href=\"https:\/\/drive.google.com\/file\/d\/1lVYk9XuMfISGcOjC4f_7srFGgXLT3Yom\/view?usp=sharing\">Solicitud de subsidio por incapacidad, embarazo o lactancia.<\/a><\/li>\n<li><a href=\"https:\/\/drive.google.com\/file\/d\/1vUHOd7_46UxwP0coel2FQPeX-HU0MTyx\/view?usp=sharing\">Modelo 145.<\/a><\/li>\n<li><a href=\"https:\/\/drive.google.com\/file\/d\/19NkKZMeg95vPcW1UVDPm4k8Hw_6wo-OU\/view?usp=sharing\">Nueva solicitud parte de baja.<\/a><\/li>\n<\/ul>\n<p><strong>Padres \/ Madres \/ Tutores:<\/strong><\/p>\n<ul>\n<li><a href=\"https:\/\/drive.google.com\/file\/d\/1xER-6Nl1N7WWSFkCu5mgjd49AvnyaNnY\/view?usp=sharing\">Solicitud de copias de ex\u00e1menes.<\/a><\/li>\n<li><a href=\"https:\/\/drive.google.com\/file\/d\/16rtBRxnjEE2hicCCNQNAnC_FHMhzc2Vy\/view?usp=sharing\">Declaraci\u00f3n de guardia, custodia y patria potestad.<\/a><\/li>\n<li><a href=\"https:\/\/drive.google.com\/file\/d\/1j-Kdr3IMN1yyi2Kp1tZGw_gDTbUSJ6vH\/view?usp=sharing\">Autorizaci\u00f3n de salida del centro.<\/a><\/li>\n<li><a href=\"https:\/\/drive.google.com\/file\/d\/1HG2JQ3IRuFGN07NMNBsf44JpmpaNjyYp\/view?usp=sharing\">Desautorizaci\u00f3n de im\u00e1genes de alumnos.<\/a><\/li>\n<li><a href=\"https:\/\/drive.google.com\/file\/d\/1ZbUtZThYsk-RNogc4veTqXr4LDxgaMl8\/view?usp=sharing\">Declaraci\u00f3n de enfermedad del alumnado.<\/a><\/li>\n<li><a href=\"https:\/\/drive.google.com\/file\/d\/1CQMAJ-Ki1WTEbiCTIlOuc4MlrVQ4F0Xr\/view?usp=sharing\">Autorizaci\u00f3n a salir del centro a 1\u00aa y 6\u00aa horas.<\/a><\/li>\n<li><a href=\"https:\/\/drive.google.com\/file\/d\/1ZpDGJ2oiwiVqKT5ZA2Jbc5InaZLBarFk\/view?usp=sharing\">Declaraci\u00f3n sobre medicamentos y alergias del alumnado.<\/a><\/li>\n<li><a href=\"https:\/\/drive.google.com\/file\/d\/1jCiOgLFLbH9EDpVaMoOBRQcI9qYVgEl0\/view?usp=sharing\">Autorizaci\u00f3n salida \u00faltima hora d\u00edas determinados.<\/a><\/li>\n<li><a href=\"https:\/\/drive.google.com\/file\/d\/1saPenNwTpOzKVJm3rZZmIOclRPNlCR5R\/view?usp=sharing\">Declaraci\u00f3n de antecedentes penales.<\/a><\/li>\n<li><a href=\"https:\/\/drive.google.com\/file\/d\/1Wn_x1fEqkqIJrYd7WApgGBOK_-ZHozqH\/view?usp=sharing\">Autorizaci\u00f3n para acompa\u00f1ar al alumnado en las entradas y salidas del centro por personal distinto a sus padres o tutores legales.<\/a><\/li>\n<\/ul>\n<p><strong>Alumnado:<\/strong><\/p>\n<ul>\n<li><a href=\"https:\/\/drive.google.com\/file\/d\/1Q3V7ZUYYGArNao9b9wWmnBT0QWAEGfBI\/view?usp=sharing\">Instrucciones de solicitud de T\u00edtulo de Bachillerato o de Formaci\u00f3n Profesional.<\/a><\/li>\n<li><a href=\"https:\/\/drive.google.com\/file\/d\/1LVEF3ydjNZGOW_MH11N19u_GUos_zLO_\/view?usp=sharing\">Solicitud de carnet de estudiante.<\/a><\/li>\n<li><a href=\"https:\/\/drive.google.com\/file\/d\/1tlSlLzsLL9gc2tTVTP3n21Jm7Z7N9efp\/view?usp=sharing\">Autorizaci\u00f3n de informaci\u00f3n a alumnos mayores de edad.<\/a><\/li>\n<li><a href=\"https:\/\/drive.google.com\/file\/d\/17QPLeK1S5yphOorMR6WEyc6Z-FebKrpT\/view?usp=sharing\">Convalidaciones ESO y Bachillerato.<\/a><\/li>\n<li><a href=\"https:\/\/drive.google.com\/file\/d\/1U-D1CQcI5mxGu44cSPhXmWrBY6L6scMF\/view?usp=sharing\">Autorizaci\u00f3n para abandonar el centro en horas sueltas para alumnado menor de edad.<\/a><\/li>\n<li><a href=\"https:\/\/drive.google.com\/file\/d\/1u-5hAjacyKv4sUU6co_aEvYNxNDsLWBs\/view?usp=sharing\">Acta de reuni\u00f3n para huelga del alumnado.<\/a><\/li>\n<li><a href=\"https:\/\/drive.google.com\/file\/d\/1RHBmQr4NsxS4bP46w26-4Fw1QfIn9Ziu\/view?usp=sharing\">Reclamaci\u00f3n de notas (1\u00aa Instancia).<\/a><\/li>\n<li><a href=\"https:\/\/drive.google.com\/file\/d\/1Crhg3KqIsynsr-LCfs3M2SbYpaKIjRxT\/view?usp=sharing\">Reclamaci\u00f3n de notas (2\u00aa Instancia).<\/a><\/li>\n<\/ul>\n<p><strong>General:<\/strong><\/p>\n<ul>\n<li><a href=\"https:\/\/drive.google.com\/file\/d\/1Rwx4ZRYeAZnqVgxEAA1wBGB2NVncgzDh\/view?usp=sharing\">Reclamaci\u00f3n o queja usuario comunidad educativa.<\/a><\/li>\n<li><a href=\"https:\/\/drive.google.com\/file\/d\/1WpH-z6-NAkCCsL4cQoFUrAIJEq5Poalo\/view?usp=sharing\">Petici\u00f3n de documentos certificados.<\/a><\/li>\n<\/ul>\n","protected":false},"excerpt":{"rendered":"<p>Profesorado: Anexo I &#8211; Permisos, licencias y reducciones de jornada. Permiso profesorado horas sueltas. Permiso consulta m\u00e9dica horario de ma\u00f1ana &#8211; Declaraci\u00f3n jurada. Solicitud de conciliaci\u00f3n laborar y familiar. Parte&#46;&#46;&#46;<\/p>\n","protected":false},"author":9710,"featured_media":0,"parent":0,"menu_order":0,"comment_status":"closed","ping_status":"closed","template":"","meta":{"ngg_post_thumbnail":0,"footnotes":"","_mc_calendar":[]},"aioseo_notices":[],"_links":{"self":[{"href":"https:\/\/blogsaverroes.juntadeandalucia.es\/institutodh\/wp-json\/wp\/v2\/pages\/2827"}],"collection":[{"href":"https:\/\/blogsaverroes.juntadeandalucia.es\/institutodh\/wp-json\/wp\/v2\/pages"}],"about":[{"href":"https:\/\/blogsaverroes.juntadeandalucia.es\/institutodh\/wp-json\/wp\/v2\/types\/page"}],"author":[{"embeddable":true,"href":"https:\/\/blogsaverroes.juntadeandalucia.es\/institutodh\/wp-json\/wp\/v2\/users\/9710"}],"replies":[{"embeddable":true,"href":"https:\/\/blogsaverroes.juntadeandalucia.es\/institutodh\/wp-json\/wp\/v2\/comments?post=2827"}],"version-history":[{"count":5,"href":"https:\/\/blogsaverroes.juntadeandalucia.es\/institutodh\/wp-json\/wp\/v2\/pages\/2827\/revisions"}],"predecessor-version":[{"id":3070,"href":"https:\/\/blogsaverroes.juntadeandalucia.es\/institutodh\/wp-json\/wp\/v2\/pages\/2827\/revisions\/3070"}],"wp:attachment":[{"href":"https:\/\/blogsaverroes.juntadeandalucia.es\/institutodh\/wp-json\/wp\/v2\/media?parent=2827"}],"curies":[{"name":"wp","href":"https:\/\/api.w.org\/{rel}","templated":true}]}}