{"id":2880,"date":"2022-12-01T13:14:20","date_gmt":"2022-12-01T13:14:20","guid":{"rendered":"https:\/\/blogsaverroes.juntadeandalucia.es\/institutodh\/?page_id=2880"},"modified":"2022-12-01T13:18:58","modified_gmt":"2022-12-01T13:18:58","slug":"academia-mikrotik","status":"publish","type":"page","link":"https:\/\/blogsaverroes.juntadeandalucia.es\/institutodh\/academia-mikrotik\/","title":{"rendered":"Academia MikroTik"},"content":{"rendered":"<p class=\"CjVfdc CJIdie\"><strong>Por qu\u00e9 MikroTik Academy<\/strong><\/p>\n<p class=\"CDt4Ke zfr3Q\" dir=\"ltr\">Son muchos los fabricantes de dispositivos de red existentes. Sin embargo, hace varios a\u00f1os que en nuestro centro se ha detectado que son cada vez m\u00e1s las empresas de nuestro entorno que utilizan la marca <span class=\" aw5Odc\"><a class=\"XqQF9c\" href=\"https:\/\/www.google.com\/url?q=https%3A%2F%2Fmikrotik.com&amp;sa=D&amp;sntz=1&amp;usg=AOvVaw1ZuRq5vIbFQzfbdNJqVBht\" target=\"_blank\" rel=\"noopener noreferrer\">MikroTik<\/a><\/span>. Tras varios a\u00f1os utilizando RouterOS para la formaci\u00f3n de nuestros estudiantes del m\u00f3dulo \u00abPlanificaci\u00f3n y Administraci\u00f3n de Redes\u00bb del Ciclo Formativo de Grado Superior \u00abAdministraci\u00f3n de Sistemas Inform\u00e1ticos en Red\u00bb,&nbsp; nuestros profesores de redes, Diego J. Fern\u00e1ndez y Javier Acevedo, obtuvieron varias certificaciones y, posteriormente, se convirtieron en <span class=\" aw5Odc\"><a class=\"XqQF9c\" href=\"https:\/\/www.google.com\/url?q=https%3A%2F%2Fmikrotik.com%2Ftraining%2Fcertificates%2Fb117702c9fdf436e77ef&amp;sa=D&amp;sntz=1&amp;usg=AOvVaw2C95qqfdflYOGmPFoOkxoz\" target=\"_blank\" rel=\"noopener noreferrer\">MikroTik Certified Trainer<\/a><\/span>.<\/p>\n<p class=\"CDt4Ke zfr3Q\" dir=\"ltr\">Ahora, nuestro centro ha firmado el acuerdo con <span class=\" aw5Odc\"><a class=\"XqQF9c\" href=\"https:\/\/www.google.com\/url?q=https%3A%2F%2Fmikrotik.com&amp;sa=D&amp;sntz=1&amp;usg=AOvVaw1ZuRq5vIbFQzfbdNJqVBht\" target=\"_blank\" rel=\"noopener noreferrer\">MikroTik<\/a><\/span> para convertirse en <span class=\" aw5Odc\"><a class=\"XqQF9c\" href=\"https:\/\/www.google.com\/url?q=https%3A%2F%2Fmikrotik.com%2Ftraining%2Facademy&amp;sa=D&amp;sntz=1&amp;usg=AOvVaw1bx4FH2esEmGK5ZOD2m9G4\" target=\"_blank\" rel=\"noopener noreferrer\">MikroTik Academy<\/a><\/span>, con lo que nuestros alumnos, adem\u00e1s de obtener los conocimientos b\u00e1sicos de RouterOS, tendr\u00e1n la oportunidad de obtener la certificaci\u00f3n MTCNA durante sus estudios.<\/p>\n<p class=\"CDt4Ke zfr3Q\" dir=\"ltr\">Adem\u00e1s, <span class=\" aw5Odc\"><a class=\"XqQF9c\" href=\"https:\/\/www.google.com\/url?q=https%3A%2F%2Fmikrotik.com&amp;sa=D&amp;sntz=1&amp;usg=AOvVaw1ZuRq5vIbFQzfbdNJqVBht\" target=\"_blank\" rel=\"noopener noreferrer\">MikroTik<\/a><\/span> nos ha cedido material (routers) para que nuestros alumnos puedan realizar los labs, con una formaci\u00f3n eminentemente pr\u00e1ctica.<\/p>\n<p class=\"CjVfdc CJIdie\"><strong>Beneficios para nuestros estudiantes<\/strong><\/p>\n<ul>\n<li class=\"CDt4Ke zfr3Q\">Una formaci\u00f3n pr\u00e1ctica de calidad.<\/li>\n<li class=\"CDt4Ke zfr3Q\">Conocer el funcionamiento de los dispositivos de red m\u00e1s utilizados actualmente a nivel mundial.<\/li>\n<li class=\"CDt4Ke zfr3Q\">La posibilidad de obtener la certificaci\u00f3n MTCNA.<\/li>\n<\/ul>\n<p><a href=\"https:\/\/blogsaverroes.juntadeandalucia.es\/institutodh\/files\/2022\/12\/academia_mikrotik.png\"><img loading=\"lazy\" decoding=\"async\" class=\"aligncenter size-medium wp-image-2884\" src=\"https:\/\/blogsaverroes.juntadeandalucia.es\/institutodh\/files\/2022\/12\/academia_mikrotik-300x106.png\" alt=\"\" width=\"300\" height=\"106\" srcset=\"https:\/\/blogsaverroes.juntadeandalucia.es\/institutodh\/files\/2022\/12\/academia_mikrotik-300x106.png 300w, https:\/\/blogsaverroes.juntadeandalucia.es\/institutodh\/files\/2022\/12\/academia_mikrotik-1024x361.png 1024w, https:\/\/blogsaverroes.juntadeandalucia.es\/institutodh\/files\/2022\/12\/academia_mikrotik-768x271.png 768w, https:\/\/blogsaverroes.juntadeandalucia.es\/institutodh\/files\/2022\/12\/academia_mikrotik.png 1280w\" sizes=\"(max-width: 300px) 100vw, 300px\" \/><\/a><\/p>\n","protected":false},"excerpt":{"rendered":"<p>Por qu\u00e9 MikroTik Academy Son muchos los fabricantes de dispositivos de red existentes. Sin embargo, hace varios a\u00f1os que en nuestro centro se ha detectado que son cada vez m\u00e1s&#46;&#46;&#46;<\/p>\n","protected":false},"author":9710,"featured_media":0,"parent":0,"menu_order":0,"comment_status":"closed","ping_status":"closed","template":"","meta":{"ngg_post_thumbnail":0,"footnotes":"","_mc_calendar":[]},"aioseo_notices":[],"_links":{"self":[{"href":"https:\/\/blogsaverroes.juntadeandalucia.es\/institutodh\/wp-json\/wp\/v2\/pages\/2880"}],"collection":[{"href":"https:\/\/blogsaverroes.juntadeandalucia.es\/institutodh\/wp-json\/wp\/v2\/pages"}],"about":[{"href":"https:\/\/blogsaverroes.juntadeandalucia.es\/institutodh\/wp-json\/wp\/v2\/types\/page"}],"author":[{"embeddable":true,"href":"https:\/\/blogsaverroes.juntadeandalucia.es\/institutodh\/wp-json\/wp\/v2\/users\/9710"}],"replies":[{"embeddable":true,"href":"https:\/\/blogsaverroes.juntadeandalucia.es\/institutodh\/wp-json\/wp\/v2\/comments?post=2880"}],"version-history":[{"count":3,"href":"https:\/\/blogsaverroes.juntadeandalucia.es\/institutodh\/wp-json\/wp\/v2\/pages\/2880\/revisions"}],"predecessor-version":[{"id":2885,"href":"https:\/\/blogsaverroes.juntadeandalucia.es\/institutodh\/wp-json\/wp\/v2\/pages\/2880\/revisions\/2885"}],"wp:attachment":[{"href":"https:\/\/blogsaverroes.juntadeandalucia.es\/institutodh\/wp-json\/wp\/v2\/media?parent=2880"}],"curies":[{"name":"wp","href":"https:\/\/api.w.org\/{rel}","templated":true}]}}