{"id":2898,"date":"2023-04-25T17:40:50","date_gmt":"2023-04-25T17:40:50","guid":{"rendered":"https:\/\/blogsaverroes.juntadeandalucia.es\/institutodh\/?page_id=2898"},"modified":"2023-05-18T12:55:36","modified_gmt":"2023-05-18T12:55:36","slug":"proyecto-patrimonio-cultural","status":"publish","type":"page","link":"https:\/\/blogsaverroes.juntadeandalucia.es\/institutodh\/proyecto-patrimonio-cultural\/","title":{"rendered":"Proyecto de Patrimonio Cultural"},"content":{"rendered":"<p>En este c\u00f3digo, situado en la Oficina Municipal de Turismo y en el Instituto Delgado Hern\u00e1ndez de Bollullos, encontraremos el enlace con la p\u00e1gina web del instituto desde donde podremos acceder a la totalidad de las m\u00e1s de 70 audiogu\u00edas ( la mitad de ellas traducciones al ingl\u00e9s), realizadas y grabadas por el alumnado de Primero de Bachillerato del IES Delgado Hern\u00e1ndez.<\/p>\n<p>Est\u00e1s audiogu\u00edas est\u00e1n agrupas en cinco categor\u00edas :<\/p>\n<ul>\n<li>Patrimonio art\u00edstico y musical (ubicada en la Plaza de la Iglesia).<\/li>\n<li>Patrimonio agr\u00edcola, paisaj\u00edstico e hist\u00f3rico ( ubicada en la Ermita de la Virgen de las Mercedes)<\/li>\n<li>Patrimonio medioambiental, ornitol\u00f3gico y deportivo (ubicada en el Parque Municipal Natural San Sebasti\u00e1n).<\/li>\n<li>Patrimonio vitivin\u00edcola de Bollullos (ubicadas en las fachadas de algunas de las principales bodegas de la localidad).<\/li>\n<li>Patrimonio Hermandades de Penitencia (ubicada en la Capilla de Jes\u00fas).<\/li>\n<\/ul>\n<p>Adem\u00e1s disponemos de un enlace a una ruta sobre los azulejos hist\u00f3ricos del pueblo realizada por el alumnado del bachillerato de Artes.<\/p>\n","protected":false},"excerpt":{"rendered":"<p>En este c\u00f3digo, situado en la Oficina Municipal de Turismo y en el Instituto Delgado Hern\u00e1ndez de Bollullos, encontraremos el enlace con la p\u00e1gina web del instituto desde donde podremos&#46;&#46;&#46;<\/p>\n","protected":false},"author":9710,"featured_media":0,"parent":0,"menu_order":0,"comment_status":"closed","ping_status":"closed","template":"","meta":{"ngg_post_thumbnail":0,"footnotes":"","_mc_calendar":[]},"aioseo_notices":[],"_links":{"self":[{"href":"https:\/\/blogsaverroes.juntadeandalucia.es\/institutodh\/wp-json\/wp\/v2\/pages\/2898"}],"collection":[{"href":"https:\/\/blogsaverroes.juntadeandalucia.es\/institutodh\/wp-json\/wp\/v2\/pages"}],"about":[{"href":"https:\/\/blogsaverroes.juntadeandalucia.es\/institutodh\/wp-json\/wp\/v2\/types\/page"}],"author":[{"embeddable":true,"href":"https:\/\/blogsaverroes.juntadeandalucia.es\/institutodh\/wp-json\/wp\/v2\/users\/9710"}],"replies":[{"embeddable":true,"href":"https:\/\/blogsaverroes.juntadeandalucia.es\/institutodh\/wp-json\/wp\/v2\/comments?post=2898"}],"version-history":[{"count":3,"href":"https:\/\/blogsaverroes.juntadeandalucia.es\/institutodh\/wp-json\/wp\/v2\/pages\/2898\/revisions"}],"predecessor-version":[{"id":2918,"href":"https:\/\/blogsaverroes.juntadeandalucia.es\/institutodh\/wp-json\/wp\/v2\/pages\/2898\/revisions\/2918"}],"wp:attachment":[{"href":"https:\/\/blogsaverroes.juntadeandalucia.es\/institutodh\/wp-json\/wp\/v2\/media?parent=2898"}],"curies":[{"name":"wp","href":"https:\/\/api.w.org\/{rel}","templated":true}]}}