{"id":2900,"date":"2023-04-25T17:41:50","date_gmt":"2023-04-25T17:41:50","guid":{"rendered":"https:\/\/blogsaverroes.juntadeandalucia.es\/institutodh\/?page_id=2900"},"modified":"2023-06-11T14:25:34","modified_gmt":"2023-06-11T14:25:34","slug":"proyecto-patrimonio-cultural-1","status":"publish","type":"page","link":"https:\/\/blogsaverroes.juntadeandalucia.es\/institutodh\/proyecto-patrimonio-cultural-1\/","title":{"rendered":"Patrimonio Art\u00edstico y Musical"},"content":{"rendered":"<p>En este c\u00f3digo, sito en la Plaza de la Iglesia, se puede acceder a distintas audiogu\u00edas realizadas y grabadas por el alumnado del IES Delgado Hern\u00e1ndez sobre las caracter\u00edsticas hist\u00f3ricas y art\u00edsticas de la Iglesia de Santiago Ap\u00f3stol, el edificio del Ayuntamiento, el Convento de San Juan de Moralina y el Conservatorio Profesional Catedr\u00e1tico Antonio Garc\u00eda Herrera.<\/p>\n<div dir=\"auto\"><strong>IGLESIA DE SANTIAGO AP\u00d3STOL &#8211; PARTE 1 &#8211; ESPA\u00d1OL<\/strong><\/div>\n<!--[if lt IE 9]><script>document.createElement('audio');<\/script><![endif]-->\n<audio class=\"wp-audio-shortcode\" id=\"audio-2900-1\" preload=\"none\" style=\"width: 100%;\" controls=\"controls\"><source type=\"audio\/mpeg\" src=\"https:\/\/blogsaverroes.juntadeandalucia.es\/institutodh\/files\/2023\/06\/1-iglesia-1-ESP.mp3?_=1\" \/><a href=\"https:\/\/blogsaverroes.juntadeandalucia.es\/institutodh\/files\/2023\/06\/1-iglesia-1-ESP.mp3\">https:\/\/blogsaverroes.juntadeandalucia.es\/institutodh\/files\/2023\/06\/1-iglesia-1-ESP.mp3<\/a><\/audio>\n<div dir=\"auto\">&nbsp;<\/div>\n<div dir=\"auto\"><strong>IGLESIA DE SANTIAGO AP\u00d3STOL &#8211; PARTE 1 &#8211; INGL\u00c9S<\/strong><\/div>\n<audio class=\"wp-audio-shortcode\" id=\"audio-2900-2\" preload=\"none\" style=\"width: 100%;\" controls=\"controls\"><source type=\"audio\/mpeg\" src=\"https:\/\/blogsaverroes.juntadeandalucia.es\/institutodh\/files\/2023\/06\/1-iglesia-1-ING.mp3?_=2\" \/><a href=\"https:\/\/blogsaverroes.juntadeandalucia.es\/institutodh\/files\/2023\/06\/1-iglesia-1-ING.mp3\">https:\/\/blogsaverroes.juntadeandalucia.es\/institutodh\/files\/2023\/06\/1-iglesia-1-ING.mp3<\/a><\/audio>\n<div dir=\"auto\">&nbsp;<\/div>\n<div dir=\"auto\"><strong>IGLESIA DE SANTIAGO AP\u00d3STOL &#8211; PARTE 2 &#8211; ESPA\u00d1OL<\/strong><\/div>\n<audio class=\"wp-audio-shortcode\" id=\"audio-2900-3\" preload=\"none\" style=\"width: 100%;\" controls=\"controls\"><source type=\"audio\/mpeg\" src=\"https:\/\/blogsaverroes.juntadeandalucia.es\/institutodh\/files\/2023\/06\/2-iglesia-2-ESP.mp3?_=3\" \/><a href=\"https:\/\/blogsaverroes.juntadeandalucia.es\/institutodh\/files\/2023\/06\/2-iglesia-2-ESP.mp3\">https:\/\/blogsaverroes.juntadeandalucia.es\/institutodh\/files\/2023\/06\/2-iglesia-2-ESP.mp3<\/a><\/audio>\n<div dir=\"auto\">&nbsp;<\/div>\n<div dir=\"auto\"><strong>IGLESIA DE SANTIAGO AP\u00d3STOL &#8211; PARTE 3 &#8211; ESPA\u00d1OL<\/strong><\/div>\n<audio class=\"wp-audio-shortcode\" id=\"audio-2900-4\" preload=\"none\" style=\"width: 100%;\" controls=\"controls\"><source type=\"audio\/mpeg\" src=\"https:\/\/blogsaverroes.juntadeandalucia.es\/institutodh\/files\/2023\/06\/3-iglesia-3-ESP.mp3?_=4\" \/><a href=\"https:\/\/blogsaverroes.juntadeandalucia.es\/institutodh\/files\/2023\/06\/3-iglesia-3-ESP.mp3\">https:\/\/blogsaverroes.juntadeandalucia.es\/institutodh\/files\/2023\/06\/3-iglesia-3-ESP.mp3<\/a><\/audio>\n<div dir=\"auto\">&nbsp;<\/div>\n<div dir=\"auto\"><strong>IGLESIA DE SANTIAGO AP\u00d3STOL &#8211; PARTE 4 &#8211; ESPA\u00d1OL<\/strong><\/div>\n<audio class=\"wp-audio-shortcode\" id=\"audio-2900-5\" preload=\"none\" style=\"width: 100%;\" controls=\"controls\"><source type=\"audio\/mpeg\" src=\"https:\/\/blogsaverroes.juntadeandalucia.es\/institutodh\/files\/2023\/06\/4-iglesia-4-ESP.mp3?_=5\" \/><a href=\"https:\/\/blogsaverroes.juntadeandalucia.es\/institutodh\/files\/2023\/06\/4-iglesia-4-ESP.mp3\">https:\/\/blogsaverroes.juntadeandalucia.es\/institutodh\/files\/2023\/06\/4-iglesia-4-ESP.mp3<\/a><\/audio>\n<div dir=\"auto\">&nbsp;<\/div>\n<div dir=\"auto\"><strong>AYUNTAMIENTO &#8211; ESPA\u00d1OL<\/strong><\/div>\n<audio class=\"wp-audio-shortcode\" id=\"audio-2900-6\" preload=\"none\" style=\"width: 100%;\" controls=\"controls\"><source type=\"audio\/mpeg\" src=\"https:\/\/blogsaverroes.juntadeandalucia.es\/institutodh\/files\/2023\/06\/5-ayuntamiento-ESP.mp3?_=6\" \/><a href=\"https:\/\/blogsaverroes.juntadeandalucia.es\/institutodh\/files\/2023\/06\/5-ayuntamiento-ESP.mp3\">https:\/\/blogsaverroes.juntadeandalucia.es\/institutodh\/files\/2023\/06\/5-ayuntamiento-ESP.mp3<\/a><\/audio>\n<div dir=\"auto\">&nbsp;<\/div>\n<div dir=\"auto\"><strong>AYUNTAMIENTO &#8211; INGL\u00c9S<\/strong><\/div>\n<audio class=\"wp-audio-shortcode\" id=\"audio-2900-7\" preload=\"none\" style=\"width: 100%;\" controls=\"controls\"><source type=\"audio\/mpeg\" src=\"https:\/\/blogsaverroes.juntadeandalucia.es\/institutodh\/files\/2023\/06\/5-ayuntamiento-ING.mp3?_=7\" \/><a href=\"https:\/\/blogsaverroes.juntadeandalucia.es\/institutodh\/files\/2023\/06\/5-ayuntamiento-ING.mp3\">https:\/\/blogsaverroes.juntadeandalucia.es\/institutodh\/files\/2023\/06\/5-ayuntamiento-ING.mp3<\/a><\/audio>\n<div dir=\"auto\">&nbsp;<\/div>\n<div dir=\"auto\"><strong>CONSERVATORIO DE M\u00daSICA &#8211; ESPA\u00d1OL<\/strong><\/div>\n<audio class=\"wp-audio-shortcode\" id=\"audio-2900-8\" preload=\"none\" style=\"width: 100%;\" controls=\"controls\"><source type=\"audio\/mpeg\" src=\"https:\/\/blogsaverroes.juntadeandalucia.es\/institutodh\/files\/2023\/06\/6-conservatorio-ESP.mp3?_=8\" \/><a href=\"https:\/\/blogsaverroes.juntadeandalucia.es\/institutodh\/files\/2023\/06\/6-conservatorio-ESP.mp3\">https:\/\/blogsaverroes.juntadeandalucia.es\/institutodh\/files\/2023\/06\/6-conservatorio-ESP.mp3<\/a><\/audio>\n<div dir=\"auto\">&nbsp;<\/div>\n<div dir=\"auto\"><strong>CONSERVATORIO DE M\u00daSICA &#8211; INGL\u00c9S<\/strong><\/div>\n<audio class=\"wp-audio-shortcode\" id=\"audio-2900-9\" preload=\"none\" style=\"width: 100%;\" controls=\"controls\"><source type=\"audio\/mpeg\" src=\"https:\/\/blogsaverroes.juntadeandalucia.es\/institutodh\/files\/2023\/06\/6-conservatorio-ING.mp3?_=9\" \/><a href=\"https:\/\/blogsaverroes.juntadeandalucia.es\/institutodh\/files\/2023\/06\/6-conservatorio-ING.mp3\">https:\/\/blogsaverroes.juntadeandalucia.es\/institutodh\/files\/2023\/06\/6-conservatorio-ING.mp3<\/a><\/audio>\n<div dir=\"auto\">&nbsp;<\/div>\n<div dir=\"auto\"><strong>CONVENTO DE MORA\u00d1INA &#8211; ESPA\u00d1OL<\/strong><\/div>\n<audio class=\"wp-audio-shortcode\" id=\"audio-2900-10\" preload=\"none\" style=\"width: 100%;\" controls=\"controls\"><source type=\"audio\/mpeg\" src=\"https:\/\/blogsaverroes.juntadeandalucia.es\/institutodh\/files\/2023\/06\/7-convento-moran\u0303ina-ESP.mp3?_=10\" \/><a href=\"https:\/\/blogsaverroes.juntadeandalucia.es\/institutodh\/files\/2023\/06\/7-convento-moran\u0303ina-ESP.mp3\">https:\/\/blogsaverroes.juntadeandalucia.es\/institutodh\/files\/2023\/06\/7-convento-moran\u0303ina-ESP.mp3<\/a><\/audio>\n<div dir=\"auto\">&nbsp;<\/div>\n<div dir=\"auto\"><strong>CONVENTO DE MORA\u00d1INA &#8211; INGL\u00c9S<\/strong><\/div>\n<audio class=\"wp-audio-shortcode\" id=\"audio-2900-11\" preload=\"none\" style=\"width: 100%;\" controls=\"controls\"><source type=\"audio\/mpeg\" src=\"https:\/\/blogsaverroes.juntadeandalucia.es\/institutodh\/files\/2023\/06\/7-convento-moran\u0303ina-ING.mp3?_=11\" \/><a href=\"https:\/\/blogsaverroes.juntadeandalucia.es\/institutodh\/files\/2023\/06\/7-convento-moran\u0303ina-ING.mp3\">https:\/\/blogsaverroes.juntadeandalucia.es\/institutodh\/files\/2023\/06\/7-convento-moran\u0303ina-ING.mp3<\/a><\/audio>\n<div dir=\"auto\">&nbsp;<\/div>\n<div dir=\"auto\"><strong>AZULEJO DE SAN ANTONIO &#8211; ESPA\u00d1OL<\/strong><\/div>\n<audio class=\"wp-audio-shortcode\" id=\"audio-2900-12\" preload=\"none\" style=\"width: 100%;\" controls=\"controls\"><source type=\"audio\/mpeg\" src=\"https:\/\/blogsaverroes.juntadeandalucia.es\/institutodh\/files\/2023\/06\/8-san-antonio-ESP.mp3?_=12\" \/><a href=\"https:\/\/blogsaverroes.juntadeandalucia.es\/institutodh\/files\/2023\/06\/8-san-antonio-ESP.mp3\">https:\/\/blogsaverroes.juntadeandalucia.es\/institutodh\/files\/2023\/06\/8-san-antonio-ESP.mp3<\/a><\/audio>\n<div dir=\"auto\">&nbsp;<\/div>\n<div dir=\"auto\"><strong>AZULEJO DE SAN ANTONIO &#8211; INGL\u00c9S<\/strong><\/div>\n<audio class=\"wp-audio-shortcode\" id=\"audio-2900-13\" preload=\"none\" style=\"width: 100%;\" controls=\"controls\"><source type=\"audio\/mpeg\" src=\"https:\/\/blogsaverroes.juntadeandalucia.es\/institutodh\/files\/2023\/06\/8-san-antonio-ING.mp3?_=13\" \/><a href=\"https:\/\/blogsaverroes.juntadeandalucia.es\/institutodh\/files\/2023\/06\/8-san-antonio-ING.mp3\">https:\/\/blogsaverroes.juntadeandalucia.es\/institutodh\/files\/2023\/06\/8-san-antonio-ING.mp3<\/a><\/audio>\n<div dir=\"auto\">&nbsp;<\/div>\n","protected":false},"excerpt":{"rendered":"<p>En este c\u00f3digo, sito en la Plaza de la Iglesia, se puede acceder a distintas audiogu\u00edas realizadas y grabadas por el alumnado del IES Delgado Hern\u00e1ndez sobre las caracter\u00edsticas hist\u00f3ricas&#46;&#46;&#46;<\/p>\n","protected":false},"author":9710,"featured_media":0,"parent":0,"menu_order":0,"comment_status":"closed","ping_status":"closed","template":"","meta":{"ngg_post_thumbnail":0,"footnotes":"","_mc_calendar":[]},"aioseo_notices":[],"_links":{"self":[{"href":"https:\/\/blogsaverroes.juntadeandalucia.es\/institutodh\/wp-json\/wp\/v2\/pages\/2900"}],"collection":[{"href":"https:\/\/blogsaverroes.juntadeandalucia.es\/institutodh\/wp-json\/wp\/v2\/pages"}],"about":[{"href":"https:\/\/blogsaverroes.juntadeandalucia.es\/institutodh\/wp-json\/wp\/v2\/types\/page"}],"author":[{"embeddable":true,"href":"https:\/\/blogsaverroes.juntadeandalucia.es\/institutodh\/wp-json\/wp\/v2\/users\/9710"}],"replies":[{"embeddable":true,"href":"https:\/\/blogsaverroes.juntadeandalucia.es\/institutodh\/wp-json\/wp\/v2\/comments?post=2900"}],"version-history":[{"count":7,"href":"https:\/\/blogsaverroes.juntadeandalucia.es\/institutodh\/wp-json\/wp\/v2\/pages\/2900\/revisions"}],"predecessor-version":[{"id":2987,"href":"https:\/\/blogsaverroes.juntadeandalucia.es\/institutodh\/wp-json\/wp\/v2\/pages\/2900\/revisions\/2987"}],"wp:attachment":[{"href":"https:\/\/blogsaverroes.juntadeandalucia.es\/institutodh\/wp-json\/wp\/v2\/media?parent=2900"}],"curies":[{"name":"wp","href":"https:\/\/api.w.org\/{rel}","templated":true}]}}