{"id":3057,"date":"2024-04-17T12:12:50","date_gmt":"2024-04-17T12:12:50","guid":{"rendered":"https:\/\/blogsaverroes.juntadeandalucia.es\/institutodh\/?page_id=3057"},"modified":"2024-04-17T12:20:26","modified_gmt":"2024-04-17T12:20:26","slug":"selectividad","status":"publish","type":"page","link":"https:\/\/blogsaverroes.juntadeandalucia.es\/institutodh\/selectividad\/","title":{"rendered":"PEVAU"},"content":{"rendered":"<p>Os dejamos informaci\u00f3n de inter\u00e9s sobre las Pruebas de Evaluaci\u00f3n de Bachillerato para el Acceso a la Universidad y\/o Pruebas de Admisi\u00f3n (PEvAU).<\/p>\n<ul>\n<li><strong>Procedimiento de matriculaci\u00f3n de alumnos<\/strong><\/li>\n<\/ul>\n<p><a href=\"https:\/\/blogsaverroes.juntadeandalucia.es\/institutodh\/files\/2024\/04\/matricula_alumnos_1.png\"><img loading=\"lazy\" decoding=\"async\" class=\"aligncenter size-large wp-image-3060\" src=\"https:\/\/blogsaverroes.juntadeandalucia.es\/institutodh\/files\/2024\/04\/matricula_alumnos_1-1024x571.png\" alt=\"\" width=\"1024\" height=\"571\" srcset=\"https:\/\/blogsaverroes.juntadeandalucia.es\/institutodh\/files\/2024\/04\/matricula_alumnos_1-1024x571.png 1024w, https:\/\/blogsaverroes.juntadeandalucia.es\/institutodh\/files\/2024\/04\/matricula_alumnos_1-300x167.png 300w, https:\/\/blogsaverroes.juntadeandalucia.es\/institutodh\/files\/2024\/04\/matricula_alumnos_1-768x429.png 768w, https:\/\/blogsaverroes.juntadeandalucia.es\/institutodh\/files\/2024\/04\/matricula_alumnos_1.png 1249w\" sizes=\"(max-width: 1024px) 100vw, 1024px\" \/><\/a><\/p>\n<p><a href=\"https:\/\/blogsaverroes.juntadeandalucia.es\/institutodh\/files\/2024\/04\/matricula_alumnos_2.png\"><img loading=\"lazy\" decoding=\"async\" class=\"aligncenter size-large wp-image-3059\" src=\"https:\/\/blogsaverroes.juntadeandalucia.es\/institutodh\/files\/2024\/04\/matricula_alumnos_2-1024x574.png\" alt=\"\" width=\"1024\" height=\"574\" srcset=\"https:\/\/blogsaverroes.juntadeandalucia.es\/institutodh\/files\/2024\/04\/matricula_alumnos_2-1024x574.png 1024w, https:\/\/blogsaverroes.juntadeandalucia.es\/institutodh\/files\/2024\/04\/matricula_alumnos_2-300x168.png 300w, https:\/\/blogsaverroes.juntadeandalucia.es\/institutodh\/files\/2024\/04\/matricula_alumnos_2-768x430.png 768w, https:\/\/blogsaverroes.juntadeandalucia.es\/institutodh\/files\/2024\/04\/matricula_alumnos_2.png 1246w\" sizes=\"(max-width: 1024px) 100vw, 1024px\" \/><\/a><\/p>\n<p><a href=\"https:\/\/blogsaverroes.juntadeandalucia.es\/institutodh\/files\/2024\/04\/matricula_alumnos_3.png\"><img loading=\"lazy\" decoding=\"async\" class=\"aligncenter size-large wp-image-3058\" src=\"https:\/\/blogsaverroes.juntadeandalucia.es\/institutodh\/files\/2024\/04\/matricula_alumnos_3-1024x574.png\" alt=\"\" width=\"1024\" height=\"574\" srcset=\"https:\/\/blogsaverroes.juntadeandalucia.es\/institutodh\/files\/2024\/04\/matricula_alumnos_3-1024x574.png 1024w, https:\/\/blogsaverroes.juntadeandalucia.es\/institutodh\/files\/2024\/04\/matricula_alumnos_3-300x168.png 300w, https:\/\/blogsaverroes.juntadeandalucia.es\/institutodh\/files\/2024\/04\/matricula_alumnos_3-768x431.png 768w, https:\/\/blogsaverroes.juntadeandalucia.es\/institutodh\/files\/2024\/04\/matricula_alumnos_3.png 1250w\" sizes=\"(max-width: 1024px) 100vw, 1024px\" \/><\/a><\/p>\n<ul>\n<li><strong>Horario de las pruebas<\/strong><\/li>\n<\/ul>\n<p><a href=\"https:\/\/blogsaverroes.juntadeandalucia.es\/institutodh\/files\/2024\/04\/horario.png\"><img loading=\"lazy\" decoding=\"async\" class=\"aligncenter size-full wp-image-3061\" src=\"https:\/\/blogsaverroes.juntadeandalucia.es\/institutodh\/files\/2024\/04\/horario.png\" alt=\"\" width=\"921\" height=\"821\" srcset=\"https:\/\/blogsaverroes.juntadeandalucia.es\/institutodh\/files\/2024\/04\/horario.png 921w, https:\/\/blogsaverroes.juntadeandalucia.es\/institutodh\/files\/2024\/04\/horario-300x267.png 300w, https:\/\/blogsaverroes.juntadeandalucia.es\/institutodh\/files\/2024\/04\/horario-768x685.png 768w\" sizes=\"(max-width: 921px) 100vw, 921px\" \/><\/a><\/p>\n<p>&nbsp;<\/p>\n","protected":false},"excerpt":{"rendered":"<p>Os dejamos informaci\u00f3n de inter\u00e9s sobre las Pruebas de Evaluaci\u00f3n de Bachillerato para el Acceso a la Universidad y\/o Pruebas de Admisi\u00f3n (PEvAU). Procedimiento de matriculaci\u00f3n de alumnos Horario de&#46;&#46;&#46;<\/p>\n","protected":false},"author":9710,"featured_media":0,"parent":0,"menu_order":0,"comment_status":"closed","ping_status":"closed","template":"","meta":{"ngg_post_thumbnail":0,"footnotes":"","_mc_calendar":[]},"aioseo_notices":[],"_links":{"self":[{"href":"https:\/\/blogsaverroes.juntadeandalucia.es\/institutodh\/wp-json\/wp\/v2\/pages\/3057"}],"collection":[{"href":"https:\/\/blogsaverroes.juntadeandalucia.es\/institutodh\/wp-json\/wp\/v2\/pages"}],"about":[{"href":"https:\/\/blogsaverroes.juntadeandalucia.es\/institutodh\/wp-json\/wp\/v2\/types\/page"}],"author":[{"embeddable":true,"href":"https:\/\/blogsaverroes.juntadeandalucia.es\/institutodh\/wp-json\/wp\/v2\/users\/9710"}],"replies":[{"embeddable":true,"href":"https:\/\/blogsaverroes.juntadeandalucia.es\/institutodh\/wp-json\/wp\/v2\/comments?post=3057"}],"version-history":[{"count":3,"href":"https:\/\/blogsaverroes.juntadeandalucia.es\/institutodh\/wp-json\/wp\/v2\/pages\/3057\/revisions"}],"predecessor-version":[{"id":3065,"href":"https:\/\/blogsaverroes.juntadeandalucia.es\/institutodh\/wp-json\/wp\/v2\/pages\/3057\/revisions\/3065"}],"wp:attachment":[{"href":"https:\/\/blogsaverroes.juntadeandalucia.es\/institutodh\/wp-json\/wp\/v2\/media?parent=3057"}],"curies":[{"name":"wp","href":"https:\/\/api.w.org\/{rel}","templated":true}]}}