{"id":42,"date":"2015-03-13T08:40:47","date_gmt":"2015-03-13T08:40:47","guid":{"rendered":"http:\/\/blogsaverroes.juntadeandalucia.es\/pre\/ceip\/?page_id=42"},"modified":"2026-03-23T19:41:43","modified_gmt":"2026-03-23T19:41:43","slug":"equipo-directivo","status":"publish","type":"page","link":"https:\/\/blogsaverroes.juntadeandalucia.es\/institutodh\/equipo-directivo\/","title":{"rendered":"Equipo directivo"},"content":{"rendered":"<p><strong>Direcci\u00f3n: Jos\u00e9 Jes\u00fas Romero Camacho<\/strong><\/p>\n<p><strong>Vicedirecci\u00f3n:<\/strong> <strong>V\u00edctor M. Garc\u00eda Villar\u00e1n<\/strong><\/p>\n<ul>\n<li>\u00c1reas de competencia: Departamento de Formaci\u00f3n, Evaluaci\u00f3n e Innovaci\u00f3n Educativa y coordinaci\u00f3n de la F.P.<\/li>\n<\/ul>\n<p><strong>Administraci\u00f3n \/ Secretar\u00eda: Gema Alan\u00eds Lagares<\/strong><\/p>\n<ul>\n<li>\u00c1reas de competencia: PAS, mantenimiento, material, compras, gesti\u00f3n econ\u00f3mica.<\/li>\n<\/ul>\n<p><strong>Jefatura de Estudios: Roc\u00edo Miranda Miranda<\/strong><\/p>\n<ul>\n<li>\u00c1reas de competencia: Gesti\u00f3n acad\u00e9mica de profesorado y alumnado, coordinaci\u00f3n de Bachillerato.<\/li>\n<\/ul>\n<p><strong>Jefatura de Estudios Adjunta: Marisa Garc\u00eda Haba<\/strong><\/p>\n<ul>\n<li>\u00c1reas de competencia: Convivencia y coordinaci\u00f3n de la ESO.<\/li>\n<\/ul>\n<p><strong>Jefatura de Estudios Adjunta en horario de tarde: Jes\u00fas Rodr\u00edguez Abreu<br \/>\n<\/strong><\/p>\n<ul>\n<li>\u00c1reas de competencia: Convivencia y coordinaci\u00f3n de la FP.<\/li>\n<\/ul>\n","protected":false},"excerpt":{"rendered":"<p>Direcci\u00f3n: Jos\u00e9 Jes\u00fas Romero Camacho Vicedirecci\u00f3n: V\u00edctor M. Garc\u00eda Villar\u00e1n \u00c1reas de competencia: Departamento de Formaci\u00f3n, Evaluaci\u00f3n e Innovaci\u00f3n Educativa y coordinaci\u00f3n de la F.P. Administraci\u00f3n \/ Secretar\u00eda: Gema Alan\u00eds&#46;&#46;&#46;<\/p>\n","protected":false},"author":1,"featured_media":0,"parent":0,"menu_order":0,"comment_status":"closed","ping_status":"open","template":"","meta":{"ngg_post_thumbnail":0,"footnotes":"","_mc_calendar":[]},"aioseo_notices":[],"_links":{"self":[{"href":"https:\/\/blogsaverroes.juntadeandalucia.es\/institutodh\/wp-json\/wp\/v2\/pages\/42"}],"collection":[{"href":"https:\/\/blogsaverroes.juntadeandalucia.es\/institutodh\/wp-json\/wp\/v2\/pages"}],"about":[{"href":"https:\/\/blogsaverroes.juntadeandalucia.es\/institutodh\/wp-json\/wp\/v2\/types\/page"}],"author":[{"embeddable":true,"href":"https:\/\/blogsaverroes.juntadeandalucia.es\/institutodh\/wp-json\/wp\/v2\/users\/1"}],"replies":[{"embeddable":true,"href":"https:\/\/blogsaverroes.juntadeandalucia.es\/institutodh\/wp-json\/wp\/v2\/comments?post=42"}],"version-history":[{"count":9,"href":"https:\/\/blogsaverroes.juntadeandalucia.es\/institutodh\/wp-json\/wp\/v2\/pages\/42\/revisions"}],"predecessor-version":[{"id":3146,"href":"https:\/\/blogsaverroes.juntadeandalucia.es\/institutodh\/wp-json\/wp\/v2\/pages\/42\/revisions\/3146"}],"wp:attachment":[{"href":"https:\/\/blogsaverroes.juntadeandalucia.es\/institutodh\/wp-json\/wp\/v2\/media?parent=42"}],"curies":[{"name":"wp","href":"https:\/\/api.w.org\/{rel}","templated":true}]}}