{"id":77,"date":"2015-03-16T06:54:56","date_gmt":"2015-03-16T06:54:56","guid":{"rendered":"http:\/\/blogsaverroes.juntadeandalucia.es\/pre\/ceip\/?page_id=77"},"modified":"2022-03-16T13:25:14","modified_gmt":"2022-03-16T13:25:14","slug":"secretaria","status":"publish","type":"page","link":"https:\/\/blogsaverroes.juntadeandalucia.es\/institutodh\/secretaria\/","title":{"rendered":"Secretar\u00eda"},"content":{"rendered":"<p>La <strong>Secretar\u00eda<\/strong> desarrolla muchas funciones importantes en la vida de un centro, especialmente en la relaci\u00f3n que mantiene con las familias en los diferentes tr\u00e1mites administrativos a lo largo de la escolarizaci\u00f3n: admisi\u00f3n, matr\u00edcula, comedor escolar, becas, etc.<\/p>\n<p>Es por esto que la Web, como puerta de entrada y canal de informaci\u00f3n a la comunidad educativa, deber\u00eda informar sobre el horario de la secretar\u00eda, tr\u00e1mites a realizar, plazos, documentaci\u00f3n, etc., con el objetivo de conseguir una mayor <strong>transparencia, agilidad y eficiencia.<\/strong><\/p>\n<p><strong>Documentaci\u00f3n de inter\u00e9s<\/strong>:<\/p>\n<ul>\n<li><a href=\"https:\/\/drive.google.com\/file\/d\/1Da4WQpP1Qrs4wkTqUXyTTWElNeZi-UhL\/view?usp=sharing\">PRESUPUESTO INGRESOS CURSO 2021\/2022<\/a><\/li>\n<li><a href=\"https:\/\/drive.google.com\/file\/d\/1i0Hg_xW6xpv39B2UQBcOcMxO2EQNbak7\/view?usp=sharing\">PRESUPUESTO GASTOS CURSO 2021\/2022<\/a><\/li>\n<\/ul>\n<p>&nbsp;<\/p>\n","protected":false},"excerpt":{"rendered":"<p>La Secretar\u00eda desarrolla muchas funciones importantes en la vida de un centro, especialmente en la relaci\u00f3n que mantiene con las familias en los diferentes tr\u00e1mites administrativos a lo largo de&#46;&#46;&#46;<\/p>\n","protected":false},"author":1,"featured_media":0,"parent":0,"menu_order":0,"comment_status":"open","ping_status":"open","template":"","meta":{"ngg_post_thumbnail":0,"footnotes":"","_mc_calendar":[]},"aioseo_notices":[],"_links":{"self":[{"href":"https:\/\/blogsaverroes.juntadeandalucia.es\/institutodh\/wp-json\/wp\/v2\/pages\/77"}],"collection":[{"href":"https:\/\/blogsaverroes.juntadeandalucia.es\/institutodh\/wp-json\/wp\/v2\/pages"}],"about":[{"href":"https:\/\/blogsaverroes.juntadeandalucia.es\/institutodh\/wp-json\/wp\/v2\/types\/page"}],"author":[{"embeddable":true,"href":"https:\/\/blogsaverroes.juntadeandalucia.es\/institutodh\/wp-json\/wp\/v2\/users\/1"}],"replies":[{"embeddable":true,"href":"https:\/\/blogsaverroes.juntadeandalucia.es\/institutodh\/wp-json\/wp\/v2\/comments?post=77"}],"version-history":[{"count":5,"href":"https:\/\/blogsaverroes.juntadeandalucia.es\/institutodh\/wp-json\/wp\/v2\/pages\/77\/revisions"}],"predecessor-version":[{"id":2740,"href":"https:\/\/blogsaverroes.juntadeandalucia.es\/institutodh\/wp-json\/wp\/v2\/pages\/77\/revisions\/2740"}],"wp:attachment":[{"href":"https:\/\/blogsaverroes.juntadeandalucia.es\/institutodh\/wp-json\/wp\/v2\/media?parent=77"}],"curies":[{"name":"wp","href":"https:\/\/api.w.org\/{rel}","templated":true}]}}