{"id":16,"date":"2020-01-10T08:42:15","date_gmt":"2020-01-10T07:42:15","guid":{"rendered":"http:\/\/blogsaverroes.juntadeandalucia.es\/pre\/nuevoies2v2\/?page_id=16"},"modified":"2024-05-23T08:25:32","modified_gmt":"2024-05-23T07:25:32","slug":"espa","status":"publish","type":"page","link":"https:\/\/blogsaverroes.juntadeandalucia.es\/ipepcadiz\/espa\/","title":{"rendered":"ESPA"},"content":{"rendered":"<p>[et_pb_section fb_built=&#8221;1&#8243; _builder_version=&#8221;4.16&#8243; custom_padding=&#8221;0px||0px|&#8221; z_index_tablet=&#8221;500&#8243; box_shadow_horizontal_tablet=&#8221;0px&#8221; box_shadow_vertical_tablet=&#8221;0px&#8221; box_shadow_blur_tablet=&#8221;40px&#8221; box_shadow_spread_tablet=&#8221;0px&#8221; global_colors_info=&#8221;{}&#8221;][et_pb_row _builder_version=&#8221;4.16&#8243; background_size=&#8221;initial&#8221; background_position=&#8221;top_left&#8221; background_repeat=&#8221;repeat&#8221; global_colors_info=&#8221;{}&#8221;][et_pb_column type=&#8221;4_4&#8243; _builder_version=&#8221;4.16&#8243; custom_padding=&#8221;|||&#8221; global_colors_info=&#8221;{}&#8221; custom_padding__hover=&#8221;|||&#8221;][et_pb_image src=&#8221;https:\/\/blogsaverroes.juntadeandalucia.es\/ipepcadiz\/files\/2020\/01\/cabecera-interior-ies-3.png&#8221; admin_label=&#8221;Imagen de la portada&#8221; _builder_version=&#8221;4.16&#8243; vertical_offset_tablet=&#8221;0&#8243; horizontal_offset_tablet=&#8221;0&#8243; z_index_tablet=&#8221;500&#8243; box_shadow_horizontal_tablet=&#8221;0px&#8221; box_shadow_vertical_tablet=&#8221;0px&#8221; box_shadow_blur_tablet=&#8221;40px&#8221; box_shadow_spread_tablet=&#8221;0px&#8221; global_colors_info=&#8221;{}&#8221; custom_margin=&#8221;||56px|||&#8221;][\/et_pb_image][et_pb_heading title=&#8221;E.S.P.A.&#8221; _builder_version=&#8221;4.24.2&#8243; _module_preset=&#8221;default&#8221; title_font=&#8221;Arial|800|||||||&#8221; title_text_align=&#8221;center&#8221; title_text_color=&#8221;#0B75C1&#8243; title_letter_spacing=&#8221;8px&#8221; background_color=&#8221;RGBA(255,255,255,0)&#8221; module_alignment=&#8221;center&#8221; box_shadow_style=&#8221;preset1&#8243; box_shadow_blur=&#8221;33px&#8221; box_shadow_spread=&#8221;12px&#8221; box_shadow_color=&#8221;#0B75C1&#8243; global_colors_info=&#8221;{}&#8221; custom_padding=&#8221;0px||0px|||&#8221; custom_margin=&#8221;41px|||||&#8221; min_height=&#8221;19px&#8221;][\/et_pb_heading][et_pb_text admin_label=&#8221;Texto descriptivo&#8221; _builder_version=&#8221;4.24.2&#8243; z_index_tablet=&#8221;500&#8243; text_text_shadow_horizontal_length_tablet=&#8221;0px&#8221; text_text_shadow_vertical_length_tablet=&#8221;0px&#8221; text_text_shadow_blur_strength_tablet=&#8221;1px&#8221; link_text_shadow_horizontal_length_tablet=&#8221;0px&#8221; link_text_shadow_vertical_length_tablet=&#8221;0px&#8221; link_text_shadow_blur_strength_tablet=&#8221;1px&#8221; ul_text_shadow_horizontal_length_tablet=&#8221;0px&#8221; ul_text_shadow_vertical_length_tablet=&#8221;0px&#8221; ul_text_shadow_blur_strength_tablet=&#8221;1px&#8221; ol_text_shadow_horizontal_length_tablet=&#8221;0px&#8221; ol_text_shadow_vertical_length_tablet=&#8221;0px&#8221; ol_text_shadow_blur_strength_tablet=&#8221;1px&#8221; quote_text_shadow_horizontal_length_tablet=&#8221;0px&#8221; quote_text_shadow_vertical_length_tablet=&#8221;0px&#8221; quote_text_shadow_blur_strength_tablet=&#8221;1px&#8221; header_text_shadow_horizontal_length_tablet=&#8221;0px&#8221; header_text_shadow_vertical_length_tablet=&#8221;0px&#8221; header_text_shadow_blur_strength_tablet=&#8221;1px&#8221; header_2_text_shadow_horizontal_length_tablet=&#8221;0px&#8221; header_2_text_shadow_vertical_length_tablet=&#8221;0px&#8221; header_2_text_shadow_blur_strength_tablet=&#8221;1px&#8221; header_3_text_shadow_horizontal_length_tablet=&#8221;0px&#8221; header_3_text_shadow_vertical_length_tablet=&#8221;0px&#8221; header_3_text_shadow_blur_strength_tablet=&#8221;1px&#8221; header_4_text_shadow_horizontal_length_tablet=&#8221;0px&#8221; header_4_text_shadow_vertical_length_tablet=&#8221;0px&#8221; header_4_text_shadow_blur_strength_tablet=&#8221;1px&#8221; header_5_text_shadow_horizontal_length_tablet=&#8221;0px&#8221; header_5_text_shadow_vertical_length_tablet=&#8221;0px&#8221; header_5_text_shadow_blur_strength_tablet=&#8221;1px&#8221; header_6_text_shadow_horizontal_length_tablet=&#8221;0px&#8221; header_6_text_shadow_vertical_length_tablet=&#8221;0px&#8221; header_6_text_shadow_blur_strength_tablet=&#8221;1px&#8221; box_shadow_horizontal_tablet=&#8221;0px&#8221; box_shadow_vertical_tablet=&#8221;0px&#8221; box_shadow_blur_tablet=&#8221;40px&#8221; box_shadow_spread_tablet=&#8221;0px&#8221; global_colors_info=&#8221;{}&#8221; custom_padding=&#8221;24px|||||&#8221;]<\/p>\n<h1 style=\"text-align: center\"><\/h1>\n<p><strong>\u00bfQuienes se pueden matricular?<\/strong><\/p>\n<p>Personas mayores de 18 a\u00f1os o que cumplan esa edad dentro del a\u00f1o natural en que efect\u00faan su matriculaci\u00f3n. Tambi\u00e9n podr\u00e1n acceder los alumnos que teniendo 16 a\u00f1os, no puedan asistir a un centro ordinario por motivo justificado (trabajo, impedimento f\u00edsico,\u2026),\u00a0 en casos especiales se necesita autorizaci\u00f3n de la delegaci\u00f3n\u00a0 provincial..<\/p>\n<p><strong>\u00bfQu\u00e9 estudios se pueden cursar?<\/strong><\/p>\n<p>Los Niveles I y II de la Secundaria para adultos, en las modalidades Presencial Semipresencial y A distancia, que te permiten obtener el T\u00edtulo de Graduado en ESO.<\/p>\n<p><strong>\u00bfC\u00f3mo se estructura la ESPA?<\/strong><\/p>\n<p>La ESPA se estructura en tres \u00c1reas de Conocimiento (\u00c1mbitos), \u00a0que son impartidos mediante clases colectivas y telem\u00e1ticas a trav\u00e9s de<span>\u00a0<\/span><a href=\"https:\/\/educacionadistancia.juntadeandalucia.es\/semi\/login\/index.php\" target=\"_blank\" rel=\"noopener\">PLATAFORMAS MOODLE<\/a><\/p>\n<p>Los tres \u00e1mbitos son:<\/p>\n<ul>\n<li>Cient\u00edfico-Tecnol\u00f3gico que incluye los conocimientos\u00a0 de Matem\u00e1ticas,\u00a0C. Naturaleza\u00a0 F\u00edsica y Qu\u00edmica\u00a0 y Tecnolog\u00eda<\/li>\n<li>Comunicaci\u00f3n que incluye los conocimientos de Lengua Castellana-Literatura \u00a0\u00a0y Lengua Extranjera<\/li>\n<li>Social que incluye los conocimientos de C. Sociales, Geograf\u00eda, \u00a0\u00a0Pl\u00e1stica, \u00c9tica \u2026<\/li>\n<\/ul>\n<p>Estos se distribuyen en dos Niveles I y II de duraci\u00f3n anual y se subdividen en tres m\u00f3dulos de duraci\u00f3n trimestral.<\/p>\n<p>As\u00ed pues cada uno de los \u00e1mbitos del Nivel I comprende los M\u00f3dulos 1, 2 y 3 que se desarrollar\u00e1n a lo largo del 1\u00ba, 2\u00ba y 3\u00ba \u00a0\u00a0trimestre respectivamente.<\/p>\n<p>De la misma forma cada uno de los \u00e1mbitos del Nivel II comprende los\u00a0 M\u00f3dulos 4, 5 y 6 que se desarrollar\u00e1n a lo largo del 1\u00ba, \u00a0\u00a02\u00ba y 3\u00ba trimestre.<\/p>\n<p>Cada m\u00f3dulo tiene pues duraci\u00f3n trimestral. Para la obtenci\u00f3n del t\u00edtulo de Graduado en Educaci\u00f3n Secundaria es necesario superar todos los m\u00f3dulos de cada \u00e1mbito y nivel. Para ello dispones de 6 convocatorias (2 por curso: junio y septiembre).<\/p>\n<p><strong>\u00bfCon qu\u00e9 estudios se accede al Nivel I?<\/strong><\/p>\n<ul>\n<li>Haber superado el nivel de Formaci\u00f3n de Base regulado por el Decreto \u00a0\u00a0156\/1997, de 10 de junio, por el que se regula la Formaci\u00f3n B\u00e1sica \u00a0\u00a0en Educaci\u00f3n de Adultos.<\/li>\n<li>Haber superado el plan educativo de formaci\u00f3n b\u00e1sica<strong>.<\/strong><\/li>\n<li>Haber cursado el primero y segundo curso de la educaci\u00f3n secundaria\u00a0 obligatoria y no haber promocionado a tercero; o el primer ciclo de esta etapa en su r\u00e9gimen para personas adultas y no haber promocionado al segundo ciclo<strong>.<\/strong><strong><\/strong><\/li>\n<\/ul>\n<p><strong><\/strong><\/p>\n<p><strong>\u00bfCon qu\u00e9 estudios se accede al Nivel II?<\/strong><\/p>\n<ul>\n<li>Haber superado el segundo curso de la educaci\u00f3n secundaria obligatoria,\u00a0 o el primer ciclo de \u00e9sta en su r\u00e9gimen para personas adultas.<\/li>\n<li>Estar en posesi\u00f3n del T\u00edtulo de Graduado Escolar.<\/li>\n<li>Haber obtenido valoraci\u00f3n positiva en uno o varios \u00e1mbitos\u00a0\u00a0 para la adscripci\u00f3n a este nivel como consecuencia del proceso de valoraci\u00f3n\u00a0 inicial.<\/li>\n<\/ul>\n<p><strong>\u00bfCu\u00e1ndo se puede realizar la inscripci\u00f3n y matr\u00edcula?<\/strong><\/p>\n<p><strong><span>PREINSCRIPCI\u00d3N<\/span><\/strong>: entre el 1 y el 15 de junio.<\/p>\n<p><strong><span>MATR\u00cdCULA<\/span><\/strong>: entre el 1 el 10 de julio. A partir del 1 de septiembre, en per\u00edodo extraordinario, hasta el 31 de diciembre, en funci\u00f3n de plazas vacantes.<\/p>\n<p><strong>\u00bfCu\u00e1nto cuestan estas ense\u00f1anzas?<\/strong><\/p>\n<p>La matr\u00edcula es gratuita. El alumno \u00fanicamente abonar\u00e1 el material did\u00e1ctico cuyo importe y forma de adquisici\u00f3n figuran en el impreso de matr\u00edcula y el seguro escolar cuando sea necesario.<\/p>\n<p><strong>\u00bfQu\u00e9 documentos se deben presentar en la matriculaci\u00f3n?<\/strong><\/p>\n<ul>\n<li>Impreso de solicitud de matr\u00edcula, debidamente cumplimentado.<\/li>\n<li>1 fotocopia del DNI<\/li>\n<li>1 fotograf\u00eda tama\u00f1o carnet para el alumnado de nuevo ingreso<\/li>\n<li>Certificaci\u00f3n acad\u00e9mica oficial que justifique el nivel de estudios<\/li>\n<li>Justificante del abono del Seguro Escolar (para alumnado menor de 28 a\u00f1os)<\/li>\n<\/ul>\n<p><strong><\/strong><\/p>\n<p><strong>\u00bfC\u00f3mo es la atenci\u00f3n tutorial?<\/strong><\/p>\n<p><strong>Los alumnos disponen de atenci\u00f3n tutorial individual y colectiva a trav\u00e9s de las sesiones de clases y el uso de las tecnolog\u00edas de la informaci\u00f3n y la comunicaci\u00f3n.<\/strong><\/p>\n<ul>\n<li>En<span>\u00a0<\/span><strong>Semipresencial<\/strong>, el alumnado dispone de un \u00a0total de 8 horas de clase a la semana 3 para el \u00e1mbito de Comunicaci\u00f3n, 3 para el \u00c1mbito Cient\u00edfico y 2 para el \u00c1mbito Social,\u00a0 estas se agrupan en dos d\u00edas a la semana, en jornadas de ma\u00f1ana y tarde, pudiendo\u00a0 optar el alumnado por el turno que m\u00e1s le conviene.<\/li>\n<li>En<span>\u00a0<\/span><strong>Presencial<\/strong>, las horas aumentan a 20 a la semana: 5 para el \u00c1mbito Social, 7 para el \u00c1mbito de Comunicaci\u00f3n y 8 para el \u00c1mbito Cient\u00edfico Tecnol\u00f3gico. El horario es de ma\u00f1ana.<\/li>\n<li><strong>A Distancia<\/strong>: el alumnado dispone de todos los contenidos y tareas a realizar en el aula moodle correspondiente. El contacto con el profesorado es telem\u00e1tico, pudiendo realizarse por chat, videoconferencia, foro, etc\u00e9tera.<\/li>\n<\/ul>\n<p><strong><\/strong><\/p>\n<p><strong>\u00bfC\u00f3mo se eval\u00faa?<\/strong><\/p>\n<p>A lo largo del curso se dispone de tres evaluaciones con sus respectivas recuperaciones que coinciden con los finales del trimestre. Los contenidos y procedimientos de evaluaci\u00f3n concretos estar\u00e1n especificados en la programaci\u00f3n de la asignatura que se publica en las<span>\u00a0<\/span><a href=\"https:\/\/educacionadistancia.juntadeandalucia.es\/semi\/login\/index.php\">Aulas Moodle<\/a>\u00a0a comienzos del curso.<\/p>\n<p>En la modalidad a Distancia, se basa en la realizaci\u00f3n de tareas y la validaci\u00f3n de la autor\u00eda de las mismas mediante un examen trimestral presencial.<\/p>\n<p>[\/et_pb_text][\/et_pb_column][\/et_pb_row][\/et_pb_section]<\/p>\n","protected":false},"excerpt":{"rendered":"<p>\u00bfQuienes se pueden matricular? Personas mayores de 18 a\u00f1os o que cumplan esa edad dentro del a\u00f1o natural en que efect\u00faan su matriculaci\u00f3n. Tambi\u00e9n podr\u00e1n acceder los alumnos que teniendo 16 a\u00f1os, no puedan asistir a un centro ordinario por motivo justificado (trabajo, impedimento f\u00edsico,\u2026),\u00a0 en casos especiales se necesita autorizaci\u00f3n de la delegaci\u00f3n\u00a0 provincial.. [&hellip;]<\/p>\n","protected":false},"author":2513,"featured_media":0,"parent":0,"menu_order":0,"comment_status":"closed","ping_status":"closed","template":"","meta":{"_et_pb_use_builder":"on","_et_pb_old_content":"","_et_gb_content_width":"","ngg_post_thumbnail":0,"footnotes":""},"aioseo_notices":[],"_links":{"self":[{"href":"https:\/\/blogsaverroes.juntadeandalucia.es\/ipepcadiz\/wp-json\/wp\/v2\/pages\/16"}],"collection":[{"href":"https:\/\/blogsaverroes.juntadeandalucia.es\/ipepcadiz\/wp-json\/wp\/v2\/pages"}],"about":[{"href":"https:\/\/blogsaverroes.juntadeandalucia.es\/ipepcadiz\/wp-json\/wp\/v2\/types\/page"}],"author":[{"embeddable":true,"href":"https:\/\/blogsaverroes.juntadeandalucia.es\/ipepcadiz\/wp-json\/wp\/v2\/users\/2513"}],"replies":[{"embeddable":true,"href":"https:\/\/blogsaverroes.juntadeandalucia.es\/ipepcadiz\/wp-json\/wp\/v2\/comments?post=16"}],"version-history":[{"count":8,"href":"https:\/\/blogsaverroes.juntadeandalucia.es\/ipepcadiz\/wp-json\/wp\/v2\/pages\/16\/revisions"}],"predecessor-version":[{"id":1062,"href":"https:\/\/blogsaverroes.juntadeandalucia.es\/ipepcadiz\/wp-json\/wp\/v2\/pages\/16\/revisions\/1062"}],"wp:attachment":[{"href":"https:\/\/blogsaverroes.juntadeandalucia.es\/ipepcadiz\/wp-json\/wp\/v2\/media?parent=16"}],"curies":[{"name":"wp","href":"https:\/\/api.w.org\/{rel}","templated":true}]}}