{"id":21,"date":"2020-01-10T08:47:08","date_gmt":"2020-01-10T07:47:08","guid":{"rendered":"http:\/\/blogsaverroes.juntadeandalucia.es\/pre\/nuevoies2v2\/?page_id=21"},"modified":"2025-12-01T13:04:42","modified_gmt":"2025-12-01T12:04:42","slug":"bachillerato","status":"publish","type":"page","link":"https:\/\/blogsaverroes.juntadeandalucia.es\/ipepcadiz\/bachillerato\/","title":{"rendered":"Bachillerato"},"content":{"rendered":"<p>[et_pb_section fb_built=&#8221;1&#8243; _builder_version=&#8221;4.16&#8243; custom_padding=&#8221;0px||0px|&#8221; z_index_tablet=&#8221;500&#8243; box_shadow_horizontal_tablet=&#8221;0px&#8221; box_shadow_vertical_tablet=&#8221;0px&#8221; box_shadow_blur_tablet=&#8221;40px&#8221; box_shadow_spread_tablet=&#8221;0px&#8221; global_colors_info=&#8221;{}&#8221;][et_pb_row _builder_version=&#8221;4.16&#8243; background_size=&#8221;initial&#8221; background_position=&#8221;top_left&#8221; background_repeat=&#8221;repeat&#8221; global_colors_info=&#8221;{}&#8221;][et_pb_column type=&#8221;4_4&#8243; _builder_version=&#8221;4.16&#8243; custom_padding=&#8221;|||&#8221; global_colors_info=&#8221;{}&#8221; custom_padding__hover=&#8221;|||&#8221;][et_pb_image src=&#8221;https:\/\/blogsaverroes.juntadeandalucia.es\/ipepcadiz\/files\/2020\/01\/cabecera-interior-ies-3-1.png&#8221; admin_label=&#8221;Imagen de la portada&#8221; _builder_version=&#8221;4.16&#8243; vertical_offset_tablet=&#8221;0&#8243; horizontal_offset_tablet=&#8221;0&#8243; custom_margin=&#8221;||56px|||&#8221; z_index_tablet=&#8221;500&#8243; box_shadow_horizontal_tablet=&#8221;0px&#8221; box_shadow_vertical_tablet=&#8221;0px&#8221; box_shadow_blur_tablet=&#8221;40px&#8221; box_shadow_spread_tablet=&#8221;0px&#8221; global_colors_info=&#8221;{}&#8221;][\/et_pb_image][et_pb_heading title=&#8221;Bachillerato&#8221; _builder_version=&#8221;4.24.2&#8243; _module_preset=&#8221;default&#8221; title_font=&#8221;Arial|800|||||||&#8221; title_text_align=&#8221;center&#8221; title_text_color=&#8221;#0B75C1&#8243; title_letter_spacing=&#8221;10px&#8221; background_color=&#8221;#FFFFFF&#8221; module_alignment=&#8221;center&#8221; box_shadow_style=&#8221;preset1&#8243; box_shadow_blur=&#8221;33px&#8221; box_shadow_spread=&#8221;12px&#8221; box_shadow_color=&#8221;#0B75C1&#8243; global_colors_info=&#8221;{}&#8221;][\/et_pb_heading][et_pb_button button_url=&#8221;https:\/\/blogsaverroes.juntadeandalucia.es\/ipepcadiz\/files\/2025\/12\/04-OFERTA-REAL-ASIGNATURAS-25-26.pdf&#8221; button_text=&#8221;OFERTA DE MATERIAS presencial, semipresencial y a distancia CURSO 25-26&#8243; button_alignment=&#8221;center&#8221; _builder_version=&#8221;4.24.2&#8243; _module_preset=&#8221;default&#8221; custom_button=&#8221;on&#8221; button_text_color=&#8221;#0B75C1&#8243; button_bg_color=&#8221;#E6E6E6&#8243; button_border_width=&#8221;2px&#8221; button_border_radius=&#8221;41px&#8221; button_use_icon=&#8221;off&#8221; custom_margin=&#8221;55px||10px||false|false&#8221; animation_style=&#8221;zoom&#8221; animation_duration=&#8221;800ms&#8221; hover_enabled=&#8221;0&#8243; box_shadow_style=&#8221;preset1&#8243; global_colors_info=&#8221;{}&#8221; sticky_enabled=&#8221;0&#8243;][\/et_pb_button][et_pb_text admin_label=&#8221;Texto descriptivo&#8221; _builder_version=&#8221;4.24.2&#8243; custom_padding=&#8221;17px|||||&#8221; z_index_tablet=&#8221;500&#8243; text_text_shadow_horizontal_length_tablet=&#8221;0px&#8221; text_text_shadow_vertical_length_tablet=&#8221;0px&#8221; text_text_shadow_blur_strength_tablet=&#8221;1px&#8221; link_text_shadow_horizontal_length_tablet=&#8221;0px&#8221; link_text_shadow_vertical_length_tablet=&#8221;0px&#8221; link_text_shadow_blur_strength_tablet=&#8221;1px&#8221; ul_text_shadow_horizontal_length_tablet=&#8221;0px&#8221; ul_text_shadow_vertical_length_tablet=&#8221;0px&#8221; ul_text_shadow_blur_strength_tablet=&#8221;1px&#8221; ol_text_shadow_horizontal_length_tablet=&#8221;0px&#8221; ol_text_shadow_vertical_length_tablet=&#8221;0px&#8221; ol_text_shadow_blur_strength_tablet=&#8221;1px&#8221; quote_text_shadow_horizontal_length_tablet=&#8221;0px&#8221; quote_text_shadow_vertical_length_tablet=&#8221;0px&#8221; quote_text_shadow_blur_strength_tablet=&#8221;1px&#8221; header_text_shadow_horizontal_length_tablet=&#8221;0px&#8221; header_text_shadow_vertical_length_tablet=&#8221;0px&#8221; header_text_shadow_blur_strength_tablet=&#8221;1px&#8221; header_2_text_shadow_horizontal_length_tablet=&#8221;0px&#8221; header_2_text_shadow_vertical_length_tablet=&#8221;0px&#8221; header_2_text_shadow_blur_strength_tablet=&#8221;1px&#8221; header_3_text_shadow_horizontal_length_tablet=&#8221;0px&#8221; header_3_text_shadow_vertical_length_tablet=&#8221;0px&#8221; header_3_text_shadow_blur_strength_tablet=&#8221;1px&#8221; header_4_text_shadow_horizontal_length_tablet=&#8221;0px&#8221; header_4_text_shadow_vertical_length_tablet=&#8221;0px&#8221; header_4_text_shadow_blur_strength_tablet=&#8221;1px&#8221; header_5_text_shadow_horizontal_length_tablet=&#8221;0px&#8221; header_5_text_shadow_vertical_length_tablet=&#8221;0px&#8221; header_5_text_shadow_blur_strength_tablet=&#8221;1px&#8221; header_6_text_shadow_horizontal_length_tablet=&#8221;0px&#8221; header_6_text_shadow_vertical_length_tablet=&#8221;0px&#8221; header_6_text_shadow_blur_strength_tablet=&#8221;1px&#8221; box_shadow_horizontal_tablet=&#8221;0px&#8221; box_shadow_vertical_tablet=&#8221;0px&#8221; box_shadow_blur_tablet=&#8221;40px&#8221; box_shadow_spread_tablet=&#8221;0px&#8221; global_colors_info=&#8221;{}&#8221;]<\/p>\n<p><strong style=\"font-size: 14px\">\u00bfQui\u00e9nes se pueden matricular?<\/strong><br \/><strong><\/strong><\/p>\n<p>Personas Mayores de 18 a\u00f1os<\/p>\n<p>Excepcionalmente, mayores de 16 a\u00f1os si acreditan que no pueden realizar estos estudios de modo presencial: contrato laboral, enfermedad de larga duraci\u00f3n, deportista de \u00e9lite\u2026<\/p>\n<p><span>\u00a0<\/span><strong>\u00bfQu\u00e9 estudios se pueden cursar?<\/strong><\/p>\n<p>El Bachillerato dura dos cursos y en el IPEP de C\u00e1diz pueden realizarse dos de las cuatro modalidades de Bachillerato en Presencial y Semipresencial:<\/p>\n<ul>\n<li><strong>Ciencias y Tecnolog\u00eda<br \/><\/strong><\/li>\n<li><strong>Humanidades y Ciencias Sociales<\/strong><\/li>\n<\/ul>\n<p><strong><\/strong>En distancia, tenemos la modalidad de<\/p>\n<ul>\n<li><strong>Ciencias y Tecnolog\u00eda<\/strong><\/li>\n<\/ul>\n<p><strong>\u00bfCu\u00e1l es el plan de estudios?<\/strong><\/p>\n<p>Cada curso consta de:\u00a0<strong>MATERIAS COMUNES,\u00a0<\/strong><strong>MATERIAS DE MODALIDAD Y\u00a0<\/strong><strong>MATERIAS OPTATIVAS<\/strong><\/p>\n<p>Si traes alguna materia aprobada de tu instituto anterior se te convalida y no tienes que volver a cursarla. (Ver cuadro de convalidaciones:<span>\u00a0<\/span><a class=\"cm_anchor\" href=\"https:\/\/www.juntadeandalucia.es\/educacion\/webportal\/ishare-servlet\/content\/b436aeaf-6324-411e-9b49-d0363b647df6\" target=\"_blank\" rel=\"noopener\">1\u00ba de Bachillerato<\/a>\u00a0y<span>\u00a0<\/span><a class=\"cm_anchor\" href=\"https:\/\/www.juntadeandalucia.es\/educacion\/webportal\/ishare-servlet\/content\/a5be2d53-ec37-44e4-8c9e-c753a8f6d331\" target=\"_blank\" rel=\"noopener\">2\u00ba de Bachillerato<\/a>)<\/p>\n<p><strong>\u00bfC\u00f3mo se accede al Bachillerato?<\/strong><\/p>\n<p>Para poder matricularse en primero de Bachillerato hay que estar en posesi\u00f3n del t\u00edtulo de Graduado en Educaci\u00f3n Secundaria, haber aprobado el segundo curso de BUP (Bachillerato Unificado y Polivalente) o haber terminado los estudios de FP.I. Si est\u00e1 en otras condiciones -que pueden ser muy diversas-, conviene que consulte en la secretar\u00eda del centro.<\/p>\n<p><strong>\u00bfCu\u00e1ndo se puede realizar la matr\u00edcula?<\/strong><\/p>\n<p>El plazo de admisi\u00f3n es del 1 al 15 de junio.<\/p>\n<p>Si obtienes plaza, la matr\u00edcula se podr\u00e1 realizar en los mismos plazos que se hayan establecido para el r\u00e9gimen ordinario: del 1 al 10 de julio o en septiembre. No obstante, si\u00a0 por cualquier circunstancia que se lo impida, no se ha podido matricular dentro de estos plazos, se puede considerar la posibilidad de que se matricule\u00a0 fuera de plazo (hasta el 31 de diciembre), siempre que existan plazas en el centro.<\/p>\n<p><strong>\u00bfCu\u00e1nto cuestan estas ense\u00f1anzas?<\/strong><\/p>\n<p>La matr\u00edcula es gratuita, salvo en la modalidad A Distancia, en la que es necesario es abono de unas tasas.<\/p>\n<p><strong>\u00bfQu\u00e9 documentos se deben presentar en la matriculaci\u00f3n?<\/strong><\/p>\n<p>Todos los solicitantes deber\u00e1n presentar:<\/p>\n<ul>\n<li>Impreso de solicitud de matr\u00edcula debidamente cumplimentado.<\/li>\n<li>Una fotocopia del DNI o pasaporte.<\/li>\n<li>1 fotograf\u00edas tama\u00f1o carn\u00e9, para el alumnado de nuevo ingreso.<\/li>\n<li>Certificaci\u00f3n acad\u00e9mica oficial o copia de T\u00edtulos acad\u00e9micos que justifiquen su nivel de estudios.<\/li>\n<li>Justificante del abono del Seguro Escolar (para menores de 28 a\u00f1os).<\/li>\n<\/ul>\n<p><strong><\/strong><\/p>\n<p><strong>\u00bfC\u00f3mo es la atenci\u00f3n tutorial?<\/strong><\/p>\n<ul>\n<li>En\u00a0<span>\u00a0<\/span><strong>Semipresencial<\/strong>, el alumnado dispone de atenci\u00f3n tutorial individual y colectiva.La colectiva es siempre presencial. El\u00a0 alumnnado dispone de una hora de clase a la semana en las materias comunes y dos en las de modalidad y optativas. La atenci\u00f3n individual ser\u00e1 principalmente telem\u00e1tica, us\u00e1ndose para ello las<span>\u00a0<\/span><a href=\"https:\/\/educacionadistancia.juntadeandalucia.es\/semi\/login\/index.php\">plataformas moodle de educaci\u00f3n semipresencial<\/a>, el correo electr\u00f3nico y el contacto\u00a0 telef\u00f3nico; no obstante, el alumnado podr\u00e1\u00a0 realizar consultas \u00aben persona\u00bb al titular de la asignatura en el horario establecido para ello.<\/li>\n<li>En la Modalidad<span>\u00a0<\/span><strong>Presencial<\/strong>, se asiste a un total de 27 horas de clases a la semana. El alumnado dispone, para reforzar contenidos y actividades de aulas moodle espec\u00edficas.<\/li>\n<li><strong>A Distancia<\/strong>: el alumnado dispone de todos los contenidos y tareas a realizar en el aula moodle correspondiente. El contacto con el profesorado es telem\u00e1tico, pudiendo realizarse por chat, videoconferencia, foro, etc\u00e9tera.<\/li>\n<\/ul>\n<p><strong><\/strong><\/p>\n<p><strong>\u00bfC\u00f3mo se eval\u00faa?<\/strong><\/p>\n<p>A lo largo del curso se dispone de tres evaluaciones con sus respectivas recuperaciones que coinciden con los finales del trimestre. Los contenidos y procedimientos de evaluaci\u00f3n concretos estar\u00e1n especificados en la programaci\u00f3n de la asignatura que se publica en las\u00a0<a href=\"https:\/\/educacionadistancia.juntadeandalucia.es\/semi\/login\/index.php\">aulas moodle<\/a><span>\u00a0<\/span>a comienzos del curso.<\/p>\n<p>En la modalidad a Distancia se basa en la realizaci\u00f3n de tareas y la validaci\u00f3n de la autor\u00eda de las mismas mediante una prueba trimestral presencial.<\/p>\n<p><span>\u00a0<\/span><strong>\u00bfQu\u00e9 titulaci\u00f3n se obtiene?<\/strong><\/p>\n<p>Una vez superado el segundo curso, se obtendr\u00e1 el T\u00edtulo de Bachiller.<\/p>\n<p><span>\u00a0<\/span><strong>\u00bfA qu\u00e9 ense\u00f1anzas se puede acceder con este T\u00edtulo?<\/strong><\/p>\n<p>Con el T\u00edtulo de Bachiller se pueden realizar estudios universitarios, una vez superada la Prueba de Acceso a la Universidad.<\/p>\n<p>El T\u00edtulo de Bachiller permite tambi\u00e9n acceder a los Ciclos Formativos de Grado Superior de Formaci\u00f3n Profesional.<\/p>\n<p>[\/et_pb_text][\/et_pb_column][\/et_pb_row][\/et_pb_section]<\/p>\n","protected":false},"excerpt":{"rendered":"<p>\u00bfQui\u00e9nes se pueden matricular? Personas Mayores de 18 a\u00f1os Excepcionalmente, mayores de 16 a\u00f1os si acreditan que no pueden realizar estos estudios de modo presencial: contrato laboral, enfermedad de larga duraci\u00f3n, deportista de \u00e9lite\u2026 \u00a0\u00bfQu\u00e9 estudios se pueden cursar? El Bachillerato dura dos cursos y en el IPEP de C\u00e1diz pueden realizarse dos de las [&hellip;]<\/p>\n","protected":false},"author":2513,"featured_media":0,"parent":0,"menu_order":0,"comment_status":"closed","ping_status":"closed","template":"","meta":{"_et_pb_use_builder":"on","_et_pb_old_content":"","_et_gb_content_width":"","ngg_post_thumbnail":0,"footnotes":""},"aioseo_notices":[],"_links":{"self":[{"href":"https:\/\/blogsaverroes.juntadeandalucia.es\/ipepcadiz\/wp-json\/wp\/v2\/pages\/21"}],"collection":[{"href":"https:\/\/blogsaverroes.juntadeandalucia.es\/ipepcadiz\/wp-json\/wp\/v2\/pages"}],"about":[{"href":"https:\/\/blogsaverroes.juntadeandalucia.es\/ipepcadiz\/wp-json\/wp\/v2\/types\/page"}],"author":[{"embeddable":true,"href":"https:\/\/blogsaverroes.juntadeandalucia.es\/ipepcadiz\/wp-json\/wp\/v2\/users\/2513"}],"replies":[{"embeddable":true,"href":"https:\/\/blogsaverroes.juntadeandalucia.es\/ipepcadiz\/wp-json\/wp\/v2\/comments?post=21"}],"version-history":[{"count":25,"href":"https:\/\/blogsaverroes.juntadeandalucia.es\/ipepcadiz\/wp-json\/wp\/v2\/pages\/21\/revisions"}],"predecessor-version":[{"id":2502,"href":"https:\/\/blogsaverroes.juntadeandalucia.es\/ipepcadiz\/wp-json\/wp\/v2\/pages\/21\/revisions\/2502"}],"wp:attachment":[{"href":"https:\/\/blogsaverroes.juntadeandalucia.es\/ipepcadiz\/wp-json\/wp\/v2\/media?parent=21"}],"curies":[{"name":"wp","href":"https:\/\/api.w.org\/{rel}","templated":true}]}}