{"id":30,"date":"2020-01-10T08:56:11","date_gmt":"2020-01-10T07:56:11","guid":{"rendered":"http:\/\/blogsaverroes.juntadeandalucia.es\/pre\/nuevoies2v2\/?page_id=30"},"modified":"2026-01-26T12:36:21","modified_gmt":"2026-01-26T11:36:21","slug":"actividades-extraescolares","status":"publish","type":"page","link":"https:\/\/blogsaverroes.juntadeandalucia.es\/ipepcadiz\/actividades-extraescolares\/","title":{"rendered":"Actividades extraescolares"},"content":{"rendered":"<p>[et_pb_section fb_built=&#8221;1&#8243; _builder_version=&#8221;4.16&#8243; custom_padding=&#8221;0px||0px|&#8221; z_index_tablet=&#8221;500&#8243; box_shadow_horizontal_tablet=&#8221;0px&#8221; box_shadow_vertical_tablet=&#8221;0px&#8221; box_shadow_blur_tablet=&#8221;40px&#8221; box_shadow_spread_tablet=&#8221;0px&#8221; global_colors_info=&#8221;{}&#8221;][et_pb_row _builder_version=&#8221;4.16&#8243; background_size=&#8221;initial&#8221; background_position=&#8221;top_left&#8221; background_repeat=&#8221;repeat&#8221; global_colors_info=&#8221;{}&#8221;][et_pb_column type=&#8221;4_4&#8243; _builder_version=&#8221;4.16&#8243; custom_padding=&#8221;|||&#8221; global_colors_info=&#8221;{}&#8221; custom_padding__hover=&#8221;|||&#8221;][et_pb_image src=&#8221;https:\/\/blogsaverroes.juntadeandalucia.es\/ipepcadiz\/files\/2020\/02\/cabecera-interior-ies-3.png&#8221; title_text=&#8221;cabecera-interior-ies-3&#8243; admin_label=&#8221;Imagen de la portada&#8221; _builder_version=&#8221;4.24.2&#8243; vertical_offset_tablet=&#8221;0&#8243; horizontal_offset_tablet=&#8221;0&#8243; z_index_tablet=&#8221;500&#8243; box_shadow_horizontal_tablet=&#8221;0px&#8221; box_shadow_vertical_tablet=&#8221;0px&#8221; box_shadow_blur_tablet=&#8221;40px&#8221; box_shadow_spread_tablet=&#8221;0px&#8221; global_colors_info=&#8221;{}&#8221;][\/et_pb_image][et_pb_text admin_label=&#8221;Texto descriptivo&#8221; _builder_version=&#8221;4.24.2&#8243; hover_enabled=&#8221;0&#8243; z_index_tablet=&#8221;500&#8243; text_text_shadow_horizontal_length_tablet=&#8221;0px&#8221; text_text_shadow_vertical_length_tablet=&#8221;0px&#8221; text_text_shadow_blur_strength_tablet=&#8221;1px&#8221; link_text_shadow_horizontal_length_tablet=&#8221;0px&#8221; link_text_shadow_vertical_length_tablet=&#8221;0px&#8221; link_text_shadow_blur_strength_tablet=&#8221;1px&#8221; ul_text_shadow_horizontal_length_tablet=&#8221;0px&#8221; ul_text_shadow_vertical_length_tablet=&#8221;0px&#8221; ul_text_shadow_blur_strength_tablet=&#8221;1px&#8221; ol_text_shadow_horizontal_length_tablet=&#8221;0px&#8221; ol_text_shadow_vertical_length_tablet=&#8221;0px&#8221; ol_text_shadow_blur_strength_tablet=&#8221;1px&#8221; quote_text_shadow_horizontal_length_tablet=&#8221;0px&#8221; quote_text_shadow_vertical_length_tablet=&#8221;0px&#8221; quote_text_shadow_blur_strength_tablet=&#8221;1px&#8221; header_text_shadow_horizontal_length_tablet=&#8221;0px&#8221; header_text_shadow_vertical_length_tablet=&#8221;0px&#8221; header_text_shadow_blur_strength_tablet=&#8221;1px&#8221; header_2_text_shadow_horizontal_length_tablet=&#8221;0px&#8221; header_2_text_shadow_vertical_length_tablet=&#8221;0px&#8221; header_2_text_shadow_blur_strength_tablet=&#8221;1px&#8221; header_3_text_shadow_horizontal_length_tablet=&#8221;0px&#8221; header_3_text_shadow_vertical_length_tablet=&#8221;0px&#8221; header_3_text_shadow_blur_strength_tablet=&#8221;1px&#8221; header_4_text_shadow_horizontal_length_tablet=&#8221;0px&#8221; header_4_text_shadow_vertical_length_tablet=&#8221;0px&#8221; header_4_text_shadow_blur_strength_tablet=&#8221;1px&#8221; header_5_text_shadow_horizontal_length_tablet=&#8221;0px&#8221; header_5_text_shadow_vertical_length_tablet=&#8221;0px&#8221; header_5_text_shadow_blur_strength_tablet=&#8221;1px&#8221; header_6_text_shadow_horizontal_length_tablet=&#8221;0px&#8221; header_6_text_shadow_vertical_length_tablet=&#8221;0px&#8221; header_6_text_shadow_blur_strength_tablet=&#8221;1px&#8221; box_shadow_horizontal_tablet=&#8221;0px&#8221; box_shadow_vertical_tablet=&#8221;0px&#8221; box_shadow_blur_tablet=&#8221;40px&#8221; box_shadow_spread_tablet=&#8221;0px&#8221; global_colors_info=&#8221;{}&#8221; sticky_enabled=&#8221;0&#8243;]<\/p>\n<h1>Actividades<\/h1>\n<ul>\n<li><a href=\"https:\/\/drive.google.com\/file\/d\/1zKJ3Bg9Gl4TV2vAZUNi9dIsZbhrI8D6X\/view\">V\u00eddeo de la conferencia de Pablo Juli\u00e1<\/a> <\/li>\n<li><a href=\"https:\/\/blogsaverroes.juntadeandalucia.es\/ipepcadiz\/files\/2026\/01\/Bases-concurso-Cronica-de-un-instante.-La-Transicion-y-yo.-25.26x.pdf\" rel=\"attachment wp-att-2571\">Bases Concurso Cr\u00f3nica de un instante. La Transici\u00f3n y yo.<\/a><\/li>\n<li class=\"entry-title\"><strong><a id=\"yui_3_18_1_1_1762254168350_856\" style=\"--tw-border-spacing-x: 0;--tw-border-spacing-y: 0;--tw-translate-x: 0;--tw-translate-y: 0;--tw-rotate: 0;--tw-skew-x: 0;--tw-skew-y: 0;--tw-scale-x: 1;--tw-scale-y: 1;--tw-scroll-snap-strictness: proximity;--tw-ring-offset-width: 0px;--tw-ring-offset-color: #fff;--tw-ring-offset-shadow: 0 0 #0000;--tw-ring-shadow: 0 0 #0000;--tw-shadow: 0 0 #0000;--tw-shadow-colored: 0 0 #0000;color: #03290c;text-decoration: none !important;font-family: Poppins, sans-serif;font-size: 15px;font-style: normal;font-weight: 400;letter-spacing: normal;text-align: center;text-indent: 0px;text-transform: none\" title=\"https:\/\/docs.google.com\/forms\/d\/e\/1FAIpQLSdubQoc04pCfdt3WttJDoInYRzZtj2ms1C36Ar2tjrw_RHbvw\/viewform?usp=dialog\" href=\"https:\/\/docs.google.com\/forms\/d\/e\/1FAIpQLSdubQoc04pCfdt3WttJDoInYRzZtj2ms1C36Ar2tjrw_RHbvw\/viewform?usp=dialog\"><img loading=\"lazy\" decoding=\"async\" class=\"wp-image-2437 alignnone size-medium\" src=\"https:\/\/blogsaverroes.juntadeandalucia.es\/ipepcadiz\/files\/2025\/11\/a57a4619-4391-4eab-a03f-b2396f507db9-213x300.jpeg\" alt=\"\" width=\"254\" height=\"358\" srcset=\"https:\/\/blogsaverroes.juntadeandalucia.es\/ipepcadiz\/files\/2025\/11\/a57a4619-4391-4eab-a03f-b2396f507db9-213x300.jpeg 213w, https:\/\/blogsaverroes.juntadeandalucia.es\/ipepcadiz\/files\/2025\/11\/a57a4619-4391-4eab-a03f-b2396f507db9.jpeg 460w\" sizes=\"(max-width: 254px) 100vw, 254px\" \/><\/a><\/strong><\/li>\n<li class=\"entry-title\"><iframe loading=\"lazy\" src=\"https:\/\/www.youtube.com\/embed\/9GRji9LLm-A\" width=\"681\" height=\"383\" frameborder=\"0\"><\/iframe><\/li>\n<li class=\"entry-title\">\n<h3><strong>Nuestro IPEP en EXPOINNOVA<\/strong><\/h3>\n<h5><\/h5>\n<\/li>\n<li class=\"entry-title\"><a href=\"https:\/\/drive.google.com\/file\/d\/1PFhvia-GGpDeosAC1sQX9ilHNeeXQydB\/view?usp=sharing\">Presentaci\u00f3n<\/a><\/li>\n<li class=\"entry-title\"><a href=\"https:\/\/blogsaverroes.juntadeandalucia.es\/ipepcadiz\/files\/2025\/05\/VID-20250513-WA0008.mp4\">Reportaje Onda Cad\u00edz<\/a><\/li>\n<li class=\"entry-title\"><a href=\"https:\/\/youtu.be\/VB4KGnvjWJI?si=xkqH89mHhbFMgO8U\">Aula Futuro<\/a><\/li>\n<li class=\"entry-title\">\n<h3><a href=\"https:\/\/blogsaverroes.juntadeandalucia.es\/ipepcadiz\/el-barrio-el-ipep-y-la-torre-de-puntales\/\">El Barrio, el IPEP y la TORRE de PUNTALES<\/a><\/h3>\n<ul>\n<li>\n<h5><a href=\"https:\/\/ondacadiz.es\/noticias\/2025-04\/el-instituto-provincial-de-formacion-permanente-organiza-una-serie-de-actividades\">Visita de OndaC\u00e1diz al IPEP<\/a><\/h5>\n<\/li>\n<li>\n<h5><a href=\"https:\/\/youtu.be\/wjrVYEc_Mxk?si=BTL5KUiN5OraieHA\">Promoci\u00f3n actividad del viernes<\/a><\/h5>\n<\/li>\n<\/ul>\n<\/li>\n<\/ul>\n<p>&nbsp;<\/p>\n<ul>\n<li>Concursos:\n<ul>\n<li>\n<h5 class=\"entry-title\"><a href=\"https:\/\/blogsaverroes.juntadeandalucia.es\/ipepcadiz\/concurso-mi-cronica-constitucional-gaditana\/\">Concurso \u201cMi Cr\u00f3nica Constitucional Gaditana\u201d<\/a><\/h5>\n<\/li>\n<li>\n<h5 class=\"entry-title\"><a href=\"https:\/\/blogsaverroes.juntadeandalucia.es\/ipepcadiz\/concurso-de-fotografia\/\">Concurso de Fotograf\u00eda Puntales tiene su punto. Y una torre<\/a><\/h5>\n<\/li>\n<li>\n<h5 class=\"entry-title\"><a href=\"https:\/\/blogsaverroes.juntadeandalucia.es\/ipepcadiz\/concurso-de-fotografia-puntales-tiene-su-punto\/\">Concurso de Fotograf\u00eda \u201cPuntales tiene su punto\u201d<\/a><\/h5>\n<\/li>\n<\/ul>\n<\/li>\n<\/ul>\n<p>&nbsp;[\/et_pb_text][\/et_pb_column][\/et_pb_row][\/et_pb_section]<\/p>\n","protected":false},"excerpt":{"rendered":"<p>Actividades V\u00eddeo de la conferencia de Pablo Juli\u00e1 Bases Concurso Cr\u00f3nica de un instante. La Transici\u00f3n y yo. Nuestro IPEP en EXPOINNOVA Presentaci\u00f3n Reportaje Onda Cad\u00edz Aula Futuro El Barrio, el IPEP y la TORRE de PUNTALES Visita de OndaC\u00e1diz al IPEP Promoci\u00f3n actividad del viernes &nbsp; Concursos: Concurso \u201cMi Cr\u00f3nica Constitucional Gaditana\u201d Concurso de [&hellip;]<\/p>\n","protected":false},"author":2513,"featured_media":0,"parent":0,"menu_order":0,"comment_status":"closed","ping_status":"closed","template":"","meta":{"_et_pb_use_builder":"on","_et_pb_old_content":"","_et_gb_content_width":"","ngg_post_thumbnail":0,"footnotes":""},"aioseo_notices":[],"_links":{"self":[{"href":"https:\/\/blogsaverroes.juntadeandalucia.es\/ipepcadiz\/wp-json\/wp\/v2\/pages\/30"}],"collection":[{"href":"https:\/\/blogsaverroes.juntadeandalucia.es\/ipepcadiz\/wp-json\/wp\/v2\/pages"}],"about":[{"href":"https:\/\/blogsaverroes.juntadeandalucia.es\/ipepcadiz\/wp-json\/wp\/v2\/types\/page"}],"author":[{"embeddable":true,"href":"https:\/\/blogsaverroes.juntadeandalucia.es\/ipepcadiz\/wp-json\/wp\/v2\/users\/2513"}],"replies":[{"embeddable":true,"href":"https:\/\/blogsaverroes.juntadeandalucia.es\/ipepcadiz\/wp-json\/wp\/v2\/comments?post=30"}],"version-history":[{"count":35,"href":"https:\/\/blogsaverroes.juntadeandalucia.es\/ipepcadiz\/wp-json\/wp\/v2\/pages\/30\/revisions"}],"predecessor-version":[{"id":2603,"href":"https:\/\/blogsaverroes.juntadeandalucia.es\/ipepcadiz\/wp-json\/wp\/v2\/pages\/30\/revisions\/2603"}],"wp:attachment":[{"href":"https:\/\/blogsaverroes.juntadeandalucia.es\/ipepcadiz\/wp-json\/wp\/v2\/media?parent=30"}],"curies":[{"name":"wp","href":"https:\/\/api.w.org\/{rel}","templated":true}]}}