{"id":55,"date":"2020-01-10T09:42:57","date_gmt":"2020-01-10T08:42:57","guid":{"rendered":"http:\/\/blogsaverroes.juntadeandalucia.es\/pre\/nuevoies2v2\/?page_id=55"},"modified":"2026-03-17T17:13:18","modified_gmt":"2026-03-17T16:13:18","slug":"planes-y-proyectos","status":"publish","type":"page","link":"https:\/\/blogsaverroes.juntadeandalucia.es\/ipepcadiz\/planes-y-proyectos\/","title":{"rendered":"Planes y Proyectos"},"content":{"rendered":"<p>[et_pb_section fb_built=&#8221;1&#8243; _builder_version=&#8221;4.16&#8243; global_colors_info=&#8221;{}&#8221;][et_pb_row _builder_version=&#8221;4.16&#8243; background_size=&#8221;initial&#8221; background_position=&#8221;top_left&#8221; background_repeat=&#8221;repeat&#8221; global_colors_info=&#8221;{}&#8221;][et_pb_column type=&#8221;4_4&#8243; _builder_version=&#8221;4.16&#8243; custom_padding=&#8221;|||&#8221; global_colors_info=&#8221;{}&#8221; custom_padding__hover=&#8221;|||&#8221;][et_pb_image src=&#8221;https:\/\/blogsaverroes.juntadeandalucia.es\/ipepcadiz\/files\/2020\/02\/cabecera-interior-ies-3.png&#8221; _builder_version=&#8221;4.16&#8243; vertical_offset_tablet=&#8221;0&#8243; horizontal_offset_tablet=&#8221;0&#8243; custom_margin=&#8221;||57px|||&#8221; z_index_tablet=&#8221;500&#8243; box_shadow_horizontal_tablet=&#8221;0px&#8221; box_shadow_vertical_tablet=&#8221;0px&#8221; box_shadow_blur_tablet=&#8221;40px&#8221; box_shadow_spread_tablet=&#8221;0px&#8221; global_colors_info=&#8221;{}&#8221;][\/et_pb_image][et_pb_heading title=&#8221;Planes y Proyectos&#8221; _builder_version=&#8221;4.24.2&#8243; _module_preset=&#8221;default&#8221; title_font=&#8221;Arial|800|||||||&#8221; title_text_align=&#8221;center&#8221; title_text_color=&#8221;#0B75C1&#8243; title_letter_spacing=&#8221;3px&#8221; custom_margin=&#8221;||62px|||&#8221; box_shadow_style=&#8221;preset1&#8243; box_shadow_blur=&#8221;55px&#8221; box_shadow_spread=&#8221;12px&#8221; box_shadow_color=&#8221;#0B75C1&#8243; global_colors_info=&#8221;{}&#8221;][\/et_pb_heading][et_pb_text _builder_version=&#8221;4.24.2&#8243; _module_preset=&#8221;default&#8221; text_text_shadow_style=&#8221;preset3&#8243; text_text_shadow_blur_strength=&#8221;1.56em&#8221; text_text_shadow_color=&#8221;#0B75C1&#8243; global_colors_info=&#8221;{}&#8221;]<\/p>\n<p><span style=\"font-size: 24pt;color: #0000ff\"><strong><span style=\"font-family: 'arial black', sans-serif\"><a id=\"Erasmus\"><\/a>Erasmus+ Curso 2025-26<\/span><\/strong><\/span><\/p>\n<p>[\/et_pb_text][et_pb_accordion icon_color=&#8221;#7CDA24&#8243; _builder_version=&#8221;4.24.2&#8243; _module_preset=&#8221;default&#8221; toggle_level=&#8221;h4&#8243; background_color=&#8221;#edef77&#8243; text_orientation=&#8221;center&#8221; animation_style=&#8221;zoom&#8221; link_option_url_new_window=&#8221;on&#8221; hover_enabled=&#8221;0&#8243; box_shadow_style=&#8221;preset5&#8243; text_shadow_style=&#8221;preset1&#8243; text_shadow_color=&#8221;#0B75C1&#8243; global_colors_info=&#8221;{}&#8221; sticky_enabled=&#8221;0&#8243;][et_pb_accordion_item title=&#8221;Erasmus Profesorado&#8221; _builder_version=&#8221;4.24.2&#8243; _module_preset=&#8221;default&#8221; background_color=&#8221;#edef51&#8243; background_enable_color=&#8221;on&#8221; link_option_url=&#8221;https:\/\/blogsaverroes.juntadeandalucia.es\/ipepcadiz\/files\/2026\/03\/documentos-sellados.pdf&#8221; hover_enabled=&#8221;0&#8243; global_colors_info=&#8221;{}&#8221; open=&#8221;on&#8221; sticky_enabled=&#8221;0&#8243;][\/et_pb_accordion_item][\/et_pb_accordion][et_pb_accordion icon_color=&#8221;#7CDA24&#8243; _builder_version=&#8221;4.24.2&#8243; _module_preset=&#8221;default&#8221; toggle_level=&#8221;h4&#8243; background_color=&#8221;#edef77&#8243; text_orientation=&#8221;center&#8221; animation_style=&#8221;zoom&#8221; link_option_url_new_window=&#8221;on&#8221; hover_enabled=&#8221;0&#8243; box_shadow_style=&#8221;preset5&#8243; text_shadow_style=&#8221;preset1&#8243; text_shadow_color=&#8221;#0B75C1&#8243; global_colors_info=&#8221;{}&#8221; sticky_enabled=&#8221;0&#8243;][et_pb_accordion_item title=&#8221;Cartel de la Convocatoria Roma&#8221; _builder_version=&#8221;4.24.2&#8243; _module_preset=&#8221;default&#8221; background_color=&#8221;#edef51&#8243; background_enable_color=&#8221;on&#8221; link_option_url=&#8221;https:\/\/blogsaverroes.juntadeandalucia.es\/ipepcadiz\/files\/2026\/01\/Cartel-Roma.pdf&#8221; global_colors_info=&#8221;{}&#8221; open=&#8221;on&#8221;]<\/p>\n<p>Convocatoria 25\/26 Roma<\/p>\n<p>[\/et_pb_accordion_item][et_pb_accordion_item title=&#8221;Convocatoria Roma&#8221; _builder_version=&#8221;4.24.2&#8243; _module_preset=&#8221;default&#8221; background_color=&#8221;#edef7a&#8221; background_enable_color=&#8221;on&#8221; link_option_url=&#8221;https:\/\/blogsaverroes.juntadeandalucia.es\/ipepcadiz\/files\/2026\/01\/ROMA-ALUM-CONVOCATORIA_CONSORCIO_25-26-modelo.pdf&#8221; global_colors_info=&#8221;{}&#8221; open=&#8221;off&#8221;]<\/p>\n<p>Convocatoria 25\/26 Roma<\/p>\n<p><a href=\"https:\/\/blogsaverroes.juntadeandalucia.es\/ipepcadiz\/files\/2026\/01\/ALUM-SOLICITUD_CONSORCIO_25-26.docx-2.pdf\">Solicitud<\/a><\/p>\n<p>[\/et_pb_accordion_item][et_pb_accordion_item title=&#8221;Resoluci\u00f3n Roma&#8221; open=&#8221;off&#8221; _builder_version=&#8221;4.24.2&#8243; _module_preset=&#8221;default&#8221; background_color=&#8221;#edef7a&#8221; background_enable_color=&#8221;on&#8221; link_option_url=&#8221;https:\/\/blogsaverroes.juntadeandalucia.es\/ipepcadiz\/files\/2026\/03\/ROMA_ALUM-RESOLUCION_CONSORCIO_25-26.pdf&#8221; global_colors_info=&#8221;{}&#8221;]<\/p>\n<p>Convocatoria 25\/26 Roma<\/p>\n<p><a href=\"https:\/\/blogsaverroes.juntadeandalucia.es\/ipepcadiz\/files\/2026\/03\/ROMA_ALUM-RESOLUCION_CONSORCIO_25-26.pdf\">Resoluci\u00f3n<\/a><\/p>\n<p>[\/et_pb_accordion_item][\/et_pb_accordion][et_pb_accordion icon_color=&#8221;#7CDA24&#8243; _builder_version=&#8221;4.24.2&#8243; _module_preset=&#8221;default&#8221; toggle_level=&#8221;h4&#8243; background_color=&#8221;#bfdb72&#8243; text_orientation=&#8221;center&#8221; animation_style=&#8221;zoom&#8221; link_option_url_new_window=&#8221;on&#8221; box_shadow_style=&#8221;preset5&#8243; text_shadow_style=&#8221;preset1&#8243; text_shadow_color=&#8221;#0B75C1&#8243; global_colors_info=&#8221;{}&#8221;][et_pb_accordion_item title=&#8221;Cartel de la Convocatoria Grecia&#8221; open=&#8221;on&#8221; _builder_version=&#8221;4.24.2&#8243; _module_preset=&#8221;default&#8221; background_color=&#8221;#a1d86e&#8221; background_enable_color=&#8221;on&#8221; link_option_url=&#8221;https:\/\/blogsaverroes.juntadeandalucia.es\/ipepcadiz\/files\/2025\/11\/Cartel-Mitilene.pdf&#8221; global_colors_info=&#8221;{}&#8221;]<\/p>\n<p>Convocatoria 25\/26 Grecia<\/p>\n<p>[\/et_pb_accordion_item][et_pb_accordion_item title=&#8221;Convocatoria Grecia&#8221; _builder_version=&#8221;4.24.2&#8243; _module_preset=&#8221;default&#8221; background_color=&#8221;#7CDA24&#8243; background_enable_color=&#8221;on&#8221; link_option_url=&#8221;https:\/\/blogsaverroes.juntadeandalucia.es\/ipepcadiz\/files\/2025\/11\/GRECIA-ALUM-CONVOCATORIA_CONSORCIO_25-26-modelo-1.pdf&#8221; global_colors_info=&#8221;{}&#8221; open=&#8221;off&#8221;]<\/p>\n<p>Convocatoria 25\/26 Grecia<\/p>\n<p><a href=\"https:\/\/blogsaverroes.juntadeandalucia.es\/ipepcadiz\/files\/2025\/12\/GRECIA-ALUM-RESOLUCION_CONSORCIO_25-26.pdf\">RESOLUCI\u00d3N Y LISTADO DEFINITIVO BAREMADO DE LAS CANDIDATURAS PRESENTADAS<\/a><\/p>\n<p>[\/et_pb_accordion_item][\/et_pb_accordion][et_pb_text _builder_version=&#8221;4.24.2&#8243; _module_preset=&#8221;default&#8221; text_text_shadow_style=&#8221;preset3&#8243; text_text_shadow_blur_strength=&#8221;1.56em&#8221; text_text_shadow_color=&#8221;#0B75C1&#8243; global_colors_info=&#8221;{}&#8221;]<\/p>\n<p><span style=\"font-size: 24pt;color: #0000ff\"><strong><span style=\"font-family: 'arial black', sans-serif\"><a id=\"Erasmus\"><\/a>Erasmus+ Curso 2024-25<\/span><\/strong><\/span><\/p>\n<p>[\/et_pb_text][et_pb_text _builder_version=&#8221;4.24.2&#8243; _module_preset=&#8221;default&#8221; global_colors_info=&#8221;{}&#8221;]<\/p>\n<p align=\"justify\">El IPEP de C\u00e1diz participa en el programa Erasmus+ con un proyecto perteneciente a la acci\u00f3n clave K122-ADU: Proyectos de corta duraci\u00f3n para la movilidad de estudiantes y personal de Educaci\u00f3n para Personas Adultas. El t\u00edtulo del proyecto es \u201cLa internacionalizaci\u00f3n como herramienta de lucha contra el absentismo\u201d (\u201cInternationalizing our students to fight school dropouts\u201d), y su duraci\u00f3n es de 18 meses (1\/09\/2023 a 28\/02\/2025).<\/p>\n<p align=\"center\"><iframe loading=\"lazy\" src=\"https:\/\/drive.google.com\/file\/d\/1E43QjhW_KxeSlemYpL0rUAWXwV5Xhscy\/preview\" width=\"640\" height=\"480\"><\/iframe><\/p>\n<p align=\"center\"><iframe loading=\"lazy\" src=\"https:\/\/drive.google.com\/file\/d\/1AoF8aea4vnoEH3ghUmdQ8RqiLDKVOH5S\/preview\" width=\"640\" height=\"480\"><\/iframe><\/p>\n<p align=\"center\"><iframe loading=\"lazy\" src=\"https:\/\/drive.google.com\/file\/d\/1Rs9b07FBnX5iS_gUH76wxFHfh7CCZ09F\/preview\" width=\"640\" height=\"480\"><\/iframe><\/p>\n<p align=\"center\"><iframe loading=\"lazy\" src=\"https:\/\/drive.google.com\/file\/d\/1EPBLwbruyvkR2k9AoAjZO3-sAgGmv4IV\/preview\" width=\"640\" height=\"480\"><\/iframe><\/p>\n<p align=\"center\"><iframe loading=\"lazy\" src=\"https:\/\/drive.google.com\/file\/d\/1NVurgrXDXfjVre9g0U19og6OqxP2pkOX\/preview\" width=\"640\" height=\"480\"><\/iframe><\/p>\n<p align=\"center\"><iframe loading=\"lazy\" src=\"https:\/\/drive.google.com\/file\/d\/1MiTz5CZeiiNg1-a9CFZUCUANclchhDLD\/preview\" width=\"640\" height=\"480\"><\/iframe><\/p>\n<p align=\"justify\">Los objetivos de nuestro proyecto son mejorar las competencias ling\u00fc\u00edsticas y digitales del alumnado y profesorado, desarrollar nuevas estrategias metodol\u00f3gicas y reducir el grado de absentismo y el abandono. Para alcanzarlos, el proyecto plantea 32 movilidades:<\/p>\n<ul>\n<li style=\"list-style-type: none\">\n<ul>\n<li>Movilidad de grupo de estudiantes adultos: 24 estudiantes. Profesores acompa\u00f1antes: 3.<\/li>\n<li>Personal para la observaci\u00f3n (job shadowing): 2 profesores.<\/li>\n<li>Cursos y formaci\u00f3n: 3 profesores.<\/li>\n<\/ul>\n<\/li>\n<\/ul>\n<p align=\"justify\">A su vez, nuestro centro ser\u00e1 organizaci\u00f3n de acogida para otros participantes en el Programa Erasmus+.<\/p>\n<p align=\"justify\">Durante el curso 2023-2024 han tenido lugar las siguientes movilidades:<\/p>\n<ul>\n<li style=\"list-style-type: none\">\n<ul>\n<li>\n<p align=\"justify\">Asistencia a 3 cursos (un profesor participante por curso):<\/p>\n<\/li>\n<\/ul>\n<\/li>\n<\/ul>\n<ul>\n<li style=\"list-style-type: none\">\n<ul>\n<li>\n<p align=\"justify\">\u201cPreventing Early School Leaving\u201d, del 22 al 27 de abril en Copenhague (Dinamarca).<\/p>\n<\/li>\n<li>\n<p align=\"justify\">\u201dBasic ICT for Teachers: Empowering Classrooms in the Digital Age\u201d, del 3 al 8 de junio, en Florencia (Italia).<\/p>\n<\/li>\n<li>\n<p align=\"justify\">\u201cChat GPT and Basic AI Tools\u201d, del 3 al 8 de junio en Atenas (Grecia).<\/p>\n<\/li>\n<\/ul>\n<\/li>\n<\/ul>\n<ul>\n<li style=\"list-style-type: none\">\n<ul>\n<li>\n<p align=\"justify\">1 job shadowing en \u0160olski Center Slovenske Konjice-Zre\u010de, del 20 al 24 de mayo en Slovenske Konjice (Eslovenia).<\/p>\n<\/li>\n<li>\n<p align=\"justify\">1 movilidad de grupo de 8 estudiantes adultos con un profesor acompa\u00f1ante en \u0160olski Center Slovenske Konjice-Zre\u010de, del 20 al 24 de mayo en Slovenske Konjice (Eslovenia).<\/p>\n<\/li>\n<\/ul>\n<\/li>\n<\/ul>\n<p align=\"justify\">Para m\u00e1s informaci\u00f3n, s\u00edguenos en Instagram: <a href=\"https:\/\/www.instagram.com\/erasmus_ipepcadiz\/\" target=\"_blank\" rel=\"noopener\"><span style=\"color: #0563c1\"><u>@erasmus_ipepcadiz<\/u><\/span><\/a><\/p>\n<p>[\/et_pb_text][et_pb_text _builder_version=&#8221;4.24.2&#8243; _module_preset=&#8221;default&#8221; custom_margin=&#8221;||20px|||&#8221; global_colors_info=&#8221;{}&#8221;]<\/p>\n<p style=\"text-align: center\"><span style=\"font-size: 18pt;color: #3366ff\"><strong><a style=\"color: #3366ff\" href=\"https:\/\/drive.google.com\/file\/d\/1PVbzX4_DVoV0HoOJUIT1WiBuFGPQi9Fo\/view?usp=sharing\" target=\"_blank\" rel=\"noopener\">Visualiza aqu\u00ed la evoluci\u00f3n de nuestro actual proyecto hasta el 15 de mayo&nbsp; de 2024<\/a><\/strong><\/span><\/p>\n<p>[\/et_pb_text][et_pb_video src_webm=&#8221;https:\/\/blogsaverroes.juntadeandalucia.es\/ipepcadiz\/files\/2024\/05\/IIIEncuentrosErasmusCEP.mp4&#8243; _builder_version=&#8221;4.24.2&#8243; _module_preset=&#8221;default&#8221; width=&#8221;75%&#8221; module_alignment=&#8221;center&#8221; custom_margin=&#8221;||101px|||&#8221; global_colors_info=&#8221;{}&#8221;][\/et_pb_video][et_pb_text _builder_version=&#8221;4.24.2&#8243; _module_preset=&#8221;default&#8221; global_colors_info=&#8221;{}&#8221;]<\/p>\n<p><span style=\"font-size: 18pt;color: #0000ff\"><strong><span style=\"font-family: 'arial black', sans-serif\">En cursos anteriores&#8230;<\/span><\/strong><\/span><\/p>\n<p>[\/et_pb_text][et_pb_image src=&#8221;https:\/\/blogsaverroes.juntadeandalucia.es\/ipepcadiz\/files\/2024\/05\/erasmus-Grundtvig-PNG.png&#8221; title_text=&#8221;erasmus-Grundtvig-PNG&#8221; align=&#8221;center&#8221; admin_label=&#8221;Erasmus&#8221; _builder_version=&#8221;4.24.2&#8243; _module_preset=&#8221;default&#8221; min_height=&#8221;257px&#8221; global_colors_info=&#8221;{}&#8221;][\/et_pb_image][et_pb_image src=&#8221;https:\/\/blogsaverroes.juntadeandalucia.es\/ipepcadiz\/files\/2024\/05\/Proyectos-Europeos-IPEP-e1595083633117-1024&#215;1024-1.jpg&#8221; title_text=&#8221;Proyectos-Europeos-IPEP-e1595083633117-1024&#215;1024&#8243; force_fullwidth=&#8221;on&#8221; _builder_version=&#8221;4.24.2&#8243; _module_preset=&#8221;default&#8221; global_colors_info=&#8221;{}&#8221;][\/et_pb_image][\/et_pb_column][\/et_pb_row][\/et_pb_section]<\/p>\n","protected":false},"excerpt":{"rendered":"<p>Erasmus+ Curso 2025-26Convocatoria 25\/26 RomaConvocatoria 25\/26 Roma SolicitudConvocatoria 25\/26 Roma Resoluci\u00f3nConvocatoria 25\/26 GreciaConvocatoria 25\/26 Grecia RESOLUCI\u00d3N Y LISTADO DEFINITIVO BAREMADO DE LAS CANDIDATURAS PRESENTADASErasmus+ Curso 2024-25El IPEP de C\u00e1diz participa en el programa Erasmus+ con un proyecto perteneciente a la acci\u00f3n clave K122-ADU: Proyectos de corta duraci\u00f3n para la movilidad de estudiantes y personal de [&hellip;]<\/p>\n","protected":false},"author":2513,"featured_media":0,"parent":0,"menu_order":0,"comment_status":"closed","ping_status":"closed","template":"","meta":{"_et_pb_use_builder":"on","_et_pb_old_content":"","_et_gb_content_width":"","ngg_post_thumbnail":0,"footnotes":""},"aioseo_notices":[],"_links":{"self":[{"href":"https:\/\/blogsaverroes.juntadeandalucia.es\/ipepcadiz\/wp-json\/wp\/v2\/pages\/55"}],"collection":[{"href":"https:\/\/blogsaverroes.juntadeandalucia.es\/ipepcadiz\/wp-json\/wp\/v2\/pages"}],"about":[{"href":"https:\/\/blogsaverroes.juntadeandalucia.es\/ipepcadiz\/wp-json\/wp\/v2\/types\/page"}],"author":[{"embeddable":true,"href":"https:\/\/blogsaverroes.juntadeandalucia.es\/ipepcadiz\/wp-json\/wp\/v2\/users\/2513"}],"replies":[{"embeddable":true,"href":"https:\/\/blogsaverroes.juntadeandalucia.es\/ipepcadiz\/wp-json\/wp\/v2\/comments?post=55"}],"version-history":[{"count":52,"href":"https:\/\/blogsaverroes.juntadeandalucia.es\/ipepcadiz\/wp-json\/wp\/v2\/pages\/55\/revisions"}],"predecessor-version":[{"id":2667,"href":"https:\/\/blogsaverroes.juntadeandalucia.es\/ipepcadiz\/wp-json\/wp\/v2\/pages\/55\/revisions\/2667"}],"wp:attachment":[{"href":"https:\/\/blogsaverroes.juntadeandalucia.es\/ipepcadiz\/wp-json\/wp\/v2\/media?parent=55"}],"curies":[{"name":"wp","href":"https:\/\/api.w.org\/{rel}","templated":true}]}}