{"id":758,"date":"2024-05-07T18:45:02","date_gmt":"2024-05-07T17:45:02","guid":{"rendered":"https:\/\/blogsaverroes.juntadeandalucia.es\/ipepcadiz\/?page_id=758"},"modified":"2026-03-05T11:08:30","modified_gmt":"2026-03-05T10:08:30","slug":"secretaria","status":"publish","type":"page","link":"https:\/\/blogsaverroes.juntadeandalucia.es\/ipepcadiz\/secretaria\/","title":{"rendered":"Secretar\u00eda"},"content":{"rendered":"<p>[et_pb_section fb_built=&#8221;1&#8243; admin_label=&#8221;section&#8221; _builder_version=&#8221;4.16&#8243; global_colors_info=&#8221;{}&#8221;][et_pb_row _builder_version=&#8221;4.24.2&#8243; _module_preset=&#8221;default&#8221; global_colors_info=&#8221;{}&#8221;][et_pb_column type=&#8221;4_4&#8243; _builder_version=&#8221;4.24.2&#8243; _module_preset=&#8221;default&#8221; horizontal_offset=&#8221;0px&#8221; global_colors_info=&#8221;{}&#8221;][et_pb_heading title=&#8221;Secretar\u00eda&#8221; _builder_version=&#8221;4.24.2&#8243; _module_preset=&#8221;default&#8221; title_text_align=&#8221;center&#8221; title_text_color=&#8221;#FFFFFF&#8221; title_font_size=&#8221;51px&#8221; background_color=&#8221;#0B75C1&#8243; text_shadow_style=&#8221;preset3&#8243; text_shadow_color=&#8221;#FFFFFF&#8221; global_colors_info=&#8221;{}&#8221;][\/et_pb_heading][\/et_pb_column][\/et_pb_row][et_pb_row _builder_version=&#8221;4.24.2&#8243; _module_preset=&#8221;default&#8221; global_colors_info=&#8221;{}&#8221;][et_pb_column type=&#8221;4_4&#8243; _builder_version=&#8221;4.24.2&#8243; _module_preset=&#8221;default&#8221; global_colors_info=&#8221;{}&#8221;][et_pb_text _builder_version=&#8221;4.24.2&#8243; _module_preset=&#8221;default&#8221; hover_enabled=&#8221;0&#8243; global_colors_info=&#8221;{}&#8221; sticky_enabled=&#8221;0&#8243;]<\/p>\n<p><span style=\"font-size: large\"><strong>Tel\u00e9fonos de informaci\u00f3n:<\/strong><\/span><\/p>\n<p><span style=\"font-size: large\">Tel\u00e9fono del Centro (Conserjer\u00eda):&nbsp;<strong>956 24 33 30<\/strong><\/span><\/p>\n<p><span style=\"font-size: large\">Tel\u00e9fono directo de&nbsp;<strong>SECRETAR\u00cdA<\/strong>:&nbsp;<strong>671 53 55 15 <\/strong>(tambi\u00e9n para consultas por Whatsapp)<\/span><\/p>\n<p><span style=\"font-size: large\">Tel\u00e9fono directo de&nbsp;<strong>JEFATURA ESTUDIOS MODALIDAD A DISTANCIA<\/strong>: 671 59 36 37<\/span><\/p>\n<p><span style=\"font-size: large\">Tel\u00e9fono directo de<strong>&nbsp;ORIENTACI\u00d3N: 671 53 55 13&nbsp;<\/strong>&nbsp;<\/span><\/p>\n<p><span style=\"color: #0000ff\"><em><span style=\"font-size: large\"><strong>Correo electr\u00f3nico de Secretar\u00eda<\/strong>: <strong>11700317.administracion@g.educaand.es<\/strong><\/span><\/em><\/span><\/p>\n<p><span style=\"font-size: large\"><strong>Horario de atenci\u00f3n al p\u00fablico en la Secretar\u00eda del centro<\/strong>:<\/span><\/p>\n<div class=\"content\">\n<ul>\n<li><span style=\"font-size: large\"><u><strong>Lunes:<\/strong>&nbsp;<\/u>de 10:30 a 12:30<\/span><\/li>\n<li><span style=\"font-size: large\"><strong><u>Martes:<\/u>&nbsp;<\/strong>de 10:30 a 12:30&nbsp;<\/span><\/li>\n<li><span style=\"font-size: large\"><u><strong>Mi\u00e9rcoles:<\/strong><\/u>&nbsp;de 10:30 a 12.30<\/span><\/li>\n<li><span style=\"font-size: large\"><u><strong>Jueves:<\/strong><\/u>&nbsp;de 10:30 a 12:30&nbsp;<\/span><\/li>\n<li><span style=\"font-size: large\"><u><strong>Viernes:<\/strong><\/u>&nbsp;de 10:30 a 12:30<\/span><\/li>\n<\/ul>\n<\/div>\n<p>[\/et_pb_text][et_pb_accordion open_toggle_text_color=&#8221;#0B75C1&#8243; closed_toggle_text_color=&#8221;#0B75C1&#8243; toggle_icon=&#8221;&#x47;||divi||400&#8243; icon_color=&#8221;#0B75C1&#8243; _builder_version=&#8221;4.24.2&#8243; _module_preset=&#8221;default&#8221; toggle_level=&#8221;h3&#8243; toggle_text_shadow_style=&#8221;preset3&#8243; closed_toggle_text_shadow_style=&#8221;preset3&#8243; box_shadow_style=&#8221;preset1&#8243; global_colors_info=&#8221;{}&#8221;][et_pb_accordion_item title=&#8221;SOLICITUD DE CERTIFICADOS&#8221; open=&#8221;on&#8221; _builder_version=&#8221;4.24.2&#8243; _module_preset=&#8221;default&#8221; global_colors_info=&#8221;{}&#8221;]<\/p>\n<p>&nbsp;<\/p>\n<p><span style=\"font-size: 12pt\">El alumnado podr\u00e1 solicitar certificados de los estudios realizados en nuestro centro a trav\u00e9s del <strong>WhatsApp<\/strong> de la secretar\u00eda <strong>(671535515<\/strong>). <\/span><\/p>\n<p><span style=\"font-size: 12pt\">Para ello s\u00f3lo tendr\u00e1 que enviar un mensaje especificando <strong>nombre completo<\/strong>, <strong>DNI<\/strong> y <strong>tipo de certificado<\/strong> que necesita.<\/span><\/p>\n<p>El plazo para emitir el certificado es de 2 d\u00edas h\u00e1biles y, una vez firmado por los \u00f3rganos pertinentes, ser\u00e1 enviado al alumnado a trav\u00e9s del mismo WhatsApp o al correo electr\u00f3nico que se especifique.<\/p>\n<p>&nbsp;<\/p>\n<p>[\/et_pb_accordion_item][et_pb_accordion_item title=&#8221;CAMBIOS EN LA MATR\u00cdCULA&#8221; _builder_version=&#8221;4.24.2&#8243; _module_preset=&#8221;default&#8221; global_colors_info=&#8221;{}&#8221; open=&#8221;off&#8221;]<\/p>\n<div>&nbsp;<\/div>\n<div><span style=\"font-size: 12pt\">Se podr\u00e1 solicitar la modificaci\u00f3n de la matr\u00edcula, durante las primeras semanas de clases, y siempre que cuente con la autorizaci\u00f3n de la Direcci\u00f3n del centro.<\/span><\/div>\n<div>&nbsp;<\/div>\n<div><span style=\"font-size: 12pt\">El alumnado interesado podr\u00e1 descargar, rellenar y entregar el impreso en la Secretar\u00eda del centro o enviarlo al correo electr\u00f3nico&nbsp; <span style=\"color: #0000ff\"><a style=\"color: #0000ff\" href=\"mailto:11700317.administracion@g.educaand.es\"><strong>11700317.administracion@g.educaand.es<\/strong><\/a><\/span><\/span><\/div>\n<div>&nbsp;<\/div>\n<p><a href=\"https:\/\/drive.google.com\/file\/d\/1tMx-p7vqqaXNm43Wu8RNjh4gkW72P2qM\" target=\"_blank\" rel=\"noopener\"><span style=\"font-size: 12pt\"><strong><span style=\"color: #0000ff\">IMPRESO MODIFICACI\u00d3N DE MATR\u00cdCULA<\/span><\/strong><\/span><\/a><\/p>\n<p>[\/et_pb_accordion_item][et_pb_accordion_item title=&#8221;T\u00cdTULO DE BACHILLERATO &#8211; TRAMITACI\u00d3N TELEM\u00c1TICA&#8221; _builder_version=&#8221;4.24.2&#8243; _module_preset=&#8221;default&#8221; global_colors_info=&#8221;{}&#8221; open=&#8221;off&#8221;]<\/p>\n<p>&nbsp;<\/p>\n<p><span style=\"font-size: 12pt\">El alumnado que haya finalizado Bachillerato deber\u00e1 solicitar formalmente la expedici\u00f3n de su T\u00edtulo.<\/span><\/p>\n<p><span style=\"font-size: medium\">La solicitud y el pago del T\u00edtulo de Bachillerato se realizan de forma totalmente telem\u00e1tica, siguiendo las instrucciones recogidas en este<\/span> <a href=\"https:\/\/blogsaverroes.juntadeandalucia.es\/ipepcadiz\/files\/2026\/01\/TRAMITACION-TELEMATICA-DEL-TITULO-DE-BACHILLERATO.pdf\" target=\"_blank\" rel=\"noopener\"><span style=\"font-size: 12pt\"><span style=\"color: #0000ff\"><strong>TUTORIAL<\/strong><\/span><\/span><\/a><\/p>\n<p>[\/et_pb_accordion_item][et_pb_accordion_item title=&#8221;PAU (Selectividad) 2025&#8243; _builder_version=&#8221;4.24.2&#8243; _module_preset=&#8221;default&#8221; global_colors_info=&#8221;{}&#8221; open=&#8221;off&#8221;]<\/p>\n<p><strong>CONVOCATORIA EXTRAORDINARIA<\/strong><\/p>\n<p>El alumnado interesado en presentarse a las Pruebas de Acceso a la Universidad (PAU), deber\u00e1 realizar el proceso de inscripci\u00f3n y pago a trav\u00e9s de la p\u00e1gina web oficial de la Universidad de C\u00e1diz. Para ello, a partir del d\u00eda<strong> 9 de junio<\/strong>, estar\u00e1 disponible en dicha web el <strong>Registro previo del alumnado<\/strong>. El plazo para realizar la <strong>MATR\u00cdCULA,<\/strong> en la convocatoria extraordinaria, es del <strong>del 16 al 23 de junio (la fecha m\u00e1xima para el abono de las tasas es el 26 de junio).&nbsp;<\/strong><\/p>\n<p><span style=\"color: #0000ff\"><strong>IMPORTANTE:<\/strong><\/span><\/p>\n<ul style=\"list-style-type: circle\">\n<li><span style=\"color: #0000ff\"><strong>Todo el alumnado que se presente a la Prueba deber\u00e1 comunicarlo a la secretar\u00eda del centro antes del 24 de junio.<\/strong><\/span><\/li>\n<li><span style=\"color: #0000ff\"><strong>El alumnado que tenga alguna condici\u00f3n que d\u00e9 lugar a exenci\u00f3n total o parcial de la tasa de la PAU debe comunicar dicha circunstancia al centro, de lo contrario no quedar\u00e1 reflejada en las tasas a abonar.<\/strong><\/span><\/li>\n<\/ul>\n<p><a href=\"https:\/\/blogsaverroes.juntadeandalucia.es\/ipepcadiz\/files\/2025\/05\/Normas-matricula-PAU-2025.pdf\" target=\"_blank\" rel=\"noopener\"><span style=\"color: #ff0000\"><strong>NORMAS PARA LA MATRICULACI\u00d3N EN LA PAU 2025 <\/strong><\/span><\/a>(pinchar en texto para descargar documento)<\/p>\n<p>Para conocer de forma detallada el procedimiento, fechas, gesti\u00f3n de pagos, etc\u00e9tera, puede consultar la <strong>GU\u00cdA<\/strong> que aparece en el siguiente enlace: <span style=\"color: #3366ff\"><a style=\"color: #3366ff\" href=\"https:\/\/webacceso.uca.es\/bachillerato\/registro-y-matricula-pau\/\" target=\"_blank\" rel=\"noopener\"><strong>https:\/\/webacceso.uca.es\/bachillerato\/registro-y-matricula-pau\/<\/strong><\/a><\/span><\/p>\n<p><em><strong>ENLACE PARA REALIZAR EL REGISTRO Y EL ACCESO A LA MATR\u00cdCULA:<\/strong><\/em> <span style=\"color: #3366ff\"><strong><a style=\"color: #3366ff\" href=\"https:\/\/gestionacceso.uca.es\/#\/entrada\" target=\"_blank\" rel=\"noopener\">https:\/\/gestionacceso.uca.es\/#\/entrada<\/a><\/strong><\/span><\/p>\n<p>Para cualquier <strong>consulta o incidencia<\/strong> relacionada con este proceso, puede dirigirse al siguiente correo electr\u00f3nico: <span style=\"color: #3366ff\"><strong><a style=\"color: #3366ff\" href=\"https:\/\/webacceso.uca.es\/bachillerato\/registro-y-matricula-pau\/acceso@uca.es\">acceso@uca.es<\/a><\/strong><\/span><\/p>\n<p><span style=\"text-decoration: underline;font-size: 14pt\"><em><strong><span style=\"color: #0000ff;text-decoration: underline\">El alumnado deber\u00e1 recoger LA TARJETA DE SELECTIVIDAD en la secretar\u00eda del centro. Para ello, debe aportar un fotograf\u00eda tama\u00f1o carn\u00e9.<\/span><\/strong><\/em><\/span><\/p>\n<p><span style=\"color: #0000ff\"><strong><span style=\"font-size: 14pt\">El alumnado del centro realizar\u00e1 la PAU en la Facultad de Medicina de C\u00e1diz<\/span><\/strong><\/span><\/p>\n<p><a href=\"https:\/\/distritounicoandaluz.ceceu.junta-andalucia.es\/?q=grados&amp;d=g_b_calendario.php\" target=\"_blank\" rel=\"noopener\"><strong><span style=\"font-size: 14pt;color: #0000ff\">HORARIOS DE LA PAU 2025<\/span><\/strong><\/a><\/p>\n<p>[\/et_pb_accordion_item][et_pb_accordion_item title=&#8221;ENV\u00cdO DE T\u00cdTULOS AL ALUMNADO&#8221; _builder_version=&#8221;4.24.2&#8243; _module_preset=&#8221;default&#8221; global_colors_info=&#8221;{}&#8221; open=&#8221;off&#8221;]<\/p>\n<p>&nbsp;<\/p>\n<p>El alumnado que, por motivos de residencia o laborales, desee que se le env\u00ede su T\u00edtulo oficial deber\u00e1 proceder de la siguiente manera:<\/p>\n<ul>\n<li>Si el alumnado <strong>reside en localidad de la Comunidad Aut\u00f3noma Andaluza<\/strong> deber\u00e1 solicitar el env\u00edo a la Delegaci\u00f3n Territorial de Educaci\u00f3n de la provincia de residencia.<\/li>\n<\/ul>\n<p>&nbsp;<\/p>\n<ul>\n<li>Si el alumnado <strong>reside fuera de la Comunidad Aut\u00f3noma Andaluza<\/strong> deber\u00e1 solicitar el env\u00edo al \u00f3rgano provincial responsable de Educaci\u00f3n de la Comunidad Aut\u00f3noma donde resida. Para ello, en la solicitud, deber\u00e1 indicar las se\u00f1as claras y completas de la dependencia u organismo oficial de la administraci\u00f3n educativa que corresponda, Delegaci\u00f3n Territorial, Consejer\u00eda, etc. que se ocupar\u00e1 de la entrega del t\u00edtulo.<\/li>\n<\/ul>\n<p>&nbsp;<\/p>\n<p>La solicitud podr\u00e1 realizarse <strong>por correo electr\u00f3nico al centro<\/strong> (<span style=\"color: #3366ff\"><a style=\"color: #3366ff\" href=\"mailto:11700317.administracion@g.educaand.es\">11700317.administracion@g.educaand.es<\/a><\/span>), con inclusi\u00f3n de copia de su DNI, o bien por <strong>instancia general<\/strong> en una oficina de registro o a trav\u00e9s de la <span style=\"color: #3366ff\"><a style=\"color: #3366ff\" href=\"https:\/\/www.juntadeandalucia.es\/educacion\/secretariavirtual\/accesoTramite\/462\/\" target=\"_blank\" rel=\"noopener\"><strong>Secretar\u00eda Virtual de los centros educativos<\/strong><\/a><\/span>.<\/p>\n<p>[\/et_pb_accordion_item][\/et_pb_accordion][\/et_pb_column][\/et_pb_row][\/et_pb_section]<\/p>\n","protected":false},"excerpt":{"rendered":"<p>Tel\u00e9fonos de informaci\u00f3n: Tel\u00e9fono del Centro (Conserjer\u00eda):&nbsp;956 24 33 30 Tel\u00e9fono directo de&nbsp;SECRETAR\u00cdA:&nbsp;671 53 55 15 (tambi\u00e9n para consultas por Whatsapp) Tel\u00e9fono directo de&nbsp;JEFATURA ESTUDIOS MODALIDAD A DISTANCIA: 671 59 36 37 Tel\u00e9fono directo de&nbsp;ORIENTACI\u00d3N: 671 53 55 13&nbsp;&nbsp; Correo electr\u00f3nico de Secretar\u00eda: 11700317.administracion@g.educaand.es Horario de atenci\u00f3n al p\u00fablico en la Secretar\u00eda del centro: Lunes:&nbsp;de [&hellip;]<\/p>\n","protected":false},"author":2513,"featured_media":0,"parent":0,"menu_order":0,"comment_status":"closed","ping_status":"closed","template":"","meta":{"_et_pb_use_builder":"on","_et_pb_old_content":"","_et_gb_content_width":"","ngg_post_thumbnail":0,"footnotes":""},"aioseo_notices":[],"_links":{"self":[{"href":"https:\/\/blogsaverroes.juntadeandalucia.es\/ipepcadiz\/wp-json\/wp\/v2\/pages\/758"}],"collection":[{"href":"https:\/\/blogsaverroes.juntadeandalucia.es\/ipepcadiz\/wp-json\/wp\/v2\/pages"}],"about":[{"href":"https:\/\/blogsaverroes.juntadeandalucia.es\/ipepcadiz\/wp-json\/wp\/v2\/types\/page"}],"author":[{"embeddable":true,"href":"https:\/\/blogsaverroes.juntadeandalucia.es\/ipepcadiz\/wp-json\/wp\/v2\/users\/2513"}],"replies":[{"embeddable":true,"href":"https:\/\/blogsaverroes.juntadeandalucia.es\/ipepcadiz\/wp-json\/wp\/v2\/comments?post=758"}],"version-history":[{"count":52,"href":"https:\/\/blogsaverroes.juntadeandalucia.es\/ipepcadiz\/wp-json\/wp\/v2\/pages\/758\/revisions"}],"predecessor-version":[{"id":2654,"href":"https:\/\/blogsaverroes.juntadeandalucia.es\/ipepcadiz\/wp-json\/wp\/v2\/pages\/758\/revisions\/2654"}],"wp:attachment":[{"href":"https:\/\/blogsaverroes.juntadeandalucia.es\/ipepcadiz\/wp-json\/wp\/v2\/media?parent=758"}],"curies":[{"name":"wp","href":"https:\/\/api.w.org\/{rel}","templated":true}]}}