{"id":878,"date":"2024-05-13T12:21:35","date_gmt":"2024-05-13T11:21:35","guid":{"rendered":"https:\/\/blogsaverroes.juntadeandalucia.es\/ipepcadiz\/?page_id=878"},"modified":"2025-11-04T07:42:14","modified_gmt":"2025-11-04T06:42:14","slug":"matricula","status":"publish","type":"page","link":"https:\/\/blogsaverroes.juntadeandalucia.es\/ipepcadiz\/matricula\/","title":{"rendered":"Matr\u00edcula"},"content":{"rendered":"<p>[et_pb_section fb_built=&#8221;1&#8243; admin_label=&#8221;section&#8221; _builder_version=&#8221;4.16&#8243; global_colors_info=&#8221;{}&#8221;][et_pb_row _builder_version=&#8221;4.24.2&#8243; _module_preset=&#8221;default&#8221; global_colors_info=&#8221;{}&#8221;][et_pb_column type=&#8221;4_4&#8243; _builder_version=&#8221;4.24.2&#8243; _module_preset=&#8221;default&#8221; horizontal_offset=&#8221;0px&#8221; global_colors_info=&#8221;{}&#8221;][et_pb_heading title=&#8221;Matr\u00edcula ESPA y Bachillerato &#8211; Matr\u00edcula para Planes Educativos&#8221; _builder_version=&#8221;4.24.2&#8243; _module_preset=&#8221;default&#8221; title_text_align=&#8221;center&#8221; title_text_color=&#8221;#FFFFFF&#8221; title_font_size=&#8221;51px&#8221; background_color=&#8221;#0B75C1&#8243; text_shadow_style=&#8221;preset3&#8243; text_shadow_color=&#8221;#FFFFFF&#8221; global_colors_info=&#8221;{}&#8221;][\/et_pb_heading][\/et_pb_column][\/et_pb_row][et_pb_row column_structure=&#8221;1_2,1_2&#8243; _builder_version=&#8221;4.24.2&#8243; _module_preset=&#8221;default&#8221; global_colors_info=&#8221;{}&#8221;][et_pb_column type=&#8221;1_2&#8243; _builder_version=&#8221;4.24.2&#8243; _module_preset=&#8221;default&#8221; global_colors_info=&#8221;{}&#8221;][et_pb_button button_url=&#8221;https:\/\/www.juntadeandalucia.es\/educacion\/portals\/web\/educacion-permanente&#8221; url_new_window=&#8221;on&#8221; button_text=&#8221;Portal de Educaci\u00f3n Permanente (Informaci\u00f3n)&#8221; button_alignment=&#8221;center&#8221; _builder_version=&#8221;4.24.2&#8243; _module_preset=&#8221;default&#8221; custom_button=&#8221;on&#8221; button_border_color=&#8221;#7CDA24&#8243; button_border_radius=&#8221;25px&#8221; box_shadow_style=&#8221;preset1&#8243; box_shadow_blur=&#8221;40px&#8221; box_shadow_color=&#8221;#7CDA24&#8243; global_colors_info=&#8221;{}&#8221;][\/et_pb_button][\/et_pb_column][et_pb_column type=&#8221;1_2&#8243; _builder_version=&#8221;4.24.2&#8243; _module_preset=&#8221;default&#8221; global_colors_info=&#8221;{}&#8221;][et_pb_button button_url=&#8221;https:\/\/www.juntadeandalucia.es\/educacion\/secretariavirtual\/&#8221; url_new_window=&#8221;on&#8221; button_text=&#8221;Secretar\u00eda Virtual (Tramitaci\u00f3n ONLINE)&#8221; button_alignment=&#8221;center&#8221; _builder_version=&#8221;4.24.2&#8243; _module_preset=&#8221;default&#8221; custom_button=&#8221;on&#8221; button_border_color=&#8221;#7CDA24&#8243; button_border_radius=&#8221;25px&#8221; box_shadow_style=&#8221;preset1&#8243; box_shadow_blur=&#8221;40px&#8221; box_shadow_color=&#8221;#7CDA24&#8243; global_colors_info=&#8221;{}&#8221;][\/et_pb_button][\/et_pb_column][\/et_pb_row][et_pb_row column_structure=&#8221;1_2,1_2&#8243; _builder_version=&#8221;4.24.2&#8243; _module_preset=&#8221;default&#8221; global_colors_info=&#8221;{}&#8221;][et_pb_column type=&#8221;1_2&#8243; _builder_version=&#8221;4.24.2&#8243; _module_preset=&#8221;default&#8221; global_colors_info=&#8221;{}&#8221;][et_pb_button button_url=&#8221;https:\/\/youtu.be\/p8bqMdBsLd4&#8243; url_new_window=&#8221;on&#8221; button_text=&#8221;Video Tutorial Sobre Inscripci\u00f3n y Matr\u00edcula ONLINE con clave iANDE&#8221; button_alignment=&#8221;center&#8221; _builder_version=&#8221;4.24.2&#8243; _module_preset=&#8221;default&#8221; custom_button=&#8221;on&#8221; button_border_color=&#8221;#0B75C1&#8243; button_border_radius=&#8221;25px&#8221; box_shadow_style=&#8221;preset1&#8243; box_shadow_blur=&#8221;40px&#8221; box_shadow_color=&#8221;#0B75C1&#8243; global_colors_info=&#8221;{}&#8221;][\/et_pb_button][\/et_pb_column][et_pb_column type=&#8221;1_2&#8243; _builder_version=&#8221;4.24.2&#8243; _module_preset=&#8221;default&#8221; global_colors_info=&#8221;{}&#8221;][et_pb_button button_url=&#8221;https:\/\/ipepcadiz.es\/wp-content\/uploads\/2021\/06\/EDITAR-TEXTO-EN-PDF.pdf&#8221; url_new_window=&#8221;on&#8221; button_text=&#8221;Tutorial para Poder Cumplimentar un Archivo PDF&#8221; button_alignment=&#8221;center&#8221; _builder_version=&#8221;4.24.2&#8243; _module_preset=&#8221;default&#8221; custom_button=&#8221;on&#8221; button_border_color=&#8221;#0B75C1&#8243; button_border_radius=&#8221;25px&#8221; box_shadow_style=&#8221;preset1&#8243; box_shadow_blur=&#8221;40px&#8221; box_shadow_color=&#8221;#0B75C1&#8243; global_colors_info=&#8221;{}&#8221;][\/et_pb_button][\/et_pb_column][\/et_pb_row][et_pb_row _builder_version=&#8221;4.24.2&#8243; _module_preset=&#8221;default&#8221; global_colors_info=&#8221;{}&#8221;][et_pb_column type=&#8221;4_4&#8243; _builder_version=&#8221;4.24.2&#8243; _module_preset=&#8221;default&#8221; global_colors_info=&#8221;{}&#8221;][et_pb_text _builder_version=&#8221;4.24.2&#8243; _module_preset=&#8221;default&#8221; custom_padding=&#8221;||0px|||&#8221; global_colors_info=&#8221;{}&#8221;]<\/p>\n<p><span style=\"font-size: 18px\">C\u00f3digo del Centro:<b> 11700317<\/b><\/span><\/p>\n<div class=\"content\">&nbsp;<\/div>\n<p>[\/et_pb_text][et_pb_accordion open_toggle_text_color=&#8221;#0B75C1&#8243; closed_toggle_text_color=&#8221;#0B75C1&#8243; toggle_icon=&#8221;&#x47;||divi||400&#8243; icon_color=&#8221;#0B75C1&#8243; _builder_version=&#8221;4.24.2&#8243; _module_preset=&#8221;default&#8221; toggle_level=&#8221;h3&#8243; hover_enabled=&#8221;0&#8243; toggle_text_shadow_style=&#8221;preset3&#8243; closed_toggle_text_shadow_style=&#8221;preset3&#8243; box_shadow_style=&#8221;preset1&#8243; global_colors_info=&#8221;{}&#8221; sticky_enabled=&#8221;0&#8243;][et_pb_accordion_item title=&#8221;MATR\u00cdCULA BACHILLERATO 2025\/26&#8243; open=&#8221;on&#8221; _builder_version=&#8221;4.24.2&#8243; _module_preset=&#8221;default&#8221; hover_enabled=&#8221;0&#8243; global_colors_info=&#8221;{}&#8221; sticky_enabled=&#8221;0&#8243;]<\/p>\n<p><span style=\"text-decoration: underline;font-size: 12pt\"><strong>BACHILLERATO PRESENCIAL Y SEMIPRESENCIAL<\/strong><\/span>: El alumnado que present\u00f3 solicitud de admisi\u00f3n en junio y no realiz\u00f3 la matr\u00edcula en julio, DEBER\u00c1 entregar la matr\u00edcula <strong>entre el 1 y el 10 de septiembre<\/strong>. As\u00ed mismo, el alumnado del centro durante el curso 24-25 tambi\u00e9n PODR\u00c1 realizar la matr\u00edcula en este per\u00edodo.\u00a0<\/p>\n<p>El alumnado no incluido en ninguno de los dos supuestos anteriores deber\u00e1 esperar al <strong>15 de septiembre<\/strong> para poder matricularse, en el caso de que existan plazas vacantes.<\/p>\n<p><span style=\"text-decoration: underline;font-size: 12pt\"><strong>BACHILLERATO A DISTANCIA:<\/strong><\/span> el alumnado que desee cursar la modalidad a distancia en Ciencias podr\u00e1 realizar la matr\u00edcula a trav\u00e9s de la Secretar\u00eda Virtual, en el siguiente <a href=\"https:\/\/www.juntadeandalucia.es\/educacion\/secretariavirtual\/accesoTramite\/342\/\" target=\"_blank\" rel=\"noopener\"><span style=\"color: #0000ff\"><strong>ENLACE<\/strong><\/span>. <\/a><\/p>\n<p>TASAS ENSE\u00d1ANAZA A DISTANCIA <br \/>El precio de la matr\u00edcula en la modalidad de ense\u00f1anza a distancia se rige por el Acuerdo de 29 de junio de 2021, del Consejo de Gobierno, por el que se fijan las cuant\u00edas de los precios p\u00fablicos de los servicios acad\u00e9micos y administrativos comunes de las ense\u00f1anzas a distancia de bachillerato para personas adultas, formaci\u00f3n profesional inicial para personas adultas y cursos de preparaci\u00f3n o acceso a ense\u00f1anzas del sistema educativo y se establecen <br \/>supuestos de gratuidad y reducciones.\u00a0<\/p>\n<p>&nbsp;<\/p>\n<p>[\/et_pb_accordion_item][et_pb_accordion_item title=&#8221;MATR\u00cdCULA ESPA 2025\/26&#8243; _builder_version=&#8221;4.24.2&#8243; _module_preset=&#8221;default&#8221; global_colors_info=&#8221;{}&#8221; open=&#8221;off&#8221;]<\/p>\n<h5>&nbsp;<\/h5>\n<div>\n<p><span style=\"text-decoration: underline;font-size: 12pt\"><strong>ESPA PRESENCIAL Y SEMIPRESENCIAL<\/strong><\/span>: El alumnado que present\u00f3 solicitud de admisi\u00f3n en junio y no realiz\u00f3 la matr\u00edcula en julio, DEBER\u00c1 entregar la matr\u00edcula <strong>entre el 1 y el 10 de septiembre<\/strong>. As\u00ed mismo, el alumnado del centro durante el curso 24-25 tambi\u00e9n PODR\u00c1 realizar la matr\u00edcula en este per\u00edodo.&nbsp;<\/p>\n<p>El alumnado no incluido en ninguno de los dos supuestos anteriores deber\u00e1 esperar al <strong>15 de septiembre<\/strong> para poder matricularse, en el caso de que existan plazas vacantes.<\/p>\n<p><span style=\"text-decoration: underline;font-size: 12pt\"><strong>ESPA A DISTANCIA:<\/strong><\/span> el alumnado que desee cursar la modalidad a distancia en ESPA podr\u00e1 realizar la matr\u00edcula a trav\u00e9s de la Secretar\u00eda Virtual, en el siguiente <a href=\"https:\/\/www.juntadeandalucia.es\/educacion\/secretariavirtual\/accesoTramite\/341\/\" target=\"_blank\" rel=\"noopener\"><span style=\"color: #0000ff\"><strong>ENLACE<\/strong><\/span><\/a>.<\/p>\n<\/div>\n<div>\n<p>&nbsp;<\/p>\n<\/div>\n<p>[\/et_pb_accordion_item][et_pb_accordion_item title=&#8221;INSCRIPCI\u00d3N CURSO DE PREPARACI\u00d3N ACCESO UNIVERSIDAD MAYORES DE 25 A\u00d1OS (hasta 31 diciembre)&#8221; _builder_version=&#8221;4.24.2&#8243; _module_preset=&#8221;default&#8221; global_colors_info=&#8221;{}&#8221; open=&#8221;off&#8221;]<\/p>\n<h4>&nbsp;<\/h4>\n<p><span style=\"font-size: 12pt\"><strong>PLAZO DE INSCRIPCI\u00d3N: a partir del 1 de junio hasta el 31 de diciembre o hasta agotar las plazas disponibles.<\/strong><\/span><\/p>\n<p><span style=\"font-size: 12pt\">La inscripci\u00f3n se presentar\u00e1 en el centro, junto con copia del DNI. <\/span><span style=\"color: #3366ff;font-size: 12pt\"><a style=\"color: #3366ff\" href=\"https:\/\/drive.google.com\/file\/d\/1N4hOG8pjD4x2xF1TlxyalTzWeTuKhmGZ\" target=\"_blank\" rel=\"noopener\"><strong>IMPRESO DE INSCRIPCI\u00d3N<\/strong><\/a><\/span><\/p>\n<p><span style=\"font-size: medium\">Tambi\u00e9n podr\u00e1 enviarse el impreso cumplimentado a la siguiente direcci\u00f3n de email: <a href=\"mailto:11700317.administracion@g.educaand.es\" target=\"_blank\" rel=\"noopener\"><span style=\"color: #0b75c1\"><strong>11700317.administracion@g.educaand.es<\/strong><\/span><\/a><\/span><\/p>\n<p>&nbsp;<\/p>\n<p>[\/et_pb_accordion_item][et_pb_accordion_item title=&#8221;INSCRIPCI\u00d3N CURSO DE PREPARACI\u00d3N PRUEBA ACCESO CICLO GRADO SUPERIOR (hasta 31 diciembre)&#8221; _builder_version=&#8221;4.24.2&#8243; _module_preset=&#8221;default&#8221; global_colors_info=&#8221;{}&#8221; open=&#8221;off&#8221;]<\/p>\n<p>&nbsp;<\/p>\n<p><span style=\"font-size: 12pt\"><strong>PLAZO DE INSCRIPCI\u00d3N: a partir del 1 de junio hasta el 31 de diciembre o hasta agotar las plazas disponibles.<\/strong><\/span><\/p>\n<p><span style=\"font-size: 12pt\">La inscripci\u00f3n se presentar\u00e1 en el centro, junto con copia del DNI. <\/span><a href=\"https:\/\/blogsaverroes.juntadeandalucia.es\/ipepcadiz\/files\/2025\/07\/INSCRIPCION-CURSO-PREPARACION-PRUEBA-ACCESO-CICLO-SUPERIOR.pdf\" target=\"_blank\" rel=\"noopener\"><span style=\"color: #3366ff;font-size: 12pt\"><strong>IMPRESO DE <\/strong><strong>INSCRIPCI\u00d3N<\/strong><\/span><\/a><\/p>\n<p><span style=\"color: #000000;font-size: 12pt\">Tambi\u00e9n podr\u00e1 enviarse el impreso cumplimentado a la siguiente direcci\u00f3n de email: <a href=\"mailto:11700317.administracion@g.educaand.es\" target=\"_blank\" rel=\"noopener\"><span style=\"color: #0b75c1\"><strong>11700317.administracion@g.educaand.es<\/strong><\/span><\/a><\/span><\/p>\n<p>[\/et_pb_accordion_item][et_pb_accordion_item title=&#8221;CURSO PRESENCIAL DE PREPARACI\u00d3N ACCESO GRADO SUPERIOR&#8221; _builder_version=&#8221;4.24.2&#8243; _module_preset=&#8221;default&#8221; global_colors_info=&#8221;{}&#8221; open=&#8221;off&#8221;]<\/p>\n<p>&nbsp;<\/p>\n<p>El alumnado con plaza adjudicada deber\u00e1 realizar la matr\u00edcula entre el <strong>17 y el 22 de julio<\/strong>, preferentemente a trav\u00e9s de la <strong>Secretar\u00eda Virtual<\/strong> (<a href=\"https:\/\/www.juntadeandalucia.es\/educacion\/secretariavirtual\/accesoTramite\/889\/\" target=\"_blank\" rel=\"noopener\"><span style=\"color: #0000ff\"><strong>PINCHA AQU\u00cd<\/strong><\/span><\/a>).<\/p>\n<p>[\/et_pb_accordion_item][\/et_pb_accordion][\/et_pb_column][\/et_pb_row][\/et_pb_section]<\/p>\n","protected":false},"excerpt":{"rendered":"<p>C\u00f3digo del Centro: 11700317 &nbsp;BACHILLERATO PRESENCIAL Y SEMIPRESENCIAL: El alumnado que present\u00f3 solicitud de admisi\u00f3n en junio y no realiz\u00f3 la matr\u00edcula en julio, DEBER\u00c1 entregar la matr\u00edcula entre el 1 y el 10 de septiembre. As\u00ed mismo, el alumnado del centro durante el curso 24-25 tambi\u00e9n PODR\u00c1 realizar la matr\u00edcula en este per\u00edodo.\u00a0 El [&hellip;]<\/p>\n","protected":false},"author":2513,"featured_media":0,"parent":0,"menu_order":0,"comment_status":"closed","ping_status":"closed","template":"","meta":{"_et_pb_use_builder":"on","_et_pb_old_content":"","_et_gb_content_width":"","ngg_post_thumbnail":0,"footnotes":""},"aioseo_notices":[],"_links":{"self":[{"href":"https:\/\/blogsaverroes.juntadeandalucia.es\/ipepcadiz\/wp-json\/wp\/v2\/pages\/878"}],"collection":[{"href":"https:\/\/blogsaverroes.juntadeandalucia.es\/ipepcadiz\/wp-json\/wp\/v2\/pages"}],"about":[{"href":"https:\/\/blogsaverroes.juntadeandalucia.es\/ipepcadiz\/wp-json\/wp\/v2\/types\/page"}],"author":[{"embeddable":true,"href":"https:\/\/blogsaverroes.juntadeandalucia.es\/ipepcadiz\/wp-json\/wp\/v2\/users\/2513"}],"replies":[{"embeddable":true,"href":"https:\/\/blogsaverroes.juntadeandalucia.es\/ipepcadiz\/wp-json\/wp\/v2\/comments?post=878"}],"version-history":[{"count":73,"href":"https:\/\/blogsaverroes.juntadeandalucia.es\/ipepcadiz\/wp-json\/wp\/v2\/pages\/878\/revisions"}],"predecessor-version":[{"id":2433,"href":"https:\/\/blogsaverroes.juntadeandalucia.es\/ipepcadiz\/wp-json\/wp\/v2\/pages\/878\/revisions\/2433"}],"wp:attachment":[{"href":"https:\/\/blogsaverroes.juntadeandalucia.es\/ipepcadiz\/wp-json\/wp\/v2\/media?parent=878"}],"curies":[{"name":"wp","href":"https:\/\/api.w.org\/{rel}","templated":true}]}}