{"id":1871,"date":"2019-03-11T14:06:31","date_gmt":"2019-03-11T13:06:31","guid":{"rendered":"https:\/\/www.ipepcordoba.com\/?page_id=1871"},"modified":"2022-05-03T09:37:18","modified_gmt":"2022-05-03T08:37:18","slug":"eso_adultos","status":"publish","type":"page","link":"https:\/\/blogsaverroes.juntadeandalucia.es\/ipepcordoba\/eso_adultos\/","title":{"rendered":"ESO personas adultas"},"content":{"rendered":"<h1>ESO para personas adultas<\/h1>\n<h2>Requisitos para acceder a la ESO para personas adultas (ESPA)<\/h2>\n<div class=\"entry-summary\">\n<div class=\"entry-summary\">\n<p>Adem\u00e1s de los<a href=\"https:\/\/www.ipepcordoba.com\/requisitos-para-estudiar-en-el-ipep\/\" target=\"_blank\" rel=\"noreferrer noopener\"> requisitos generales para acceder a la educaci\u00f3n de personas adultas<\/a>, los requisitos acad\u00e9micos para acceder a la educaci\u00f3n secundaria obligatoria para personas adultas (ESPA) son:<\/p>\n<h3><strong>Para acceder al Nivel I<\/strong><\/h3>\n<ul>\n<li>Haber superado el plan educativo de formaci\u00f3n b\u00e1sica o equivalente.<\/li>\n<li>Haber cursado 1\u00ba y 2\u00ba curso de la ESO y no haber promocionado a tercero; o el primer ciclo de esta etapa en su r\u00e9gimen para personas adultas y no haber promocionado al segundo ciclo.<\/li>\n<li>Haber obtenido valoraci\u00f3n positiva para la adscripci\u00f3n a este nivel como consecuencia del proceso de valoraci\u00f3n inicial en el acceso a la ESPA.<\/li>\n<li>Acreditar estudios de sistemas anteriores a la Ley Org\u00e1nica 2\/2006 de Educaci\u00f3n (LOE) seg\u00fan equivalencias vigentes.<\/li>\n<\/ul>\n<h3><strong>Para acceder al Nivel II:<\/strong><\/h3>\n<ul>\n<li>Haber superado el segundo curso de la ESO, o el primer ciclo o el Nivel 1 de \u00e9sta en su r\u00e9gimen para personas adultas.<\/li>\n<li>Estar en posesi\u00f3n del T\u00edtulo de Graduado Escolar.<\/li>\n<li>Haber obtenido valoraci\u00f3n positiva en uno o varios \u00e1mbitos para la adscripci\u00f3n a este nivel como consecuencia del proceso de valoraci\u00f3n inicial.<\/li>\n<li>Acreditar estudios anteriores del sistema educativo actual o anteriores seg\u00fan equivalencias vigentes.<\/li>\n<\/ul>\n<\/div>\n<\/div>\n<h2>\u00bfQu\u00e9 se estudia en la ESO para personas adultas (ESPA)?<\/h2>\n<div class=\"entry-summary\">\n<div class=\"entry-summary\">\n<p>La educaci\u00f3n secundaria obligatoria para personas adultas se estructura en dos cursos o niveles (I y II), que est\u00e1n organizados en tres \u00e1mbitos cada uno. A su vez, cada \u00e1mbito consta de tres m\u00f3dulos. Los niveles y los contenidos que incluyen son:<\/p>\n<ul>\n<li><strong>&nbsp;\u00c1mbito cient\u00edfico-tecnol\u00f3gico<\/strong>, incluye las materias de Matem\u00e1ticas, Ciencias de la Naturaleza, Tecnolog\u00edas y los aspectos relacionados con la salud y el medio natural de la materia de Educaci\u00f3n F\u00edsica.<\/li>\n<li><strong>&nbsp;\u00c1mbito de comunicaci\u00f3n<\/strong>, incluye las materias de Lengua Castellana y Literatura y Lengua Extranjera.<\/li>\n<li>&nbsp;<strong>\u00c1mbito socia<\/strong>l, incluye las materias de Ciencias Sociales, Geograf\u00eda e Historia, Educaci\u00f3n para la Ciudadan\u00eda, y los aspectos de percepci\u00f3n correspondientes a las materias de Educaci\u00f3n Pl\u00e1stica y Visual y M\u00fasica.<\/li>\n<\/ul>\n<p>La matr\u00edcula en la ESO para personas adultas puede ser por el total de los \u00e1mbitos de un nivel o bien de forma parcial incluyendo m\u00f3dulos o \u00e1mbitos de uno o de los dos niveles.<\/p>\n<h2>\u00bfCu\u00e1l es el horario de la ESO para personas adultas?<\/h2>\n<p>En el IPEP de C\u00f3rdoba, el horario de la ESO para personas adultas en la <a href=\"https:\/\/blogsaverroes.juntadeandalucia.es\/ipepcordoba\/modalidades-de-ensenanza\/\" target=\"_blank\" rel=\"noreferrer noopener\">modalidad presencial<\/a> es: de lunes a viernes por la ma\u00f1ana, (20 horas semanales), con la siguiente distribuci\u00f3n por \u00e1mbitos:<\/p>\n<ul>\n<li>\u00c1mbito Cient\u00edfico-tecnol\u00f3gico: 8 horas<\/li>\n<li>\u00c1mbito de Comunicaci\u00f3n: 7 horas (4 de Lengua y 3 de Ingl\u00e9s)<\/li>\n<li>\u00c1mbito Social: 5 horas.<\/li>\n<\/ul>\n<p>En la <a href=\"https:\/\/blogsaverroes.juntadeandalucia.es\/ipepcordoba\/modalidades-de-ensenanza\/\" target=\"_blank\" rel=\"noreferrer noopener\">modalidad semipresencial<\/a>&nbsp; las sesiones presenciales para quienes est\u00e9n matriculados de los tres \u00e1mbitos de un nivel es de dos d\u00edas a la semana, en horario de ma\u00f1ana o de tarde, a elegir. Esto puede variar dependiendo del n\u00famero de \u00e1mbitos por nivel que se cursen. La distribuci\u00f3n semanal por \u00e1mbitos es la siguiente:<\/p>\n<ul>\n<li>\u00c1mbito Cient\u00edfico-tecnol\u00f3gico: 3 horas.<\/li>\n<li>\u00c1mbito de Comunicaci\u00f3n: 3 horas (2 de Lengua y 1 de Ingl\u00e9s)<\/li>\n<li>\u00c1mbito Social: 2 horas.<\/li>\n<\/ul>\n<p>En la <a href=\"https:\/\/blogsaverroes.juntadeandalucia.es\/ipepcordoba\/modalidades-de-ensenanza\/\" target=\"_blank\" rel=\"noreferrer noopener\">modalidad a distancia<\/a> no existen sesiones presenciales, todo el aprendizaje se realiza a trav\u00e9s de la plataforma educativa online, es un trabajo aut\u00f3nomo de aprendizaje, pero tendr\u00e1s todos los materiales necesarios en dicha plataforma, con un un profesor que te resolver\u00e1 las dudas y te guiar\u00e1 para realizar las tareas que se ir\u00e1n realizando a lo largo del curso, al final de cada trimestre tendr\u00e1s una prueba presencial obligatoria que se realiza en el centro (podr\u00e1s presentarte a dichas pruebas en los IPEP del resto de provincias andaluzas siempre que acredites documentalmente tu residencia temporal o permanente en dichas provincias).<\/p>\n<\/div>\n<\/div>\n<h2>Evaluaci\u00f3n en la ESO para personas adultas<\/h2>\n<div class=\"entry-summary\">\n<div class=\"entry-summary\">\n<p>Cada \u00e1mbito recibe una \u00fanica calificaci\u00f3n que ser\u00e1 positiva cuando se aprueben todos los m\u00f3dulos que los componen. Cada \u00e1mbito podr\u00e1 ser calificado un m\u00e1ximo de seis veces (tres cursos) durante la etapa.<\/p>\n<p>La evaluaci\u00f3n es diferenciada para cada uno de los m\u00f3dulos que forman cada uno de los \u00e1mbitos que componen el curr\u00edculo. Es decir, si un m\u00f3dulo es superado, no ser\u00e1 necesario volver a cursarlo. Los \u00e1mbitos superados tendr\u00e1n validez en todo el territorio nacional, los m\u00f3dulos en territorio andaluz.<\/p>\n<p>A partir del curso 2021-22, no hay prueba extraordinaria en septiembre para el alumnado con evaluaci\u00f3n negativa en uno o varios m\u00f3dulos de los diferentes \u00e1mbitos.<\/p>\n<h3>\u00bfC\u00f3mo se pasa de curso en la ESO para personas adultas?<\/h3>\n<p>Para poder cursar un \u00e1mbito del Nivel II es necesario haber superado, al menos, dos de los m\u00f3dulos que componen ese \u00e1mbito en el Nivel I.<\/p>\n<h3>\u00bfC\u00f3mo se obtiene el t\u00edtulo de Graduado en Educaci\u00f3n Secundaria Obligatoria para personas adultas?<\/h3>\n<p>El equipo educativo propondr\u00e1 para la obtenci\u00f3n del t\u00edtulo de Graduado en Educaci\u00f3n Secundaria Obligatoria al alumnado que supere todos los \u00e1mbitos de los Niveles I y II.<\/p>\n<\/div>\n<\/div>\n<p>A partir del curso 2021\/22, tras la entrada en vigor de la Ley Org\u00e1nica 3\/2020 (LOMLOE) y el desarrollo legislativo posterior, se contempla la posibilidad de que, excepcionalmente, el equipo docente pueda decidir la obtenci\u00f3n del t\u00edtulo de Graduado en Educaci\u00f3n Secundaria Obligatoria por el alumno o alumna que haya superado todos los \u00e1mbitos salvo uno, siempre que se considere que ha alcanzado los objetivos vinculados a ese t\u00edtulo.<\/p>\n<h2>Preguntas frecuentes<\/h2>\n<div class=\"entry-summary\">\n<div class=\"entry-summary\">\n<h3>\u00bfEl Graduado Escolar es el Graduado en la ESO?<\/h3>\n<p>No. El Graduado escolar, que se obten\u00eda al acabar la antigua EGB, equivaldr\u00eda a tener finalizado 2\u00ba de la ESO o el Nivel I de la ESO para personas adultas.<br \/>\nEl Graduado en la ESO corresponde a la superaci\u00f3n de los cuatro cursos que componen esa etapa, o, en el caso de cursar la ESO para personas adultas, la superaci\u00f3n de los niveles I y II.<\/p>\n<h3>\u00bfPuedo presentarme a la Prueba Libre de la ESO mientras curso la ESO para personas adultas?<\/h3>\n<p>S\u00ed, puedes presentarte a la Prueba Libre de la ESO (prueba de obtenci\u00f3n del t\u00edtulo de Graduado en Educaci\u00f3n Secundaria Obligatoria) mientras cursas la ESO para personas adultas en cualquiera de sus modalidades. Si apruebas alg\u00fan \u00e1mbito en la Prueba Libre de la ESO, quedar\u00e1 aprobado en la ESO para personas adultas con la nota que hayas obtenido en la prueba. Los \u00e1mbitos que no apruebes en la Prueba Libre de de la ESO no tendr\u00e1n ning\u00fan efecto en la ESO para personas adultas.<\/p>\n<p>Ver m\u00e1s informaci\u00f3n sobre la Prueba Libre de la ESO en <a href=\"https:\/\/blogsaverroes.juntadeandalucia.es\/ipepcordoba\/prueba-libre-de-la-eso\/\">este enlace<\/a>.<\/p>\n<\/div>\n<\/div>\n","protected":false},"excerpt":{"rendered":"<p>ESO para personas adultas Requisitos para acceder a la ESO para personas adultas (ESPA) Adem\u00e1s de los requisitos generales para acceder a la educaci\u00f3n de&hellip;<\/p>\n","protected":false},"author":8332,"featured_media":0,"parent":0,"menu_order":0,"comment_status":"closed","ping_status":"closed","template":"","meta":{"ngg_post_thumbnail":0,"footnotes":"","_mc_calendar":[]},"aioseo_notices":[],"_links":{"self":[{"href":"https:\/\/blogsaverroes.juntadeandalucia.es\/ipepcordoba\/wp-json\/wp\/v2\/pages\/1871"}],"collection":[{"href":"https:\/\/blogsaverroes.juntadeandalucia.es\/ipepcordoba\/wp-json\/wp\/v2\/pages"}],"about":[{"href":"https:\/\/blogsaverroes.juntadeandalucia.es\/ipepcordoba\/wp-json\/wp\/v2\/types\/page"}],"author":[{"embeddable":true,"href":"https:\/\/blogsaverroes.juntadeandalucia.es\/ipepcordoba\/wp-json\/wp\/v2\/users\/8332"}],"replies":[{"embeddable":true,"href":"https:\/\/blogsaverroes.juntadeandalucia.es\/ipepcordoba\/wp-json\/wp\/v2\/comments?post=1871"}],"version-history":[{"count":20,"href":"https:\/\/blogsaverroes.juntadeandalucia.es\/ipepcordoba\/wp-json\/wp\/v2\/pages\/1871\/revisions"}],"predecessor-version":[{"id":3820,"href":"https:\/\/blogsaverroes.juntadeandalucia.es\/ipepcordoba\/wp-json\/wp\/v2\/pages\/1871\/revisions\/3820"}],"wp:attachment":[{"href":"https:\/\/blogsaverroes.juntadeandalucia.es\/ipepcordoba\/wp-json\/wp\/v2\/media?parent=1871"}],"curies":[{"name":"wp","href":"https:\/\/api.w.org\/{rel}","templated":true}]}}