{"id":1901,"date":"2019-03-12T09:54:45","date_gmt":"2019-03-12T08:54:45","guid":{"rendered":"https:\/\/www.ipepcordoba.com\/?page_id=1901"},"modified":"2020-03-03T09:18:49","modified_gmt":"2020-03-03T09:18:49","slug":"requisitos-para-estudiar-en-el-ipep","status":"publish","type":"page","link":"https:\/\/blogsaverroes.juntadeandalucia.es\/ipepcordoba\/requisitos-para-estudiar-en-el-ipep\/","title":{"rendered":"Requisitos para estudiar en el IPEP"},"content":{"rendered":"\r\n<h3 class=\"wp-block-heading\">Generales<\/h3>\r\n\r\n\r\n\r\n<ul>\r\n<li>Ser mayor de dieciocho a\u00f1os o cumplirlos en el a\u00f1o natural en que comience el curso acad\u00e9mico.<\/li>\r\n<li>Estar en posesi\u00f3n de los requisitos o condiciones establecidas con car\u00e1cter general para el acceso a la ense\u00f1anza de que se trate, <a href=\"https:\/\/www.ipepcordoba.com\/espa\/\" target=\"_blank\" rel=\"noreferrer noopener\">ESPA<\/a> o <a href=\"https:\/\/www.ipepcordoba.com\/bachillerato\/\" target=\"_blank\" rel=\"noreferrer noopener\">Bachillerato<\/a>.<\/li>\r\n<\/ul>\r\n\r\n\r\n\r\n<h3 class=\"wp-block-heading\">Excepcionales<\/h3>\r\n\r\n\r\n\r\n<p>Excepcionalmente podr\u00e1n  acceder a estas ense\u00f1anzas las personas mayores de diecis\u00e9is a\u00f1os, o que cumplan esa edad dentro del a\u00f1o natural en que comienza el curso escolar, que lo soliciten y que acrediten alguna de las siguientes situaciones:<\/p>\r\n\r\n\r\n\r\n<ul>\r\n<li>Ser persona trabajadora por cuenta propia o ajena que no le permita acudir a los centros educativos en r\u00e9gimen ordinario.<\/li>\r\n<li>Ser deportista de rendimiento de Andaluc\u00eda o de alto rendimiento o alto nivel.<\/li>\r\n<li>Encontrarse en situaci\u00f3n personal extraordinaria de enfermedad, discapacidad o cualquier otra situaci\u00f3n que le impida cursar las ense\u00f1anzas en r\u00e9gimen ordinario, quedando incluidas en este supuesto las personas v\u00edctimas de la violencia de g\u00e9nero y las v\u00edctimas de terrorismo, as\u00ed como sus hijos e hijas, y las personas que se encuentren en situaci\u00f3n de dificultad social extrema o riesgo de exclusi\u00f3n. En este caso la solicitud de cursar ense\u00f1anzas de educaci\u00f3n permanente debe ser resuelta por la Delegaci\u00f3n de Educaci\u00f3n previo informe de la inspecci\u00f3n educativa.<\/li>\r\n<\/ul>\r\n\r\n\r\n\r\n<p>Estas personas deber\u00e1n estar en posesi\u00f3n de los requisitos o condiciones establecidas con car\u00e1cter general para el acceso a la ense\u00f1anza de que se trate, ESPA o Bachillerato.<\/p>\r\n","protected":false},"excerpt":{"rendered":"<p>Generales Ser mayor de dieciocho a\u00f1os o cumplirlos en el a\u00f1o natural en que comience el curso acad\u00e9mico. Estar en posesi\u00f3n de los requisitos o&hellip;<\/p>\n","protected":false},"author":8332,"featured_media":0,"parent":0,"menu_order":0,"comment_status":"closed","ping_status":"closed","template":"","meta":{"ngg_post_thumbnail":0,"footnotes":"","_mc_calendar":[]},"aioseo_notices":[],"_links":{"self":[{"href":"https:\/\/blogsaverroes.juntadeandalucia.es\/ipepcordoba\/wp-json\/wp\/v2\/pages\/1901"}],"collection":[{"href":"https:\/\/blogsaverroes.juntadeandalucia.es\/ipepcordoba\/wp-json\/wp\/v2\/pages"}],"about":[{"href":"https:\/\/blogsaverroes.juntadeandalucia.es\/ipepcordoba\/wp-json\/wp\/v2\/types\/page"}],"author":[{"embeddable":true,"href":"https:\/\/blogsaverroes.juntadeandalucia.es\/ipepcordoba\/wp-json\/wp\/v2\/users\/8332"}],"replies":[{"embeddable":true,"href":"https:\/\/blogsaverroes.juntadeandalucia.es\/ipepcordoba\/wp-json\/wp\/v2\/comments?post=1901"}],"version-history":[{"count":1,"href":"https:\/\/blogsaverroes.juntadeandalucia.es\/ipepcordoba\/wp-json\/wp\/v2\/pages\/1901\/revisions"}],"predecessor-version":[{"id":2635,"href":"https:\/\/blogsaverroes.juntadeandalucia.es\/ipepcordoba\/wp-json\/wp\/v2\/pages\/1901\/revisions\/2635"}],"wp:attachment":[{"href":"https:\/\/blogsaverroes.juntadeandalucia.es\/ipepcordoba\/wp-json\/wp\/v2\/media?parent=1901"}],"curies":[{"name":"wp","href":"https:\/\/api.w.org\/{rel}","templated":true}]}}