{"id":1908,"date":"2019-03-12T10:03:00","date_gmt":"2019-03-12T10:03:00","guid":{"rendered":"https:\/\/www.ipepcordoba.com\/?page_id=1908"},"modified":"2020-09-16T09:37:34","modified_gmt":"2020-09-16T09:37:34","slug":"videos-pasen-moodle","status":"publish","type":"page","link":"https:\/\/blogsaverroes.juntadeandalucia.es\/ipepcordoba\/videos-pasen-moodle\/","title":{"rendered":"V\u00eddeotutoriales"},"content":{"rendered":"<p>En estos enlaces puedes acceder a v\u00eddeos que te ayudar\u00e1n a conocer y usar la plataforama Moodle:<\/p>\n<p><a href=\"https:\/\/www.youtube.com\/watch?v=ZwxQ6h3F3xo&amp;feature=youtu.be\" target=\"_blank\" rel=\"noopener noreferrer\">PRIMER PASO: DARSE DE ALTA EN PASEN<\/a><\/p>\n<p><a href=\"https:\/\/youtu.be\/1FECvbIb39o\">PRIMEROS PASOS EN MOODLE<\/a><br \/>\n<a href=\"https:\/\/www.youtube.com\/watch?v=LSl7KKCcwfs\">FOROS<\/a><br \/>\n<a href=\"https:\/\/www.youtube.com\/watch?v=5kdq_LUTzCE\">MENSAJES<\/a><br \/>\n<a href=\"https:\/\/www.youtube.com\/watch?v=OkuvwdfJIyg\">CORREO INTERNO<\/a><br \/>\n<a href=\"https:\/\/www.youtube.com\/watch?v=SJGnW00PoU4\">CONTENIDOS. RECURSOS<\/a><br \/>\n<a href=\"https:\/\/youtu.be\/dYg2hvwOr0A\">CUESTIONARIOS<\/a><br \/>\n<a href=\"https:\/\/youtu.be\/aE28OP_UAjs\">EDITOR 1<\/a><br \/>\n<a href=\"https:\/\/www.youtube.com\/watch?v=0Na77XynPTA\">EDITOR 2<\/a><br \/>\n<a href=\"https:\/\/www.youtube.com\/watch?v=PgEeCzxRjfQ\">TAREAS<\/a><\/p>\n","protected":false},"excerpt":{"rendered":"<p>En estos enlaces puedes acceder a v\u00eddeos que te ayudar\u00e1n a conocer y usar la plataforama Moodle: PRIMER PASO: DARSE DE ALTA EN PASEN PRIMEROS&hellip;<\/p>\n","protected":false},"author":8332,"featured_media":0,"parent":0,"menu_order":0,"comment_status":"closed","ping_status":"closed","template":"","meta":{"ngg_post_thumbnail":0,"footnotes":"","_mc_calendar":[]},"aioseo_notices":[],"_links":{"self":[{"href":"https:\/\/blogsaverroes.juntadeandalucia.es\/ipepcordoba\/wp-json\/wp\/v2\/pages\/1908"}],"collection":[{"href":"https:\/\/blogsaverroes.juntadeandalucia.es\/ipepcordoba\/wp-json\/wp\/v2\/pages"}],"about":[{"href":"https:\/\/blogsaverroes.juntadeandalucia.es\/ipepcordoba\/wp-json\/wp\/v2\/types\/page"}],"author":[{"embeddable":true,"href":"https:\/\/blogsaverroes.juntadeandalucia.es\/ipepcordoba\/wp-json\/wp\/v2\/users\/8332"}],"replies":[{"embeddable":true,"href":"https:\/\/blogsaverroes.juntadeandalucia.es\/ipepcordoba\/wp-json\/wp\/v2\/comments?post=1908"}],"version-history":[{"count":4,"href":"https:\/\/blogsaverroes.juntadeandalucia.es\/ipepcordoba\/wp-json\/wp\/v2\/pages\/1908\/revisions"}],"predecessor-version":[{"id":2926,"href":"https:\/\/blogsaverroes.juntadeandalucia.es\/ipepcordoba\/wp-json\/wp\/v2\/pages\/1908\/revisions\/2926"}],"wp:attachment":[{"href":"https:\/\/blogsaverroes.juntadeandalucia.es\/ipepcordoba\/wp-json\/wp\/v2\/media?parent=1908"}],"curies":[{"name":"wp","href":"https:\/\/api.w.org\/{rel}","templated":true}]}}