{"id":2375,"date":"2019-03-11T10:28:45","date_gmt":"2019-03-11T09:28:45","guid":{"rendered":"https:\/\/www.ipepcordoba.com\/?page_id=1887"},"modified":"2026-03-26T12:13:33","modified_gmt":"2026-03-26T11:13:33","slug":"prueba-libre-bachillerato","status":"publish","type":"page","link":"https:\/\/blogsaverroes.juntadeandalucia.es\/ipepcordoba\/prueba-libre-bachillerato\/","title":{"rendered":"Prueba Libre de Bachillerato"},"content":{"rendered":"<h1>Prueba libre de Bachillerato<\/h1>\n<div class=\"entry-summary\">\n<div class=\"entry-summary\">\n<p>Estas pruebas para la obtenci\u00f3n del t\u00edtulo de Bachiller (coloquialmente, prueba libre de Bachillerato) se convocan una vez al a\u00f1o. Puedes inscribirte si eres mayor de 20 a\u00f1os o los cumples en el a\u00f1o natural de la convocatoria. Puedes inscribirte aunque est\u00e9s cursando otros estudios, incluido Bachillerato.<\/p>\n<p>Estas pruebas est\u00e1n dise\u00f1adas para que puedas obtener el t\u00edtulo de Bachiller sin estudios previos, o habiendo superado parte de las materias de Bachillerato. Estas pruebas no permiten mejorar calificaciones ya obtenidas, solo completar las de las materias que te falten para que puedas obtener tu t\u00edtulo.<\/p>\n<p>Si has cursado estudios de Bachillerato o estudios considerados equivalentes con evaluaci\u00f3n positiva en una o varias materias, adjuntar\u00e1s al impreso de solicitud la&nbsp;<strong>certificaci\u00f3n acad\u00e9mica oficial<\/strong>&nbsp;correspondiente, para establecer las exenciones oportunas, conforme a la normativa vigente.<\/p>\n<p>M\u00e1s informaci\u00f3n sobre la inscripci\u00f3n <a href=\"https:\/\/www.juntadeandalucia.es\/educacion\/portales\/web\/educacion-permanente\/servicios\/pruebas\/obtencion-titulo-bachiller\" target=\"_blank\" rel=\"noopener noreferrer\">aqu\u00ed<\/a><\/p>\n<\/div>\n<\/div>\n<h2>\u00bfCu\u00e1ndo se convoca la prueba libre de Bachillerato?<\/h2>\n<div class=\"entry-summary\">\n<div class=\"entry-summary\">\n<p>En los \u00faltimos a\u00f1os, la prueba libre de Bachillerato ha tenido lugar en abril y la inscripci\u00f3n se realiza en febrero.<\/p>\n<p>M\u00e1s informaci\u00f3n sobre el calendario en el <a href=\"https:\/\/www.juntadeandalucia.es\/educacion\/portales\/web\/educacion-permanente\/bachillerato\/pruebas\/calendario\" target=\"_blank\" rel=\"noopener noreferrer\">portal de educaci\u00f3n permanente<\/a>.<\/p>\n<h2>\u00bfC\u00f3mo es la prueba libre de Bachillerato?<\/h2>\n<p>La prueba libre de Bacnillerato st\u00e1 estructurada en <strong>8 pruebas<\/strong> que depender\u00e1n de la modalidad de Bachillerato escogida; <strong>Humanidades y Ciencias Sociales<\/strong> (con dos posibles itinearios), <strong>Ciencias <\/strong>y <strong>Artes<\/strong>.<\/p>\n<p>Aquellas personas que no tengan ninguna materia superada con anterioridad realizar\u00e1n su <strong>inscripci\u00f3n por materias agrupadas<\/strong> (prueba sobre las materias tanto de 1\u00ba como&nbsp; de 2\u00ba de bachillerato para realizar en dos horas). Sin embargo, aquellas otras que ya tengan alguna materia superada har\u00e1n la <strong>inscripci\u00f3n por materias individualizadas<\/strong> (prueba sobre la materia o de 1\u00ba o de 2\u00ba de Bachillerato para realizar en una hora). En ambos casos se elegir\u00e1 una \u00fanica opci\u00f3n de las propuestas en cada prueba y modalidad.<\/p>\n<\/div>\n<\/div>\n<div class=\"entry-summary\">\n<div class=\"entry-summary\">\n<h2>\u00bfC\u00f3mo puedo preparar la prueba libre de Bachillerato?<\/h2>\n<\/div>\n<p>Puedes preparar la prueba libre de Bachillerato en el Instituto Privincial de Educaci\u00f3n Permanente (IPEP) de C\u00f3rdoba. La preparaci\u00f3n es p\u00fablica y gratuita. <a href=\"https:\/\/blogsaverroes.juntadeandalucia.es\/ipepcordoba\/contacto\/\">Contacta con nosotros<\/a> para conocer mejor el plan de preparaci\u00f3n.<\/p>\n<\/div>\n<h2>&nbsp;<\/h2>\n<h2>Preguntas frecuentes sobre la prueba libre de Bachillerato.<\/h2>\n<div class=\"entry-summary\">\n<div class=\"entry-summary\">\n<h3>\u00bfPuedo inscribirme en la prueba libre de Bachillerato para mayores de 20 a\u00f1os si tengo 19 a\u00f1os?<\/h3>\n<p>S\u00ed, siempre que cumplas 20 a\u00f1os durante el a\u00f1o natural en el que realices la prueba.<\/p>\n<h3>\u00bfTiene alg\u00fan coste\/tasa la prueba libre de Bachillerato?<\/h3>\n<p>No. Es una prueba gratuita.<\/p>\n<h3>\u00bfD\u00f3nde debo presentar la inscripci\u00f3n de la prueba libre de Bachillerato?<\/h3>\n<p>Parar participar en estas pruebas has de formalizar tu solicitud de inscripci\u00f3n en el plazo de presentaci\u00f3n de solicitudes <a href=\"https:\/\/www.juntadeandalucia.es\/educacion\/portales\/web\/educacion-permanente\/bachillerato\/pruebas\/calendario\">(consulta el Calendario)<\/a>. Puedes realizar el tr\u00e1mite:<\/p>\n<ul>\n<li>Telem\u00e1ticamente a trav\u00e9s de la Secretar\u00eda virtual y sin necesidad de desplazarte, siendo la opci\u00f3n m\u00e1s recomendable. Para ello debes contar con clave iANDE o alg\u00fan certificado digital en vigor.\n<ul>\n<li><a href=\"https:\/\/www.juntadeandalucia.es\/educacion\/secretariavirtual\/accesoTramite\/430\/\" target=\"_blank\" rel=\"noopener\">Enlace para realizar la inscripci\u00f3n (disponible solo en plazo correspondiente)<\/a><\/li>\n<\/ul>\n<\/li>\n<li>Remitiendo tu solicitud de inscripci\u00f3n, en persona o por correo postal, al centro en el que desees realizar la prueba. La cumplimentaci\u00f3n de dicho formulario puedes realizarla:\n<ul>\n<li>Con ayuda de la Secretar\u00eda virtual: tras completar todos los campos, se genera un archivo pdf que consta de dos copias del impreso: una para ti como resguardo de entrega y otra para la Administraci\u00f3n.\n<ul>\n<li><a href=\"https:\/\/secretariavirtual.juntadeandalucia.es\/secretariavirtual\/acceso\/4\/430\/\" target=\"_blank\" rel=\"noopener\">Enlace para realizar la inscripci\u00f3n por cumplimentaci\u00f3n en l\u00ednea<\/a><\/li>\n<\/ul>\n<\/li>\n<li>Puedes descargar e imprimir los impresos necesarios (recuerda que debe haber un ejemplar para ti como resguardo de entrega y otro para enviar).<\/li>\n<\/ul>\n<\/li>\n<\/ul>\n<h3>\u00bfCu\u00e1ntas convocatorias existen para superar la prueba libre de Bachillerato?<\/h3>\n<p>No hay l\u00edmite de convocatorias. Puedes utilizar tantas convocatorias como te sean necesarias para obtener el t\u00edtulo, teniendo en cuenta que, una vez superada una prueba, no podr\u00e1s volverte a presentar para mejorar tu calificaci\u00f3n.<\/p>\n<h3>\u00bfPodr\u00eda realizar en el extranjero la prueba libre de Bachillerato?<\/h3>\n<p>No. Las pruebas se circunscriben al territorio andaluz.<\/p>\n<h3>\u00bfQu\u00e9 material puedo utilizar para prepararme la prueba libre de Bachillerato?<\/h3>\n<p>La Junta de Andaluc\u00eda pone a disposici\u00f3n de la ciudadan\u00eda materiales accesibles de distintas materias de bachillerato en el portal CREA.<\/p>\n<p><a href=\"https:\/\/www.juntadeandalucia.es\/educacion\/portales\/web\/educacion-permanente\/w\/materiales-educativos?redirect=%2Feducacion%2Fportales%2Fweb%2Feducacion-permanente%2Fbachillerato%2Fpruebas%2Fsobre-las-pruebas\" target=\"_blank\" rel=\"noopener noreferrer\"><strong>Enlace a materiales<\/strong><\/a><\/p>\n<h3>\u00bfPuedo ver pruebas de a\u00f1os anteriores correspondientes a la prueba libre de Bachillerato?<\/h3>\n<p>Existen pruebas publicadas desde la convocatoria de 2010, que podr\u00edan servirte de orientaci\u00f3n .<\/p>\n<p>Seleccione el siguiente <strong><a href=\"https:\/\/www.juntadeandalucia.es\/educacion\/portales\/web\/educacion-permanente\/bachillerato\/pruebas\/sobre-las-pruebas\/modelos-convocatorias-anteriores?redirect=\/educacion\/portales\/web\/educacion-permanente\/bachillerato\/pruebas\/sobre-las-pruebas\" target=\"_blank\" rel=\"noopener noreferrer\">enlace<\/a><\/strong> para acceder a ellas.<\/p>\n<\/div>\n<\/div>\n","protected":false},"excerpt":{"rendered":"<p>Prueba libre de Bachillerato Estas pruebas para la obtenci\u00f3n del t\u00edtulo de Bachiller (coloquialmente, prueba libre de Bachillerato) se convocan una vez al a\u00f1o. Puedes&hellip;<\/p>\n","protected":false},"author":8332,"featured_media":0,"parent":0,"menu_order":0,"comment_status":"closed","ping_status":"closed","template":"","meta":{"ngg_post_thumbnail":0,"footnotes":"","_mc_calendar":[]},"aioseo_notices":[],"_links":{"self":[{"href":"https:\/\/blogsaverroes.juntadeandalucia.es\/ipepcordoba\/wp-json\/wp\/v2\/pages\/2375"}],"collection":[{"href":"https:\/\/blogsaverroes.juntadeandalucia.es\/ipepcordoba\/wp-json\/wp\/v2\/pages"}],"about":[{"href":"https:\/\/blogsaverroes.juntadeandalucia.es\/ipepcordoba\/wp-json\/wp\/v2\/types\/page"}],"author":[{"embeddable":true,"href":"https:\/\/blogsaverroes.juntadeandalucia.es\/ipepcordoba\/wp-json\/wp\/v2\/users\/8332"}],"replies":[{"embeddable":true,"href":"https:\/\/blogsaverroes.juntadeandalucia.es\/ipepcordoba\/wp-json\/wp\/v2\/comments?post=2375"}],"version-history":[{"count":5,"href":"https:\/\/blogsaverroes.juntadeandalucia.es\/ipepcordoba\/wp-json\/wp\/v2\/pages\/2375\/revisions"}],"predecessor-version":[{"id":4739,"href":"https:\/\/blogsaverroes.juntadeandalucia.es\/ipepcordoba\/wp-json\/wp\/v2\/pages\/2375\/revisions\/4739"}],"wp:attachment":[{"href":"https:\/\/blogsaverroes.juntadeandalucia.es\/ipepcordoba\/wp-json\/wp\/v2\/media?parent=2375"}],"curies":[{"name":"wp","href":"https:\/\/api.w.org\/{rel}","templated":true}]}}