{"id":2377,"date":"2019-03-12T09:57:42","date_gmt":"2019-03-12T08:57:42","guid":{"rendered":"https:\/\/www.ipepcordoba.com\/?page_id=1903"},"modified":"2021-11-09T00:18:10","modified_gmt":"2021-11-08T23:18:10","slug":"modalidades-de-ensenanza","status":"publish","type":"page","link":"https:\/\/blogsaverroes.juntadeandalucia.es\/ipepcordoba\/modalidades-de-ensenanza\/","title":{"rendered":"Modalidades de ense\u00f1anza"},"content":{"rendered":"\r\n<h3 class=\"wp-block-heading\">Modalidad presencial<\/h3>\r\n\r\n\r\n\r\n<p>Asistencia diaria de lunes a viernes en jornada de ma\u00f1ana. La asistencia es obligada y puede perderse el puesto escolar por ausencias injustificadas. En el banner de la derecha puede consultar los horarios del curso actual, tenga en cuenta que cada a\u00f1o ella distribuci\u00f3n de las asignaturas en el horario es diferente.<\/p>\r\n\r\n\r\n\r\n\r\n\r\n<h3 class=\"wp-block-heading\">Modalidad semipresencial<\/h3>\r\n\r\n\r\n\r\n<p>Esta modalidad combina sesiones presenciales con el uso de una plataforma virtual para el aprendizaje. A trav\u00e9s de ella se establece comunicaci\u00f3n con el profesorado, se realizan o presentan tareas y actividades y se accede al material y recursos para el aprendizaje. Los d\u00edas de asistencia al IPEP, en jornada de ma\u00f1ana o de tarde, pueden oscilar seg\u00fan el n\u00famero de materias o \u00e1mbitos matriculados. Como ejemplo, un alumno o alumna que se matricule del curso completo de bachillerato o de los tres \u00e1mbitos de la ESPA deber\u00e1 asistir al centro dos d\u00edas a la semana<\/p>\r\n<p>El alumno podr\u00e1 elegir entre el turno de ma\u00f1ana o el de tarde e incluso podr\u00e1 cambiar esta elecci\u00f3n una vez iniciado el curso debido a motivos laborales o familiares.&nbsp; Este cambio de turno de ma\u00f1ana o tarde, llegado el caso, ser\u00e1 un cambio muy suave, ya que es el mismo profesor el que atiende los dos turnos, y lleva las clases sincronizadas, por lo que cada semana se imparte la misma materia por la ma\u00f1ana y por la tarde.<\/p>\r\n<p>A continuaci\u00f3n puedes ver un ejemplo del horario de ESPA 2, si nos fijamos en Ingl\u00e9s vemos que se imparte, el lunes de 16:55 a 17:50 y el mi\u00e9rcoles de 12:40 a 13:35. El mismo profesor o profesora impartir\u00e1 cada semana la misma materia en ambos turnos.<\/p>\r\n<p><a href=\"https:\/\/blogsaverroes.juntadeandalucia.es\/ipepcordoba\/files\/2021\/03\/chrome_01uV4P5tyt.png\"><img fetchpriority=\"high\" decoding=\"async\" class=\"size-full wp-image-3081 aligncenter\" src=\"https:\/\/blogsaverroes.juntadeandalucia.es\/ipepcordoba\/files\/2021\/03\/chrome_01uV4P5tyt.png\" alt=\"\" width=\"797\" height=\"695\" srcset=\"https:\/\/blogsaverroes.juntadeandalucia.es\/ipepcordoba\/files\/2021\/03\/chrome_01uV4P5tyt.png 797w, https:\/\/blogsaverroes.juntadeandalucia.es\/ipepcordoba\/files\/2021\/03\/chrome_01uV4P5tyt-300x262.png 300w, https:\/\/blogsaverroes.juntadeandalucia.es\/ipepcordoba\/files\/2021\/03\/chrome_01uV4P5tyt-768x670.png 768w\" sizes=\"(max-width: 797px) 100vw, 797px\" \/><\/a><\/p>\r\n<p>En el banner de horarios de la derecha puede verse c\u00f3mo se distribuyen las ma\u00f1anas y las tardes de las distintas ense\u00f1anzas en el curso actual (cada a\u00f1o ella distribuci\u00f3n de las asignaturas en el horario es diferente).<\/p>\r\n<h3>Modalidad a distancia<\/h3>\r\n<p>En esta modalidad, el alumno aprende a su propio ritmo a trav\u00e9s de la plataforma educativa online. Su trabajo se basara en la realizaci\u00f3n de tareas y actividades en la plataforma, as\u00ed como la preparaci\u00f3n de las pruebas presenciales que se realizar\u00e1n trimestralmente, con el apoyo de los profesores del IPEP de C\u00f3rdoba que le atender\u00e1n de forma telem\u00e1tica o f\u00edsicamente en nuestro instituto.<\/p>\r\n<p>En cada trimestre podr\u00e1 acudir al centro para realizar las pruebas de evaluaci\u00f3n que se realizar\u00e1n en horario de ma\u00f1ana y tarde entre semana, est\u00e1s pruebas de evaluaci\u00f3n son obligatorias, aunque si no puede asistir a las pruebas trimestrales puede presentarse a la prueba final de curso que se celebrar\u00e1 tambi\u00e9n presencialmente y entre semana en nuestro centro.<\/p>\r\n<p>Si el alumno, tanto en las pruebas trimestrales como en la final ordinaria y extraordinaria, no puede asistir al IPEP C\u00f3rdoba por estar desplazado o viviendo en otra provincia, podr\u00e1 realizar dichas pruebas en cualquiera de los 8 IPEP que hay en Andaluc\u00eda (uno en cada provincia).<\/p>\r\n","protected":false},"excerpt":{"rendered":"<p>Modalidad presencial Asistencia diaria de lunes a viernes en jornada de ma\u00f1ana. La asistencia es obligada y puede perderse el puesto escolar por ausencias injustificadas.&hellip;<\/p>\n","protected":false},"author":8332,"featured_media":0,"parent":0,"menu_order":0,"comment_status":"closed","ping_status":"closed","template":"","meta":{"ngg_post_thumbnail":0,"footnotes":"","_mc_calendar":[]},"aioseo_notices":[],"_links":{"self":[{"href":"https:\/\/blogsaverroes.juntadeandalucia.es\/ipepcordoba\/wp-json\/wp\/v2\/pages\/2377"}],"collection":[{"href":"https:\/\/blogsaverroes.juntadeandalucia.es\/ipepcordoba\/wp-json\/wp\/v2\/pages"}],"about":[{"href":"https:\/\/blogsaverroes.juntadeandalucia.es\/ipepcordoba\/wp-json\/wp\/v2\/types\/page"}],"author":[{"embeddable":true,"href":"https:\/\/blogsaverroes.juntadeandalucia.es\/ipepcordoba\/wp-json\/wp\/v2\/users\/8332"}],"replies":[{"embeddable":true,"href":"https:\/\/blogsaverroes.juntadeandalucia.es\/ipepcordoba\/wp-json\/wp\/v2\/comments?post=2377"}],"version-history":[{"count":10,"href":"https:\/\/blogsaverroes.juntadeandalucia.es\/ipepcordoba\/wp-json\/wp\/v2\/pages\/2377\/revisions"}],"predecessor-version":[{"id":3284,"href":"https:\/\/blogsaverroes.juntadeandalucia.es\/ipepcordoba\/wp-json\/wp\/v2\/pages\/2377\/revisions\/3284"}],"wp:attachment":[{"href":"https:\/\/blogsaverroes.juntadeandalucia.es\/ipepcordoba\/wp-json\/wp\/v2\/media?parent=2377"}],"curies":[{"name":"wp","href":"https:\/\/api.w.org\/{rel}","templated":true}]}}