{"id":2379,"date":"2019-03-11T13:41:41","date_gmt":"2019-03-11T12:41:41","guid":{"rendered":"https:\/\/www.ipepcordoba.com\/?page_id=1909"},"modified":"2025-11-10T10:28:57","modified_gmt":"2025-11-10T09:28:57","slug":"quienes-somos","status":"publish","type":"page","link":"https:\/\/blogsaverroes.juntadeandalucia.es\/ipepcordoba\/quienes-somos\/","title":{"rendered":"\u00bfQui\u00e9nes somos?"},"content":{"rendered":"\r\n<h4 class=\"wp-block-heading\">Historia del Instituto Provincial de Educaci\u00f3n Permanente (IPEP) de C\u00f3rdoba<\/h4>\r\n<p>El <strong>bachillerato a distancia<\/strong> se establece formalmente en Espa\u00f1a en el a\u00f1o <strong>1975<\/strong> a partir del <a href=\"https:\/\/www.boe.es\/buscar\/doc.php?id=BOE-A-1975-21380\">Decreto 2408\/75, de 9 de octubre Bolet\u00edn Oficial del Estado de 16 de octubre<\/a> creando dicho decreto el <strong>Instituto Nacional de Educaci\u00f3n a Distancia (INBAD)<\/strong> con sede en Madrid, desde donde se organizar\u00edan los distintos Institutos Nacionales de Bachillerato que se incorporar\u00eda como centros adscritos a este centro matriz de Madrid. Gracias a estos centros se podr\u00eda impartir <strong>bachillerato a distancia<\/strong> a la poblaci\u00f3n que no pod\u00eda acceder por alg\u00fan motivo a la red de centros de bachillerato presenciales.<\/p>\r\n<p>Desde ese a\u00f1o los alumnos de la provincia de C\u00f3rdoba que realizaban sus estudios de bachillerato a distancia, eran atendidos por los centros asociados de Sevilla y Ja\u00e9n (hoy d\u00eda<strong> IPEP Sevilla e IPEP Ja\u00e9n<\/strong>) inicialmente, incorpor\u00e1ndose en el a\u00f1o 1982 el centro asociado de Granada (hoy d\u00eda <strong>IPEP Granada<\/strong>).&nbsp;<\/p>\r\n<p>La demanda de alumnos en la provincia de C\u00f3rdoba que realizaban estudios de bachillerato a distancia, sigui\u00f3 aumentando paulatinamente, hasta que el 9 de agosto de <strong>1985<\/strong> aparece en BOE la <a href=\"https:\/\/www.boe.es\/boe\/dias\/1985\/08\/09\/pdfs\/A25307-25308.pdf\"><strong>Resoluci\u00f3n de 1 de agosto de 1985<\/strong><\/a> por la que se crea una extensi\u00f3n del INBAD en C\u00f3rdoba, atendiendo desde ese momento a la poblaci\u00f3n de la provincia de C\u00f3rdoba que estudiaba <strong>bachillerato a distancia<\/strong> (en aquel momento Bachillerato Unificado Polivalente <strong>BUP<\/strong>) as\u00ed como el Curso de&nbsp; Orientaci\u00f3n Universitaria (<strong>COU<\/strong>). En esa misma resoluci\u00f3n, el centro ya es ubicado en su localizaci\u00f3n actual, en la Calle Hernando de Magallanes esquina con la Plaza de la Juventud, en C\u00f3rdoba.<\/p>\r\n<p>El centro desarrollo su labor con normalidad, atendiendo a distancia desde la cercan\u00eda de su propia provincia a todo el alumnado de C\u00f3rdoba. Pero en esos a\u00f1os las competencias en educaci\u00f3n son transferidas a las Comunidades Aut\u00f3nomas, para regularizar la situaci\u00f3n del centro, la Junta de Andaluc\u00eda publica el 5 de febrero de 1988 en BOJA el <strong><a href=\"https:\/\/www.juntadeandalucia.es\/boja\/1988\/9\/6\">DECRETO 7\/1988, de 20 de enero, por el que se crean cuatro Institutos de Bachillerato a Distancia en la Comunidad Aut\u00f3noma de Andaluc\u00eda<\/a>. <\/strong>Adem\u00e1s el Gobierno de Espa\u00f1a publica en BOE el 19 de marzo de 1988, la <a href=\"https:\/\/www.boe.es\/boe\/dias\/1988\/03\/19\/pdfs\/A08696-08697.pdf\">Resoluci\u00f3n de 25 de febrero de 1988<\/a>, por la que se suprimen las extensiones del <strong>INBAD&nbsp; de C\u00f3rdoba, Granada, Ja\u00e9n y Sevilla.<\/strong> Aunque dicho Decreto crea los <strong>IBAD de C\u00f3rdoba, Granada, Ja\u00e9n y Sevilla<\/strong>, deja la puerta abierta a crear nuevos centros asociados a \u00e9stos, dependiendo de la demanda de alumnado, y buscando el acercamiento geogr\u00e1fico de los centros que imparten bachillerato a distancia a toda la poblaci\u00f3n andaluza. As\u00ed desde ese a\u00f1o 1988 (aunque el decreto realmente tiene efecto retroactivo al 1 de septiembre de 1987) nuestro centro se convierte en el <strong>Instituto de Bachillerato a Distancia<\/strong> (<strong>IBAD) de C\u00f3rdoba.<\/strong><\/p>\r\n<p>Pocos meses despu\u00e9s, en <a href=\"https:\/\/www.juntadeandalucia.es\/boja\/1988\/52\/20\">ORDEN de 17 de mayo de 1988&nbsp;<\/a> se adscriben a los IBAD de Sevilla y Granada (hoy d\u00eda IPEP de Sevilla y Granada) lo que hoy d\u00eda son los <strong>IPEP de Huelva, C\u00e1diz, M\u00e1laga y Almer\u00eda<\/strong> as\u00ed como el <strong>SIPEP de Algeciras<\/strong>.<\/p>\r\n<p>Desde ese momento tuvimos otros 10 a\u00f1os de formaci\u00f3n a distancia a alumnos, hasta que en el <a href=\"https:\/\/www.juntadeandalucia.es\/boja\/1998\/142\/3\">DECRETO 257\/1998<\/a> se suprimen los IBAD de Andaluc\u00eda para transformarlos en &nbsp;<strong>Institutos Provinciales de Formaci\u00f3n de Adultos (IPFA)<\/strong>. Este cambio no es solo un cambio de nombre, en este caso se ampl\u00edan las ense\u00f1anzas y las modalidades que atiende el centro. A partir de ese momento el centro tambi\u00e9n impartir\u00e1 <strong>Educaci\u00f3n Secundaria Obligatoria a Personas Adultas (ESO para Adultos)<\/strong>, y la modalidad de ense\u00f1anza a <strong>distancia que ven\u00eda ya m\u00e1s de 20 a\u00f1os impartiendo<\/strong> se une una <strong>nueva modalidad denominada semipresencial<\/strong>, donde el alumnado tendr\u00e1 una serie de clases presenciales que le ayudar\u00e1n en su camino educativo.<\/p>\r\n<p>Saltamos otros 10 a\u00f1os, donde el centro no deja de prestar servicio a la ciudadan\u00eda de la provincia de C\u00f3rdoba y el <a href=\"https:\/\/www.juntadeandalucia.es\/boja\/2008\/189\/3\">Decreto 451\/2008<\/a> nos asigna el nombre que tenemos hoy d\u00eda, pasamos de llamarnos IPFA C\u00f3rdoba a<strong> Instituto Provincial de Educaci\u00f3n Permanente (IPEP) C\u00f3rdoba. <\/strong>Con este cambio, el curso 2008\/2009 ser\u00e1 el \u00faltimo en el que se impartir\u00e1 bachillerato a distancia en el centro, poniendo fin a 23 a\u00f1os de una educaci\u00f3n a distancia descentralizada en cada una de las provincias andaluzas y cercana al alumno,<strong> 23 a\u00f1os de experiencia en educaci\u00f3n a distancia<\/strong> que nos ha servido para seguir impulsando nuestras ense\u00f1anzas de <strong>Educaci\u00f3n Secundar\u00eda de Adultos (ESA) y los Bachilleratos de Ciencias y Humanidades y Ciencias Sociales<\/strong> que se imparten hoy d\u00eda en el centro, tanto en modalidad <strong>presencial<\/strong> como <strong>semipresencial <\/strong>como <strong>a distancia<\/strong>.<\/p>\r\n<p>Y llegamos al a\u00f1o 2021 y tal y como recoge el BOJA de 25 de marzo de 2021 en la <a href=\"https:\/\/www.juntadeandalucia.es\/boja\/2021\/58\/BOJA21-058-00010-5110-01_00189008.pdf\">Orden de 26 de febrero de 2021<\/a> desde el curso 2021\/2022 nuestro centro educativo&nbsp; de nuevo oferta en su modalidad a distancia las siguientes ense\u00f1anzas:<\/p>\r\n<ul>\r\n<li>Educaci\u00f3n Secundaria a Distancia para Personas Adultas (ESPA a distancia) en sus niveles I y II<\/li>\r\n<li>Bachillerato para Personas Adultas a distancia.<\/li>\r\n<\/ul>\r\n<p>Celebramos que la educaci\u00f3n de adultos a distancia volviese al centro tras 12&nbsp; a\u00f1os, y continuamos con m\u00e1s de <strong>25 a\u00f1os de experiencia en educaci\u00f3n a distancia<\/strong> que acumula el centro desde su creaci\u00f3n. Complementando la educaci\u00f3n <strong>presencial en ESPA y Bachillerato de Humanidades y Ciencias Sociales<\/strong>, as\u00ed como la educaci\u00f3n <strong>semipresencial<\/strong> en <strong>ESPA y Bachillerato de Humanidades y Ciencias Sociales, Bachillerato de Ciencias<\/strong>, as\u00ed como los <strong>Planes de Preparaci\u00f3n de Pruebas Libres de Bachillerato (PLB), Preparaci\u00f3n de las Pruebas de Acceso a Ciclos Formativos, Preparaci\u00f3n para las Pruebas de Acceso a la Universidad para mayores de 25 a\u00f1os y el Curso de Acceso a Ciclos Formativos.<\/strong><\/p>\r\n","protected":false},"excerpt":{"rendered":"<p>Historia del Instituto Provincial de Educaci\u00f3n Permanente (IPEP) de C\u00f3rdoba El bachillerato a distancia se establece formalmente en Espa\u00f1a en el a\u00f1o 1975 a partir&hellip;<\/p>\n","protected":false},"author":8332,"featured_media":0,"parent":0,"menu_order":0,"comment_status":"closed","ping_status":"closed","template":"","meta":{"ngg_post_thumbnail":0,"footnotes":"","_mc_calendar":[]},"aioseo_notices":[],"_links":{"self":[{"href":"https:\/\/blogsaverroes.juntadeandalucia.es\/ipepcordoba\/wp-json\/wp\/v2\/pages\/2379"}],"collection":[{"href":"https:\/\/blogsaverroes.juntadeandalucia.es\/ipepcordoba\/wp-json\/wp\/v2\/pages"}],"about":[{"href":"https:\/\/blogsaverroes.juntadeandalucia.es\/ipepcordoba\/wp-json\/wp\/v2\/types\/page"}],"author":[{"embeddable":true,"href":"https:\/\/blogsaverroes.juntadeandalucia.es\/ipepcordoba\/wp-json\/wp\/v2\/users\/8332"}],"replies":[{"embeddable":true,"href":"https:\/\/blogsaverroes.juntadeandalucia.es\/ipepcordoba\/wp-json\/wp\/v2\/comments?post=2379"}],"version-history":[{"count":9,"href":"https:\/\/blogsaverroes.juntadeandalucia.es\/ipepcordoba\/wp-json\/wp\/v2\/pages\/2379\/revisions"}],"predecessor-version":[{"id":4718,"href":"https:\/\/blogsaverroes.juntadeandalucia.es\/ipepcordoba\/wp-json\/wp\/v2\/pages\/2379\/revisions\/4718"}],"wp:attachment":[{"href":"https:\/\/blogsaverroes.juntadeandalucia.es\/ipepcordoba\/wp-json\/wp\/v2\/media?parent=2379"}],"curies":[{"name":"wp","href":"https:\/\/api.w.org\/{rel}","templated":true}]}}