{"id":3153,"date":"2021-06-16T12:03:11","date_gmt":"2021-06-16T11:03:11","guid":{"rendered":"https:\/\/blogsaverroes.juntadeandalucia.es\/ipepcordoba\/?page_id=3153"},"modified":"2024-10-10T12:09:39","modified_gmt":"2024-10-10T11:09:39","slug":"solicitud-de-titulo","status":"publish","type":"page","link":"https:\/\/blogsaverroes.juntadeandalucia.es\/ipepcordoba\/solicitud-de-titulo\/","title":{"rendered":"Solicitud de t\u00edtulo"},"content":{"rendered":"<p>Una vez termines tus estudios de <strong>Secundaria<\/strong> con nosotros, el t\u00edtulo ser\u00e1 expedido autom\u00e1ticamente, no tienes que hacer nada, tarda en llegar unos 3 a\u00f1os a nuestro centro, mientras llega el t\u00edtulo puedes solicitar un certificado de expedici\u00f3n de t\u00edtulo a trav\u00e9s de la secretar\u00eda del centro, dicho certificado podr\u00e1s solicitarlo aproximadamente un mes despu\u00e9s de terminar el curso.<\/p>\n<p>En <strong>Bachillerato<\/strong>, podr\u00e1s solicitar el t\u00edtulo correspondiente para ello debes acceder a la Secretar\u00eda Virtual de la Junta de Andaluc\u00eda: <a href=\"https:\/\/www.juntadeandalucia.es\/educacion\/secretariavirtual\/acceso\/64\/302\/\">https:\/\/www.juntadeandalucia.es\/educacion\/secretariavirtual\/acceso\/64\/302\/<\/a> y realizar el tr\u00e1mite. Si lo necesitas para buscar nuestro centro en el desplegable, el <strong>c\u00f3digo del I.P.E.P. C\u00f3rdoba<\/strong> es el <strong>14700018<\/strong><\/p>\n<p>Si por alg\u00fan motivo el sistema no te deja solicitar tu t\u00edtulo puedes ponerte en contacto llamando al centro o escribiendo un email a secretaria@ipepcordoba.com<\/p>\n<p>&nbsp;<\/p>\n","protected":false},"excerpt":{"rendered":"<p>Una vez termines tus estudios de Secundaria con nosotros, el t\u00edtulo ser\u00e1 expedido autom\u00e1ticamente, no tienes que hacer nada, tarda en llegar unos 3 a\u00f1os&hellip;<\/p>\n","protected":false},"author":7756,"featured_media":0,"parent":0,"menu_order":0,"comment_status":"closed","ping_status":"closed","template":"","meta":{"ngg_post_thumbnail":0,"footnotes":"","_mc_calendar":[]},"aioseo_notices":[],"_links":{"self":[{"href":"https:\/\/blogsaverroes.juntadeandalucia.es\/ipepcordoba\/wp-json\/wp\/v2\/pages\/3153"}],"collection":[{"href":"https:\/\/blogsaverroes.juntadeandalucia.es\/ipepcordoba\/wp-json\/wp\/v2\/pages"}],"about":[{"href":"https:\/\/blogsaverroes.juntadeandalucia.es\/ipepcordoba\/wp-json\/wp\/v2\/types\/page"}],"author":[{"embeddable":true,"href":"https:\/\/blogsaverroes.juntadeandalucia.es\/ipepcordoba\/wp-json\/wp\/v2\/users\/7756"}],"replies":[{"embeddable":true,"href":"https:\/\/blogsaverroes.juntadeandalucia.es\/ipepcordoba\/wp-json\/wp\/v2\/comments?post=3153"}],"version-history":[{"count":10,"href":"https:\/\/blogsaverroes.juntadeandalucia.es\/ipepcordoba\/wp-json\/wp\/v2\/pages\/3153\/revisions"}],"predecessor-version":[{"id":4444,"href":"https:\/\/blogsaverroes.juntadeandalucia.es\/ipepcordoba\/wp-json\/wp\/v2\/pages\/3153\/revisions\/4444"}],"wp:attachment":[{"href":"https:\/\/blogsaverroes.juntadeandalucia.es\/ipepcordoba\/wp-json\/wp\/v2\/media?parent=3153"}],"curies":[{"name":"wp","href":"https:\/\/api.w.org\/{rel}","templated":true}]}}