{"id":3748,"date":"2022-04-06T16:28:19","date_gmt":"2022-04-06T15:28:19","guid":{"rendered":"https:\/\/blogsaverroes.juntadeandalucia.es\/ipepcordoba\/?page_id=3748"},"modified":"2026-03-26T10:55:50","modified_gmt":"2026-03-26T09:55:50","slug":"prueba-libre-de-la-eso","status":"publish","type":"page","link":"https:\/\/blogsaverroes.juntadeandalucia.es\/ipepcordoba\/prueba-libre-de-la-eso\/","title":{"rendered":"Prueba libre de la ESO"},"content":{"rendered":"<h1>Prueba libre de la ESO<\/h1>\n<div class=\"entry-summary\">\n<div class=\"entry-summary\">\n<p>Estas pruebas para la obtenci\u00f3n del t\u00edtulo de Educaci\u00f3n Secundaria Obligatoria (coloquialmente, prueba libre de la ESO) est\u00e1n dise\u00f1adas para que puedas obtener el t\u00edtulo de la ESO sin estudios previos, o habiendo superado parte de las materias o \u00e1mbitos de esta etapa. Estas pruebas no permiten mejorar calificaciones ya obtenidas, solo completar las de los \u00e1mbitos que te falten para que puedas obtener tu t\u00edtulo.. Puedes inscribirte si eres mayor de 18 a\u00f1os o los cumples en el a\u00f1o natural de la convocatoria. Puedes inscribirte aunque est\u00e9s cursando otros estudios, incluida la ESO.<\/p>\n<p>Si has cursado y aprobado una o varias materias, \u00e1mbitos o m\u00f3dulos voluntarios en cursos terminales de ense\u00f1anzas formales conducentes a titulaci\u00f3n b\u00e1sica, o alg\u00fan \u00e1mbito en las pruebas para la obtenci\u00f3n del t\u00edtulo de Graduado en ESO para mayores de 18 a\u00f1os en convocatorias anteriores, solo tendr\u00e1s que inscribirte en las pruebas de aquellos \u00e1mbitos que a\u00fan no tengas superados. En este caso, has de solicitar la exenci\u00f3n de la parte de la prueba correspondiente, debiendo aportar la documentaci\u00f3n justificativa que se se\u00f1ala en el apartado 4 de la solicitud. Estas exenciones se llevar\u00e1n a cabo de acuerdo con las equivalencias establecidas en la normativa vigente<\/p>\n<p>M\u00e1s informaci\u00f3n sobre las pruebas en el <a href=\"https:\/\/www.juntadeandalucia.es\/educacion\/portales\/web\/educacion-permanente\/servicios\/pruebas\/obtencion-titulo-eso\" target=\"_blank\" rel=\"noopener noreferrer\">Portal de educaci\u00f3n permanente<\/a>.<\/p>\n<\/div>\n<\/div>\n<h2>\u00bfCu\u00e1ndo se convoca la prueba libre de la ESO?<\/h2>\n<div class=\"entry-summary\">\n<div class=\"entry-summary\">\n<p>La prueba libre de la ESO suele tener dos convocatorias. En los \u00faltimos cursos, han sido en abril y junio.<\/p>\n<p>M\u00e1s informaci\u00f3n sobre el calendario de la \u00faltima convocatoria en el <a href=\"https:\/\/www.juntadeandalucia.es\/educacion\/portales\/web\/educacion-permanente\/servicios\/pruebas\/obtencion-titulo-eso\/calendario\" target=\"_blank\" rel=\"noopener noreferrer\">portal de educaci\u00f3n permanente<\/a>.<\/p>\n<h2>\u00bfC\u00f3mo es la prueba libre de la ESO?<\/h2>\n<p>La prueba para obtener el t\u00edtulo de Graduado en la ESO para personas mayores de 18 a\u00f1os est\u00e1 compuesta por tres pruebas referidas a los \u00e1mbitos que componen el curr\u00edculo de la Educaci\u00f3n Secundaria Obligatoria para personas adultas:<\/p>\n<\/div>\n<div class=\"entry-summary\">\n<ul>\n<li><strong>\u00c1mbito cient\u00edfico-tecnol\u00f3gico (CT): <\/strong>Matem\u00e1ticas, Ciencias de la Naturaleza, Tecnolog\u00eda.<\/li>\n<li><strong>\u00c1mbito de comunicaci\u00f3n (COM): <\/strong>Lengua Castellana y Literatura y Lengua Extranjera.<\/li>\n<li><strong>\u00c1mbito social (SOC): <\/strong>Ciencias Sociales, Geograf\u00eda e Historia, Educaci\u00f3n para la Ciudadan\u00eda y los derechos humanos, principalmente.<\/li>\n<\/ul>\n<p>Cada una de ellas tendr\u00e1 una puntuaci\u00f3n m\u00e1xima de 100 puntos y es necesario que obtengas un m\u00ednimo de 50 puntos en el conjunto de los ejercicios que componen cada \u00e1mbito para superarlo.<\/p>\n<\/div>\n<\/div>\n<h2>\u00bfC\u00f3mo puedo preparar la prueba libre de la ESO?<\/h2>\n<p>El IPEP no prepara actualmente la prueba libre de la ESO, aunque puedes presentarte si est\u00e1s estudiando con nosotros la Educaci\u00f3n Secundaria Obligatoria de Adultos (ESPA) en cualquiera de sus modalidades (presencial, semipresencial o a distancia), ya que los \u00e1mbitos que est\u00e1s estudiando con nosotros son los mismos de las tres pruebas de las que te examinar\u00e1s. De esta forma, tendr\u00e1s dos opciones para sacarte la ESO: mediante una formaci\u00f3n reglada, en el IPEP, y mediante la prueba libre. En el momento en que se supera un \u00e1mbito por prueba libre, deja autom\u00e1ticamente de cursarlo en la ESPA y en su expediente consta la nota obtenida en la prueba.<\/p>\n<p>Puedes preparar espec\u00edficamente la prueba libre de la ESO en los Centros y Secciones de Educaci\u00f3n Permanente (CEPER y SEPER).<\/p>\n<p>&nbsp;<\/p>\n<h2>Preguntas frecuentes sobre la prueba libre de la ESO.<\/h2>\n<div class=\"entry-summary\">\n<div class=\"entry-summary\">\n<h3>\u00bfPuedo inscribirme en la prueba libre de la ESO para mayores de 18 a\u00f1os si tengo 17 a\u00f1os?<\/h3>\n<p>S\u00ed, siempre que cumplas 18 a\u00f1os durante el a\u00f1o natural en el que realices la prueba.<\/p>\n<h3>\u00bfTiene alg\u00fan coste\/tasa la prueba libre de la ESO?<\/h3>\n<p>No. Es una prueba gratuita.<\/p>\n<h3>\u00bfD\u00f3nde debo presentar la inscripci\u00f3n de la prueba libre de la ESO?<\/h3>\n<p>Parar participar en estas pruebas has de formalizar tu solicitud de inscripci\u00f3n en el plazo de presentaci\u00f3n de solicitudes.<\/p>\n<p>Puedes realizar el tr\u00e1mite de diferentes formas:<\/p>\n<ul>\n<li>Mediante proceso telem\u00e1tico en <a href=\"https:\/\/www.juntadeandalucia.es\/educacion\/secretariavirtual\/\" target=\"_blank\" rel=\"noopener noreferrer\">Secretar\u00eda virtual<\/a> (opci\u00f3n m\u00e1s recomendable), sin necesidad de acudir presencialmente a un registro oficial: debes contar con clave iANDE o alg\u00fan certificado digital en vigor.<\/li>\n<li>De forma presencial, en formato papel, presentando la solicitud en cualquier registro oficial (como el del centro educativo o la Delegaci\u00f3n Territorial competente en materia de educaci\u00f3n de la provincia en la que desees realizar la prueba). La cumplimentaci\u00f3n de dicho formulario puede realizarse:\n<ul>\n<li>Con ayuda de la Secretar\u00eda virtual: tras completar todos los campos, se genera un archivo pdf que consta de dos copias del impreso. Estar\u00e1 disponible \u00fanicamente durante el plazo de inscripci\u00f3n en el siguiente <a href=\"https:\/\/secretariavirtualpre.ced.junta-andalucia.es\/secretariavirtualpre\/accesoTramite\/4\/209\/\">enlace<\/a>.<\/li>\n<li>Imprimiendo el impreso que aparece en la <a href=\"https:\/\/www.juntadeandalucia.es\/educacion\/portales\/web\/educacion-permanente\/w\/orden-de-21-de-enero-de-2026-por-la-que-se-regulan-las-pruebas-para-la-obtencion-del-titulo-de-graduado-en-educacion-secundaria-obligatoria-para-personas-mayores-de-dieciocho-anos-en-la-comunidad-autonoma-de-andalucia?redirect=%2Feducacion%2Fportales%2Fweb%2Feducacion-permanente\">Orden de 21 de enero de 2026<\/a> (se deben cumplimentar dos copias, una para la administraci\u00f3n y otra para el interesado).<\/li>\n<\/ul>\n<\/li>\n<\/ul>\n<h3>\u00bfCu\u00e1ntas convocatorias existen para superar la prueba libre de la ESO?<\/h3>\n<p>No hay l\u00edmite de convocatorias. Puedes utilizar tantas convocatorias como te sean necesarias para obtener el t\u00edtulo, teniendo en cuenta que, una vez superada una prueba, no podr\u00e1s volverte a presentar para mejorar tu calificaci\u00f3n.<\/p>\n<h3>\u00bfPodr\u00eda realizar en el extranjero la prueba libre de la ESO?<\/h3>\n<p>No. Las pruebas se circunscriben al territorio andaluz.<\/p>\n<h3>\u00bfQu\u00e9 material puedo utilizar para prepararme la prueba libre de la ESO?<\/h3>\n<div class=\"inner_cuerpo\">\n<p>A modo de orientaci\u00f3n, la Consejer\u00eda de Educaci\u00f3n y Deporte pone a tu disposici\u00f3n materiales educativos para la preparaci\u00f3n del Nivel I y Nivel II de la ESO para personas adultas. Estos materiales son los utilizados en las ense\u00f1anzas a distancia y de manera opcional en la modalidad semipresencial.<\/p>\n<p>Material correspondiente al <u><strong><a href=\"http:\/\/www.juntadeandalucia.es\/educacion\/permanente\/materiales\/index.php?etapa=1\">Nivel I<\/a><\/strong><\/u><\/p>\n<p>Material correspondiente al <u><strong><a href=\"http:\/\/www.juntadeandalucia.es\/educacion\/permanente\/materiales\/index.php?etapa=2\">Nivel II<\/a><\/strong><\/u><\/p>\n<p>Puedes utilizarlos con o sin conexi\u00f3n y contienen actividades interactivas. Te recomendamos descargarlos en tu equipo para poder utilizarlos sin conexi\u00f3n siempre que lo necesites. Recuerda que est\u00e1n dise\u00f1ados para ser utilizados en un ordenador por lo que no es recomendable su impresi\u00f3n.<\/p>\n<\/div>\n<h3>\u00bfPuedo ver pruebas de a\u00f1os anteriores correspondientes a la prueba libre de la ESO?<\/h3>\n<p>Existen pruebas publicadas desde la convocatoria de 2013, que podr\u00edan servirte de orientaci\u00f3n .<\/p>\n<p>Seleccione el siguiente <a href=\"https:\/\/www.juntadeandalucia.es\/educacion\/portales\/web\/educacion-permanente\/servicios\/pruebas\/obtencion-titulo-eso\/sobre-las-pruebas\/modelos-de-convocatorias-anteriores?redirect=\/educacion\/portales\/web\/educacion-permanente\/servicios\/pruebas\/obtencion-titulo-eso\/sobre-las-pruebas\" target=\"_blank\" rel=\"noopener noreferrer\"><strong>enlace<\/strong><\/a> para acceder a ellas.<\/p>\n<\/div>\n<\/div>\n","protected":false},"excerpt":{"rendered":"<p>Prueba libre de la ESO Estas pruebas para la obtenci\u00f3n del t\u00edtulo de Educaci\u00f3n Secundaria Obligatoria (coloquialmente, prueba libre de la ESO) est\u00e1n dise\u00f1adas para&hellip;<\/p>\n","protected":false},"author":8332,"featured_media":0,"parent":0,"menu_order":0,"comment_status":"closed","ping_status":"closed","template":"","meta":{"ngg_post_thumbnail":0,"footnotes":"","_mc_calendar":[]},"aioseo_notices":[],"_links":{"self":[{"href":"https:\/\/blogsaverroes.juntadeandalucia.es\/ipepcordoba\/wp-json\/wp\/v2\/pages\/3748"}],"collection":[{"href":"https:\/\/blogsaverroes.juntadeandalucia.es\/ipepcordoba\/wp-json\/wp\/v2\/pages"}],"about":[{"href":"https:\/\/blogsaverroes.juntadeandalucia.es\/ipepcordoba\/wp-json\/wp\/v2\/types\/page"}],"author":[{"embeddable":true,"href":"https:\/\/blogsaverroes.juntadeandalucia.es\/ipepcordoba\/wp-json\/wp\/v2\/users\/8332"}],"replies":[{"embeddable":true,"href":"https:\/\/blogsaverroes.juntadeandalucia.es\/ipepcordoba\/wp-json\/wp\/v2\/comments?post=3748"}],"version-history":[{"count":6,"href":"https:\/\/blogsaverroes.juntadeandalucia.es\/ipepcordoba\/wp-json\/wp\/v2\/pages\/3748\/revisions"}],"predecessor-version":[{"id":4738,"href":"https:\/\/blogsaverroes.juntadeandalucia.es\/ipepcordoba\/wp-json\/wp\/v2\/pages\/3748\/revisions\/4738"}],"wp:attachment":[{"href":"https:\/\/blogsaverroes.juntadeandalucia.es\/ipepcordoba\/wp-json\/wp\/v2\/media?parent=3748"}],"curies":[{"name":"wp","href":"https:\/\/api.w.org\/{rel}","templated":true}]}}