{"id":3817,"date":"2022-05-03T09:36:58","date_gmt":"2022-05-03T08:36:58","guid":{"rendered":"https:\/\/blogsaverroes.juntadeandalucia.es\/ipepcordoba\/?page_id=3817"},"modified":"2022-09-16T12:23:39","modified_gmt":"2022-09-16T11:23:39","slug":"eso-presencial","status":"publish","type":"page","link":"https:\/\/blogsaverroes.juntadeandalucia.es\/ipepcordoba\/eso-presencial\/","title":{"rendered":"ESO presencial"},"content":{"rendered":"<h1>ESO de adultos presencial<\/h1>\n<div class=\"entry-summary\">\n<p>El IPEP de C\u00f3rdoba oferta en la modalidad presencial los niveles I y II de la ESO para personas adultas<\/p>\n<p>Si quieres conocer aspectos generales sobre la ESO: requisitos, evaluaci\u00f3n, titulaci\u00f3n, etc., es conveniente que visites la p\u00e1gina <a href=\"https:\/\/blogsaverroes.juntadeandalucia.es\/ipepcordoba\/eso_adultos\/\">Conoce la ESO<\/a><\/p>\n<\/div>\n<h2>\u00bfQu\u00e9 asignaturas se estudian en la ESO de adultos presencial?<\/h2>\n<div class=\"entry-summary\">\n<div class=\"entry-summary\">\n<p>Las asignaturas en la educaci\u00f3n secundaria obligatoria para personas adultas se llaman \u00e1mbitos.&nbsp; Hay dos cursos o niveles (I y II), que est\u00e1n organizados en tres \u00e1mbitos cada uno. A su vez, cada \u00e1mbito consta de tres m\u00f3dulos. Los niveles y los contenidos que incluyen son:<\/p>\n<ul>\n<li>\u00c1mbito Cient\u00edfico-tecnol\u00f3gico: 8 horas<\/li>\n<li>\u00c1mbito de Comunicaci\u00f3n: 7 horas (4 de Lengua y 3 de Ingl\u00e9s)<\/li>\n<li>\u00c1mbito Social: 5 horas.<\/li>\n<\/ul>\n<\/div>\n<\/div>\n<h2>\u00bfQu\u00e9 horario tiene la ESO de adultos presencial?<\/h2>\n<div class=\"entry-summary\">\n<div class=\"entry-summary\">\n<p>El horario de la ESO presencial se puede consultar en <a href=\"https:\/\/drive.google.com\/drive\/folders\/1Q0pBae6RXKE-L41X9By-KTjbuNmoWcPU\" target=\"_blank\" rel=\"noopener noreferrer\">este enlace<\/a>.<\/p>\n<h2>\u00bfC\u00f3mo se eval\u00faa en la ESO de adultos presencial?<\/h2>\n<p>La evaluaci\u00f3n es diferenciada para cada uno de los m\u00f3dulos que forman cada uno de los \u00e1mbitos que componen el curr\u00edculo. Es decir, si un m\u00f3dulo es superado, no ser\u00e1 necesario volver a cursarlo. Los \u00e1mbitos superados tendr\u00e1n validez en todo el territorio nacional, los m\u00f3dulos en territorio andaluz.<\/p>\n<p>A partir del curso 2021-22, no hay prueba extraordinaria en septiembre para el alumnado con evaluaci\u00f3n negativa en uno o varios m\u00f3dulos de los diferentes \u00e1mbitos.<\/p>\n<\/div>\n<\/div>\n<p>&nbsp;<\/p>\n","protected":false},"excerpt":{"rendered":"<p>ESO de adultos presencial El IPEP de C\u00f3rdoba oferta en la modalidad presencial los niveles I y II de la ESO para personas adultas Si&hellip;<\/p>\n","protected":false},"author":8332,"featured_media":0,"parent":0,"menu_order":0,"comment_status":"closed","ping_status":"closed","template":"","meta":{"ngg_post_thumbnail":0,"footnotes":"","_mc_calendar":[]},"aioseo_notices":[],"_links":{"self":[{"href":"https:\/\/blogsaverroes.juntadeandalucia.es\/ipepcordoba\/wp-json\/wp\/v2\/pages\/3817"}],"collection":[{"href":"https:\/\/blogsaverroes.juntadeandalucia.es\/ipepcordoba\/wp-json\/wp\/v2\/pages"}],"about":[{"href":"https:\/\/blogsaverroes.juntadeandalucia.es\/ipepcordoba\/wp-json\/wp\/v2\/types\/page"}],"author":[{"embeddable":true,"href":"https:\/\/blogsaverroes.juntadeandalucia.es\/ipepcordoba\/wp-json\/wp\/v2\/users\/8332"}],"replies":[{"embeddable":true,"href":"https:\/\/blogsaverroes.juntadeandalucia.es\/ipepcordoba\/wp-json\/wp\/v2\/comments?post=3817"}],"version-history":[{"count":3,"href":"https:\/\/blogsaverroes.juntadeandalucia.es\/ipepcordoba\/wp-json\/wp\/v2\/pages\/3817\/revisions"}],"predecessor-version":[{"id":4058,"href":"https:\/\/blogsaverroes.juntadeandalucia.es\/ipepcordoba\/wp-json\/wp\/v2\/pages\/3817\/revisions\/4058"}],"wp:attachment":[{"href":"https:\/\/blogsaverroes.juntadeandalucia.es\/ipepcordoba\/wp-json\/wp\/v2\/media?parent=3817"}],"curies":[{"name":"wp","href":"https:\/\/api.w.org\/{rel}","templated":true}]}}