{"id":3824,"date":"2022-05-03T09:52:01","date_gmt":"2022-05-03T08:52:01","guid":{"rendered":"https:\/\/blogsaverroes.juntadeandalucia.es\/ipepcordoba\/?page_id=3824"},"modified":"2022-09-16T11:47:22","modified_gmt":"2022-09-16T10:47:22","slug":"eso-semipresencial","status":"publish","type":"page","link":"https:\/\/blogsaverroes.juntadeandalucia.es\/ipepcordoba\/eso-semipresencial\/","title":{"rendered":"ESO semipresencial"},"content":{"rendered":"<h1>ESO de adultos semipresencial<\/h1>\n<div class=\"entry-summary\">\n<p>El IPEP de C\u00f3rdoba oferta en la modalidad semipresencial los niveles I y II de la ESO para personas adultas<\/p>\n<p>Si quieres conocer aspectos generales sobre la ESO: requisitos, evaluaci\u00f3n, titulaci\u00f3n, etc., es conveniente que visites la p\u00e1gina <a href=\"https:\/\/blogsaverroes.juntadeandalucia.es\/ipepcordoba\/eso_adultos\/\">Conoce la ESO<\/a><\/p>\n<p>&nbsp;<\/p>\n<\/div>\n<h2>\u00bfQu\u00e9 asignaturas se estudian en la ESO de adultos semipresencial?<\/h2>\n<div class=\"entry-summary\">\n<div class=\"entry-summary\">\n<p>Las asignaturas en la educaci\u00f3n secundaria obligatoria para personas adultas se llaman \u00e1mbitos.&nbsp; Hay dos cursos o niveles (I y II), que est\u00e1n organizados en tres \u00e1mbitos cada uno. A su vez, cada \u00e1mbito consta de tres m\u00f3dulos.<\/p>\n<p>En la <a href=\"https:\/\/blogsaverroes.juntadeandalucia.es\/ipepcordoba\/modalidades-de-ensenanza\/\" target=\"_blank\" rel=\"noreferrer noopener\">modalidad semipresencial<\/a>&nbsp; las sesiones presenciales para quienes est\u00e9n matriculados de los tres \u00e1mbitos de un nivel es de dos d\u00edas a la semana, en horario de ma\u00f1ana o de tarde, a elegir. Esto puede variar dependiendo del n\u00famero de \u00e1mbitos por nivel que se cursen. La distribuci\u00f3n semanal por \u00e1mbitos es la siguiente:<\/p>\n<ul>\n<li>\u00c1mbito Cient\u00edfico-tecnol\u00f3gico: 3 horas.<\/li>\n<li>\u00c1mbito de Comunicaci\u00f3n: 3 horas (2 de Lengua y 1 de Ingl\u00e9s)<\/li>\n<li>\u00c1mbito Social: 2 horas.<\/li>\n<\/ul>\n<\/div>\n<\/div>\n<h2>&nbsp;<\/h2>\n<h2>\u00bfQu\u00e9 horario tiene la ESO de adultos semipresencial?<\/h2>\n<div class=\"entry-summary\">\n<div class=\"entry-summary\">\n<p>En el siguiente enlace pod\u00e9is ver los horarios de semipresencial del Nivel 1 y 2 de la ESO de adultos<\/p>\n<p><a href=\"https:\/\/drive.google.com\/drive\/folders\/1Q0pBae6RXKE-L41X9By-KTjbuNmoWcPU?usp=sharing\">Horarios<\/a><\/p>\n<h2>&nbsp;<\/h2>\n<h2>\u00bfC\u00f3mo se estudia en la ESO de adultos semipresencial?<\/h2>\n<p>Como hemos visto, las sesiones presenciales se reducen a dos tardes o dos ma\u00f1anas. El resto del trabajo se realiza mediante una plataforma educativa o aula virtual. A trav\u00e9s de ella se puede comunicar con el profesorado, se realizan o presentan tareas y actividades y se accede al material y recursos para el aprendizaje. Por tanto, hay que tener un equipo para poder acceder a esta plataforma (puede ser suficieinte con un m\u00f3vil con acceso a internet, aunque es preferible un ordenador o una tablet). El uso de la plataforma no es complicado, pero hay que tener cierto conocimiento de inform\u00e1tica a nivel de usuario.<\/p>\n<\/div>\n<div>Para m\u00e1s informaci\u00f3n, consultar la p\u00e1gina <a href=\"https:\/\/blogsaverroes.juntadeandalucia.es\/ipepcordoba\/modalidades-de-ensenanza\/\" target=\"_blank\" rel=\"noreferrer noopener\">modalidad semipresencial.<\/a><\/div>\n<div class=\"entry-summary\">\n<h2>&nbsp;<\/h2>\n<h2>\u00bfC\u00f3mo se eval\u00faa en la ESO de adultos semipresencial?<\/h2>\n<p>Los criterios y procedimientos de evaluaci\u00f3n en la ESO semipresencial son los mismos que para las otras modalidades de ense\u00f1anza de la ESO para personas adultas. M\u00e1s informaci\u00f3n en la p\u00e1gina <a href=\"https:\/\/blogsaverroes.juntadeandalucia.es\/ipepcordoba\/eso_adultos\/\">Conoce la ESO<\/a><\/p>\n<\/div>\n<div>&nbsp;<\/div>\n<\/div>\n","protected":false},"excerpt":{"rendered":"<p>ESO de adultos semipresencial El IPEP de C\u00f3rdoba oferta en la modalidad semipresencial los niveles I y II de la ESO para personas adultas Si&hellip;<\/p>\n","protected":false},"author":8332,"featured_media":0,"parent":0,"menu_order":0,"comment_status":"closed","ping_status":"closed","template":"","meta":{"ngg_post_thumbnail":0,"footnotes":"","_mc_calendar":[]},"aioseo_notices":[],"_links":{"self":[{"href":"https:\/\/blogsaverroes.juntadeandalucia.es\/ipepcordoba\/wp-json\/wp\/v2\/pages\/3824"}],"collection":[{"href":"https:\/\/blogsaverroes.juntadeandalucia.es\/ipepcordoba\/wp-json\/wp\/v2\/pages"}],"about":[{"href":"https:\/\/blogsaverroes.juntadeandalucia.es\/ipepcordoba\/wp-json\/wp\/v2\/types\/page"}],"author":[{"embeddable":true,"href":"https:\/\/blogsaverroes.juntadeandalucia.es\/ipepcordoba\/wp-json\/wp\/v2\/users\/8332"}],"replies":[{"embeddable":true,"href":"https:\/\/blogsaverroes.juntadeandalucia.es\/ipepcordoba\/wp-json\/wp\/v2\/comments?post=3824"}],"version-history":[{"count":5,"href":"https:\/\/blogsaverroes.juntadeandalucia.es\/ipepcordoba\/wp-json\/wp\/v2\/pages\/3824\/revisions"}],"predecessor-version":[{"id":4051,"href":"https:\/\/blogsaverroes.juntadeandalucia.es\/ipepcordoba\/wp-json\/wp\/v2\/pages\/3824\/revisions\/4051"}],"wp:attachment":[{"href":"https:\/\/blogsaverroes.juntadeandalucia.es\/ipepcordoba\/wp-json\/wp\/v2\/media?parent=3824"}],"curies":[{"name":"wp","href":"https:\/\/api.w.org\/{rel}","templated":true}]}}