{"id":4550,"date":"2025-06-19T12:16:41","date_gmt":"2025-06-19T11:16:41","guid":{"rendered":"https:\/\/blogsaverroes.juntadeandalucia.es\/ipepcordoba\/?page_id=4550"},"modified":"2025-11-27T10:16:12","modified_gmt":"2025-11-27T09:16:12","slug":"curso-de-acceso-a-los-ciclos-formativos-de-grado-superior","status":"publish","type":"page","link":"https:\/\/blogsaverroes.juntadeandalucia.es\/ipepcordoba\/curso-de-acceso-a-los-ciclos-formativos-de-grado-superior\/","title":{"rendered":"Curso de Acceso a los Ciclos Formativos de Grado Superior"},"content":{"rendered":"<div class=\"entry-summary\">\n<div class=\"entry-summary\">\n<div class=\"entry-summary\">\n<div class=\"entry-summary\">\n<h1>Curso de Acceso a los Ciclos Formativos de Grado Superior<\/h1>\n<p>Los cursos de formaci\u00f3n espec\u00edficos preparatorios para el acceso a ciclos formativos de formaci\u00f3n profesional de Grado D suponen una v\u00eda para acceder a FP para personas que no cuentan con los requisitos de acceso. Existe un curso para el acceso a ciclos grado medio y otro curso para el acceso a ciclos Grado Superior.<\/p>\n<p>Quienes superen este curso, podr\u00e1n participar directamente en el procedimiento de admisi\u00f3n para acceder a cualquier ciclo formativo de grado medio o grado superior, sin tener que superar una prueba de acceso adicional. No obstante, si tras realizar el curso no lo superas, siempre podr\u00e1s realizar la prueba de acceso que se convoca anualmente.<\/p>\n<h2>Requisitos para el Curso de Acceso a los Ciclos Formativos de Grado Superior<\/h2>\n<p>a) No reunir ninguno de los requisitos acad\u00e9micos exigidos para acceder a los ciclos formativos de grado superior.<\/p>\n<ul>\n<li>Estar en posesi\u00f3n del T\u00edtulo de Bachiller o titulaci\u00f3n equivalente.<\/li>\n<li>Estar en posesi\u00f3n de un t\u00edtulo de T\u00e9cnico, T\u00e9cnico Superior, T\u00e9cnico Especialista o equivalente.<\/li>\n<li>Estar en posesi\u00f3n de un certificado acreditativo de haber superado todas las materias de Bachillerato.<\/li>\n<li>Estar en posesi\u00f3n de un t\u00edtulo universitario.<\/li>\n<\/ul>\n<p>b) Tener 19 a\u00f1os como m\u00ednimo, cumplidos al inicio del curso de formaci\u00f3n preparatorio.<\/p>\n<h2>\u00bfQu\u00e9 duraci\u00f3n tiene el Curso de Acceso a los Ciclos Formativos de Grado Superior?&nbsp;<\/h2>\n<p>Se desarrolla durante todo un curso escolar, <strong>desde septiembre hasta mayo<\/strong>, con una duraci\u00f3n de <strong>600 horas<\/strong> en total.<\/p>\n<\/div>\n<\/div>\n<\/div>\n<\/div>\n<h2>Partes del Curso de Acceso a los Ciclos Formativos de Grado Superior<\/h2>\n<div class=\"entry-summary\">\n<div class=\"entry-summary\">\n<div class=\"entry-summary\">\n<div class=\"entry-summary\">\n<p>El Curso de Acceso a los Ciclos Formativos de Grado Superior constar\u00e1 de dos partes:<\/p>\n<h3>Parte general<\/h3>\n<p>Valorar\u00e1 <strong>competencias b\u00e1sicas:<\/strong><br \/>\nl.\u00aa Competencia b\u00e1sica <strong>comunicativa<\/strong> en lengua castellana, que consta de los siguientes dominios:<br \/>\nexpresi\u00f3n oral; comprensi\u00f3n oral; expresi\u00f3n escrita y comprensi\u00f3n escrita.<br \/>\n2.\u00aa Competencia b\u00e1sica <strong>matem\u00e1tica<\/strong>, que consta de los siguientes dominios: n\u00fameros y c\u00e1lculo; formas y<br \/>\nmedidas y gr\u00e1ficos y estad\u00edsticas.<br \/>\n3.\u00aa Competencia b\u00e1sica <strong>digital<\/strong>, que consta de los siguientes dominios: informaci\u00f3n y alfabetizaci\u00f3n digital;<br \/>\ncomunicaci\u00f3n y colaboraci\u00f3n; creaci\u00f3n de contenidos digitales; seguridad y resoluci\u00f3n de problemas.<\/p>\n<h3>Parte espec\u00edfica<\/h3>\n<p>Evaluar\u00e1 la <strong>competencia clave<\/strong> pluriling\u00fce (ingl\u00e9s) y que se organizar\u00e1 en tres opciones seg\u00fan las competencias clave relacionadas con las familias profesionales de los ciclos formativos:<\/p>\n<p>l.\u00aa Opci\u00f3n A: competencia clave emprendedora.<br \/>\n2.\u00aa Opci\u00f3n B: competencia clave en ciencias.<br \/>\n3.\u00aa Opci\u00f3n C: competencia clave en tecnolog\u00eda e ingenier\u00eda.<\/p>\n<\/div>\n<div>\n<p><img fetchpriority=\"high\" decoding=\"async\" class=\"alignnone wp-image-4724 size-full\" src=\"https:\/\/blogsaverroes.juntadeandalucia.es\/ipepcordoba\/files\/2025\/11\/Tabla_opciones_CFGS.png\" alt=\"\" width=\"650\" height=\"629\" srcset=\"https:\/\/blogsaverroes.juntadeandalucia.es\/ipepcordoba\/files\/2025\/11\/Tabla_opciones_CFGS.png 650w, https:\/\/blogsaverroes.juntadeandalucia.es\/ipepcordoba\/files\/2025\/11\/Tabla_opciones_CFGS-300x290.png 300w\" sizes=\"(max-width: 650px) 100vw, 650px\" \/><\/p>\n<\/div>\n<\/div>\n<\/div>\n<\/div>\n<h2>Exenciones en el Curso de Acceso a los Ciclos Formativos de Grado Superior<\/h2>\n<p>Aquellas competencias que sean objeto de convalidaci\u00f3n, por haber superado con anterioridad materias o \u00e1mbitos en ense\u00f1anzas regladas, tanto en r\u00e9gimen ordinario, como de personas adultas, seg\u00fan lo detallado en la siguiente tabla, se calificar\u00e1n con un 5 a efectos de obtenci\u00f3n de la nota media.<\/p>\n<p><img decoding=\"async\" class=\"alignnone wp-image-4725 size-full\" src=\"https:\/\/blogsaverroes.juntadeandalucia.es\/ipepcordoba\/files\/2025\/11\/Convalidaciones_Competencias_PAGS.png\" alt=\"\" width=\"1053\" height=\"464\" srcset=\"https:\/\/blogsaverroes.juntadeandalucia.es\/ipepcordoba\/files\/2025\/11\/Convalidaciones_Competencias_PAGS.png 1053w, https:\/\/blogsaverroes.juntadeandalucia.es\/ipepcordoba\/files\/2025\/11\/Convalidaciones_Competencias_PAGS-300x132.png 300w, https:\/\/blogsaverroes.juntadeandalucia.es\/ipepcordoba\/files\/2025\/11\/Convalidaciones_Competencias_PAGS-1024x451.png 1024w, https:\/\/blogsaverroes.juntadeandalucia.es\/ipepcordoba\/files\/2025\/11\/Convalidaciones_Competencias_PAGS-768x338.png 768w\" sizes=\"(max-width: 1053px) 100vw, 1053px\" \/><\/p>\n<h2>\u00bfD\u00f3nde preparar el Curso de Acceso a los Ciclos Formativos de Grado Superior?<\/h2>\n<div class=\"entry-summary\">\n<div class=\"entry-summary\">\n<div class=\"entry-summary\">\n<p>El <strong>IPEP de C\u00f3rdoba<\/strong> imparte de forma presencial el Curso de Acceso a los Ciclos Formativos de Grado Superior.<\/p>\n<p>Para acceder al curso se debe solicitar la&nbsp;<strong>admisi\u00f3n&nbsp;<\/strong>del&nbsp;<strong>15 al 25 de junio<\/strong>&nbsp;de 2025. Una vez publicado el listado de personas admitidas, se puede solicitar&nbsp;<strong>matr\u00edcula&nbsp;<\/strong>del&nbsp;<strong>10 al 15 de julio<\/strong>.&nbsp;<\/p>\n<p>Las personas interesadas pueden presentar su solicitud a trav\u00e9s de la&nbsp;<a href=\"http:\/\/www.juntadeandalucia.es\/educacion\/secretariavirtual\/accesoTramite\/877\/\" target=\"_blank\" rel=\"noopener\">Secretar\u00eda Virtual<\/a>&nbsp;de los centros educativos o de manera presencial mediante este impreso cumplimentado.<\/p>\n<p>La preparaci\u00f3n, que incluye tanto la parte general como de la espec\u00edfica, ser\u00e1, en principio, en <strong>horario de ma\u00f1ana<\/strong>.<\/p>\n<p>El horario contar\u00e1 con <strong>18 horas semanales<\/strong> y se ajustar\u00e1 a la siguiente distribuci\u00f3n horaria:<br \/>\na) Competencia b\u00e1sica comunicativa en lengua castellana: 5 horas<br \/>\nb) Competencia b\u00e1sica matem\u00e1tica: 4 horas<br \/>\nc) Competencia b\u00e1sica digital: 3 horas<br \/>\nd) Competencia clave pluriling\u00fce (ingl\u00e9s): 3 horas<br \/>\ne) Competencia clave emprendedora\/ en ciencias\/ en tecnolog\u00eda e ingenier\u00eda: 3 horas<\/p>\n<p>Adem\u00e1s de las clases presenciales, se proporcionar\u00e1n materiales de estudio, se propondr\u00e1n actividades de preparaci\u00f3n, etc. que se trabajan a trav\u00e9s de nuestra plataforma educativa.<\/p>\n<\/div>\n<\/div>\n<\/div>\n<div class=\"entry-summary\">\n<div class=\"entry-summary\">\n<div class=\"entry-summary\">\n<div class=\"entry-summary\">\n<h2>\u00bfCu\u00e1nto cuesta el Curso de Acceso a los Ciclos Formativos de Grado Superior?<\/h2>\n<p>El Curso de Acceso a los Ciclos Formativos de Grado Superior es gratuito en Andaluc\u00eda.<\/p>\n<\/div>\n<div class=\"entry-summary\">\n<p>&nbsp;<\/p>\n<\/div>\n<\/div>\n<\/div>\n<\/div>\n","protected":false},"excerpt":{"rendered":"<p>Curso de Acceso a los Ciclos Formativos de Grado Superior Los cursos de formaci\u00f3n espec\u00edficos preparatorios para el acceso a ciclos formativos de formaci\u00f3n profesional&hellip;<\/p>\n","protected":false},"author":8332,"featured_media":0,"parent":0,"menu_order":0,"comment_status":"closed","ping_status":"closed","template":"","meta":{"ngg_post_thumbnail":0,"footnotes":"","_mc_calendar":[]},"aioseo_notices":[],"_links":{"self":[{"href":"https:\/\/blogsaverroes.juntadeandalucia.es\/ipepcordoba\/wp-json\/wp\/v2\/pages\/4550"}],"collection":[{"href":"https:\/\/blogsaverroes.juntadeandalucia.es\/ipepcordoba\/wp-json\/wp\/v2\/pages"}],"about":[{"href":"https:\/\/blogsaverroes.juntadeandalucia.es\/ipepcordoba\/wp-json\/wp\/v2\/types\/page"}],"author":[{"embeddable":true,"href":"https:\/\/blogsaverroes.juntadeandalucia.es\/ipepcordoba\/wp-json\/wp\/v2\/users\/8332"}],"replies":[{"embeddable":true,"href":"https:\/\/blogsaverroes.juntadeandalucia.es\/ipepcordoba\/wp-json\/wp\/v2\/comments?post=4550"}],"version-history":[{"count":5,"href":"https:\/\/blogsaverroes.juntadeandalucia.es\/ipepcordoba\/wp-json\/wp\/v2\/pages\/4550\/revisions"}],"predecessor-version":[{"id":4726,"href":"https:\/\/blogsaverroes.juntadeandalucia.es\/ipepcordoba\/wp-json\/wp\/v2\/pages\/4550\/revisions\/4726"}],"wp:attachment":[{"href":"https:\/\/blogsaverroes.juntadeandalucia.es\/ipepcordoba\/wp-json\/wp\/v2\/media?parent=4550"}],"curies":[{"name":"wp","href":"https:\/\/api.w.org\/{rel}","templated":true}]}}