{"id":4655,"date":"2025-09-30T17:41:29","date_gmt":"2025-09-30T16:41:29","guid":{"rendered":"https:\/\/blogsaverroes.juntadeandalucia.es\/ipepcordoba\/?page_id=4655"},"modified":"2025-10-21T17:37:33","modified_gmt":"2025-10-21T16:37:33","slug":"orientacion","status":"publish","type":"page","link":"https:\/\/blogsaverroes.juntadeandalucia.es\/ipepcordoba\/orientacion\/","title":{"rendered":"Orientaci\u00f3n"},"content":{"rendered":"\t\t<div data-elementor-type=\"wp-page\" data-elementor-id=\"4655\" class=\"elementor elementor-4655\">\n\t\t\t\t\t\t<section class=\"elementor-section elementor-top-section elementor-element elementor-element-b21b910 elementor-section-boxed elementor-section-height-default elementor-section-height-default\" data-id=\"b21b910\" data-element_type=\"section\">\n\t\t\t\t\t\t<div class=\"elementor-container elementor-column-gap-default\">\n\t\t\t\t\t<div class=\"elementor-column elementor-col-50 elementor-top-column elementor-element elementor-element-7aa2d61\" data-id=\"7aa2d61\" data-element_type=\"column\">\n\t\t\t<div class=\"elementor-widget-wrap elementor-element-populated\">\n\t\t\t\t\t\t<div class=\"elementor-element elementor-element-5bad829 elementor-widget elementor-widget-contentviews_widget_overlay1\" data-id=\"5bad829\" data-element_type=\"widget\" data-widget_type=\"contentviews_widget_overlay1.default\">\n\t\t\t\t<div class=\"elementor-widget-container\">\n\t\t\t\t\t<div class='pt-cv-wrapper'> <h3 class='pt-cv-heading-container heading1' data-blockid='5bad829'><span class='pt-cv-heading'> Noticias de orientaci\u00f3n <\/span><\/h3><div class=\"pt-cv-view pt-cv-overlaygrid iscvblock iscvelementor pt-cv-nooverlay pt-cv-nothumb overlay1 layout1\" id=\"pt-cv-view-5bad829\"><div data-id=\"pt-cv-page-1\" class=\"pt-cv-page\" data-cvc=\"1\"><div class=\" pt-cv-content-item pt-cv-1-col\" ><div class=\"pt-cv-overlay-wrapper\"><h5 class=\"pt-cv-title\"><a href=\"https:\/\/blogsaverroes.juntadeandalucia.es\/ipepcordoba\/procedimiento-para-presentarse-a-la-pau-selectividad\/\" class=\"_self\" target=\"_self\" >Procedimiento para presentarse a la PAU (Selectividad)<\/a><\/h5><div class=\"pt-cv-meta-fields\"><span class=\"entry-date\"> <time datetime=\"2026-05-07T11:32:31+01:00\">7 de mayo de 2026<\/time><\/span><\/div><\/div><\/div>\n<div class=\" pt-cv-content-item pt-cv-1-col\" ><div class=\"pt-cv-overlay-wrapper\"><h5 class=\"pt-cv-title\"><a href=\"https:\/\/blogsaverroes.juntadeandalucia.es\/ipepcordoba\/convocadas-las-becas-del-ministerio\/\" class=\"_self\" target=\"_self\" >Convocadas las becas del Ministerio<\/a><\/h5><div class=\"pt-cv-meta-fields\"><span class=\"entry-date\"> <time datetime=\"2026-04-17T08:48:29+01:00\">17 de abril de 2026<\/time><\/span><\/div><\/div><\/div>\n<div class=\" pt-cv-content-item pt-cv-1-col\" ><div class=\"pt-cv-overlay-wrapper\"><h5 class=\"pt-cv-title\"><a href=\"https:\/\/blogsaverroes.juntadeandalucia.es\/ipepcordoba\/convocadas-las-pruebas-libres-eso\/\" class=\"_self\" target=\"_self\" >Convocadas las pruebas libres de la ESO 2026<\/a><\/h5><div class=\"pt-cv-meta-fields\"><span class=\"entry-date\"> <time datetime=\"2026-02-01T07:47:56+01:00\">1 de febrero de 2026<\/time><\/span><\/div><\/div><\/div>\n<div class=\" pt-cv-content-item pt-cv-1-col\" ><div class=\"pt-cv-overlay-wrapper\"><h5 class=\"pt-cv-title\"><a href=\"https:\/\/blogsaverroes.juntadeandalucia.es\/ipepcordoba\/convocada-prueba-libre-bachillerato\/\" class=\"_self\" target=\"_self\" >Convocadas las pruebas libres de Bachillerato 2026<\/a><\/h5><div class=\"pt-cv-meta-fields\"><span class=\"entry-date\"> <time datetime=\"2026-02-01T07:40:06+01:00\">1 de febrero de 2026<\/time><\/span><\/div><\/div><\/div>\n<div class=\" pt-cv-content-item pt-cv-1-col\" ><div class=\"pt-cv-overlay-wrapper\"><h5 class=\"pt-cv-title\"><a href=\"https:\/\/blogsaverroes.juntadeandalucia.es\/ipepcordoba\/convocadas-las-pruebas-de-acceso-a-los-ciclos-formativos\/\" class=\"_self\" target=\"_self\" >Convocadas las pruebas de acceso a los ciclos formativos 2026<\/a><\/h5><div class=\"pt-cv-meta-fields\"><span class=\"entry-date\"> <time datetime=\"2025-12-01T10:30:03+01:00\">1 de diciembre de 2025<\/time><\/span><\/div><\/div><\/div>\n<div class=\" pt-cv-content-item pt-cv-1-col\" ><div class=\"pt-cv-overlay-wrapper\"><h5 class=\"pt-cv-title\"><a href=\"https:\/\/blogsaverroes.juntadeandalucia.es\/ipepcordoba\/prueba-de-acceso-a-la-universidad-para-mayores-de-25-anos\/\" class=\"_self\" target=\"_self\" >Calendario de la Prueba de Acceso a la Universidad para mayores de 25\/40\/45 a\u00f1os.<\/a><\/h5><div class=\"pt-cv-meta-fields\"><span class=\"entry-date\"> <time datetime=\"2025-11-13T08:12:48+01:00\">13 de noviembre de 2025<\/time><\/span><\/div><\/div><\/div><\/div><\/div> <\/div> \t\t\t\t<\/div>\n\t\t\t\t<\/div>\n\t\t\t\t\t<\/div>\n\t\t<\/div>\n\t\t\t\t<div class=\"elementor-column elementor-col-50 elementor-top-column elementor-element elementor-element-ccb78df\" data-id=\"ccb78df\" data-element_type=\"column\">\n\t\t\t<div class=\"elementor-widget-wrap elementor-element-populated\">\n\t\t\t\t\t\t<div class=\"elementor-element elementor-element-ab51ebd elementor-widget elementor-widget-html\" data-id=\"ab51ebd\" data-element_type=\"widget\" data-widget_type=\"html.default\">\n\t\t\t\t<div class=\"elementor-widget-container\">\n\t\t\t\t\t<iframe src=\"https:\/\/calendar.google.com\/calendar\/embed?height=500&amp;wkst=2&amp;ctz=Europe%2FMadrid&amp;showPrint=0&amp;showTz=0&amp;title=Calendario%20IPEP&amp;src=Y182MmE1NzNkN2ViOGRjMDU4YjY5OTU1ODcxZWNiMTJjMzgwZTllYWFjMmZhZGE3OGNjYTRmNDgxZjU1ODFjM2I2QGdyb3VwLmNhbGVuZGFyLmdvb2dsZS5jb20&amp;color=%230b8043\" width=\"800\" height=\"480\" frameborder=\"0\" scrolling=\"no\"><\/iframe>\t\t\t\t<\/div>\n\t\t\t\t<\/div>\n\t\t\t\t\t<\/div>\n\t\t<\/div>\n\t\t\t\t\t<\/div>\n\t\t<\/section>\n\t\t\t\t<section class=\"elementor-section elementor-top-section elementor-element elementor-element-ba5867c elementor-section-boxed elementor-section-height-default elementor-section-height-default\" data-id=\"ba5867c\" data-element_type=\"section\">\n\t\t\t\t\t\t<div class=\"elementor-container elementor-column-gap-default\">\n\t\t\t\t\t<div class=\"elementor-column elementor-col-50 elementor-top-column elementor-element elementor-element-2aabffb\" data-id=\"2aabffb\" data-element_type=\"column\">\n\t\t\t<div class=\"elementor-widget-wrap elementor-element-populated\">\n\t\t\t\t\t\t<div class=\"elementor-element elementor-element-b16ae44 elementor-widget elementor-widget-html\" data-id=\"b16ae44\" data-element_type=\"widget\" data-widget_type=\"html.default\">\n\t\t\t\t<div class=\"elementor-widget-container\">\n\t\t\t\t\t<br>\n<h3>Sistema Educativo<\/h3>\n\n<div style=\"width: 100%\">\n    <div style=\"position: relative;padding-bottom: 100%;padding-top: 0;height: 0\"><iframe src=\"https:\/\/view.genial.ly\/6020fccea198a90d20510b6b\" scrolling=\"yes\" width=\"600\" height=\"500\" frameborder=\"0\"><\/iframe> <\/div>\n<\/div>\t\t\t\t<\/div>\n\t\t\t\t<\/div>\n\t\t\t\t\t<\/div>\n\t\t<\/div>\n\t\t\t\t<div class=\"elementor-column elementor-col-50 elementor-top-column elementor-element elementor-element-1623b2c\" data-id=\"1623b2c\" data-element_type=\"column\">\n\t\t\t<div class=\"elementor-widget-wrap elementor-element-populated\">\n\t\t\t\t\t\t<div class=\"elementor-element elementor-element-4a22d05 elementor-widget elementor-widget-heading\" data-id=\"4a22d05\" data-element_type=\"widget\" data-widget_type=\"heading.default\">\n\t\t\t\t<div class=\"elementor-widget-container\">\n\t\t\t\t\t<h3 class=\"elementor-heading-title elementor-size-default\"><h3>Otros temas de orientaci\u00f3n<\/h3>\n<\/h3>\t\t\t\t<\/div>\n\t\t\t\t<\/div>\n\t\t\t\t<div class=\"elementor-element elementor-element-ce7f54e elementor-align-center e-transform elementor-widget elementor-widget-button\" data-id=\"ce7f54e\" data-element_type=\"widget\" data-settings=\"{&quot;_transform_scale_effect&quot;:{&quot;unit&quot;:&quot;px&quot;,&quot;size&quot;:&quot;1.4&quot;,&quot;sizes&quot;:[]},&quot;_transform_scale_effect_tablet&quot;:{&quot;unit&quot;:&quot;px&quot;,&quot;size&quot;:&quot;&quot;,&quot;sizes&quot;:[]},&quot;_transform_scale_effect_mobile&quot;:{&quot;unit&quot;:&quot;px&quot;,&quot;size&quot;:&quot;&quot;,&quot;sizes&quot;:[]}}\" data-widget_type=\"button.default\">\n\t\t\t\t<div class=\"elementor-widget-container\">\n\t\t\t\t\t\t\t\t\t<div class=\"elementor-button-wrapper\">\n\t\t\t\t\t<a class=\"elementor-button elementor-button-link elementor-size-sm\" href=\"https:\/\/blogsaverroes.juntadeandalucia.es\/ipepcordoba\/tecnicas-de-estudio\/\">\n\t\t\t\t\t\t<span class=\"elementor-button-content-wrapper\">\n\t\t\t\t\t\t\t\t\t<span class=\"elementor-button-text\">T\u00e9cnicas de estudio<\/span>\n\t\t\t\t\t<\/span>\n\t\t\t\t\t<\/a>\n\t\t\t\t<\/div>\n\t\t\t\t\t\t\t\t<\/div>\n\t\t\t\t<\/div>\n\t\t\t\t<div class=\"elementor-element elementor-element-eb484dd elementor-align-center e-transform elementor-widget elementor-widget-button\" data-id=\"eb484dd\" data-element_type=\"widget\" data-settings=\"{&quot;_transform_scale_effect&quot;:{&quot;unit&quot;:&quot;px&quot;,&quot;size&quot;:&quot;1.4&quot;,&quot;sizes&quot;:[]},&quot;_transform_scale_effect_tablet&quot;:{&quot;unit&quot;:&quot;px&quot;,&quot;size&quot;:&quot;&quot;,&quot;sizes&quot;:[]},&quot;_transform_scale_effect_mobile&quot;:{&quot;unit&quot;:&quot;px&quot;,&quot;size&quot;:&quot;&quot;,&quot;sizes&quot;:[]}}\" data-widget_type=\"button.default\">\n\t\t\t\t<div class=\"elementor-widget-container\">\n\t\t\t\t\t\t\t\t\t<div class=\"elementor-button-wrapper\">\n\t\t\t\t\t<a class=\"elementor-button elementor-button-link elementor-size-sm\" href=\"https:\/\/blogsaverroes.juntadeandalucia.es\/ipepcordoba\/empleo\/\">\n\t\t\t\t\t\t<span class=\"elementor-button-content-wrapper\">\n\t\t\t\t\t\t\t\t\t<span class=\"elementor-button-text\">Empleo<\/span>\n\t\t\t\t\t<\/span>\n\t\t\t\t\t<\/a>\n\t\t\t\t<\/div>\n\t\t\t\t\t\t\t\t<\/div>\n\t\t\t\t<\/div>\n\t\t\t\t<div class=\"elementor-element elementor-element-c4fde34 elementor-align-center e-transform elementor-widget elementor-widget-button\" data-id=\"c4fde34\" data-element_type=\"widget\" data-settings=\"{&quot;_transform_scale_effect&quot;:{&quot;unit&quot;:&quot;px&quot;,&quot;size&quot;:&quot;1.4&quot;,&quot;sizes&quot;:[]},&quot;_transform_scale_effect_tablet&quot;:{&quot;unit&quot;:&quot;px&quot;,&quot;size&quot;:&quot;&quot;,&quot;sizes&quot;:[]},&quot;_transform_scale_effect_mobile&quot;:{&quot;unit&quot;:&quot;px&quot;,&quot;size&quot;:&quot;&quot;,&quot;sizes&quot;:[]}}\" data-widget_type=\"button.default\">\n\t\t\t\t<div class=\"elementor-widget-container\">\n\t\t\t\t\t\t\t\t\t<div class=\"elementor-button-wrapper\">\n\t\t\t\t\t<a class=\"elementor-button elementor-button-link elementor-size-sm\" href=\"https:\/\/blogsaverroes.juntadeandalucia.es\/ipepcordoba\/becas\/\">\n\t\t\t\t\t\t<span class=\"elementor-button-content-wrapper\">\n\t\t\t\t\t\t\t\t\t<span class=\"elementor-button-text\">Becas<\/span>\n\t\t\t\t\t<\/span>\n\t\t\t\t\t<\/a>\n\t\t\t\t<\/div>\n\t\t\t\t\t\t\t\t<\/div>\n\t\t\t\t<\/div>\n\t\t\t\t\t<\/div>\n\t\t<\/div>\n\t\t\t\t\t<\/div>\n\t\t<\/section>\n\t\t\t\t<\/div>\n\t\t","protected":false},"excerpt":{"rendered":"<p>Noticias de orientaci\u00f3n Comparaci\u00f3n entre la Prueba de acceso a la universidad para mayores de 25 a\u00f1os (PAU) y la Prueba de acceso a los&hellip;<\/p>\n","protected":false},"author":8332,"featured_media":0,"parent":0,"menu_order":0,"comment_status":"closed","ping_status":"closed","template":"","meta":{"ngg_post_thumbnail":0,"footnotes":"","_mc_calendar":[]},"aioseo_notices":[],"_links":{"self":[{"href":"https:\/\/blogsaverroes.juntadeandalucia.es\/ipepcordoba\/wp-json\/wp\/v2\/pages\/4655"}],"collection":[{"href":"https:\/\/blogsaverroes.juntadeandalucia.es\/ipepcordoba\/wp-json\/wp\/v2\/pages"}],"about":[{"href":"https:\/\/blogsaverroes.juntadeandalucia.es\/ipepcordoba\/wp-json\/wp\/v2\/types\/page"}],"author":[{"embeddable":true,"href":"https:\/\/blogsaverroes.juntadeandalucia.es\/ipepcordoba\/wp-json\/wp\/v2\/users\/8332"}],"replies":[{"embeddable":true,"href":"https:\/\/blogsaverroes.juntadeandalucia.es\/ipepcordoba\/wp-json\/wp\/v2\/comments?post=4655"}],"version-history":[{"count":42,"href":"https:\/\/blogsaverroes.juntadeandalucia.es\/ipepcordoba\/wp-json\/wp\/v2\/pages\/4655\/revisions"}],"predecessor-version":[{"id":4711,"href":"https:\/\/blogsaverroes.juntadeandalucia.es\/ipepcordoba\/wp-json\/wp\/v2\/pages\/4655\/revisions\/4711"}],"wp:attachment":[{"href":"https:\/\/blogsaverroes.juntadeandalucia.es\/ipepcordoba\/wp-json\/wp\/v2\/media?parent=4655"}],"curies":[{"name":"wp","href":"https:\/\/api.w.org\/{rel}","templated":true}]}}