{"id":4675,"date":"2025-09-30T19:10:59","date_gmt":"2025-09-30T18:10:59","guid":{"rendered":"https:\/\/blogsaverroes.juntadeandalucia.es\/ipepcordoba\/?page_id=4675"},"modified":"2025-09-30T19:10:59","modified_gmt":"2025-09-30T18:10:59","slug":"tecnicas-de-estudio","status":"publish","type":"page","link":"https:\/\/blogsaverroes.juntadeandalucia.es\/ipepcordoba\/tecnicas-de-estudio\/","title":{"rendered":"T\u00e9cnicas de estudio"},"content":{"rendered":"<h1>T\u00e9cnicas de estudio<\/h1>\n<h3><strong>Introducci\u00f3n general<\/strong><\/h3>\n<p><a href=\"https:\/\/drive.google.com\/file\/d\/1UcaSC7TxcxAWKhbw_SFONOl0TIBXAQTJ\/view?usp=sharing\" target=\"_blank\" rel=\"noopener\">Cuaderno elaborado por el departamento de orientaci\u00f3n del IPEP<\/a><\/p>\n<p>&nbsp;<\/p>\n<h3><strong>Organizaci\u00f3n del tiempo y h\u00e1bitos de estudio<\/strong><\/h3>\n<p><a href=\"http:\/\/ve.ugr.es\/sites\/vic\/ve\/public\/ficheros\/extendidas\/2018-12\/HABITOS_ESTUDIO_leer.pdf\" target=\"_blank\" rel=\"noopener\">H\u00e1bito de estudio<\/a> (documento creado por la Universidad de Granada)<\/p>\n<p><a href=\"http:\/\/ve.ugr.es\/sites\/vic\/ve\/public\/ficheros\/extendidas\/2018-12\/PROCRASTINACION_leer.pdf\" target=\"_blank\" rel=\"noopener\">Procastinaci\u00f3n<\/a> (documento creado por la Universidad de Granada)<\/p>\n<h5>V\u00eddeos con t\u00e9cnicas para la organizaci\u00f3n del tiempo<\/h5>\n<p><iframe src=\"https:\/\/www.youtube.com\/embed\/N_SfS_bxzqw\" width=\"450\" height=\"320\" frameborder=\"0\"><\/iframe><\/p>\n<p>\u00bfQu\u00e9 ocurre dentro de la mente de un procastinador?<\/p>\n<div><iframe src=\"https:\/\/www.youtube.com\/embed\/PG6oFK0a1NA\" width=\"560\" height=\"315\" frameborder=\"0\"><\/iframe><\/div>\n<p>T\u00e9cnica Pomodoro<\/p>\n<div><iframe src=\"https:\/\/www.youtube.com\/embed\/3D0-l2O5k8Y\" width=\"450\" height=\"320\" frameborder=\"0\"><\/iframe><\/div>\n<p>Entrevista a Mago More. Consejos sobre la creaci\u00f3n de h\u00e1bitos (merece la pena el v\u00eddeo completo)<\/p>\n<div><iframe src=\"https:\/\/www.youtube.com\/embed\/CsGbnenVlvA?start=1645\" width=\"560\" height=\"315\" frameborder=\"0\"><\/iframe><\/div>\n<p>&nbsp;<\/p>\n<h3><strong>Condiciones para estudiar<\/strong><\/h3>\n<p><a href=\"https:\/\/ve.ugr.es\/sites\/vic\/ve\/public\/ficheros\/extendidas\/2018-12\/CONDICIONES_OPTIMAS_ESTUDIO_leer.pdf\" target=\"_blank\" rel=\"noopener\">Condiciones \u00f3ptimas de estudio<\/a> (documento creado por la Universidad de Granada)<\/p>\n<h3><strong>M\u00e9todo de estudio<br \/>\n<\/strong><\/h3>\n<div><a title=\"http:\/\/materiales.ipepcordoba.com\/orientacion\/B2\/Aprender%20m%c3%a1s%20y%20mejor\/\" href=\"http:\/\/materiales.ipepcordoba.com\/orientacion\/B2\/Aprender%20m%c3%a1s%20y%20mejor\/\" target=\"_blank\" rel=\"noopener\">Situaci\u00f3n de Aprendizaje<\/a> creada por el Departamento de Orientaci\u00f3n del IPEP sobre los pasos que hay se seguir al estudiar un texto o una lecci\u00f3n<\/div>\n<div>&nbsp;<\/div>\n<div><a href=\"http:\/\/ve.ugr.es\/sites\/vic\/ve\/public\/ficheros\/extendidas\/2018-12\/TECNICAS_ESTUDIO_leer.pdf\" target=\"_blank\" rel=\"noopener\">T\u00e9cnicas de estudio<\/a> (documento creado por la Universidad de Granada)<\/div>\n<div>&nbsp;<\/div>\n<div>V\u00eddeo sobre la secuencia de estudio que seguir en el estudio.<\/div>\n<p>&nbsp;<\/p>\n<p><iframe src=\"https:\/\/www.youtube.com\/embed\/JHDVdu1ENxw\" width=\"632\" height=\"356\n                                                                                                                                                                                                                              \" frameborder=\"0\"><\/iframe><\/p>\n<p>&nbsp;<\/p>\n<h3><strong>Ex\u00e1menes<br \/>\n<\/strong><\/h3>\n<p><a href=\"http:\/\/ve.ugr.es\/sites\/vic\/ve\/public\/ficheros\/extendidas\/2018-12\/ANSIEDAD_EXAMENES_leer.pdf\" target=\"_blank\" rel=\"noopener\">Ansiedad ante los ex\u00e1menes<\/a> (documento creado por la Universidad de Granada)<\/p>\n<p><a href=\"http:\/\/ve.ugr.es\/sites\/vic\/ve\/public\/ficheros\/extendidas\/2018-12\/ANSIEDAD_MIEDO_HABLAR_PUBLICO_leer.pdf\" target=\"_blank\" rel=\"noopener\">Ansiedad a hablar en p\u00fablico<\/a> (documento creado por la Universidad de Granada)<\/p>\n<p><a href=\"http:\/\/ve.ugr.es\/sites\/vic\/ve\/public\/ficheros\/extendidas\/2018-12\/EXAMENES_TIPO_TEST_leer.pdf\" target=\"_blank\" rel=\"noopener\">Ex\u00e1menes tipo test<\/a> (documento creado por la Universidad de Granada)<\/p>\n<p><a href=\"https:\/\/www.bbc.com\/mundo\/noticias-48315309\" target=\"_blank\" rel=\"noopener\">Consejos para preparar un examen<\/a> (BBC noticias)<\/p>\n<p>&nbsp;<\/p>\n<p><iframe src=\"https:\/\/www.youtube.com\/embed\/B3Uuz3S1W28\" width=\"450\" height=\"320\" frameborder=\"0\"><\/iframe><\/p>\n<p>&nbsp;<\/p>\n<p id=\"yui_3_18_1_1_1759255777106_405\"><iframe src=\"https:\/\/www.youtube.com\/embed\/Jst78X3u09M\" width=\"450\" height=\"320\" frameborder=\"0\"><\/iframe><\/p>\n","protected":false},"excerpt":{"rendered":"<p>T\u00e9cnicas de estudio Introducci\u00f3n general Cuaderno elaborado por el departamento de orientaci\u00f3n del IPEP &nbsp; Organizaci\u00f3n del tiempo y h\u00e1bitos de estudio H\u00e1bito de estudio&hellip;<\/p>\n","protected":false},"author":8332,"featured_media":0,"parent":0,"menu_order":0,"comment_status":"closed","ping_status":"closed","template":"","meta":{"ngg_post_thumbnail":0,"footnotes":"","_mc_calendar":[]},"aioseo_notices":[],"_links":{"self":[{"href":"https:\/\/blogsaverroes.juntadeandalucia.es\/ipepcordoba\/wp-json\/wp\/v2\/pages\/4675"}],"collection":[{"href":"https:\/\/blogsaverroes.juntadeandalucia.es\/ipepcordoba\/wp-json\/wp\/v2\/pages"}],"about":[{"href":"https:\/\/blogsaverroes.juntadeandalucia.es\/ipepcordoba\/wp-json\/wp\/v2\/types\/page"}],"author":[{"embeddable":true,"href":"https:\/\/blogsaverroes.juntadeandalucia.es\/ipepcordoba\/wp-json\/wp\/v2\/users\/8332"}],"replies":[{"embeddable":true,"href":"https:\/\/blogsaverroes.juntadeandalucia.es\/ipepcordoba\/wp-json\/wp\/v2\/comments?post=4675"}],"version-history":[{"count":1,"href":"https:\/\/blogsaverroes.juntadeandalucia.es\/ipepcordoba\/wp-json\/wp\/v2\/pages\/4675\/revisions"}],"predecessor-version":[{"id":4676,"href":"https:\/\/blogsaverroes.juntadeandalucia.es\/ipepcordoba\/wp-json\/wp\/v2\/pages\/4675\/revisions\/4676"}],"wp:attachment":[{"href":"https:\/\/blogsaverroes.juntadeandalucia.es\/ipepcordoba\/wp-json\/wp\/v2\/media?parent=4675"}],"curies":[{"name":"wp","href":"https:\/\/api.w.org\/{rel}","templated":true}]}}