{"id":1033,"date":"2023-05-19T12:24:49","date_gmt":"2023-05-19T11:24:49","guid":{"rendered":"https:\/\/blogsaverroes.juntadeandalucia.es\/ipephuelva\/?page_id=1033"},"modified":"2026-01-08T11:28:18","modified_gmt":"2026-01-08T10:28:18","slug":"admision-matricula","status":"publish","type":"page","link":"https:\/\/blogsaverroes.juntadeandalucia.es\/ipephuelva\/admision-matricula\/","title":{"rendered":"Admisi\u00f3n \/ Matr\u00edcula"},"content":{"rendered":"<div style=\"width: 100%\">\n<div style=\"position: relative;padding-bottom: 56.25%;padding-top: 0;height: 0\"><iframe loading=\"lazy\" src=\"https:\/\/view.genially.com\/663a662f85ed1d001451544a\" width=\"1200\" height=\"675\" frameborder=\"0\" scrolling=\"yes\"><\/iframe><\/div>\n<\/div>\n<p>&nbsp; &nbsp;<\/p>\n<h1><span style=\"font-size: 12pt\"><strong>&nbsp;<\/strong><\/span><\/h1>\n<p>&nbsp;<\/p>\n<p>&nbsp;<\/p>\n<p>&nbsp;<\/p>\n<p><strong><span style=\"font-size: 14pt\">ADMISI\u00d3N Y MATR\u00cdCULA CURSO 2025 &#8211; 2026.<\/span><\/strong>&nbsp;&nbsp;<\/p>\n<p><strong><span style=\"font-size: 12pt\">PARA EFECTUAR LA MATR\u00cdCULA PRESENCIALMENTE EN EL CENTRO DEBE PRESENTAR:&nbsp; &nbsp;<\/span><\/strong><\/p>\n<ul>\n<li><span style=\"color: #ff00ff\">IMPRESO DE SOLICITUD CUMPLIMENTADO.<\/span><\/li>\n<li><span style=\"color: #ff00ff\">FOTOCOPIA DEL DOCUMENTO DE IDENTIDAD.<\/span><\/li>\n<li><span style=\"color: #ff00ff\">RESGUARDO DEL PAGO DEL SEGURO ESCOLAR OBLIGATORIO PARA LOS MENORES DE 28 A\u00d1OS (PARA E.S.O. Y BACHILLERATO).&nbsp;<\/span><\/li>\n<\/ul>\n<p>&nbsp;<\/p>\n<ul>\n<li><a href=\"https:\/\/drive.google.com\/file\/d\/1lRZzfNdLEV5OGoCY6vqA5BqJIquoZCdv\/view?usp=drive_link\" target=\"_blank\" rel=\"noopener noreferrer\"><span style=\"color: #0000ff\">INSTRUCCIONES PAGO SEGURO ESCOLAR<\/span><\/a><\/li>\n<\/ul>\n<p>&nbsp;<\/p>\n<p>&nbsp; <strong>IMPRESOS DE SOLICITUD DE MATR\u00cdCULA CURSO 25-26:<\/strong> &nbsp;<\/p>\n<ul>\n<li><a href=\"https:\/\/drive.google.com\/file\/d\/1amzf5-IAcQdtD0Wd0DnqJ0ip7IaQtFyo\/view?usp=drive_link\" target=\"_blank\" rel=\"noopener\"><span style=\"color: #0000ff\">1 BACH. CIENCIAS Y TECNOLOG\u00cdA PRESENCIAL<\/span><\/a><\/li>\n<li><a href=\"https:\/\/drive.google.com\/file\/d\/1hLhN8YYT-J-t15zzHy1mIKF8Y8-x1srD\/view?usp=drive_link\" target=\"_blank\" rel=\"noopener\"><span style=\"color: #0000ff\">1 BACH. HUMANIDADES Y CIENCIAS SOCIALES PRESENCIAL<\/span><\/a><\/li>\n<li><a href=\"https:\/\/drive.google.com\/file\/d\/1Ruy8OiudjWZ-r0yj120GETtsB2aiFwwB\/view?usp=sharing\" target=\"_blank\" rel=\"noopener\"><span style=\"color: #0000ff\">2 BACH. CIENCIAS Y TECNOLOG\u00cdA PRESENCIAL<\/span><\/a><\/li>\n<li><a href=\"https:\/\/drive.google.com\/file\/d\/1tVOy55tUWVzwyHejJdKHnKlbEGhqgQWE\/view?usp=sharing\" target=\"_blank\" rel=\"noopener\"><span style=\"color: #0000ff\">2 BACH. HUMANIDADES Y CIENCIAS SOCIALES PRESENCIAL<\/span><\/a><\/li>\n<li><a href=\"https:\/\/drive.google.com\/file\/d\/1s45g4awDUm400_Czyfow4t2LlwVaPgtE\/view?usp=drive_link\" target=\"_blank\" rel=\"noopener\"><span style=\"color: #0000ff\">1 BACH. CIENCIAS Y TECNOLOG\u00cdA SEMIPRESENCIAL<\/span><\/a><\/li>\n<li><a href=\"https:\/\/drive.google.com\/file\/d\/1aB8B1XkWEH4u58GBkP-f-ksvjODKNAad\/view?usp=drive_link\" target=\"_blank\" rel=\"noopener\"><span style=\"color: #0000ff\">1 BACH. HUMANIDADES Y CIENCIAS SOCIALES SEMIPRESENCIAL<\/span><\/a><\/li>\n<li><a href=\"https:\/\/drive.google.com\/file\/d\/1a_aKpYeOynwvd4d81TCIxTzaVevXnzRr\/view?usp=sharing\" target=\"_blank\" rel=\"noopener\"><span style=\"color: #0000ff\">2 BACH. CIENCIAS Y TECNOLOG\u00cdA SEMIPRESENCIAL<\/span><\/a><\/li>\n<li><a href=\"https:\/\/drive.google.com\/file\/d\/18jMEF7BRE3PZUI65bFTvQeeqKlfEIeTh\/view?usp=sharing\" target=\"_blank\" rel=\"noopener\"><span style=\"color: #0000ff\">2 BACH. HUMANIDADES Y CIENCIAS SOCIALES SEMIPRESENCIAL<\/span><\/a><\/li>\n<li><a href=\"https:\/\/drive.google.com\/file\/d\/1W6TP8ABfgXC2079PjY45_s4jtPwsro-Q\/view?usp=drive_link\" target=\"_blank\" rel=\"noopener\"><span style=\"color: #0000ff\">1 BACH. GENERAL SEMIPRESENCIAL<\/span><\/a><\/li>\n<li><a href=\"https:\/\/drive.google.com\/file\/d\/1SnKYMGm13OHkPmY7oznYCVpzsRFwRE3w\/view?usp=sharing\" target=\"_blank\" rel=\"noopener\"><span style=\"color: #0000ff\">2 BACH. GENERAL SEMIPRESENCIAL<\/span><\/a><\/li>\n<\/ul>\n<p>&nbsp;<\/p>\n<ul style=\"list-style-type: disc\">\n<li><a href=\"https:\/\/drive.google.com\/file\/d\/1Qng-a9q_JLAEbaWrJ8P5JL_piKsW93gG\/view?usp=drive_link\" target=\"_blank\" rel=\"noopener\"><span style=\"color: #0000ff\">ESPA<\/span><\/a><\/li>\n<\/ul>\n<p>&nbsp;<\/p>\n<ul>\n<li><a href=\"https:\/\/drive.google.com\/file\/d\/1_kNZMKKYOR009Tv3IPVushRjtO5PQFL5\/view?usp=drive_link\" target=\"_blank\" rel=\"noopener\"><span style=\"color: #0000ff\">PREPARACI\u00d3N PRUEBA DE ACCESO A CICLOS DE GRADO SUPERIOR<\/span><\/a><\/li>\n<li><a href=\"https:\/\/drive.google.com\/file\/d\/1bD4-4pj1h4DNX-TIGW5HvsIB6d309ua_\/view?usp=drive_link\" target=\"_blank\" rel=\"noopener\"><span style=\"color: #0000ff\">PREPARACI\u00d3N PRUEBAS DE ACCESO A LA UNIVERSIDAD PARA MAYORES DE 25 A\u00d1OS<\/span><\/a><\/li>\n<li><span style=\"color: #0003ff\"><a style=\"color: #0003ff\" href=\"https:\/\/drive.google.com\/file\/d\/1woMCxi2hcOU69aWWvCI9mIIc8-sSkmQQ\/view?usp=drive_link\" target=\"_blank\" rel=\"noopener\">PREPARACI\u00d3N PARA LA EVALUACI\u00d3N DE COMPETENCIAS CLAVE<\/a><\/span><\/li>\n<\/ul>\n<p>&nbsp;<\/p>\n<p><strong>IMPRESOS DE SOLICITUD DE ADMISI\u00d3N ESPA Y BACHILLERATO: <\/strong> Reserva de plaza para alumnos no matriculados en el curso anterior. &nbsp;<\/p>\n<ul>\n<li><a href=\"https:\/\/drive.google.com\/file\/d\/1SMJGvrXpo2KNu8XLsNiGU4tLw12zHFaT\/view?usp=drive_link\" target=\"_blank\" rel=\"noopener\"><span style=\"color: #0000ff\">B<\/span><span style=\"color: #0000ff\">ACHILLERATO PRESENCIAL Y SEMIPRESENCIAL (ADMISI\u00d3N)<\/span><\/a><\/li>\n<li><a href=\"https:\/\/drive.google.com\/file\/d\/1ni65Hw-xVzX2kPiPTIGvtXbNXUGgBWi8\/view?usp=drive_link\" target=\"_blank\" rel=\"noopener\"><span style=\"color: #0000ff\">ESPA PRESENCIAL Y SEMIPRESENCIAL (ADMISI\u00d3N)<\/span><\/a><\/li>\n<\/ul>\n<p>&nbsp;<\/p>\n<p><a href=\"https:\/\/view.genially.com\/64afab049874910018fde2f8\/interactive-content-materias-bachillerato-ipep-huelva\">&nbsp;<span style=\"color: #008000\">Materias para la etapa de Bachillerato para personas adultas curso 2025\/26<\/span> &nbsp;<\/a><\/p>\n<p>&nbsp;<\/p>\n<p><span style=\"font-size: 12pt\"><strong>ADMISI\u00d3N ESO Y BACHILLERATO: <\/strong><\/span> La solicitud de admisi\u00f3n se realizar\u00e1 preferiblemente a trav\u00e9s de la <span style=\"color: #008000\"><a style=\"color: #008000\" href=\"https:\/\/www.juntadeandalucia.es\/educacion\/secretariavirtual\/\" target=\"_blank\" rel=\"noopener noreferrer\">Secretar\u00eda Virtual de los Centros Docentes Andaluces<\/a>. <span style=\"color: #333333\">Deben solicitar la admisi\u00f3n el alumnado que no estuviera matriculado en el curso anterior o que pase de un nivel educativo a otro.<\/span><\/span><\/p>\n<p><span style=\"font-size: 12pt\"><strong>ADMISI\u00d3N Y MATRICULACI\u00d3N PLANES EDUCATIVOS:<\/strong>&nbsp;<\/span> Para la preparaci\u00f3n a las Pruebas de Acceso a la Universidad para mayores de 25 a\u00f1os (PAU) y a las pruebas de Acceso a ciclos formativos de Grado Superior, en la modalidad PRESENCIAL la admisi\u00f3n y matr\u00edcula se formalizan en un \u00fanico tr\u00e1mite. En la modalidad PRESENCIAL el plazo de matriculaci\u00f3n es del 1 al 16 de junio. A partir del 15 de septiembre se abre un plazo extraordinario.<\/p>\n<p>Impreso de solicitud para la preparaci\u00f3n a las <a href=\"https:\/\/drive.google.com\/file\/d\/1bD4-4pj1h4DNX-TIGW5HvsIB6d309ua_\/view?usp=drive_link\" target=\"_blank\" rel=\"noopener\"><span style=\"color: #0000ff\">pruebas de Acceso a la Universidad para mayores de 25 a\u00f1os (PAU 25)<\/span><\/a><\/p>\n<p>Impreso de solicitud para la preparaci\u00f3n a las<a href=\"https:\/\/drive.google.com\/file\/d\/1_kNZMKKYOR009Tv3IPVushRjtO5PQFL5\/view?usp=drive_link\" target=\"_blank\" rel=\"noopener\"> <span style=\"color: #0000ff\">pruebas de Acceso a ciclos formativos de Grado Superior.<\/span><\/a><\/p>\n<p>En la modalidad A DISTANCIA el plazo de solicitud de admisi\u00f3n es del 1 al 16 de junio y el de matriculaci\u00f3n del 1 al 10 de julio. A partir del 1 de septiembre se abre un plazo extraordinario.<\/p>\n<p>&nbsp;<\/p>\n<p><span style=\"font-size: 12pt;color: #ff00ff\"><strong>EDUCACI\u00d3N SECUNDARIA OBLIGATORIA PARA ADULTOS (ESPA) 2025-2026<\/strong><\/span><\/p>\n<p><span style=\"font-size: 12pt;color: #000000\"><strong>REQUISITO GENERAL<\/strong>: <\/span>Debes ser <strong>mayor de 18 a\u00f1os<\/strong> o cumplirlos en el a\u00f1o natural en que comience el curso acad\u00e9mico.<\/p>\n<p><strong>Excepcionalmente<\/strong>, tambi\u00e9n puedes acceder si eres mayor de 16 a\u00f1os, o los cumples en el a\u00f1o natural en que comienza el curso acad\u00e9mico, acreditando alguna de estas situaciones:<\/p>\n<ul>\n<li>Ser persona trabajadora por cuenta propia o ajena de manera que no puedas acudir al centro educativo de car\u00e1cter ordinario.<\/li>\n<li>Ser deportista de rendimiento en Andaluc\u00eda o de alto rendimiento o alto nivel.<\/li>\n<li>Encontrarte en situaci\u00f3n personal extraordinaria de enfermedad, discapacidad o cualquier otra que te impida cursar las ense\u00f1anzas en r\u00e9gimen ordinario, quedando incluidas en este supuesto las personas v\u00edctimas de la violencia de g\u00e9nero y las v\u00edctimas de terrorismo, as\u00ed como sus hijos e hijas, y las personas que se encuentren en situaci\u00f3n de dificultad social extrema o riesgo de exclusi\u00f3n.<\/li>\n<li>Estar interno o interna en centros penitenciarios o de menores sujetos a medidas de privaci\u00f3n de libertad por sentencia judicial.<\/li>\n<\/ul>\n<p>Solo hay dos situaciones en las que podr\u00e1s acceder a las ense\u00f1anzas de personas adultas siendo <strong>menor de 16 a\u00f1os<\/strong>:<\/p>\n<ul>\n<li>Encontrarte en situaci\u00f3n personal extraordinaria de enfermedad, discapacidad o cualquier otra que&nbsp; te&nbsp; impida&nbsp; cursar&nbsp; las&nbsp; ense\u00f1anzas&nbsp; en&nbsp; r\u00e9gimen&nbsp; ordinario.<\/li>\n<li>Estar interno o interna en centros de menores sujetos a medidas de privaci\u00f3n de libertad por sentencia judicial.<\/li>\n<\/ul>\n<h1><span style=\"font-size: 12pt;color: #000000\"><strong>REQUISITOS ACAD\u00c9MICOS:<\/strong><\/span><\/h1>\n<p>Si quieres cursar la ESO para personas adultas no necesitas tener ninguna titulaci\u00f3n previa, aunque es conveniente que realices la <strong>Formaci\u00f3n B\u00e1sica&nbsp;<\/strong>si tienes dificultades de lectoescritura.&nbsp;<\/p>\n<ul>\n<li>Si no tienes estudios previos, o un certificado de los mismos, puedes realizar una <strong>prueba de<\/strong> <strong>valoraci\u00f3n inicial <\/strong>pidi\u00e9ndolo a la vez que solicitas admisi\u00f3n en el Nivel I. Seg\u00fan los resultados de esta prueba podr\u00e1s acceder a Nivel I o incluso a Nivel II directamente.<\/li>\n<li>Si ya realizaste alg\u00fan tipo de ense\u00f1anza y dispones del certificado correspondiente, puedes acceder a Nivel I o Nivel II de la ESO para personas adultas. Consulta los siguientes casos:<\/li>\n<li><strong><span style=\"font-size: 10pt\">ACCESO AL NIVEL I<\/span><\/strong>\n<ul>\n<li>Con certificado de estudios primarios (<a href=\"http:\/\/www.boe.es\/buscar\/doc.php?id=BOE-A-1945-7246\">Ley 17\/7\/1945<\/a>, de Educaci\u00f3n Primaria, y&nbsp; <a href=\"http:\/\/www.boe.es\/buscar\/doc.php?id=BOE-A-1965-21380\">Ley 21\/12\/1965<\/a>, de Reforma de la Ense\u00f1anza Primaria, expedido con anterioridad a la finalizaci\u00f3n del curso 1975\/76).<\/li>\n<li>Plan educativo de formaci\u00f3n b\u00e1sica o equivalente.<\/li>\n<li>1\u00ba y 2\u00ba curso de Educaci\u00f3n Secundaria Obligatoria y no haber promocionado a tercero.<\/li>\n<li>Primer ciclo de Educaci\u00f3n Secundaria Obligatoria en r\u00e9gimen de personas adultas y no haber promocionado al segundo ciclo.<\/li>\n<li>Valoraci\u00f3n positiva para la adscripci\u00f3n a este nivel tras haber realizado la <strong>prueba de valoraci\u00f3n inicial<\/strong> en el acceso a la Educaci\u00f3n Secundaria. Obligatoria para personas adultas. <a href=\"https:\/\/juntadeandalucia.es\/boja\/2017\/249\/4\">Orden de 28 de diciembre de 2017<\/a>, por la que se establece la ordenaci\u00f3n y el curr\u00edculo de la Educaci\u00f3n Secundaria Obligatoria para personas adultas en la Comunidad Aut\u00f3noma de Andaluc\u00eda.<\/li>\n<\/ul>\n<\/li>\n<li><strong><span style=\"font-size: 10pt\">ACCESO AL NIVEL II<\/span><\/strong>\n<ul>\n<li>Sin estudios previos o sin certificado de los mismos, tras haber realizado la <strong>prueba de valoraci\u00f3n inicial<\/strong> y seg\u00fan criterio del centro.<\/li>\n<li>8\u00ba de EGB (Educaci\u00f3n General B\u00e1sica) y t\u00edtulo de Graduado Escolar o Certificado de Escolaridad (<a href=\"https:\/\/www.boe.es\/buscar\/doc.php?id=BOE-A-1991-16269\">Real Decreto&nbsp; 986\/1991, de 14 de junio<\/a>, por el que se aprueba el calendario de aplicaci\u00f3n de la nueva ordenaci\u00f3n del sistema educativo).<\/li>\n<li>Graduado Escolar (<a href=\"https:\/\/www.boe.es\/buscar\/doc.php?id=BOE-A-1970-852\">Ley 14\/1970, de 4 de agosto<\/a>,&nbsp;General de Educaci\u00f3n y Financiamiento de la Reforma Educativa).<\/li>\n<li>1\u00ba de BUP (Bachillerato Unificado Polivalente) (<a href=\"http:\/\/www.boe.es\/buscar\/doc.php?id=BOE-A-1970-852\">Ley 14\/1970, de 4 de agosto<\/a>,&nbsp;General de Educaci\u00f3n y Financiamiento de la Reforma Educativa).<\/li>\n<li>Bachiller Elemental (<a href=\"https:\/\/www.boe.es\/buscar\/doc.php?id=BOE-A-1953-2404\">Ley de 26 de febrero de 1953<\/a>, sobre Ordenaci\u00f3n de la Ense\u00f1anza Media).<\/li>\n<li>4\u00ba de Bachiller completo, o 5\u00ba o 6\u00ba con materias pendientes (Plan 1957 del Bachillerato).<\/li>\n<li>1\u00ba curso del primer ciclo experimental. Reforma de las Ense\u00f1anzas medias (Reforma de las Ense\u00f1anzas medias. Implantaci\u00f3n anticipada de la <a href=\"https:\/\/www.boe.es\/buscar\/doc.php?id=BOE-A-1990-24172\">Ley Org\u00e1nica 1\/1990, de 3 de octubre<\/a>, de Ordenaci\u00f3n General del Sistema Educativo).<\/li>\n<li>2\u00ba curso de Educaci\u00f3n Secundaria Obligatoria.<\/li>\n<li>Primer ciclo de Educaci\u00f3n Secundaria Obligatoria en r\u00e9gimen de personas adultas.<\/li>\n<li>Valoraci\u00f3n positiva en uno o varios \u00e1mbitos para la adscripci\u00f3n a este nivel tras haber realizado la <strong>prueba de valoraci\u00f3n inicial.<\/strong><\/li>\n<\/ul>\n<\/li>\n<\/ul>\n<p>Si realizaste <strong>estudios en el extranjero<\/strong> debes homologarlos previamente dirigi\u00e9ndote a la <a href=\"http:\/\/www.mecd.gob.es\/dctm\/ministerio\/educacion\/universidades\/educacion-superior-universitaria\/titulos\/2011-delegacionessubdelegaciones.pdf?documentId=0901e72b80ff8e3f\">Alta Inspecci\u00f3n de Educaci\u00f3n<\/a>, en la Subdelegaci\u00f3n de Gobierno de tu provincia.<\/p>\n<p><strong>Requisitos espec\u00edficos de modalidad a distancia<\/strong><\/p>\n<p>Para cursar la ESO para personas adultas en <strong>modalidad a distancia<\/strong> (Institutos Provinciales de Educaci\u00f3n Permanente &#8211; IPEP) tendr\u00e1s tambi\u00e9n que tener la <a href=\"https:\/\/www.parlamentodeandalucia.es\/opencms\/export\/portal-web-parlamento\/comentarios_ea\/articulo\/ART_005.htm#:~:text=Art%C3%ADculo%205.,Condici%C3%B3n%20de%20andaluz%20o%20andaluza&amp;text=A%20los%20efectos%20del%20presente,de%20los%20municipios%20de%20Andaluc%C3%ADa\">condici\u00f3n de andaluz<\/a> (tener la vecindad administrativa, es decir, estar empadronado en cualquier municipio de Andaluc\u00eda) o la <a href=\"http:\/\/www.juntadeandalucia.es\/temas\/familias-igualdad\/inmigracion\/emigracion.html\">condici\u00f3n de andaluz en el extranjero<\/a>.<\/p>\n<p>&nbsp;<\/p>\n<p><span style=\"font-size: 12pt;color: #ff00ff\"><strong>BACHILLERATO PARA PERSONAS ADULTAS 2025-2026<\/strong><\/span><\/p>\n<p><span style=\"font-size: 12pt\"><strong><span style=\"color: #000000\">REQUISITO GENERAL:<\/span> <\/strong><\/span>TENER 18 A\u00d1OS AL 31.12.2025 <strong>Si el alumno\/a es menor de 18 a\u00f1os, <\/strong>y quiere estudiar el Bachillerato, debe <strong>acreditar<\/strong> su condici\u00f3n de trabajador, deportista de \u00e9lite o de que se encuentra en circunstancias excepcionales que le impiden realizar los estudios en r\u00e9gimen ordinario. En este \u00faltimo caso, necesitar\u00e1 autorizaci\u00f3n de la persona titular de la Delegaci\u00f3n Territorial de la Consejer\u00eda de Educaci\u00f3n.<\/p>\n<p><span style=\"color: #000000\"><strong><span style=\"font-size: 12pt\">REQUISITOS ACAD\u00c9MICOS:<\/span> <\/strong><\/span>T\u00edtulo de Graduado en E.S.O. o de Grado Medio. &nbsp; &nbsp;<\/p>\n","protected":false},"excerpt":{"rendered":"<p>&nbsp; &nbsp; &nbsp; &nbsp; &nbsp; &nbsp; ADMISI\u00d3N Y MATR\u00cdCULA CURSO 2025 &#8211; 2026.&nbsp;&nbsp; PARA EFECTUAR LA MATR\u00cdCULA PRESENCIALMENTE EN EL CENTRO DEBE PRESENTAR:&nbsp; &nbsp; IMPRESO DE SOLICITUD CUMPLIMENTADO. FOTOCOPIA DEL DOCUMENTO DE IDENTIDAD. RESGUARDO DEL PAGO DEL SEGURO ESCOLAR OBLIGATORIO PARA LOS MENORES DE 28 A\u00d1OS (PARA E.S.O. Y BACHILLERATO).&nbsp; &nbsp; INSTRUCCIONES PAGO SEGURO ESCOLAR [&hellip;]<\/p>\n","protected":false},"author":17579,"featured_media":0,"parent":0,"menu_order":0,"comment_status":"closed","ping_status":"closed","template":"","meta":{"_et_pb_use_builder":"off","_et_pb_old_content":"","_et_gb_content_width":"","ngg_post_thumbnail":0,"footnotes":""},"aioseo_notices":[],"_links":{"self":[{"href":"https:\/\/blogsaverroes.juntadeandalucia.es\/ipephuelva\/wp-json\/wp\/v2\/pages\/1033"}],"collection":[{"href":"https:\/\/blogsaverroes.juntadeandalucia.es\/ipephuelva\/wp-json\/wp\/v2\/pages"}],"about":[{"href":"https:\/\/blogsaverroes.juntadeandalucia.es\/ipephuelva\/wp-json\/wp\/v2\/types\/page"}],"author":[{"embeddable":true,"href":"https:\/\/blogsaverroes.juntadeandalucia.es\/ipephuelva\/wp-json\/wp\/v2\/users\/17579"}],"replies":[{"embeddable":true,"href":"https:\/\/blogsaverroes.juntadeandalucia.es\/ipephuelva\/wp-json\/wp\/v2\/comments?post=1033"}],"version-history":[{"count":87,"href":"https:\/\/blogsaverroes.juntadeandalucia.es\/ipephuelva\/wp-json\/wp\/v2\/pages\/1033\/revisions"}],"predecessor-version":[{"id":1981,"href":"https:\/\/blogsaverroes.juntadeandalucia.es\/ipephuelva\/wp-json\/wp\/v2\/pages\/1033\/revisions\/1981"}],"wp:attachment":[{"href":"https:\/\/blogsaverroes.juntadeandalucia.es\/ipephuelva\/wp-json\/wp\/v2\/media?parent=1033"}],"curies":[{"name":"wp","href":"https:\/\/api.w.org\/{rel}","templated":true}]}}