{"id":1270,"date":"2023-10-19T10:47:28","date_gmt":"2023-10-19T09:47:28","guid":{"rendered":"https:\/\/blogsaverroes.juntadeandalucia.es\/ipephuelva\/?page_id=1270"},"modified":"2023-10-19T11:56:56","modified_gmt":"2023-10-19T10:56:56","slug":"matricula-distancia","status":"publish","type":"page","link":"https:\/\/blogsaverroes.juntadeandalucia.es\/ipephuelva\/matricula-distancia\/","title":{"rendered":"Matricula Distancia"},"content":{"rendered":"<p>IMPRESOS DE MATR\u00cdCULAS:<\/p>\n<p><span style=\"color: #800080\"><a style=\"color: #800080\" href=\"https:\/\/blogsaverroes.juntadeandalucia.es\/ipephuelva\/files\/2023\/10\/MATR\u00cdCULA-ESO-DISTANCIA-IPEP-HUELVA.pdf\" target=\"_blank\" rel=\"nofollow noopener noreferrer\">MATR\u00cdCULA ESO DISTANCIA IPEP HUELVA<\/a><\/span><\/p>\n<p><span style=\"color: #800080\"><a style=\"color: #800080\" href=\"https:\/\/blogsaverroes.juntadeandalucia.es\/ipephuelva\/files\/2023\/10\/MATR\u00cdCULA-BACHILLERATO-A-DISTANCIA.pdf\" target=\"_blank\" rel=\"nofollow noopener noreferrer\">MATR\u00cdCULA BACHILLERATO A DISTANCIA<\/a><\/span><\/p>\n<p><span style=\"color: #800080\"><a style=\"color: #800080\" href=\"https:\/\/blogsaverroes.juntadeandalucia.es\/ipephuelva\/files\/2023\/10\/MATR\u00cdCULA-PAU-DISTANCIA.pdf\" target=\"_blank\" rel=\"nofollow noopener noreferrer\">MATR\u00cdCULA PAU DISTANCIA<\/a><\/span><\/p>\n<p>&nbsp;<\/p>\n","protected":false},"excerpt":{"rendered":"<p>IMPRESOS DE MATR\u00cdCULAS: MATR\u00cdCULA ESO DISTANCIA IPEP HUELVA MATR\u00cdCULA BACHILLERATO A DISTANCIA MATR\u00cdCULA PAU DISTANCIA &nbsp;<\/p>\n","protected":false},"author":17579,"featured_media":0,"parent":0,"menu_order":0,"comment_status":"closed","ping_status":"closed","template":"","meta":{"_et_pb_use_builder":"","_et_pb_old_content":"","_et_gb_content_width":"","ngg_post_thumbnail":0,"footnotes":""},"aioseo_notices":[],"_links":{"self":[{"href":"https:\/\/blogsaverroes.juntadeandalucia.es\/ipephuelva\/wp-json\/wp\/v2\/pages\/1270"}],"collection":[{"href":"https:\/\/blogsaverroes.juntadeandalucia.es\/ipephuelva\/wp-json\/wp\/v2\/pages"}],"about":[{"href":"https:\/\/blogsaverroes.juntadeandalucia.es\/ipephuelva\/wp-json\/wp\/v2\/types\/page"}],"author":[{"embeddable":true,"href":"https:\/\/blogsaverroes.juntadeandalucia.es\/ipephuelva\/wp-json\/wp\/v2\/users\/17579"}],"replies":[{"embeddable":true,"href":"https:\/\/blogsaverroes.juntadeandalucia.es\/ipephuelva\/wp-json\/wp\/v2\/comments?post=1270"}],"version-history":[{"count":15,"href":"https:\/\/blogsaverroes.juntadeandalucia.es\/ipephuelva\/wp-json\/wp\/v2\/pages\/1270\/revisions"}],"predecessor-version":[{"id":1291,"href":"https:\/\/blogsaverroes.juntadeandalucia.es\/ipephuelva\/wp-json\/wp\/v2\/pages\/1270\/revisions\/1291"}],"wp:attachment":[{"href":"https:\/\/blogsaverroes.juntadeandalucia.es\/ipephuelva\/wp-json\/wp\/v2\/media?parent=1270"}],"curies":[{"name":"wp","href":"https:\/\/api.w.org\/{rel}","templated":true}]}}