{"id":1547,"date":"2024-06-04T08:51:09","date_gmt":"2024-06-04T07:51:09","guid":{"rendered":"https:\/\/blogsaverroes.juntadeandalucia.es\/ipephuelva\/?page_id=1547"},"modified":"2024-06-04T08:51:09","modified_gmt":"2024-06-04T07:51:09","slug":"eso","status":"publish","type":"page","link":"https:\/\/blogsaverroes.juntadeandalucia.es\/ipephuelva\/eso\/","title":{"rendered":"ESO"},"content":{"rendered":"<p>[et_pb_section fb_built=\u00bb1&#8243; admin_label=\u00bbsection\u00bb _builder_version=\u00bb4.16&#8243; global_colors_info=\u00bb{}\u00bb][et_pb_row admin_label=\u00bbrow\u00bb _builder_version=\u00bb4.16&#8243; background_size=\u00bbinitial\u00bb background_position=\u00bbtop_left\u00bb background_repeat=\u00bbrepeat\u00bb global_colors_info=\u00bb{}\u00bb][et_pb_column type=\u00bb4_4&#8243; _builder_version=\u00bb4.16&#8243; custom_padding=\u00bb|||\u00bb global_colors_info=\u00bb{}\u00bb custom_padding__hover=\u00bb|||\u00bb][et_pb_text _builder_version=\u00bb4.24.2&#8243; _module_preset=\u00bbdefault\u00bb global_colors_info=\u00bb{}\u00bb]<\/p>\n<h2>ESPA &#8211; Educaci\u00f3n Secundaria Para Adultos<\/h2>\n<p>[\/et_pb_text][et_pb_video _builder_version=\u00bb4.24.2&#8243; _module_preset=\u00bbdefault\u00bb global_colors_info=\u00bb{}\u00bb][\/et_pb_video][et_pb_text _builder_version=\u00bb4.24.2&#8243; _module_preset=\u00bbdefault\u00bb hover_enabled=\u00bb0&#8243; sticky_enabled=\u00bb0&#8243;]<\/p>\n<p style=\"text-align: center\"><iframe loading=\"lazy\" src=\"https:\/\/drive.google.com\/file\/d\/1VQEf9-5EmDXXJs0Jz4ONyGFJJawnfrvU\/preview\" width=\"640\" height=\"480\"><\/iframe><\/p>\n<p>[\/et_pb_text][\/et_pb_column][\/et_pb_row][et_pb_row _builder_version=\u00bb4.24.2&#8243; _module_preset=\u00bbdefault\u00bb global_colors_info=\u00bb{}\u00bb][et_pb_column type=\u00bb4_4&#8243; _builder_version=\u00bb4.24.2&#8243; _module_preset=\u00bbdefault\u00bb global_colors_info=\u00bb{}\u00bb][et_pb_toggle title=\u00bbModalidades\u00bb _builder_version=\u00bb4.24.2&#8243; _module_preset=\u00bbdefault\u00bb global_colors_info=\u00bb{}\u00bb]En Educaci\u00f3n Permanente se oferta la<strong>&nbsp;Educaci\u00f3n Secundaria Obligatoria para personas adultas<\/strong>. Estas ense\u00f1anzas se rigen por criterios de flexibilidad para facilitar tu incorporaci\u00f3n al sistema educativo. Las principales diferencias respecto a la Educaci\u00f3n Secundaria Obligatoria en r\u00e9gimen ordinario son:<\/p>\n<ul>\n<li>Posibilidad de realizar esta etapa en las&nbsp;<strong>modalidades presencial, semipresencial y a distancia<\/strong>.<\/li>\n<li>Est\u00e1 organizada en&nbsp;<strong>dos niveles<\/strong>: Nivel I (1\u00ba y 2\u00ba de la ESO en r\u00e9gimen ordinario) y Nivel II (3\u00ba y 4\u00ba de la ESO en r\u00e9gimen ordinario).<\/li>\n<li>Los contenidos se agrupan por&nbsp;<strong>\u00e1mbitos,&nbsp;<\/strong>no por materias: \u00c1mbito de comunicaci\u00f3n, \u00c1mbito cient\u00edfico-tecnol\u00f3gico y \u00c1mbito social.<\/li>\n<li>Posibilidad de&nbsp;<strong>matr\u00edcula parcial<\/strong>&nbsp;por \u00e1mbitos en todas las modalidades.<\/li>\n<li>Reconocimiento y equivalencia de aprendizajes adquiridos, tanto si accedes a la ESO para personas adultas por primera vez como si provienes del r\u00e9gimen ordinario de estas ense\u00f1anzas. Adem\u00e1s se reconocer\u00e1n aquellos \u00e1mbitos superados en las&nbsp; pruebas para la obtenci\u00f3n del t\u00edtulo de Graduado en Educaci\u00f3n Secundaria Obligatoria para personas mayores de 18 a\u00f1os. Estos \u00e1mbitos, una vez superados, no deben ser cursados de nuevo.<\/li>\n<\/ul>\n<p>[\/et_pb_toggle][et_pb_toggle title=\u00bbESPA Presencial\u00bb admin_label=\u00bbConmutador\u00bb _builder_version=\u00bb4.24.2&#8243; _module_preset=\u00bbdefault\u00bb global_colors_info=\u00bb{}\u00bb]<\/p>\n<header class=\"portlet-topper\">\n<h1 class=\"portlet-title\"><span style=\"color: #666666;font-size: 14px\">Esta modalidad de ense\u00f1anza se basa en la <\/span><strong style=\"color: #666666;font-size: 14px\">asistencia regular y la atenci\u00f3n personalizada<\/strong><span style=\"color: #666666;font-size: 14px\">&nbsp;por parte del profesorado en cada uno de los \u00e1mbitos en los que te matricules.<\/span><\/h1>\n<\/header>\n<div class=\"portlet-content\">\n<div class=\" portlet-content-container\">\n<div class=\"portlet-body\">\n<div class=\"contenido_portlet \">\n<div class=\"portlet_web\">\n<div class=\"detalle web\">\n<div class=\"contenido_detalle\">\n<section class=\"cuerpo detalle_html\">\n<div class=\"inner_cuerpo\">\n<p>La ESO para personas adultas en la&nbsp;<strong>modalidad presencial<\/strong>&nbsp;se imparte tanto en&nbsp;<em>Institutos de Ense\u00f1anza Secundaria&nbsp;<\/em>(IES) de las redes de Centros de Educaci\u00f3n Permanente como en los&nbsp;<em>Institutos Provinciales de Educaci\u00f3n Permanente<\/em>&nbsp;(IPEP).<\/p>\n<p>La asistencia al centro es de&nbsp;<strong>20 horas semanales<\/strong>&nbsp;tanto en el Nivel I como en el Nivel II. En estas horas trabajar\u00e1s los diferentes contenidos organizados por \u00e1mbitos y con la siguiente distribuci\u00f3n:<\/p>\n<ul>\n<li>\u00c1mbito cient\u00edfico-tecnol\u00f3gico: 8 horas<\/li>\n<li>\u00c1mbito de comunicaci\u00f3n: 7 horas<\/li>\n<li>\u00c1mbito social: 5 horas<\/li>\n<\/ul>\n<\/div>\n<\/section>\n<\/div>\n<\/div>\n<\/div>\n<\/div>\n<\/div>\n<\/div>\n<\/div>\n<p>[\/et_pb_toggle][et_pb_toggle title=\u00bbESPA Semipresencial\u00bb admin_label=\u00bbConmutador\u00bb _builder_version=\u00bb4.24.2&#8243; _module_preset=\u00bbdefault\u00bb global_colors_info=\u00bb{}\u00bb]<\/p>\n<header class=\"portlet-topper\">Para cursar la Ense\u00f1anza Secundaria Obligatoria para personas adultas en modalidad semipresencial tendr\u00e1s que combinar ciertas clases presenciales de asistencia obligatoria con otras de manera telem\u00e1tica.Las sesiones presenciales son de 8 horas semanales (3 horas para el \u00c1mbito de comunicaci\u00f3n, 3 horas para el \u00c1mbito cient\u00edfico-tecnol\u00f3gico y 2 horas para el \u00c1mbito social). El resto de actividades y trabajos los realizar\u00e1s fuera del centro en el tiempo del que dispongas. As\u00ed podr\u00e1s formarte para la obtenci\u00f3n de t\u00edtulos y certificados oficiales del sistema educativo con menos tiempo de presencia f\u00edsica en el centro.Durante las sesiones presenciales podr\u00e1s recibir la ayuda pertinente para&nbsp; la realizaci\u00f3n de tareas, resolver dudas, recibir orientaci\u00f3n en el uso de las herramientas necesarias para esta modalidad de ense\u00f1anza, realizar las tareas grupales y en general mejorar tus destrezas orales. Adem\u00e1s, estas sesiones presenciales las puedes realizar en el IES m\u00e1s cercano o bien en el Centro de Adultos (CEPER o SEPER) de tu localidad.<\/p>\n<p>Para realizar la parte tel\u00e9m\u00e1tica en la modalidad semipresencial necesitar\u00e1s acceso a un equipo inform\u00e1tico y conexi\u00f3n a Internet de banda ancha; adem\u00e1s de conocimientos de navegaci\u00f3n b\u00e1sica por Internet y correo electr\u00f3nico para el acceso al aula virtual.<\/p>\n<p>La informaci\u00f3n para el acceso a dicha aula virtual, las herramientas y acciones b\u00e1sicas para la navegaci\u00f3n por la misma se te facilitar\u00e1n en el centro a principio de curso.<\/p>\n<\/header>\n<p>[\/et_pb_toggle][et_pb_toggle title=\u00bbESPA Distancia\u00bb admin_label=\u00bbConmutador\u00bb _builder_version=\u00bb4.24.2&#8243; _module_preset=\u00bbdefault\u00bb global_colors_info=\u00bb{}\u00bb]<\/p>\n<header class=\"portlet-topper\">La aparici\u00f3n y el acceso generalizado a las<strong>&nbsp;Tecnolog\u00edas de la Informaci\u00f3n y la Comunicaci\u00f3n<\/strong>&nbsp;(TIC) y m\u00e1s concretamente el uso de Internet con las posibilidades que ofrece para el aprendizaje en todas sus facetas, han supuesto un cambio fundamental en el proceso de ense\u00f1anza-aprendizaje: la interacci\u00f3n entre profesorado y alumnado, entre alumnado y recursos did\u00e1cticos y entre el propio alumnado.As\u00ed, la organizaci\u00f3n de la oferta de&nbsp;<strong>educaci\u00f3n a distancia<\/strong>&nbsp;se concibe en la actualidad como un sistema de formaci\u00f3n basado en el empleo de entornos educativos virtuales como&nbsp;<strong>plataformas de aprendizaje<\/strong>&nbsp;y en las herramientas de comunicaci\u00f3n asociadas a las nuevas tecnolog\u00edas (correo electr\u00f3nico, chat, foros de discusi\u00f3n, pertenencia a redes sociales, entre otras) para plantear<strong>&nbsp;tareas individuales o grupales<\/strong>&nbsp;a partir de situaciones extra\u00eddas de contextos reales que el alumnado debe resolver bajo la supervisi\u00f3n del profesorado.Si optas por cursar esta modalidad, debes tener en cuenta la importancia que adquiere tu implicaci\u00f3n en el proceso educativo al tener que combinar el estudio aut\u00f3nomo e individual en casa, con el trabajo colaborativo con el resto del grupo a trav\u00e9s de la plataforma de aprendizaje. Estas ser\u00e1n cuestiones fundamentales para el \u00e9xito en tu formaci\u00f3n a distancia.<\/p>\n<p>Se pretende lograr que puedas actualizar tus conocimientos, continuar form\u00e1ndote&nbsp;<strong>a lo largo de la vida<\/strong>, dise\u00f1ar tu propio itinerario de aprendizaje y conciliar la formaci\u00f3n con la vida familiar y laboral, de acuerdo con tus circunstancias e intereses personales.<\/p>\n<p>&nbsp;<\/p>\n<\/header>\n<p>[\/et_pb_toggle][et_pb_toggle title=\u00bbNormativa\u00bb admin_label=\u00bbConmutador\u00bb _builder_version=\u00bb4.24.2&#8243; _module_preset=\u00bbdefault\u00bb global_colors_info=\u00bb{}\u00bb]<a href=\"https:\/\/www.juntadeandalucia.es\/educacion\/portals\/web\/educacion-permanente\/eso\/normativa\/ensenanzas\" target=\"_blank\" rel=\"noopener\">https:\/\/www.juntadeandalucia.es\/educacion\/portals\/web\/educacion-permanente\/eso\/normativa\/ensenanzas<\/a>[\/et_pb_toggle][\/et_pb_column][\/et_pb_row][\/et_pb_section]<\/p>\n","protected":false},"excerpt":{"rendered":"<p>ESPA &#8211; Educaci\u00f3n Secundaria Para Adultos En Educaci\u00f3n Permanente se oferta la&nbsp;Educaci\u00f3n Secundaria Obligatoria para personas adultas. Estas ense\u00f1anzas se rigen por criterios de flexibilidad para facilitar tu incorporaci\u00f3n al sistema educativo. Las principales diferencias respecto a la Educaci\u00f3n Secundaria Obligatoria en r\u00e9gimen ordinario son: Posibilidad de realizar esta etapa en las&nbsp;modalidades presencial, semipresencial y [&hellip;]<\/p>\n","protected":false},"author":17579,"featured_media":0,"parent":0,"menu_order":0,"comment_status":"closed","ping_status":"closed","template":"","meta":{"_et_pb_use_builder":"on","_et_pb_old_content":"","_et_gb_content_width":"","ngg_post_thumbnail":0,"footnotes":""},"aioseo_notices":[],"_links":{"self":[{"href":"https:\/\/blogsaverroes.juntadeandalucia.es\/ipephuelva\/wp-json\/wp\/v2\/pages\/1547"}],"collection":[{"href":"https:\/\/blogsaverroes.juntadeandalucia.es\/ipephuelva\/wp-json\/wp\/v2\/pages"}],"about":[{"href":"https:\/\/blogsaverroes.juntadeandalucia.es\/ipephuelva\/wp-json\/wp\/v2\/types\/page"}],"author":[{"embeddable":true,"href":"https:\/\/blogsaverroes.juntadeandalucia.es\/ipephuelva\/wp-json\/wp\/v2\/users\/17579"}],"replies":[{"embeddable":true,"href":"https:\/\/blogsaverroes.juntadeandalucia.es\/ipephuelva\/wp-json\/wp\/v2\/comments?post=1547"}],"version-history":[{"count":13,"href":"https:\/\/blogsaverroes.juntadeandalucia.es\/ipephuelva\/wp-json\/wp\/v2\/pages\/1547\/revisions"}],"predecessor-version":[{"id":1626,"href":"https:\/\/blogsaverroes.juntadeandalucia.es\/ipephuelva\/wp-json\/wp\/v2\/pages\/1547\/revisions\/1626"}],"wp:attachment":[{"href":"https:\/\/blogsaverroes.juntadeandalucia.es\/ipephuelva\/wp-json\/wp\/v2\/media?parent=1547"}],"curies":[{"name":"wp","href":"https:\/\/api.w.org\/{rel}","templated":true}]}}