{"id":1574,"date":"2024-06-04T08:53:35","date_gmt":"2024-06-04T07:53:35","guid":{"rendered":"https:\/\/blogsaverroes.juntadeandalucia.es\/ipephuelva\/?page_id=1574"},"modified":"2024-06-04T08:58:53","modified_gmt":"2024-06-04T07:58:53","slug":"bachillerato","status":"publish","type":"page","link":"https:\/\/blogsaverroes.juntadeandalucia.es\/ipephuelva\/bachillerato\/","title":{"rendered":"Bachillerato"},"content":{"rendered":"<p>[et_pb_section fb_built=\u00bb1&#8243; admin_label=\u00bbsection\u00bb _builder_version=\u00bb4.16&#8243; global_colors_info=\u00bb{}\u00bb][et_pb_row admin_label=\u00bbrow\u00bb _builder_version=\u00bb4.16&#8243; background_size=\u00bbinitial\u00bb background_position=\u00bbtop_left\u00bb background_repeat=\u00bbrepeat\u00bb global_colors_info=\u00bb{}\u00bb][et_pb_column type=\u00bb4_4&#8243; _builder_version=\u00bb4.16&#8243; custom_padding=\u00bb|||\u00bb global_colors_info=\u00bb{}\u00bb custom_padding__hover=\u00bb|||\u00bb][et_pb_video _builder_version=\u00bb4.24.2&#8243; _module_preset=\u00bbdefault\u00bb global_colors_info=\u00bb{}\u00bb][\/et_pb_video][et_pb_text _builder_version=\u00bb4.24.2&#8243; _module_preset=\u00bbdefault\u00bb hover_enabled=\u00bb0&#8243; global_colors_info=\u00bb{}\u00bb sticky_enabled=\u00bb0&#8243;]<\/p>\n<p style=\"text-align: center\"><iframe loading=\"lazy\" src=\"https:\/\/drive.google.com\/file\/d\/1_lvIm1jV7j0bt_XZQqQlGL-bbjiEkycM\/preview\" width=\"640\" height=\"480\"><\/iframe><\/p>\n<p>[\/et_pb_text][\/et_pb_column][\/et_pb_row][et_pb_row _builder_version=\u00bb4.24.2&#8243; _module_preset=\u00bbdefault\u00bb global_colors_info=\u00bb{}\u00bb][et_pb_column type=\u00bb4_4&#8243; _builder_version=\u00bb4.24.2&#8243; _module_preset=\u00bbdefault\u00bb global_colors_info=\u00bb{}\u00bb][et_pb_toggle title=\u00bbModalidades\u00bb _builder_version=\u00bb4.24.2&#8243; _module_preset=\u00bbdefault\u00bb global_colors_info=\u00bb{}\u00bb]&nbsp;<\/p>\n<header class=\"portlet-topper\">\n<h2 class=\"portlet-title\"><span class=\"portlet-title-text\">Bachillerato: Modalidades<\/span><\/h2>\n<menu id=\"portlet-topper-toolbar_ABACO_WEB_WAR_abacoportlet_INSTANCE_Jis2\" class=\"portlet-topper-toolbar\" type=\"toolbar\"><\/menu>\n<\/header>\n<div class=\"portlet-content\">\n<div class=\" portlet-content-container\">\n<div class=\"portlet-body\">\n<div class=\"contenido_portlet \">\n<div class=\"portlet_web\">\n<div class=\"detalle web\">\n<div class=\"contenido_detalle\">\n<section class=\"cuerpo detalle_html\">\n<div class=\"inner_cuerpo\">\n<p>Estas ense\u00f1anzas se rigen por criterios de<strong>&nbsp;flexibilidad<\/strong>, lo que permite una mayor participaci\u00f3n de la poblaci\u00f3n andaluza en ense\u00f1anzas postobligatorias.<\/p>\n<p>Las principales caracter\u00edsticas son:<\/p>\n<ul>\n<li>Posibilidad de realizar esta etapa en las modalidades<strong>&nbsp;presencial, semipresencial y a distancia<\/strong>.<\/li>\n<\/ul>\n<ul>\n<li>Posibilidad de&nbsp;<strong>matr\u00edcula parcial<\/strong>&nbsp;por materias en todas las modalidades de ense\u00f1anza.<\/li>\n<\/ul>\n<ul>\n<li><strong>Reconocimiento y equivalencia<\/strong>&nbsp;de aprendizajes adquiridos. Tanto para las personas que acceden a bachillerato por primera vez como para aquellas que provienen del r\u00e9gimen ordinario de estas ense\u00f1anzas. Adem\u00e1s se reconocer\u00e1n aquellas materias superadas en las&nbsp; pruebas para la obtenci\u00f3n del T\u00edtulo de Bachiller para personas mayores de 20 a\u00f1os. Estas materias, una vez superadas, no deben ser cursadas de nuevo.<\/li>\n<\/ul>\n<p>Cada modalidad de Bachillerato te da preferencia a determinados ciclos formativos o grados universitarios. Debes elegirla en funci\u00f3n de lo que quieras estudiar, una vez obtenido el t\u00edtulo de Bachiller.<\/p>\n<\/div>\n<\/section>\n<section class=\"section_widget_abaco enlaces links_relacionados_web\">\n<header>\n<h2 class=\"titulo\">Enlaces relacionados<\/h2>\n<\/header>\n<div class=\"wrapper-listado\">\n<ul class=\"listado\">\n<li class=\"item item_listado\">\n<div class=\"inner-item\"><a class=\"ico_enlaceExt\" title=\"Se abre en una nueva ventana\" href=\"https:\/\/www.juntadeandalucia.es\/educacion\/portals\/web\/educacion-permanente\/bachillerato\/oferta-educativa\" target=\"_blank\" rel=\"noopener\">Oferta educativa de las redes de centros<\/a><\/div>\n<\/li>\n<li class=\"item item_listado\">\n<div class=\"inner-item\"><a class=\"ico_enlaceExt\" title=\"Se abre en una nueva ventana\" href=\"https:\/\/www.juntadeandalucia.es\/economiaconocimientoempresasyuniversidad\/sguit\/?q=grados&amp;d=g_b_parametros_top.php\" target=\"_blank\" rel=\"noopener\">Relaci\u00f3n de los par\u00e1metros de ponderaci\u00f3n de las materias de modalidad del bachillerato en relaci\u00f3n con las ense\u00f1anzas universitarias<\/a><\/div>\n<\/li>\n<\/ul>\n<\/div>\n<\/section>\n<\/div>\n<\/div>\n<\/div>\n<\/div>\n<\/div>\n<\/div>\n<\/div>\n<p>&nbsp;<br \/>\n[\/et_pb_toggle][et_pb_toggle title=\u00bbNormativa\u00bb admin_label=\u00bbConmutador\u00bb _builder_version=\u00bb4.24.2&#8243; _module_preset=\u00bbdefault\u00bb global_colors_info=\u00bb{}\u00bb]<a href=\"https:\/\/portals.ced.junta-andalucia.es\/educacion\/portals\/web\/educacion-permanente\/bachillerato\/normativa\/ensenanzas\" target=\"_blank\" rel=\"noopener\">https:\/\/portals.ced.junta-andalucia.es\/educacion\/portals\/web\/educacion-permanente\/bachillerato\/normativa\/ensenanzas<\/a><\/p>\n<p>&nbsp;<br \/>\n[\/et_pb_toggle][et_pb_toggle title=\u00bb\u00bfQu\u00e9 requisitos necesito para poder matricularme en Bachillerato?\u00bb admin_label=\u00bbConmutador\u00bb _builder_version=\u00bb4.24.2&#8243; _module_preset=\u00bbdefault\u00bb global_colors_info=\u00bb{}\u00bb]<\/p>\n<header class=\"portlet-topper\">\n<ul>\n<li>Ser&nbsp;<strong>mayor de 18<\/strong>&nbsp;o cumplirlos en el a\u00f1o natural en el que comience el curso.<\/li>\n<li><strong>Excepcionalmente, mayor de 16<\/strong>&nbsp;si: dispones de un contrato de trabajo, eres deportista de alto rendimiento, est\u00e1s en situaci\u00f3n extraordinaria de enfermedad, discapacidad o dificultad extrema y riesgo de exclusi\u00f3n, o eres interno\/a en un centro de menores.<\/li>\n<\/ul>\n<p><strong>Requisitos acad\u00e9micos:<\/strong><\/p>\n<ul>\n<li>Graduado en la ESO o equivalente.<\/li>\n<li>T\u00e9cnico de Formaci\u00f3n Profesional o equivalente, seg\u00fan la especialidad.<\/li>\n<li>T\u00e9cnico de Artes Pl\u00e1sticas y Dise\u00f1o (para el acceso a&nbsp;Bachillerato&nbsp;de Artes)<\/li>\n<li>Para la modalidad a distancia, necesitas tener la condici\u00f3n de andaluz (empadronado) o, en su caso, ser andaluz en el extranjero.<\/li>\n<\/ul>\n<p>Si tienes estudios previos, consulta las equivalencias para saber si tienes alguna materia ya superada, en cuyo caso no necesitar\u00edas cursarla de nuevo. Accede a&nbsp;<a href=\"https:\/\/www.juntadeandalucia.es\/educacion\/portals\/web\/educacion-permanente\/contenidos\/-\/contenidos\/detalle\/prueba-3-equivalencias-1\" target=\"_blank\" rel=\"noopener\">equivalencias entre materias del Bachillerato de adultos y el de r\u00e9gimen general<\/a>.<\/p>\n<p>Accede tambi\u00e9n a esta informaci\u00f3n:&nbsp;<a href=\"https:\/\/www.juntadeandalucia.es\/educacion\/portals\/web\/educacion-permanente\/contenidos\/-\/contenidos\/detalle\/acreditacion-de-requisitos\" target=\"_blank\" rel=\"noopener\">c\u00f3mo acreditar los requisitos de acceso al Bachillerato para personas adultas<\/a>.<\/p>\n<\/header>\n<div class=\"portlet-content\">\n<div class=\" portlet-content-container\">\n<div class=\"portlet-body\">\n<div class=\"contenido_portlet \">\n<div class=\"portlet_web\">\n<div class=\"detalle web\">\n<div class=\"contenido_detalle\">\n<section class=\"cuerpo detalle_html\">\n<div class=\"inner_cuerpo\">&nbsp;<\/div>\n<\/section>\n<\/div>\n<\/div>\n<\/div>\n<\/div>\n<\/div>\n<\/div>\n<\/div>\n<p>[\/et_pb_toggle][et_pb_toggle title=\u00bb\u00bfQu\u00e9 Bachilleratos se ofertan en el IPEP Huelva?\u00bb admin_label=\u00bbConmutador\u00bb _builder_version=\u00bb4.24.2&#8243; _module_preset=\u00bbdefault\u00bb global_colors_info=\u00bb{}\u00bb]<\/p>\n<header class=\"portlet-topper\">En el IPEP Huelva se imparten:<\/header>\n<ul>\n<li>Bachillerato Humanidades y Ciencias Sociales: Presencial y Semipresencial.<\/li>\n<li>Bachillerato Ciencias: Presencial y Semipresencial.<\/li>\n<li>Bachillerato General: Distancia.<\/li>\n<\/ul>\n<p>En la siguiente presentaci\u00f3n puedes mirar las distintas materias que se ofertan en cada uno:<\/p>\n<p>&nbsp;<\/p>\n<div style=\"width: 100%\">\n<div style=\"position: relative;padding-bottom: 200%;padding-top: 0;height: 0\"><iframe loading=\"lazy\" src=\"https:\/\/view.genially.com\/64afab049874910018fde2f8\" width=\"800\" height=\"1600\" frameborder=\"0\" scrolling=\"yes\"><\/iframe><\/div>\n<\/div>\n<p>[\/et_pb_toggle][et_pb_toggle title=\u00bb\u00bfC\u00f3mo funciona el Bachillerato para personas adultas?\u00bb admin_label=\u00bbConmutador\u00bb _builder_version=\u00bb4.24.2&#8243; _module_preset=\u00bbdefault\u00bb global_colors_info=\u00bb{}\u00bb]<\/p>\n<header class=\"portlet-topper\">El Bachillerato para personas adultas consta de dos cursos, primero y segundo. Dependiendo de las asignaturas optativas que escojas en cada curso, deber\u00e1s cursar 7 asignaturas en primero y 8 en segundo.<\/p>\n<p>Si tienes asignaturas aprobadas anteriormente y \u00e9stas se pueden convalidar por asignaturas vigentes seg\u00fan normativa, puedes coger hasta un m\u00e1ximo de 12 asignaturas entre 1\u00ba y 2\u00ba de Bachillerato.<\/p>\n<p>El hecho de matricularte en asignaturas de 2\u00ba de Bachillerato puede condicionar, de modo que implica matricularse y superar las asignaturas-llave (asignaturas de continuidad) de 1\u00ba que est\u00e9n pendientes.<\/p>\n<\/header>\n<p>[\/et_pb_toggle][et_pb_toggle title=\u00bb\u00bfCu\u00e1ntas convocatorias tengo para obtener el t\u00edtulo?\u00bb admin_label=\u00bbConmutador\u00bb _builder_version=\u00bb4.24.2&#8243; _module_preset=\u00bbdefault\u00bb global_colors_info=\u00bb{}\u00bb]<\/p>\n<header class=\"portlet-topper\">En el r\u00e9gimen para personas adultas,&nbsp; el estudiante de Bachillerato dispone de&nbsp;<strong>un total de 6 convocatorias<\/strong>&nbsp;para superar cada materia del plan de estudios y obtener el t\u00edtulo, es decir,&nbsp;&nbsp;<strong>2 convocatorias por cada curso escolar y asignatura<\/strong>. Da igual si no asistes a clase, si no te presentas a examen o si abandonas una materia. La convocatoria se agota por el hecho de matricularte.<\/p>\n<p>Es importante que planifiques bien una&nbsp;<strong>matr\u00edcula responsable<\/strong>, con un n\u00famero de materias adaptado a tus circunstancias y a tu disponibilidad, para no correr el riesgo de perder convocatorias.<\/p>\n<\/header>\n<p>[\/et_pb_toggle][et_pb_toggle title=\u00bb\u00bfDe cu\u00e1ntas materias me puedo matricular durante un curso?\u00bb admin_label=\u00bbConmutador\u00bb _builder_version=\u00bb4.24.2&#8243; _module_preset=\u00bbdefault\u00bb global_colors_info=\u00bb{}\u00bb]<\/p>\n<header class=\"portlet-topper\">El Bachillerato en el r\u00e9gimen de personas adultas funciona con&nbsp;<strong>matr\u00edcula parcial<\/strong>, es decir, que no tienes por qu\u00e9 matricularte de un&nbsp; curso completo, como en el r\u00e9gimen ordinario,&nbsp; sino que puedes hacerlo de materias sueltas, en funci\u00f3n de tu tiempo disponible o de tu situaci\u00f3n acad\u00e9mica anterior.<\/p>\n<p>Si es la primera vez que te matriculas en adultos y no tienes nada aprobado anteriormente, s\u00f3lo podr\u00e1s escoger un m\u00e1ximo de 7 u 8&nbsp; asignaturas, es decir, el curso completo de 1\u00ba o 2\u00ba si quieres cursarlo de una sola vez, pero tambi\u00e9n puedes escoger materias sueltas.<\/p>\n<p>Por otro lado, existen las&nbsp;<strong>materias-llave<\/strong>&nbsp;(materias que tienen continuidad en los dos cursos de Bachillerato). Ten en cuenta que hasta que no se apruebe la materia de 1\u00ba, la de 2\u00ba aparecer\u00e1 como pendiente de calificaci\u00f3n. No es posible evaluar una materia de segundo sin superar la correspondiente de primero.<\/p>\n<p>Es importante que realices una&nbsp;<strong>matr\u00edcula responsable<\/strong>, adaptando el n\u00famero de asignaturas a tus circunstancias personales o laborales.<\/p>\n<p>&nbsp;<\/p>\n<p>&nbsp;<\/p>\n<\/header>\n<p>[\/et_pb_toggle][et_pb_toggle title=\u00bb\u00bfPuedo cambiar de Bachillerato?\u00bb admin_label=\u00bbConmutador\u00bb _builder_version=\u00bb4.24.2&#8243; _module_preset=\u00bbdefault\u00bb global_colors_info=\u00bb{}\u00bb]<\/p>\n<header class=\"portlet-topper\">S\u00ed, puedes cambiar tanto de una modalidad a otra (presencial, semipresencial o distancia, siempre que a\u00fan haya plazas) como de la rama que hayas cursado previamente. El cambiar de un Bachillerato a otro (por ejemplo, de Artes a Humanidades) implica que&nbsp;<strong>s\u00f3lo se convalidan las asignaturas troncales aprobadas<\/strong>. El resto de las materias (las de modalidad y las optativas si no coinciden), tanto de 1\u00ba como de 2\u00ba, deben ser cursadas, ya que no son v\u00e1lidas las de la modalidad cursada anteriormente, incluso si estuvieran aprobadas.<\/header>\n<p>[\/et_pb_toggle][et_pb_toggle title=\u00bb\u00bfC\u00f3mo funcionan las modalidades presencial, semipresencial y distancia?\u00bb admin_label=\u00bbConmutador\u00bb _builder_version=\u00bb4.24.2&#8243; _module_preset=\u00bbdefault\u00bb global_colors_info=\u00bb{}\u00bb]<\/p>\n<header class=\"portlet-topper\">\n<ul>\n<li>La&nbsp;<u><strong>modalidad presencia<\/strong><\/u><strong>l<\/strong>&nbsp;se desarrolla en&nbsp;<strong>horario de ma\u00f1ana de lunes a viernes<\/strong>, con obligada asistencia a clase. El uso de la plataformas telem\u00e1ticas no es obligatorio por parte del profesorado.<\/li>\n<li>En la&nbsp;<strong>modalidad semipresencial<\/strong><u>,<\/u>&nbsp;hay&nbsp;<strong>tres d\u00edas de clases presenciales<\/strong> (si te matriculas de todas las asignaturas del curso completo).&nbsp;<\/li>\n<li>En la&nbsp;<strong>modalidad a distancia<\/strong>&nbsp;no hay clases presenciales con horarios establecidos. El alumnado&nbsp;<strong>dispone de todo lo necesario en el aula virtual o plataforma y realiza con su profesor un seguimiento<\/strong>&nbsp;<strong>telem\u00e1tico<\/strong>&nbsp;a trav\u00e9s de este medio.&nbsp; El profesorado tiene asignado un horario semanal&nbsp; de atenci\u00f3n telem\u00e1tica para su alumnado.&nbsp;<strong>Los ex\u00e1menes son presenciales<\/strong> con car\u00e1cter trimestral al igual que en presencial o semipresencial, adem\u00e1s de las convocatorias ordinaria y extraordinaria. Estas pruebas presenciales se organizan en el IPEP Huelva, aunque el alumnado se puede inscribir para realizar los ex\u00e1menes en el IPEP de la provincia que mejor le venga, realizando las pruebas dise\u00f1adas por el profesorado del IPEP en el que haya realizado su matr\u00edcula.<\/li>\n<\/ul>\n<\/header>\n<p>[\/et_pb_toggle][\/et_pb_column][\/et_pb_row][\/et_pb_section]<\/p>\n","protected":false},"excerpt":{"rendered":"<p>&nbsp; Bachillerato: Modalidades Estas ense\u00f1anzas se rigen por criterios de&nbsp;flexibilidad, lo que permite una mayor participaci\u00f3n de la poblaci\u00f3n andaluza en ense\u00f1anzas postobligatorias. Las principales caracter\u00edsticas son: Posibilidad de realizar esta etapa en las modalidades&nbsp;presencial, semipresencial y a distancia. Posibilidad de&nbsp;matr\u00edcula parcial&nbsp;por materias en todas las modalidades de ense\u00f1anza. Reconocimiento y equivalencia&nbsp;de aprendizajes adquiridos. Tanto [&hellip;]<\/p>\n","protected":false},"author":17579,"featured_media":0,"parent":0,"menu_order":0,"comment_status":"closed","ping_status":"closed","template":"","meta":{"_et_pb_use_builder":"on","_et_pb_old_content":"","_et_gb_content_width":"","ngg_post_thumbnail":0,"footnotes":""},"aioseo_notices":[],"_links":{"self":[{"href":"https:\/\/blogsaverroes.juntadeandalucia.es\/ipephuelva\/wp-json\/wp\/v2\/pages\/1574"}],"collection":[{"href":"https:\/\/blogsaverroes.juntadeandalucia.es\/ipephuelva\/wp-json\/wp\/v2\/pages"}],"about":[{"href":"https:\/\/blogsaverroes.juntadeandalucia.es\/ipephuelva\/wp-json\/wp\/v2\/types\/page"}],"author":[{"embeddable":true,"href":"https:\/\/blogsaverroes.juntadeandalucia.es\/ipephuelva\/wp-json\/wp\/v2\/users\/17579"}],"replies":[{"embeddable":true,"href":"https:\/\/blogsaverroes.juntadeandalucia.es\/ipephuelva\/wp-json\/wp\/v2\/comments?post=1574"}],"version-history":[{"count":8,"href":"https:\/\/blogsaverroes.juntadeandalucia.es\/ipephuelva\/wp-json\/wp\/v2\/pages\/1574\/revisions"}],"predecessor-version":[{"id":1635,"href":"https:\/\/blogsaverroes.juntadeandalucia.es\/ipephuelva\/wp-json\/wp\/v2\/pages\/1574\/revisions\/1635"}],"wp:attachment":[{"href":"https:\/\/blogsaverroes.juntadeandalucia.es\/ipephuelva\/wp-json\/wp\/v2\/media?parent=1574"}],"curies":[{"name":"wp","href":"https:\/\/api.w.org\/{rel}","templated":true}]}}