{"id":1584,"date":"2024-06-07T11:13:22","date_gmt":"2024-06-07T10:13:22","guid":{"rendered":"https:\/\/blogsaverroes.juntadeandalucia.es\/ipephuelva\/?page_id=1584"},"modified":"2024-06-07T11:20:56","modified_gmt":"2024-06-07T10:20:56","slug":"pau","status":"publish","type":"page","link":"https:\/\/blogsaverroes.juntadeandalucia.es\/ipephuelva\/pau\/","title":{"rendered":"PAU"},"content":{"rendered":"<p>[et_pb_section fb_built=\u00bb1&#8243; admin_label=\u00bbsection\u00bb _builder_version=\u00bb4.16&#8243; global_colors_info=\u00bb{}\u00bb][et_pb_row admin_label=\u00bbrow\u00bb _builder_version=\u00bb4.16&#8243; background_size=\u00bbinitial\u00bb background_position=\u00bbtop_left\u00bb background_repeat=\u00bbrepeat\u00bb global_colors_info=\u00bb{}\u00bb][et_pb_column type=\u00bb4_4&#8243; _builder_version=\u00bb4.16&#8243; custom_padding=\u00bb|||\u00bb global_colors_info=\u00bb{}\u00bb custom_padding__hover=\u00bb|||\u00bb][et_pb_text _builder_version=\u00bb4.24.2&#8243; _module_preset=\u00bbdefault\u00bb hover_enabled=\u00bb0&#8243; global_colors_info=\u00bb{}\u00bb sticky_enabled=\u00bb0&#8243;]<\/p>\n<p><a href=\"https:\/\/view.genially.com\/666187bb01cde800144258cc\" target=\"_blank\" rel=\"noopener\"><img loading=\"lazy\" decoding=\"async\" class=\"aligncenter size-full wp-image-1659\" src=\"https:\/\/blogsaverroes.juntadeandalucia.es\/ipephuelva\/files\/2024\/06\/materias-acceso-universidad.png\" alt=\"\" width=\"395\" height=\"790\" srcset=\"https:\/\/blogsaverroes.juntadeandalucia.es\/ipephuelva\/files\/2024\/06\/materias-acceso-universidad.png 395w, https:\/\/blogsaverroes.juntadeandalucia.es\/ipephuelva\/files\/2024\/06\/materias-acceso-universidad-150x300.png 150w\" sizes=\"(max-width: 395px) 100vw, 395px\" \/><\/a><\/p>\n<p>[\/et_pb_text][\/et_pb_column][\/et_pb_row][et_pb_row _builder_version=\u00bb4.24.2&#8243; _module_preset=\u00bbdefault\u00bb global_colors_info=\u00bb{}\u00bb][et_pb_column type=\u00bb4_4&#8243; _builder_version=\u00bb4.24.2&#8243; _module_preset=\u00bbdefault\u00bb global_colors_info=\u00bb{}\u00bb][et_pb_toggle title=\u00bb\u00bfEn qu\u00e9 consiste?\u00bb _builder_version=\u00bb4.24.2&#8243; _module_preset=\u00bbdefault\u00bb global_colors_info=\u00bb{}\u00bb]<\/p>\n<p>Las personas aspirantes deben realizar una prueba con dos partes:<\/p>\n<header class=\"portlet-topper\">\n<ul>\n<li><strong>Fase General.<\/strong>&nbsp;Consta de los siguientes ejercicios: comentario de texto, Lengua Espa\u00f1ola y traducci\u00f3n de un texto en lengua extranjera.<\/li>\n<li><strong>Fase Espec\u00edfica.<\/strong>&nbsp;Los ejercicios se centran en las especialidades elegidas: Biolog\u00eda, Dibujo T\u00e9cnico, Econom\u00eda de la Empresa, F\u00edsica, Geograf\u00eda, Historia de la Filosof\u00eda, Historia General y del Arte, Lat\u00edn, Matem\u00e1ticas, Matem\u00e1ticas Aplicadas a las Ciencias Sociales y&nbsp;Qu\u00edmica.<\/li>\n<\/ul>\n<p>La prueba se supera si se obtiene cinco o m\u00e1s puntos en el promedio de las&nbsp;calificaciones de las dos fases, siempre que en cada una de ellas se haya obtenido&nbsp;por separado cuatro o m\u00e1s puntos.<\/p>\n<p>Mediante la&nbsp;<a href=\"https:\/\/www.juntadeandalucia.es\/boja\/2023\/219\/39\">Resoluci\u00f3n de 9 de noviembre de 2023<\/a>, se actualizan los plazos y el calendario para la participaci\u00f3n en la prueba de acceso a la Universidad para mayores de 25 a\u00f1os que se celebre en el&nbsp;<strong>curso 2023\/2024<\/strong>.<\/p>\n<ul>\n<li><a href=\"https:\/\/www.juntadeandalucia.es\/economiaconocimientoempresasyuniversidad\/sguit\/?q=grados&amp;d=g_25_procedimiento_acceso.php\">Condiciones de acceso a la Universidad para mayores de 25 a\u00f1os<\/a><\/li>\n<li><a href=\"https:\/\/www.juntadeandalucia.es\/economiaconocimientoempresasyuniversidad\/sguit\/?q=grados&amp;d=g_25_calendario.php\">Calendario de la prueba&nbsp;de acceso a la Universidad para mayores de 25 a\u00f1os<\/a><\/li>\n<li><a href=\"https:\/\/www.juntadeandalucia.es\/economiaconocimientoempresasyuniversidad\/sguit\/?q=grados&amp;d=g_25_procedimiento_admision.php\">Proceso de Admisi\u00f3n&nbsp;para mayores de 25 a\u00f1os<\/a><\/li>\n<li><a href=\"https:\/\/www.juntadeandalucia.es\/economiaconocimientoempresasyuniversidad\/sguit\/?q=grados&amp;d=g_b_examenes_anteriores.php&amp;tipo=M25\">Temarios y ex\u00e1menes de cursos anteriores<\/a><\/li>\n<\/ul>\n<\/header>\n<p>[\/et_pb_toggle][et_pb_toggle title=\u00bb\u00bfQu\u00e9 requisitos necesito para matricularme en este curso de preparaci\u00f3n?\u00bb _builder_version=\u00bb4.24.2&#8243; _module_preset=\u00bbdefault\u00bb global_colors_info=\u00bb{}\u00bb]<\/p>\n<p>Para cursar cualquier ense\u00f1anza en el IPEP debes ser&nbsp;<strong>mayor de 18 a\u00f1os<\/strong>. Pero no olvides que para inscribirte en las propias pruebas te pedir\u00e1n ser&nbsp;<strong>mayor de 19 a\u00f1os.<\/strong><\/p>\n<header class=\"portlet-topper\"><\/header>\n<p>[\/et_pb_toggle][et_pb_toggle title=\u00bb\u00bfC\u00f3mo se estudia este curso en el IPEP Huelva?\u00bb _builder_version=\u00bb4.24.2&#8243; _module_preset=\u00bbdefault\u00bb global_colors_info=\u00bb{}\u00bb]<\/p>\n<p>En el IPEP&nbsp; Huelva se imparte este Plan educativo de preparaci\u00f3n <strong>de manera presencial, en horario de tarde, y en modalidad distancia<\/strong>.&nbsp;<\/p>\n<ul>\n<li><strong>Calendario<\/strong>&nbsp;del curso: de septiembre hasta la realizaci\u00f3n de las pruebas.<\/li>\n<li>&nbsp;<strong>Clases<\/strong>: dos d\u00edas a la semana (martes y jueves) en horario de tarde.<\/li>\n<\/ul>\n<p><strong>La preparaci\u00f3n es esencialmente pr\u00e1ctica<\/strong>, basada en pruebas de a\u00f1os anteriores y reforzando contenidos necesarios.<\/p>\n<header class=\"portlet-topper\"><\/header>\n<p>[\/et_pb_toggle][et_pb_toggle title=\u00bb\u00bfHay ex\u00e1menes con nota oficial en el curso de preparaci\u00f3n?\u00bb _builder_version=\u00bb4.24.2&#8243; _module_preset=\u00bbdefault\u00bb global_colors_info=\u00bb{}\u00bb]<\/p>\n<p>No, el IPEP solamente te prepara para afrontar con \u00e9xito tus pruebas, pero no otorga ninguna nota oficial y tu trabajo en el curso de preparaci\u00f3n no supone una calificaci\u00f3n de cara a la prueba. Este curso preparatorio tampoco otorga ninguna certificaci\u00f3n oficial.<\/p>\n<p><strong>El centro no examina ni eval\u00faa<\/strong>, aunque s\u00ed realizamos&nbsp;<strong>simulacros<\/strong>&nbsp;semejantes a las pruebas oficiales, para reforzar la preparaci\u00f3n.<\/p>\n<header class=\"portlet-topper\"><\/header>\n<p>[\/et_pb_toggle][et_pb_toggle title=\u00bb\u00bfQu\u00e9 opciones y materias se imparten?\u00bb _builder_version=\u00bb4.24.2&#8243; _module_preset=\u00bbdefault\u00bb global_colors_info=\u00bb{}\u00bb]<\/p>\n<p>Tenemos disponibles todas las opciones: A, B, C, D y E. En la siguiente presentaci\u00f3n puedes ver las distintas materias que componen cada una de ellas.<\/p>\n<header class=\"portlet-topper\"><\/header>\n<p>[\/et_pb_toggle][et_pb_toggle title=\u00bb\u00bfQu\u00e9 calendario b\u00e1sico debo conocer?\u00bb _builder_version=\u00bb4.24.2&#8243; _module_preset=\u00bbdefault\u00bb global_colors_info=\u00bb{}\u00bb]<\/p>\n<ul>\n<li><strong>Matriculaci\u00f3n en plazo ordinario<\/strong>&nbsp;(no es necesario realizar solicitud previa de admisi\u00f3n): 1\u00aa quincena de junio.<\/li>\n<li><strong>Matr\u00edcula en plazo extraordinario<\/strong>&nbsp;(si quedan vacantes): a partir del 15 de septiembre.<\/li>\n<li><strong>Plazo de inscripci\u00f3n para la prueba<\/strong>: 2\u00aa quincena de enero.<\/li>\n<li><strong>Realizaci\u00f3n de las pruebas<\/strong>: mes de abril (aproximadamente, a partir de la primera semana de abril)<\/li>\n<\/ul>\n<header class=\"portlet-topper\"><\/header>\n<p>[\/et_pb_toggle][\/et_pb_column][\/et_pb_row][\/et_pb_section]<\/p>\n","protected":false},"excerpt":{"rendered":"<p>Las personas aspirantes deben realizar una prueba con dos partes: Fase General.&nbsp;Consta de los siguientes ejercicios: comentario de texto, Lengua Espa\u00f1ola y traducci\u00f3n de un texto en lengua extranjera. Fase Espec\u00edfica.&nbsp;Los ejercicios se centran en las especialidades elegidas: Biolog\u00eda, Dibujo T\u00e9cnico, Econom\u00eda de la Empresa, F\u00edsica, Geograf\u00eda, Historia de la Filosof\u00eda, Historia General y del [&hellip;]<\/p>\n","protected":false},"author":17579,"featured_media":0,"parent":0,"menu_order":0,"comment_status":"closed","ping_status":"closed","template":"","meta":{"_et_pb_use_builder":"on","_et_pb_old_content":"","_et_gb_content_width":"","ngg_post_thumbnail":0,"footnotes":""},"aioseo_notices":[],"_links":{"self":[{"href":"https:\/\/blogsaverroes.juntadeandalucia.es\/ipephuelva\/wp-json\/wp\/v2\/pages\/1584"}],"collection":[{"href":"https:\/\/blogsaverroes.juntadeandalucia.es\/ipephuelva\/wp-json\/wp\/v2\/pages"}],"about":[{"href":"https:\/\/blogsaverroes.juntadeandalucia.es\/ipephuelva\/wp-json\/wp\/v2\/types\/page"}],"author":[{"embeddable":true,"href":"https:\/\/blogsaverroes.juntadeandalucia.es\/ipephuelva\/wp-json\/wp\/v2\/users\/17579"}],"replies":[{"embeddable":true,"href":"https:\/\/blogsaverroes.juntadeandalucia.es\/ipephuelva\/wp-json\/wp\/v2\/comments?post=1584"}],"version-history":[{"count":9,"href":"https:\/\/blogsaverroes.juntadeandalucia.es\/ipephuelva\/wp-json\/wp\/v2\/pages\/1584\/revisions"}],"predecessor-version":[{"id":1663,"href":"https:\/\/blogsaverroes.juntadeandalucia.es\/ipephuelva\/wp-json\/wp\/v2\/pages\/1584\/revisions\/1663"}],"wp:attachment":[{"href":"https:\/\/blogsaverroes.juntadeandalucia.es\/ipephuelva\/wp-json\/wp\/v2\/media?parent=1584"}],"curies":[{"name":"wp","href":"https:\/\/api.w.org\/{rel}","templated":true}]}}